{"id":213,"date":"2024-11-29T12:16:46","date_gmt":"2024-11-29T12:16:46","guid":{"rendered":"https:\/\/toolstecique.com\/?page_id=213"},"modified":"2025-04-18T10:39:07","modified_gmt":"2025-04-18T10:39:07","slug":"about","status":"publish","type":"page","link":"https:\/\/toolstecique.com\/de\/about\/","title":{"rendered":"Um"},"content":{"rendered":"<p><strong>Willkommen bei Tools Tecique \u2013 Ihre zentrale Anlaufstelle f\u00fcr sichere und virenfreie Downloads<\/strong><\/p>\n<p>Bei <strong>Tools Tecique<\/strong>Unsere Mission ist einfach: Wir bieten Ihnen die sichersten und zuverl\u00e4ssigsten Software-Tools und -Dienstprogramme im Internet. Egal ob Sie Produktivit\u00e4tstools, Systemdienstprogramme, Sicherheitssoftware oder Unterhaltungsprogramme suchen \u2013 wir bieten eine gro\u00dfe Auswahl sorgf\u00e4ltig gepr\u00fcfter, hochwertiger Downloads, die garantiert frei von Viren, Malware und anderen Sicherheitsbedrohungen sind.<\/p>\n<h2><strong>Wer wir sind<\/strong><\/h2>\n<p><strong>Tools Tecique<\/strong> wurde mit der Vision gegr\u00fcndet, eine vertrauensw\u00fcrdige Plattform zu schaffen, auf der Nutzer die ben\u00f6tigte Software bedenkenlos herunterladen k\u00f6nnen, ohne Angst vor Viren oder Malware haben zu m\u00fcssen. Wir wissen, wie wichtig der Zugriff auf zuverl\u00e4ssige, sichere und aktuelle Tools ist \u2013 egal ob Sie Technikbegeisterter, Gesch\u00e4ftsprofi oder einfach nur jemand sind, der seinen Computer effizienter gestalten m\u00f6chte.<\/p>\n<p>Unser Expertenteam testet jede Software auf unserer Website sorgf\u00e4ltig, um h\u00f6chste Sicherheitsstandards zu gew\u00e4hrleisten. Wir sind \u00fcberzeugt, dass beim Herunterladen von Software keine Kompromisse bei der Sicherheit eingegangen werden sollten. Deshalb garantieren wir Ihnen ein absolut sicheres und virenfreies Erlebnis.<\/p>\n<h2><strong>Unser Angebot<\/strong><\/h2>\n<p>Bei <strong>Tools Tecique<\/strong>Sie finden hier eine breite Palette an Software-Tools aus verschiedenen Kategorien, darunter:<\/p>\n<ul>\n<li><strong>Systemdienstprogramme<\/strong>Optimieren Sie Ihren Computer, entfernen Sie unn\u00f6tige Dateien und verbessern Sie die Leistung.<\/li>\n<li><strong>Sicherheit &amp; Antivirus<\/strong>Sch\u00fctzen Sie Ihren Computer und Ihre pers\u00f6nlichen Daten mit erstklassigen Antiviren- und Anti-Malware-Programmen.<\/li>\n<li><strong>Multimedia<\/strong>Entdecken Sie Tools zum Bearbeiten von Fotos, Videos und Musik.<\/li>\n<li><strong>Produktivit\u00e4t<\/strong>Laden Sie Office-Suiten, Aufgabenmanager und andere Produktivit\u00e4tstools herunter, um mehr zu erledigen.<\/li>\n<li><strong>Entwicklungswerkzeuge<\/strong>Hier finden Sie Programmierwerkzeuge, Code-Editoren und weitere n\u00fctzliche Tools f\u00fcr Entwickler.<\/li>\n<\/ul>\n<p>Alle von uns angebotenen Softwareprodukte werden sorgf\u00e4ltig gepr\u00fcft und gescannt, um sicherzustellen, dass sie frei von Viren, Spyware oder anderen Formen sch\u00e4dlicher Software sind.<\/p>\n<h2><strong>Unser Engagement f\u00fcr Sicherheit<\/strong><\/h2>\n<p>Wir verstehen, dass die Sicherheit Ihrer pers\u00f6nlichen Daten und Ihres Computersystems h\u00f6chste Priorit\u00e4t hat. Deshalb bei <strong>Tools Tecique<\/strong>Wir setzen alles daran, dass jede zum Download angebotene Datei virenfrei und sicher ist. Unser engagiertes Team f\u00fchrt umfassende Sicherheitspr\u00fcfungen durch, darunter manuelle Scans und automatisierte Tools, um potenzielle Risiken zu erkennen, bevor die Software unseren Nutzern zur Verf\u00fcgung gestellt wird.<\/p>\n<p>Obwohl wir alles tun, um die Sicherheit unserer Downloads zu gew\u00e4hrleisten, empfehlen wir unseren Nutzern stets, ihre eigene Antivirensoftware zu verwenden und beim Herunterladen und Installieren von Software aus beliebigen Quellen Vorsichtsma\u00dfnahmen zu treffen.<\/p>\n<h2><strong>Warum sollten Sie sich f\u00fcr uns entscheiden?<\/strong><\/h2>\n<ul>\n<li><strong>Vertrauensw\u00fcrdige, sichere Downloads<\/strong>Jeder Download wird gr\u00fcndlich auf Viren, Malware und andere Sicherheitsbedrohungen gepr\u00fcft, um sicherzustellen, dass Sie nur die besten und sichersten Tools erhalten.<\/li>\n<li><strong>Gro\u00dfe Auswahl<\/strong>Wir bieten eine vielf\u00e4ltige Auswahl an Software f\u00fcr all Ihre Bed\u00fcrfnisse \u2013 von Systemoptimierung \u00fcber Produktivit\u00e4tsl\u00f6sungen bis hin zu Unterhaltung.<\/li>\n<li><strong>Aktuelle Inhalte<\/strong>Wir aktualisieren unsere Inhalte regelm\u00e4\u00dfig, sodass Sie immer die neueste Version der ben\u00f6tigten Tools finden.<\/li>\n<li><strong>Benutzerfreundliches Erlebnis<\/strong>Unser Ziel ist es, allen unseren Nutzern eine einfache und unkomplizierte Benutzererfahrung zu bieten.<\/li>\n<li><strong>Kostenloser Zugang<\/strong>Alle auf unserer Website verf\u00fcgbaren Software-Tools k\u00f6nnen kostenlos heruntergeladen werden, sodass Sie Zugriff auf erstklassige Programme ohne versteckte Kosten erhalten.<\/li>\n<\/ul>\n<h2><strong>Unsere Werte<\/strong><\/h2>\n<p>Bei <strong>Tools Tecique<\/strong>Wir glauben an:<\/p>\n<ul>\n<li><strong>Integrit\u00e4t<\/strong>Wir legen Wert darauf, genaue Informationen bereitzustellen und gegen\u00fcber unseren Nutzern Transparenz zu wahren.<\/li>\n<li><strong>Sicherheit<\/strong>Ihre Sicherheit hat f\u00fcr uns h\u00f6chste Priorit\u00e4t. Wir garantieren, dass alle von uns angebotenen Tools sicher und frei von Schadcode sind.<\/li>\n<li><strong>Qualit\u00e4t<\/strong>Wir listen nur Software auf, die unseren hohen Standards in Bezug auf Zuverl\u00e4ssigkeit, Leistung und Sicherheit entspricht.<\/li>\n<li><strong>Kundenorientierung<\/strong>Wir sch\u00e4tzen unsere Nutzer und haben uns zum Ziel gesetzt, den bestm\u00f6glichen Service zu bieten, einschlie\u00dflich prompter Unterst\u00fctzung und regelm\u00e4\u00dfiger Aktualisierungen unserer Inhalte.<\/li>\n<\/ul>\n<h2><strong>Unsere Vision<\/strong><\/h2>\n<p>Wir m\u00f6chten die erste Anlaufstelle f\u00fcr alle werden, die sichere, zuverl\u00e4ssige und benutzerfreundliche Software suchen. Angesichts der st\u00e4ndigen Weiterentwicklung der digitalen Welt streben wir danach, unseren Nutzern die n\u00f6tigen Werkzeuge an die Hand zu geben, um sich in diesem dynamischen Umfeld sicher und unkompliziert zu bewegen. Mit einer sorgf\u00e4ltig zusammengestellten Auswahl hochwertiger, sicherer Software-Downloads tragen wir dazu bei, dass Ihre Ger\u00e4te optimal funktionieren \u2013 ohne das Risiko von Viren oder Malware.<\/p>\n<h2><strong>Nehmen Sie Kontakt auf<\/strong><\/h2>\n<p>Bei Fragen, Anregungen oder Feedback freuen wir uns, von Ihnen zu h\u00f6ren! Kontaktieren Sie uns gerne \u00fcber unser <strong>Kontaktseite<\/strong> oder senden Sie uns eine E-Mail an [<a href=\"mailto:toolstecique@gmail.com\">toolstecique@gmail.com<\/a>].<\/p>\n<p>Vielen Dank f\u00fcr Ihre Wahl. <strong>Tools Tecique<\/strong>\u2014Wir sind hier, um Ihnen dabei zu helfen, das Beste aus Ihrem digitalen Erlebnis herauszuholen.<\/p>\n<hr \/>","protected":false},"excerpt":{"rendered":"<p>Welcome to Tools Tecique \u2013 Your One-Stop Destination for Secure and Virus-Free Downloads At Tools Tecique, our mission is simple: [&hellip;]<\/p>","protected":false},"author":1,"featured_media":0,"parent":0,"menu_order":0,"comment_status":"closed","ping_status":"closed","template":"","meta":{"site-sidebar-layout":"default","site-content-layout":"","ast-site-content-layout":"default","site-content-style":"default","site-sidebar-style":"default","ast-global-header-display":"","ast-banner-title-visibility":"","ast-main-header-display":"","ast-hfb-above-header-display":"","ast-hfb-below-header-display":"","ast-hfb-mobile-header-display":"","site-post-title":"","ast-breadcrumbs-content":"","ast-featured-img":"","footer-sml-layout":"","ast-disable-related-posts":"","theme-transparent-header-meta":"default","adv-header-id-meta":"","stick-header-meta":"","header-above-stick-meta":"","header-main-stick-meta":"","header-below-stick-meta":"","astra-migrate-meta-layouts":"set","ast-page-background-enabled":"default","ast-page-background-meta":{"desktop":{"background-color":"var(--ast-global-color-5)","background-image":"","background-repeat":"repeat","background-position":"center center","background-size":"auto","background-attachment":"scroll","background-type":"","background-media":"","overlay-type":"","overlay-color":"","overlay-opacity":"","overlay-gradient":""},"tablet":{"background-color":"","background-image":"","background-repeat":"repeat","background-position":"center center","background-size":"auto","background-attachment":"scroll","background-type":"","background-media":"","overlay-type":"","overlay-color":"","overlay-opacity":"","overlay-gradient":""},"mobile":{"background-color":"","background-image":"","background-repeat":"repeat","background-position":"center center","background-size":"auto","background-attachment":"scroll","background-type":"","background-media":"","overlay-type":"","overlay-color":"","overlay-opacity":"","overlay-gradient":""}},"ast-content-background-meta":{"desktop":{"background-color":"var(--ast-global-color-4)","background-image":"","background-repeat":"repeat","background-position":"center center","background-size":"auto","background-attachment":"scroll","background-type":"","background-media":"","overlay-type":"","overlay-color":"","overlay-opacity":"","overlay-gradient":""},"tablet":{"background-color":"var(--ast-global-color-4)","background-image":"","background-repeat":"repeat","background-position":"center center","background-size":"auto","background-attachment":"scroll","background-type":"","background-media":"","overlay-type":"","overlay-color":"","overlay-opacity":"","overlay-gradient":""},"mobile":{"background-color":"var(--ast-global-color-4)","background-image":"","background-repeat":"repeat","background-position":"center center","background-size":"auto","background-attachment":"scroll","background-type":"","background-media":"","overlay-type":"","overlay-color":"","overlay-opacity":"","overlay-gradient":""}},"footnotes":""},"class_list":["post-213","page","type-page","status-publish","hentry"],"yoast_head":"<!-- This site is optimized with the Yoast SEO Premium plugin v25.9 (Yoast SEO v27.4) - https:\/\/yoast.com\/product\/yoast-seo-premium-wordpress\/ -->\n<title>About - Tools Tecique<\/title>\n<meta name=\"robots\" content=\"index, follow, max-snippet:-1, max-image-preview:large, max-video-preview:-1\" \/>\n<link rel=\"canonical\" href=\"https:\/\/toolstecique.com\/de\/about\/\" \/>\n<meta property=\"og:locale\" content=\"de_DE\" \/>\n<meta property=\"og:type\" content=\"article\" \/>\n<meta property=\"og:title\" content=\"About\" \/>\n<meta property=\"og:description\" content=\"Welcome to Tools Tecique \u2013 Your One-Stop Destination for Secure and Virus-Free Downloads At Tools Tecique, our mission is simple: [&hellip;]\" \/>\n<meta property=\"og:url\" content=\"https:\/\/toolstecique.com\/de\/about\/\" \/>\n<meta property=\"og:site_name\" content=\"Tools Tecique\" \/>\n<meta property=\"article:modified_time\" content=\"2025-04-18T10:39:07+00:00\" \/>\n<meta name=\"twitter:card\" content=\"summary_large_image\" \/>\n<meta name=\"twitter:label1\" content=\"Gesch\u00e4tzte Lesezeit\" \/>\n\t<meta name=\"twitter:data1\" content=\"4\u00a0Minuten\" \/>\n<script type=\"application\/ld+json\" class=\"yoast-schema-graph\">{\"@context\":\"https:\\\/\\\/schema.org\",\"@graph\":[{\"@type\":\"WebPage\",\"@id\":\"https:\\\/\\\/toolstecique.com\\\/about\\\/\",\"url\":\"https:\\\/\\\/toolstecique.com\\\/about\\\/\",\"name\":\"About - Tools Tecique\",\"isPartOf\":{\"@id\":\"https:\\\/\\\/toolstecique.com\\\/#website\"},\"datePublished\":\"2024-11-29T12:16:46+00:00\",\"dateModified\":\"2025-04-18T10:39:07+00:00\",\"breadcrumb\":{\"@id\":\"https:\\\/\\\/toolstecique.com\\\/about\\\/#breadcrumb\"},\"inLanguage\":\"de\",\"potentialAction\":[{\"@type\":\"ReadAction\",\"target\":[\"https:\\\/\\\/toolstecique.com\\\/about\\\/\"]}]},{\"@type\":\"BreadcrumbList\",\"@id\":\"https:\\\/\\\/toolstecique.com\\\/about\\\/#breadcrumb\",\"itemListElement\":[{\"@type\":\"ListItem\",\"position\":1,\"name\":\"Home\",\"item\":\"https:\\\/\\\/toolstecique.com\\\/\"},{\"@type\":\"ListItem\",\"position\":2,\"name\":\"About\"}]},{\"@type\":\"WebSite\",\"@id\":\"https:\\\/\\\/toolstecique.com\\\/#website\",\"url\":\"https:\\\/\\\/toolstecique.com\\\/\",\"name\":\"Tools Tecique\",\"description\":\"\",\"publisher\":{\"@id\":\"https:\\\/\\\/toolstecique.com\\\/#organization\"},\"potentialAction\":[{\"@type\":\"SearchAction\",\"target\":{\"@type\":\"EntryPoint\",\"urlTemplate\":\"https:\\\/\\\/toolstecique.com\\\/?s={search_term_string}\"},\"query-input\":{\"@type\":\"PropertyValueSpecification\",\"valueRequired\":true,\"valueName\":\"search_term_string\"}}],\"inLanguage\":\"de\"},{\"@type\":\"Organization\",\"@id\":\"https:\\\/\\\/toolstecique.com\\\/#organization\",\"name\":\"Tools Tecique\",\"url\":\"https:\\\/\\\/toolstecique.com\\\/\",\"logo\":{\"@type\":\"ImageObject\",\"inLanguage\":\"de\",\"@id\":\"https:\\\/\\\/toolstecique.com\\\/#\\\/schema\\\/logo\\\/image\\\/\",\"url\":\"https:\\\/\\\/toolstecique.com\\\/wp-content\\\/uploads\\\/2025\\\/02\\\/green-profile.png\",\"contentUrl\":\"https:\\\/\\\/toolstecique.com\\\/wp-content\\\/uploads\\\/2025\\\/02\\\/green-profile.png\",\"width\":250,\"height\":250,\"caption\":\"Tools Tecique\"},\"image\":{\"@id\":\"https:\\\/\\\/toolstecique.com\\\/#\\\/schema\\\/logo\\\/image\\\/\"}}]}<\/script>\n<!-- \/ Yoast SEO Premium plugin. -->","yoast_head_json":{"title":"\u00dcber uns \u2013 Tools Tecique","robots":{"index":"index","follow":"follow","max-snippet":"max-snippet:-1","max-image-preview":"max-image-preview:large","max-video-preview":"max-video-preview:-1"},"canonical":"https:\/\/toolstecique.com\/de\/about\/","og_locale":"de_DE","og_type":"article","og_title":"About","og_description":"Welcome to Tools Tecique \u2013 Your One-Stop Destination for Secure and Virus-Free Downloads At Tools Tecique, our mission is simple: [&hellip;]","og_url":"https:\/\/toolstecique.com\/de\/about\/","og_site_name":"Tools Tecique","article_modified_time":"2025-04-18T10:39:07+00:00","twitter_card":"summary_large_image","twitter_misc":{"Gesch\u00e4tzte Lesezeit":"4\u00a0Minuten"},"schema":{"@context":"https:\/\/schema.org","@graph":[{"@type":"WebPage","@id":"https:\/\/toolstecique.com\/about\/","url":"https:\/\/toolstecique.com\/about\/","name":"\u00dcber uns \u2013 Tools Tecique","isPartOf":{"@id":"https:\/\/toolstecique.com\/#website"},"datePublished":"2024-11-29T12:16:46+00:00","dateModified":"2025-04-18T10:39:07+00:00","breadcrumb":{"@id":"https:\/\/toolstecique.com\/about\/#breadcrumb"},"inLanguage":"de","potentialAction":[{"@type":"ReadAction","target":["https:\/\/toolstecique.com\/about\/"]}]},{"@type":"BreadcrumbList","@id":"https:\/\/toolstecique.com\/about\/#breadcrumb","itemListElement":[{"@type":"ListItem","position":1,"name":"Home","item":"https:\/\/toolstecique.com\/"},{"@type":"ListItem","position":2,"name":"About"}]},{"@type":"WebSite","@id":"https:\/\/toolstecique.com\/#website","url":"https:\/\/toolstecique.com\/","name":"Tools Tecique","description":"","publisher":{"@id":"https:\/\/toolstecique.com\/#organization"},"potentialAction":[{"@type":"SearchAction","target":{"@type":"EntryPoint","urlTemplate":"https:\/\/toolstecique.com\/?s={search_term_string}"},"query-input":{"@type":"PropertyValueSpecification","valueRequired":true,"valueName":"search_term_string"}}],"inLanguage":"de"},{"@type":"Organization","@id":"https:\/\/toolstecique.com\/#organization","name":"Tools Tecique","url":"https:\/\/toolstecique.com\/","logo":{"@type":"ImageObject","inLanguage":"de","@id":"https:\/\/toolstecique.com\/#\/schema\/logo\/image\/","url":"https:\/\/toolstecique.com\/wp-content\/uploads\/2025\/02\/green-profile.png","contentUrl":"https:\/\/toolstecique.com\/wp-content\/uploads\/2025\/02\/green-profile.png","width":250,"height":250,"caption":"Tools Tecique"},"image":{"@id":"https:\/\/toolstecique.com\/#\/schema\/logo\/image\/"}}]}},"_links":{"self":[{"href":"https:\/\/toolstecique.com\/de\/wp-json\/wp\/v2\/pages\/213","targetHints":{"allow":["GET"]}}],"collection":[{"href":"https:\/\/toolstecique.com\/de\/wp-json\/wp\/v2\/pages"}],"about":[{"href":"https:\/\/toolstecique.com\/de\/wp-json\/wp\/v2\/types\/page"}],"author":[{"embeddable":true,"href":"https:\/\/toolstecique.com\/de\/wp-json\/wp\/v2\/users\/1"}],"replies":[{"embeddable":true,"href":"https:\/\/toolstecique.com\/de\/wp-json\/wp\/v2\/comments?post=213"}],"version-history":[{"count":0,"href":"https:\/\/toolstecique.com\/de\/wp-json\/wp\/v2\/pages\/213\/revisions"}],"wp:attachment":[{"href":"https:\/\/toolstecique.com\/de\/wp-json\/wp\/v2\/media?parent=213"}],"curies":[{"name":"wp","href":"https:\/\/api.w.org\/{rel}","templated":true}]}}