{"id":218,"date":"2024-11-29T12:24:01","date_gmt":"2024-11-29T12:24:01","guid":{"rendered":"https:\/\/toolstecique.com\/?page_id=218"},"modified":"2024-11-29T12:24:01","modified_gmt":"2024-11-29T12:24:01","slug":"cookie-policy","status":"publish","type":"page","link":"https:\/\/toolstecique.com\/de\/cookie-policy\/","title":{"rendered":"Cookie-Richtlinie"},"content":{"rendered":"<p>Das <strong>Cookie-Richtlinie<\/strong> erkl\u00e4rt wie <strong>Werkzeuge Technik<\/strong> (\u201ewir\u201c, \u201eunser\u201c oder \u201euns\u201c) verwendet Cookies und \u00e4hnliche Technologien, um Informationen zu sammeln, wenn Sie unsere Website besuchen.<a href=\"http:\/\/www.toolstecnique.com\/\">www.toolstecnique.com<\/a>Durch die Nutzung unserer Website erkl\u00e4ren Sie sich mit der Verwendung von Cookies gem\u00e4\u00df dieser Richtlinie einverstanden. Wenn Sie mit der Verwendung von Cookies nicht einverstanden sind, deaktivieren Sie diese bitte gem\u00e4\u00df den Anweisungen in dieser Richtlinie oder verzichten Sie auf die Nutzung der Website.<\/p>\n<hr \/>\n<h2><strong>Was sind Cookies?<\/strong><\/h2>\n<p>Cookies sind kleine Textdateien, die beim Besuch einer Website auf Ihrem Ger\u00e4t (z. B. Computer, Tablet oder Smartphone) gespeichert werden. Diese Cookies dienen dazu, Informationen zu sammeln und zu speichern, um Ihr Nutzererlebnis zu verbessern, Ihre Aktivit\u00e4ten auf der Website zu verfolgen und die Funktionalit\u00e4t der Website zu optimieren.<\/p>\n<p>Cookies k\u00f6nnen entweder sein:<\/p>\n<ul>\n<li><strong>Erstanbieter-Cookies<\/strong>Dies sind Cookies, die von der Website gesetzt werden, die Sie besuchen (in diesem Fall <strong>Werkzeuge Technik<\/strong>).<\/li>\n<li><strong>Cookies von Drittanbietern<\/strong>Hierbei handelt es sich um Cookies, die von externen Diensten wie Werbenetzwerken oder Analyseanbietern gesetzt werden und nicht direkt von der Website kontrolliert werden, die Sie besuchen.<\/li>\n<\/ul>\n<hr \/>\n<h2><strong>Warum verwenden wir Cookies?<\/strong><\/h2>\n<p>Wir verwenden auf unserer Website Cookies zu folgenden Zwecken:<\/p>\n<ol>\n<li><strong>Zur Verbesserung der Website-Funktionalit\u00e4t<\/strong>Cookies helfen uns sicherzustellen, dass die Website wie erwartet funktioniert. Sie erm\u00f6glichen es uns beispielsweise, Ihre Pr\u00e4ferenzen zu speichern oder Ihnen die Navigation zwischen den Seiten zu erleichtern, ohne dass Ihre Informationen verloren gehen.<\/li>\n<li><strong>Zur Verbesserung der Benutzererfahrung<\/strong>Cookies k\u00f6nnen verwendet werden, um Ihr Nutzererlebnis zu personalisieren, indem beispielsweise Ihre Sprachpr\u00e4ferenzen, Ihr Anmeldestatus oder andere benutzerdefinierte Einstellungen gespeichert werden.<\/li>\n<li><strong>F\u00fcr Analysen und Leistung<\/strong>Wir verwenden Cookies, um Daten dar\u00fcber zu sammeln, wie Besucher mit unserer Website interagieren. Dies hilft uns, deren Leistung und Inhalte zu verbessern. Mithilfe dieser Cookies k\u00f6nnen wir Nutzungsmuster, Seitenaufrufe und mehr analysieren.<\/li>\n<li><strong>F\u00fcr Werbung und Marketing<\/strong>Cookies helfen uns, Ihnen relevante Werbung anzuzeigen und die Effektivit\u00e4t unserer Werbekampagnen zu messen. Diese Cookies k\u00f6nnen Ihr Surfverhalten auf verschiedenen Websites verfolgen, um Ihnen zielgerichtete Werbung anzuzeigen.<\/li>\n<\/ol>\n<hr \/>\n<h2><strong>Arten von Cookies, die wir verwenden<\/strong><\/h2>\n<p>Wir verwenden auf unserer Website verschiedene Arten von Cookies:<\/p>\n<ul>\n<li><strong>Essenzielle Cookies<\/strong>Diese Cookies sind f\u00fcr den Betrieb der Website unbedingt erforderlich und k\u00f6nnen nicht deaktiviert werden. Sie werden in der Regel als Reaktion auf Ihre Aktionen gesetzt, z. B. beim Anmelden oder Ausf\u00fcllen von Formularen.<\/li>\n<li><strong>Performance-\/Analyse-Cookies<\/strong>Diese Cookies sammeln Informationen dar\u00fcber, wie Besucher mit unserer Website interagieren, z. B. welche Seiten am h\u00e4ufigsten besucht werden oder ob Benutzer Fehlermeldungen erhalten. Mithilfe dieser Cookies k\u00f6nnen wir die Funktionalit\u00e4t unserer Website verbessern.<\/li>\n<li><strong>Funktionale Cookies<\/strong>Diese Cookies erm\u00f6glichen es der Website, Ihre Einstellungen (z. B. Ihre Sprachpr\u00e4ferenzen oder Ihre Region) zu speichern und Ihnen erweiterte, personalisierte Funktionen anzubieten.<\/li>\n<li><strong>Targeting-\/Werbe-Cookies<\/strong>Diese Cookies dienen dazu, Ihnen auf Ihre Surfgewohnheiten zugeschnittene Werbung anzuzeigen. Sie k\u00f6nnen Ihre Aktivit\u00e4ten auf verschiedenen Websites verfolgen und werden h\u00e4ufig von Drittanbietern gesetzt.<\/li>\n<\/ul>\n<hr \/>\n<h2><strong>Cookies von Drittanbietern<\/strong><\/h2>\n<p>Wir gestatten Drittanbietern, Cookies auf unserer Website zu platzieren, um Dienstleistungen wie die Analyse der Website-Nutzung und die Auslieferung zielgerichteter Werbung zu erbringen. Diese Drittanbieter k\u00f6nnen eigene Cookies und Technologien verwenden, um Informationen \u00fcber Ihre Online-Aktivit\u00e4ten zu sammeln, die zu Marketingzwecken oder zur Verbesserung ihrer Dienstleistungen genutzt werden k\u00f6nnen.<\/p>\n<p>Wir nutzen beispielsweise Drittanbieter f\u00fcr Analysedienste wie <strong>Google Analytics<\/strong> Google Analytics analysiert Website-Traffic und Nutzerverhalten. Google Analytics verwendet m\u00f6glicherweise Cookies, um anonymisierte Daten wie die besuchten Seiten und die Verweildauer auf den einzelnen Seiten zu erfassen. Weitere Informationen zur Datennutzung durch Google finden Sie in der Datenschutzerkl\u00e4rung. <strong>Datenschutzrichtlinie<\/strong>.<\/p>\n<hr \/>\n<h2><strong>So kontrollieren und verwalten Sie Cookies<\/strong><\/h2>\n<p>Sie k\u00f6nnen Ihre Cookie-Einstellungen auf verschiedene Weise verwalten:<\/p>\n<ol>\n<li><strong>Cookie-Einwilligungsbanner<\/strong>Beim ersten Besuch unserer Website erscheint ein Banner zur Cookie-Einwilligung, \u00fcber den Sie Ihre Cookie-Einstellungen akzeptieren oder verwalten k\u00f6nnen. Sie k\u00f6nnen alle Cookies akzeptieren, nicht notwendige Cookies ablehnen oder Ihre Einstellungen individuell anpassen.<\/li>\n<li><strong>Browsereinstellungen<\/strong>Die meisten Webbrowser erm\u00f6glichen die Verwaltung von Cookies \u00fcber die Browsereinstellungen. Sie k\u00f6nnen Ihren Browser so konfigurieren, dass er Cookies akzeptiert oder ablehnt, vorhandene Cookies l\u00f6scht und Pr\u00e4ferenzen f\u00fcr den Umgang mit Cookies festlegt. Weitere Informationen zur Verwaltung von Cookies in Ihrem Browser finden Sie unter [Link einf\u00fcgen]. <strong>Hilfebereich<\/strong> Ihres Browsers.\n<ul>\n<li><strong>Google Chrome<\/strong>: <a href=\"https:\/\/support.google.com\/chrome\/answer\/95647\">So verwalten Sie Cookies in Chrome<\/a><\/li>\n<li><strong>Mozilla Firefox<\/strong>: <a href=\"https:\/\/support.mozilla.org\/en-US\/kb\/enable-and-disable-cookies-website-preferences\">So verwalten Sie Cookies in Firefox<\/a><\/li>\n<li><strong>Safari<\/strong>: <a href=\"https:\/\/support.apple.com\/en-us\/HT201265\">So verwalten Sie Cookies in Safari<\/a><\/li>\n<li><strong>Microsoft Edge<\/strong>: <a href=\"https:\/\/support.microsoft.com\/en-us\/microsoft-edge\/privacy-and-services-in-microsoft-edge-2c2a2714-d085-42a3-9bc0-0b4e9c62ca7b\">So verwalten Sie Cookies in Edge<\/a><\/li>\n<\/ul>\n<\/li>\n<li><strong>Abmeldung von Werbe-Cookies<\/strong>Sie k\u00f6nnen personalisierte Werbung von Drittanbietern deaktivieren, indem Sie die folgenden Webseiten besuchen:\n<ul>\n<li><strong>Google-Anzeigeneinstellungen<\/strong>: <a href=\"https:\/\/adssettings.google.com\/\">https:\/\/adssettings.google.com<\/a><\/li>\n<li><strong>Netzwerkwerbeinitiative (NAI)<\/strong>: <a href=\"https:\/\/optout.networkadvertising.org\/\">https:\/\/optout.networkadvertising.org\/<\/a><\/li>\n<li><strong>Digital Advertising Alliance (DAA)<\/strong>: <a href=\"https:\/\/www.aboutads.info\/choices\">https:\/\/www.aboutads.info\/choices<\/a><\/li>\n<\/ul>\n<\/li>\n<\/ol>\n<p>Bitte beachten Sie, dass bei Deaktivierung von Cookies einige Funktionen der Website m\u00f6glicherweise nicht wie vorgesehen funktionieren und Sie unter Umst\u00e4nden nicht alle Funktionen nutzen k\u00f6nnen.<\/p>\n<hr \/>\n<h3><strong>\u00c4nderungen an dieser Cookie-Richtlinie<\/strong><\/h3>\n<p>Wir k\u00f6nnen diese Cookie-Richtlinie von Zeit zu Zeit aktualisieren, um \u00c4nderungen unserer Vorgehensweise, unserer Technologie oder geltender rechtlicher Bestimmungen Rechnung zu tragen. Bei Aktualisierungen ver\u00f6ffentlichen wir die \u00fcberarbeitete Richtlinie auf dieser Seite und aktualisieren das Datum des Inkrafttretens oben auf der Seite.<\/p>\n<hr \/>\n<h3><strong>Kontaktieren Sie uns<\/strong><\/h3>\n<p>Wenn Sie Fragen zu dieser Cookie-Richtlinie oder unserer Verwendung von Cookies haben, kontaktieren Sie uns bitte unter:<\/p>\n<p><strong>Werkzeuge Technik<\/strong><br \/>\nE-Mail: [<a href=\"mailto:contact@toolstecnique.com\">contact@toolstecnique.com<\/a>]<br \/>\nWebseite: [<a href=\"http:\/\/www.toolstecnique.com\/\">www.toolstecnique.com<\/a>]<\/p>\n<hr \/>\n<p>Indem Sie die <strong>Werkzeuge Technik<\/strong> Durch die Nutzung unserer Website erkl\u00e4ren Sie sich mit der Verwendung von Cookies gem\u00e4\u00df dieser Cookie-Richtlinie einverstanden.<\/p>\n<hr \/>\n<p>&nbsp;<\/p>","protected":false},"excerpt":{"rendered":"<p>This Cookie Policy explains how Tools Tecnique (&#8220;we,&#8221; &#8220;our,&#8221; or &#8220;us&#8221;) uses cookies and similar technologies to collect information when [&hellip;]<\/p>","protected":false},"author":1,"featured_media":0,"parent":0,"menu_order":0,"comment_status":"closed","ping_status":"closed","template":"","meta":{"site-sidebar-layout":"default","site-content-layout":"","ast-site-content-layout":"default","site-content-style":"default","site-sidebar-style":"default","ast-global-header-display":"","ast-banner-title-visibility":"","ast-main-header-display":"","ast-hfb-above-header-display":"","ast-hfb-below-header-display":"","ast-hfb-mobile-header-display":"","site-post-title":"","ast-breadcrumbs-content":"","ast-featured-img":"","footer-sml-layout":"","ast-disable-related-posts":"","theme-transparent-header-meta":"default","adv-header-id-meta":"","stick-header-meta":"","header-above-stick-meta":"","header-main-stick-meta":"","header-below-stick-meta":"","astra-migrate-meta-layouts":"set","ast-page-background-enabled":"default","ast-page-background-meta":{"desktop":{"background-color":"var(--ast-global-color-5)","background-image":"","background-repeat":"repeat","background-position":"center center","background-size":"auto","background-attachment":"scroll","background-type":"","background-media":"","overlay-type":"","overlay-color":"","overlay-opacity":"","overlay-gradient":""},"tablet":{"background-color":"","background-image":"","background-repeat":"repeat","background-position":"center center","background-size":"auto","background-attachment":"scroll","background-type":"","background-media":"","overlay-type":"","overlay-color":"","overlay-opacity":"","overlay-gradient":""},"mobile":{"background-color":"","background-image":"","background-repeat":"repeat","background-position":"center center","background-size":"auto","background-attachment":"scroll","background-type":"","background-media":"","overlay-type":"","overlay-color":"","overlay-opacity":"","overlay-gradient":""}},"ast-content-background-meta":{"desktop":{"background-color":"var(--ast-global-color-4)","background-image":"","background-repeat":"repeat","background-position":"center center","background-size":"auto","background-attachment":"scroll","background-type":"","background-media":"","overlay-type":"","overlay-color":"","overlay-opacity":"","overlay-gradient":""},"tablet":{"background-color":"var(--ast-global-color-4)","background-image":"","background-repeat":"repeat","background-position":"center center","background-size":"auto","background-attachment":"scroll","background-type":"","background-media":"","overlay-type":"","overlay-color":"","overlay-opacity":"","overlay-gradient":""},"mobile":{"background-color":"var(--ast-global-color-4)","background-image":"","background-repeat":"repeat","background-position":"center center","background-size":"auto","background-attachment":"scroll","background-type":"","background-media":"","overlay-type":"","overlay-color":"","overlay-opacity":"","overlay-gradient":""}},"footnotes":""},"class_list":["post-218","page","type-page","status-publish","hentry"],"yoast_head":"<!-- This site is optimized with the Yoast SEO Premium plugin v25.9 (Yoast SEO v27.5) - https:\/\/yoast.com\/product\/yoast-seo-premium-wordpress\/ -->\n<title>Cookie Policy - Tools Tecique<\/title>\n<meta name=\"robots\" content=\"index, follow, max-snippet:-1, max-image-preview:large, max-video-preview:-1\" \/>\n<link rel=\"canonical\" href=\"https:\/\/toolstecique.com\/de\/cookie-policy\/\" \/>\n<meta property=\"og:locale\" content=\"de_DE\" \/>\n<meta property=\"og:type\" content=\"article\" \/>\n<meta property=\"og:title\" content=\"Cookie Policy\" \/>\n<meta property=\"og:description\" content=\"This Cookie Policy explains how Tools Tecnique (&#8220;we,&#8221; &#8220;our,&#8221; or &#8220;us&#8221;) uses cookies and similar technologies to collect information when [&hellip;]\" \/>\n<meta property=\"og:url\" content=\"https:\/\/toolstecique.com\/de\/cookie-policy\/\" \/>\n<meta property=\"og:site_name\" content=\"Tools Tecique\" \/>\n<meta name=\"twitter:card\" content=\"summary_large_image\" \/>\n<meta name=\"twitter:label1\" content=\"Gesch\u00e4tzte Lesezeit\" \/>\n\t<meta name=\"twitter:data1\" content=\"4\u00a0Minuten\" \/>\n<script type=\"application\/ld+json\" class=\"yoast-schema-graph\">{\"@context\":\"https:\\\/\\\/schema.org\",\"@graph\":[{\"@type\":\"WebPage\",\"@id\":\"https:\\\/\\\/toolstecique.com\\\/cookie-policy\\\/\",\"url\":\"https:\\\/\\\/toolstecique.com\\\/cookie-policy\\\/\",\"name\":\"Cookie Policy - Tools Tecique\",\"isPartOf\":{\"@id\":\"https:\\\/\\\/toolstecique.com\\\/#website\"},\"datePublished\":\"2024-11-29T12:24:01+00:00\",\"breadcrumb\":{\"@id\":\"https:\\\/\\\/toolstecique.com\\\/cookie-policy\\\/#breadcrumb\"},\"inLanguage\":\"de\",\"potentialAction\":[{\"@type\":\"ReadAction\",\"target\":[\"https:\\\/\\\/toolstecique.com\\\/cookie-policy\\\/\"]}]},{\"@type\":\"BreadcrumbList\",\"@id\":\"https:\\\/\\\/toolstecique.com\\\/cookie-policy\\\/#breadcrumb\",\"itemListElement\":[{\"@type\":\"ListItem\",\"position\":1,\"name\":\"Home\",\"item\":\"https:\\\/\\\/toolstecique.com\\\/\"},{\"@type\":\"ListItem\",\"position\":2,\"name\":\"Cookie Policy\"}]},{\"@type\":\"WebSite\",\"@id\":\"https:\\\/\\\/toolstecique.com\\\/#website\",\"url\":\"https:\\\/\\\/toolstecique.com\\\/\",\"name\":\"Tools Tecique\",\"description\":\"\",\"publisher\":{\"@id\":\"https:\\\/\\\/toolstecique.com\\\/#organization\"},\"potentialAction\":[{\"@type\":\"SearchAction\",\"target\":{\"@type\":\"EntryPoint\",\"urlTemplate\":\"https:\\\/\\\/toolstecique.com\\\/?s={search_term_string}\"},\"query-input\":{\"@type\":\"PropertyValueSpecification\",\"valueRequired\":true,\"valueName\":\"search_term_string\"}}],\"inLanguage\":\"de\"},{\"@type\":\"Organization\",\"@id\":\"https:\\\/\\\/toolstecique.com\\\/#organization\",\"name\":\"Tools Tecique\",\"url\":\"https:\\\/\\\/toolstecique.com\\\/\",\"logo\":{\"@type\":\"ImageObject\",\"inLanguage\":\"de\",\"@id\":\"https:\\\/\\\/toolstecique.com\\\/#\\\/schema\\\/logo\\\/image\\\/\",\"url\":\"https:\\\/\\\/toolstecique.com\\\/wp-content\\\/uploads\\\/2025\\\/02\\\/green-profile.png\",\"contentUrl\":\"https:\\\/\\\/toolstecique.com\\\/wp-content\\\/uploads\\\/2025\\\/02\\\/green-profile.png\",\"width\":250,\"height\":250,\"caption\":\"Tools Tecique\"},\"image\":{\"@id\":\"https:\\\/\\\/toolstecique.com\\\/#\\\/schema\\\/logo\\\/image\\\/\"}}]}<\/script>\n<!-- \/ Yoast SEO Premium plugin. -->","yoast_head_json":{"title":"Cookie-Richtlinie - Tools Tecique","robots":{"index":"index","follow":"follow","max-snippet":"max-snippet:-1","max-image-preview":"max-image-preview:large","max-video-preview":"max-video-preview:-1"},"canonical":"https:\/\/toolstecique.com\/de\/cookie-policy\/","og_locale":"de_DE","og_type":"article","og_title":"Cookie Policy","og_description":"This Cookie Policy explains how Tools Tecnique (&#8220;we,&#8221; &#8220;our,&#8221; or &#8220;us&#8221;) uses cookies and similar technologies to collect information when [&hellip;]","og_url":"https:\/\/toolstecique.com\/de\/cookie-policy\/","og_site_name":"Tools Tecique","twitter_card":"summary_large_image","twitter_misc":{"Gesch\u00e4tzte Lesezeit":"4\u00a0Minuten"},"schema":{"@context":"https:\/\/schema.org","@graph":[{"@type":"WebPage","@id":"https:\/\/toolstecique.com\/cookie-policy\/","url":"https:\/\/toolstecique.com\/cookie-policy\/","name":"Cookie-Richtlinie - Tools Tecique","isPartOf":{"@id":"https:\/\/toolstecique.com\/#website"},"datePublished":"2024-11-29T12:24:01+00:00","breadcrumb":{"@id":"https:\/\/toolstecique.com\/cookie-policy\/#breadcrumb"},"inLanguage":"de","potentialAction":[{"@type":"ReadAction","target":["https:\/\/toolstecique.com\/cookie-policy\/"]}]},{"@type":"BreadcrumbList","@id":"https:\/\/toolstecique.com\/cookie-policy\/#breadcrumb","itemListElement":[{"@type":"ListItem","position":1,"name":"Home","item":"https:\/\/toolstecique.com\/"},{"@type":"ListItem","position":2,"name":"Cookie Policy"}]},{"@type":"WebSite","@id":"https:\/\/toolstecique.com\/#website","url":"https:\/\/toolstecique.com\/","name":"Tools Tecique","description":"","publisher":{"@id":"https:\/\/toolstecique.com\/#organization"},"potentialAction":[{"@type":"SearchAction","target":{"@type":"EntryPoint","urlTemplate":"https:\/\/toolstecique.com\/?s={search_term_string}"},"query-input":{"@type":"PropertyValueSpecification","valueRequired":true,"valueName":"search_term_string"}}],"inLanguage":"de"},{"@type":"Organization","@id":"https:\/\/toolstecique.com\/#organization","name":"Tools Tecique","url":"https:\/\/toolstecique.com\/","logo":{"@type":"ImageObject","inLanguage":"de","@id":"https:\/\/toolstecique.com\/#\/schema\/logo\/image\/","url":"https:\/\/toolstecique.com\/wp-content\/uploads\/2025\/02\/green-profile.png","contentUrl":"https:\/\/toolstecique.com\/wp-content\/uploads\/2025\/02\/green-profile.png","width":250,"height":250,"caption":"Tools Tecique"},"image":{"@id":"https:\/\/toolstecique.com\/#\/schema\/logo\/image\/"}}]}},"_links":{"self":[{"href":"https:\/\/toolstecique.com\/de\/wp-json\/wp\/v2\/pages\/218","targetHints":{"allow":["GET"]}}],"collection":[{"href":"https:\/\/toolstecique.com\/de\/wp-json\/wp\/v2\/pages"}],"about":[{"href":"https:\/\/toolstecique.com\/de\/wp-json\/wp\/v2\/types\/page"}],"author":[{"embeddable":true,"href":"https:\/\/toolstecique.com\/de\/wp-json\/wp\/v2\/users\/1"}],"replies":[{"embeddable":true,"href":"https:\/\/toolstecique.com\/de\/wp-json\/wp\/v2\/comments?post=218"}],"version-history":[{"count":0,"href":"https:\/\/toolstecique.com\/de\/wp-json\/wp\/v2\/pages\/218\/revisions"}],"wp:attachment":[{"href":"https:\/\/toolstecique.com\/de\/wp-json\/wp\/v2\/media?parent=218"}],"curies":[{"name":"wp","href":"https:\/\/api.w.org\/{rel}","templated":true}]}}