{"id":2506,"date":"2026-01-22T10:33:49","date_gmt":"2026-01-22T10:33:49","guid":{"rendered":"https:\/\/toolstecique.com\/?page_id=2506"},"modified":"2026-01-22T12:49:20","modified_gmt":"2026-01-22T12:49:20","slug":"minecraft-circle-generator","status":"publish","type":"page","link":"https:\/\/toolstecique.com\/de\/minecraft-circle-generator\/","title":{"rendered":"Minecraft-Kreisgenerator | Pixelgenaue Kreise &amp; Ovale"},"content":{"rendered":"","protected":false},"excerpt":{"rendered":"","protected":false},"author":1,"featured_media":2509,"parent":0,"menu_order":0,"comment_status":"closed","ping_status":"closed","template":"minecraft-circle-generator.php","meta":{"site-sidebar-layout":"default","site-content-layout":"","ast-site-content-layout":"default","site-content-style":"default","site-sidebar-style":"default","ast-global-header-display":"","ast-banner-title-visibility":"","ast-main-header-display":"","ast-hfb-above-header-display":"","ast-hfb-below-header-display":"","ast-hfb-mobile-header-display":"","site-post-title":"","ast-breadcrumbs-content":"","ast-featured-img":"","footer-sml-layout":"","ast-disable-related-posts":"","theme-transparent-header-meta":"default","adv-header-id-meta":"","stick-header-meta":"","header-above-stick-meta":"","header-main-stick-meta":"","header-below-stick-meta":"","astra-migrate-meta-layouts":"set","ast-page-background-enabled":"default","ast-page-background-meta":{"desktop":{"background-color":"var(--ast-global-color-5)","background-image":"","background-repeat":"repeat","background-position":"center center","background-size":"auto","background-attachment":"scroll","background-type":"","background-media":"","overlay-type":"","overlay-color":"","overlay-opacity":"","overlay-gradient":""},"tablet":{"background-color":"","background-image":"","background-repeat":"repeat","background-position":"center center","background-size":"auto","background-attachment":"scroll","background-type":"","background-media":"","overlay-type":"","overlay-color":"","overlay-opacity":"","overlay-gradient":""},"mobile":{"background-color":"","background-image":"","background-repeat":"repeat","background-position":"center center","background-size":"auto","background-attachment":"scroll","background-type":"","background-media":"","overlay-type":"","overlay-color":"","overlay-opacity":"","overlay-gradient":""}},"ast-content-background-meta":{"desktop":{"background-color":"var(--ast-global-color-4)","background-image":"","background-repeat":"repeat","background-position":"center center","background-size":"auto","background-attachment":"scroll","background-type":"","background-media":"","overlay-type":"","overlay-color":"","overlay-opacity":"","overlay-gradient":""},"tablet":{"background-color":"var(--ast-global-color-4)","background-image":"","background-repeat":"repeat","background-position":"center center","background-size":"auto","background-attachment":"scroll","background-type":"","background-media":"","overlay-type":"","overlay-color":"","overlay-opacity":"","overlay-gradient":""},"mobile":{"background-color":"var(--ast-global-color-4)","background-image":"","background-repeat":"repeat","background-position":"center center","background-size":"auto","background-attachment":"scroll","background-type":"","background-media":"","overlay-type":"","overlay-color":"","overlay-opacity":"","overlay-gradient":""}},"footnotes":""},"class_list":["post-2506","page","type-page","status-publish","has-post-thumbnail","hentry"],"yoast_head":"<!-- This site is optimized with the Yoast SEO Premium plugin v25.9 (Yoast SEO v27.4) - https:\/\/yoast.com\/product\/yoast-seo-premium-wordpress\/ -->\n<title>Minecraft Circle Generator | Pixel Perfect Circles &amp; Ovals<\/title>\n<meta name=\"description\" content=\"Free Minecraft circle generator tool. Design custom circles with thick\/thin borders or filled patterns. Calculate stacks needed. Export as PNG or SVG.\" \/>\n<meta name=\"robots\" content=\"index, follow, max-snippet:-1, max-image-preview:large, max-video-preview:-1\" \/>\n<link rel=\"canonical\" href=\"https:\/\/toolstecique.com\/de\/minecraft-circle-generator\/\" \/>\n<meta property=\"og:locale\" content=\"de_DE\" \/>\n<meta property=\"og:type\" content=\"article\" \/>\n<meta property=\"og:title\" content=\"Minecraft Circle Generator | Pixel Perfect Circles &amp; Ovals\" \/>\n<meta property=\"og:description\" content=\"Free Minecraft circle generator tool. Design custom circles with thick\/thin borders or filled patterns. Calculate stacks needed. Export as PNG or SVG.\" \/>\n<meta property=\"og:url\" content=\"https:\/\/toolstecique.com\/de\/minecraft-circle-generator\/\" \/>\n<meta property=\"og:site_name\" content=\"Tools Tecique\" \/>\n<meta property=\"article:modified_time\" content=\"2026-01-22T12:49:20+00:00\" \/>\n<meta property=\"og:image\" content=\"https:\/\/toolstecique.com\/wp-content\/uploads\/2026\/01\/minecraft.png\" \/>\n\t<meta property=\"og:image:width\" content=\"512\" \/>\n\t<meta property=\"og:image:height\" content=\"512\" \/>\n\t<meta property=\"og:image:type\" content=\"image\/png\" \/>\n<meta name=\"twitter:card\" content=\"summary_large_image\" \/>\n<meta name=\"twitter:label1\" content=\"Gesch\u00e4tzte Lesezeit\" \/>\n\t<meta name=\"twitter:data1\" content=\"1\u00a0Minute\" \/>\n<script type=\"application\/ld+json\" class=\"yoast-schema-graph\">{\"@context\":\"https:\\\/\\\/schema.org\",\"@graph\":[{\"@type\":\"WebPage\",\"@id\":\"https:\\\/\\\/toolstecique.com\\\/minecraft-circle-generator\\\/\",\"url\":\"https:\\\/\\\/toolstecique.com\\\/minecraft-circle-generator\\\/\",\"name\":\"Minecraft Circle Generator | Pixel Perfect Circles & Ovals\",\"isPartOf\":{\"@id\":\"https:\\\/\\\/toolstecique.com\\\/#website\"},\"primaryImageOfPage\":{\"@id\":\"https:\\\/\\\/toolstecique.com\\\/minecraft-circle-generator\\\/#primaryimage\"},\"image\":{\"@id\":\"https:\\\/\\\/toolstecique.com\\\/minecraft-circle-generator\\\/#primaryimage\"},\"thumbnailUrl\":\"https:\\\/\\\/toolstecique.com\\\/wp-content\\\/uploads\\\/2026\\\/01\\\/minecraft.png\",\"datePublished\":\"2026-01-22T10:33:49+00:00\",\"dateModified\":\"2026-01-22T12:49:20+00:00\",\"description\":\"Free Minecraft circle generator tool. Design custom circles with thick\\\/thin borders or filled patterns. Calculate stacks needed. Export as PNG or SVG.\",\"breadcrumb\":{\"@id\":\"https:\\\/\\\/toolstecique.com\\\/minecraft-circle-generator\\\/#breadcrumb\"},\"inLanguage\":\"de\",\"potentialAction\":[{\"@type\":\"ReadAction\",\"target\":[\"https:\\\/\\\/toolstecique.com\\\/minecraft-circle-generator\\\/\"]}]},{\"@type\":\"ImageObject\",\"inLanguage\":\"de\",\"@id\":\"https:\\\/\\\/toolstecique.com\\\/minecraft-circle-generator\\\/#primaryimage\",\"url\":\"https:\\\/\\\/toolstecique.com\\\/wp-content\\\/uploads\\\/2026\\\/01\\\/minecraft.png\",\"contentUrl\":\"https:\\\/\\\/toolstecique.com\\\/wp-content\\\/uploads\\\/2026\\\/01\\\/minecraft.png\",\"width\":512,\"height\":512,\"caption\":\"Minecraft Circle Generator\"},{\"@type\":\"BreadcrumbList\",\"@id\":\"https:\\\/\\\/toolstecique.com\\\/minecraft-circle-generator\\\/#breadcrumb\",\"itemListElement\":[{\"@type\":\"ListItem\",\"position\":1,\"name\":\"Home\",\"item\":\"https:\\\/\\\/toolstecique.com\\\/\"},{\"@type\":\"ListItem\",\"position\":2,\"name\":\"Minecraft Circle Generator | Pixel Perfect Circles &#038; Ovals\"}]},{\"@type\":\"WebSite\",\"@id\":\"https:\\\/\\\/toolstecique.com\\\/#website\",\"url\":\"https:\\\/\\\/toolstecique.com\\\/\",\"name\":\"Tools Tecique\",\"description\":\"\",\"publisher\":{\"@id\":\"https:\\\/\\\/toolstecique.com\\\/#organization\"},\"potentialAction\":[{\"@type\":\"SearchAction\",\"target\":{\"@type\":\"EntryPoint\",\"urlTemplate\":\"https:\\\/\\\/toolstecique.com\\\/?s={search_term_string}\"},\"query-input\":{\"@type\":\"PropertyValueSpecification\",\"valueRequired\":true,\"valueName\":\"search_term_string\"}}],\"inLanguage\":\"de\"},{\"@type\":\"Organization\",\"@id\":\"https:\\\/\\\/toolstecique.com\\\/#organization\",\"name\":\"Tools Tecique\",\"url\":\"https:\\\/\\\/toolstecique.com\\\/\",\"logo\":{\"@type\":\"ImageObject\",\"inLanguage\":\"de\",\"@id\":\"https:\\\/\\\/toolstecique.com\\\/#\\\/schema\\\/logo\\\/image\\\/\",\"url\":\"https:\\\/\\\/toolstecique.com\\\/wp-content\\\/uploads\\\/2025\\\/02\\\/green-profile.png\",\"contentUrl\":\"https:\\\/\\\/toolstecique.com\\\/wp-content\\\/uploads\\\/2025\\\/02\\\/green-profile.png\",\"width\":250,\"height\":250,\"caption\":\"Tools Tecique\"},\"image\":{\"@id\":\"https:\\\/\\\/toolstecique.com\\\/#\\\/schema\\\/logo\\\/image\\\/\"}}]}<\/script>\n<!-- \/ Yoast SEO Premium plugin. -->","yoast_head_json":{"title":"Minecraft-Kreisgenerator | Pixelgenaue Kreise &amp; Ovale","description":"Kostenloser Minecraft-Kreisgenerator. Gestalte individuelle Kreise mit dicken\/d\u00fcnnen R\u00e4ndern oder gef\u00fcllten Mustern. Berechne die ben\u00f6tigten Stapel. Exportiere als PNG oder SVG.","robots":{"index":"index","follow":"follow","max-snippet":"max-snippet:-1","max-image-preview":"max-image-preview:large","max-video-preview":"max-video-preview:-1"},"canonical":"https:\/\/toolstecique.com\/de\/minecraft-circle-generator\/","og_locale":"de_DE","og_type":"article","og_title":"Minecraft Circle Generator | Pixel Perfect Circles & Ovals","og_description":"Free Minecraft circle generator tool. Design custom circles with thick\/thin borders or filled patterns. Calculate stacks needed. Export as PNG or SVG.","og_url":"https:\/\/toolstecique.com\/de\/minecraft-circle-generator\/","og_site_name":"Tools Tecique","article_modified_time":"2026-01-22T12:49:20+00:00","og_image":[{"width":512,"height":512,"url":"https:\/\/toolstecique.com\/wp-content\/uploads\/2026\/01\/minecraft.png","type":"image\/png"}],"twitter_card":"summary_large_image","twitter_misc":{"Gesch\u00e4tzte Lesezeit":"1\u00a0Minute"},"schema":{"@context":"https:\/\/schema.org","@graph":[{"@type":"WebPage","@id":"https:\/\/toolstecique.com\/minecraft-circle-generator\/","url":"https:\/\/toolstecique.com\/minecraft-circle-generator\/","name":"Minecraft-Kreisgenerator | Pixelgenaue Kreise &amp; Ovale","isPartOf":{"@id":"https:\/\/toolstecique.com\/#website"},"primaryImageOfPage":{"@id":"https:\/\/toolstecique.com\/minecraft-circle-generator\/#primaryimage"},"image":{"@id":"https:\/\/toolstecique.com\/minecraft-circle-generator\/#primaryimage"},"thumbnailUrl":"https:\/\/toolstecique.com\/wp-content\/uploads\/2026\/01\/minecraft.png","datePublished":"2026-01-22T10:33:49+00:00","dateModified":"2026-01-22T12:49:20+00:00","description":"Kostenloser Minecraft-Kreisgenerator. Gestalte individuelle Kreise mit dicken\/d\u00fcnnen R\u00e4ndern oder gef\u00fcllten Mustern. Berechne die ben\u00f6tigten Stapel. Exportiere als PNG oder SVG.","breadcrumb":{"@id":"https:\/\/toolstecique.com\/minecraft-circle-generator\/#breadcrumb"},"inLanguage":"de","potentialAction":[{"@type":"ReadAction","target":["https:\/\/toolstecique.com\/minecraft-circle-generator\/"]}]},{"@type":"ImageObject","inLanguage":"de","@id":"https:\/\/toolstecique.com\/minecraft-circle-generator\/#primaryimage","url":"https:\/\/toolstecique.com\/wp-content\/uploads\/2026\/01\/minecraft.png","contentUrl":"https:\/\/toolstecique.com\/wp-content\/uploads\/2026\/01\/minecraft.png","width":512,"height":512,"caption":"Minecraft Circle Generator"},{"@type":"BreadcrumbList","@id":"https:\/\/toolstecique.com\/minecraft-circle-generator\/#breadcrumb","itemListElement":[{"@type":"ListItem","position":1,"name":"Home","item":"https:\/\/toolstecique.com\/"},{"@type":"ListItem","position":2,"name":"Minecraft Circle Generator | Pixel Perfect Circles &#038; Ovals"}]},{"@type":"WebSite","@id":"https:\/\/toolstecique.com\/#website","url":"https:\/\/toolstecique.com\/","name":"Tools Tecique","description":"","publisher":{"@id":"https:\/\/toolstecique.com\/#organization"},"potentialAction":[{"@type":"SearchAction","target":{"@type":"EntryPoint","urlTemplate":"https:\/\/toolstecique.com\/?s={search_term_string}"},"query-input":{"@type":"PropertyValueSpecification","valueRequired":true,"valueName":"search_term_string"}}],"inLanguage":"de"},{"@type":"Organization","@id":"https:\/\/toolstecique.com\/#organization","name":"Tools Tecique","url":"https:\/\/toolstecique.com\/","logo":{"@type":"ImageObject","inLanguage":"de","@id":"https:\/\/toolstecique.com\/#\/schema\/logo\/image\/","url":"https:\/\/toolstecique.com\/wp-content\/uploads\/2025\/02\/green-profile.png","contentUrl":"https:\/\/toolstecique.com\/wp-content\/uploads\/2025\/02\/green-profile.png","width":250,"height":250,"caption":"Tools Tecique"},"image":{"@id":"https:\/\/toolstecique.com\/#\/schema\/logo\/image\/"}}]}},"_links":{"self":[{"href":"https:\/\/toolstecique.com\/de\/wp-json\/wp\/v2\/pages\/2506","targetHints":{"allow":["GET"]}}],"collection":[{"href":"https:\/\/toolstecique.com\/de\/wp-json\/wp\/v2\/pages"}],"about":[{"href":"https:\/\/toolstecique.com\/de\/wp-json\/wp\/v2\/types\/page"}],"author":[{"embeddable":true,"href":"https:\/\/toolstecique.com\/de\/wp-json\/wp\/v2\/users\/1"}],"replies":[{"embeddable":true,"href":"https:\/\/toolstecique.com\/de\/wp-json\/wp\/v2\/comments?post=2506"}],"version-history":[{"count":1,"href":"https:\/\/toolstecique.com\/de\/wp-json\/wp\/v2\/pages\/2506\/revisions"}],"predecessor-version":[{"id":2510,"href":"https:\/\/toolstecique.com\/de\/wp-json\/wp\/v2\/pages\/2506\/revisions\/2510"}],"wp:featuredmedia":[{"embeddable":true,"href":"https:\/\/toolstecique.com\/de\/wp-json\/wp\/v2\/media\/2509"}],"wp:attachment":[{"href":"https:\/\/toolstecique.com\/de\/wp-json\/wp\/v2\/media?parent=2506"}],"curies":[{"name":"wp","href":"https:\/\/api.w.org\/{rel}","templated":true}]}}