{"id":2606,"date":"2026-02-28T20:12:06","date_gmt":"2026-02-28T20:12:06","guid":{"rendered":"https:\/\/toolstecique.com\/?page_id=2606"},"modified":"2026-02-28T20:31:21","modified_gmt":"2026-02-28T20:31:21","slug":"write-for-us","status":"publish","type":"page","link":"https:\/\/toolstecique.com\/de\/write-for-us\/","title":{"rendered":"Schreiben Sie f\u00fcr uns"},"content":{"rendered":"<div data-elementor-type=\"wp-page\" data-elementor-id=\"2606\" class=\"elementor elementor-2606\" data-elementor-settings=\"{&quot;element_pack_global_tooltip_width&quot;:{&quot;unit&quot;:&quot;px&quot;,&quot;size&quot;:&quot;&quot;,&quot;sizes&quot;:[]},&quot;element_pack_global_tooltip_width_tablet&quot;:{&quot;unit&quot;:&quot;px&quot;,&quot;size&quot;:&quot;&quot;,&quot;sizes&quot;:[]},&quot;element_pack_global_tooltip_width_mobile&quot;:{&quot;unit&quot;:&quot;px&quot;,&quot;size&quot;:&quot;&quot;,&quot;sizes&quot;:[]},&quot;element_pack_global_tooltip_padding&quot;:{&quot;unit&quot;:&quot;px&quot;,&quot;top&quot;:&quot;&quot;,&quot;right&quot;:&quot;&quot;,&quot;bottom&quot;:&quot;&quot;,&quot;left&quot;:&quot;&quot;,&quot;isLinked&quot;:true},&quot;element_pack_global_tooltip_padding_tablet&quot;:{&quot;unit&quot;:&quot;px&quot;,&quot;top&quot;:&quot;&quot;,&quot;right&quot;:&quot;&quot;,&quot;bottom&quot;:&quot;&quot;,&quot;left&quot;:&quot;&quot;,&quot;isLinked&quot;:true},&quot;element_pack_global_tooltip_padding_mobile&quot;:{&quot;unit&quot;:&quot;px&quot;,&quot;top&quot;:&quot;&quot;,&quot;right&quot;:&quot;&quot;,&quot;bottom&quot;:&quot;&quot;,&quot;left&quot;:&quot;&quot;,&quot;isLinked&quot;:true},&quot;element_pack_global_tooltip_border_radius&quot;:{&quot;unit&quot;:&quot;px&quot;,&quot;top&quot;:&quot;&quot;,&quot;right&quot;:&quot;&quot;,&quot;bottom&quot;:&quot;&quot;,&quot;left&quot;:&quot;&quot;,&quot;isLinked&quot;:true},&quot;element_pack_global_tooltip_border_radius_tablet&quot;:{&quot;unit&quot;:&quot;px&quot;,&quot;top&quot;:&quot;&quot;,&quot;right&quot;:&quot;&quot;,&quot;bottom&quot;:&quot;&quot;,&quot;left&quot;:&quot;&quot;,&quot;isLinked&quot;:true},&quot;element_pack_global_tooltip_border_radius_mobile&quot;:{&quot;unit&quot;:&quot;px&quot;,&quot;top&quot;:&quot;&quot;,&quot;right&quot;:&quot;&quot;,&quot;bottom&quot;:&quot;&quot;,&quot;left&quot;:&quot;&quot;,&quot;isLinked&quot;:true}}\" data-elementor-post-type=\"page\">\n\t\t\t\t<div class=\"elementor-element elementor-element-e92032b e-flex e-con-boxed e-con e-parent\" data-id=\"e92032b\" data-element_type=\"container\" data-e-type=\"container\">\n\t\t\t\t\t<div class=\"e-con-inner\">\n\t\t<div class=\"elementor-element elementor-element-fcfb3a1 e-con-full e-flex e-con e-child\" data-id=\"fcfb3a1\" data-element_type=\"container\" data-e-type=\"container\" data-settings=\"{&quot;background_background&quot;:&quot;classic&quot;}\">\n\t\t\t\t<div class=\"elementor-element elementor-element-112b75f elementor-widget elementor-widget-image\" data-id=\"112b75f\" data-element_type=\"widget\" data-e-type=\"widget\" data-widget_type=\"image.default\">\n\t\t\t\t\t\t\t\t\t\t\t\t\t\t\t<img fetchpriority=\"high\" decoding=\"async\" width=\"1280\" height=\"720\" src=\"https:\/\/toolstecique.com\/wp-content\/uploads\/2026\/02\/Write-For-Us.png\" class=\"attachment-full size-full wp-image-2609\" alt=\"write for us\" srcset=\"https:\/\/toolstecique.com\/wp-content\/uploads\/2026\/02\/Write-For-Us.png 1280w, https:\/\/toolstecique.com\/wp-content\/uploads\/2026\/02\/Write-For-Us-300x169.png 300w, https:\/\/toolstecique.com\/wp-content\/uploads\/2026\/02\/Write-For-Us-1024x576.png 1024w, https:\/\/toolstecique.com\/wp-content\/uploads\/2026\/02\/Write-For-Us-768x432.png 768w\" sizes=\"(max-width: 1280px) 100vw, 1280px\" \/>\t\t\t\t\t\t\t\t\t\t\t\t\t\t\t<\/div>\n\t\t\t\t<div class=\"elementor-element elementor-element-4c71716 elementor-widget elementor-widget-heading\" data-id=\"4c71716\" data-element_type=\"widget\" data-e-type=\"widget\" data-widget_type=\"heading.default\">\n\t\t\t\t\t<h1 class=\"elementor-heading-title elementor-size-default\">Schreiben Sie f\u00fcr uns<\/h1>\t\t\t\t<\/div>\n\t\t\t\t<div class=\"elementor-element elementor-element-3897840 elementor-widget elementor-widget-text-editor\" data-id=\"3897840\" data-element_type=\"widget\" data-e-type=\"widget\" data-widget_type=\"text-editor.default\">\n\t\t\t\t\t\t\t\t\t<h2>Reichen Sie Ihren Blog bei ToolsTecique.com ein.<\/h2><p>ToolsTecique.com ist eine spezialisierte Plattform f\u00fcr Finanz- und Kryptow\u00e4hrungstools, Rechner und Schulungsinhalte. Wir ver\u00f6ffentlichen praxisorientierte Leitf\u00e4den, datenbasierte Analysen und Tool-L\u00f6sungen, die Anlegern, H\u00e4ndlern und Finanzinteressierten helfen, fundierte Entscheidungen zu treffen.<\/p><p>Wenn Sie \u00fcber Finanzen, Kryptow\u00e4hrungen, Investitionen, Blockchain-Technologie oder verwandte Analysetools schreiben, laden wir Sie herzlich ein, mit uns zusammenzuarbeiten und Ihr Fachwissen mit unserem wachsenden Publikum zu teilen.<\/p><p>Wir bauen eine starke Community aus Finanzexperten, Kryptoanalysten, Tradern und Content-Erstellern auf. Leser aus aller Welt besuchen ToolsTecique.com, um auf leistungsstarke Finanz- und Krypto-Tools sowie fundierte Artikel zuzugreifen, die komplexe Finanzkonzepte verst\u00e4ndlich erkl\u00e4ren. Gastautoren erhalten einen kostenlosen Do-Follow-Backlink und gezielte Reichweite im Finanz- und Krypto-Bereich.<\/p><h2>Themen f\u00fcr Gastbeitr\u00e4ge, die wir akzeptieren<\/h2><p>Wir akzeptieren derzeit Gastbeitr\u00e4ge zu folgenden Themen:<\/p><ul><li><p>Pers\u00f6nliche Finanzen<\/p><\/li><li><p>Kryptow\u00e4hrung<\/p><\/li><li><p>Bitcoin und Altcoins<\/p><\/li><li><p>Blockchain-Technologie<\/p><\/li><li><p>Krypto-Handelsstrategien<\/p><\/li><li><p>Technische Analyse<\/p><\/li><li><p>Fundamentalanalyse<\/p><\/li><li><p>Anlagestrategien<\/p><\/li><li><p>Einblicke in den Aktienmarkt<\/p><\/li><li><p>Strategien f\u00fcr passives Einkommen<\/p><\/li><li><p>Finanzplanung<\/p><\/li><li><p>DeFi (Decentralized Finance)<\/p><\/li><li><p>Krypto-Tools und Rechner im Test<\/p><\/li><li><p>FinTech-Innovationen<\/p><\/li><\/ul><p>Die Inhalte m\u00fcssen einen direkten Bezug zu Finanzen, Kryptow\u00e4hrungen, Investitionen, Handel oder Finanzinstrumenten haben. Allgemeine Lifestyle-Themen oder branchenfremde Themen werden nicht akzeptiert.<\/p><h2>Richtlinien f\u00fcr die Einreichung von Gastbeitr\u00e4gen<\/h2><p>Um hohe Qualit\u00e4t und Relevanz zu gew\u00e4hrleisten, beachten Sie bitte folgende Richtlinien:<\/p><ul><li><p>Mindestl\u00e4nge des Artikels: 550 W\u00f6rter<\/p><\/li><li><p>Die Inhalte m\u00fcssen zu 100 % originell, einzigartig und nicht anderweitig ver\u00f6ffentlicht sein.<\/p><\/li><li><p>Eine gr\u00fcndliche Keyword-Recherche wird empfohlen, wobei vorzugsweise auf Long-Tail-Keywords abgezielt werden sollte.<\/p><\/li><li><p>Nat\u00fcrliche Keyword-Dichte und SEO-freundliche Formatierung beibehalten<\/p><\/li><li><p>Verwenden Sie klare \u00dcberschriften, korrekte Grammatik und gut strukturierte Abs\u00e4tze.<\/p><\/li><li><p>Doppelte, umgeschriebene oder minderwertige Inhalte werden abgelehnt.<\/p><\/li><li><p>Ein relevanter Do-Follow-Backlink zu Ihrer Website ist zul\u00e4ssig.<\/p><\/li><li><p>Die Links m\u00fcssen in direktem Zusammenhang mit dem Thema des Artikels und Ihrer Website-Nische stehen.<\/p><\/li><li><p>Mindestens ein relevantes Bild muss beigef\u00fcgt werden.<\/p><\/li><li><p>Affiliate-intensive, Gl\u00fccksspiel-, Erwachsenen-, illegale oder irref\u00fchrende Finanzsysteme sind strengstens verboten.<\/p><\/li><\/ul><p>Wir stellen Ihnen einen kostenlosen Do-Follow-Backlink in Ihrem Artikel zur Verf\u00fcgung, um eine faire und qualit\u00e4tsorientierte Linkstruktur zu gew\u00e4hrleisten.<\/p><h2>Pr\u00fcf- und Ver\u00f6ffentlichungsprozess<\/h2><p>Alle Einsendungen werden manuell auf Originalit\u00e4t, Genauigkeit und finanzielle Relevanz gepr\u00fcft.<\/p><ul><li><p>Bearbeitungszeit: Innerhalb von 24 Stunden<\/p><\/li><li><p>Ver\u00f6ffentlichungszeitpunkt (bei Genehmigung): Innerhalb von 24 Stunden nach Genehmigung<\/p><\/li><\/ul><p>Wir behalten uns das Recht vor, Formatierungen zu bearbeiten oder Inhalte vor der Ver\u00f6ffentlichung im Hinblick auf Klarheit und Lesbarkeit zu optimieren.<\/p><h2>So reichen Sie Ihren Artikel ein<\/h2><p>Um Ihren Gastbeitrag einzureichen, senden Sie Ihren Artikel bitte im Word- oder Google Docs-Format per E-Mail zusammen mit Folgendem:<\/p><ul><li><p>Website-URL<\/p><\/li><li><p>Ziel-Keyword<\/p><\/li><\/ul><p>Senden Sie Ihren Artikel an:<\/p><p><strong>E-Mail:<\/strong> <a href=\"mailto:support@toolstecique.com\">support@toolstecique.com<\/a><\/p><p>Schlie\u00dfen Sie sich ToolsTecique.com an und teilen Sie Ihre Finanz- und Krypto-Expertise mit einer gezielten globalen Zielgruppe, die sich f\u00fcr intelligentes Investieren und digitale Verm\u00f6genswerte interessiert.<\/p>\t\t\t\t\t\t\t\t<\/div>\n\t\t\t\t<\/div>\n\t\t\t\t\t<\/div>\n\t\t\t\t<\/div>\n\t\t\t\t<\/div>","protected":false},"excerpt":{"rendered":"<p>Write For Us Submit Your Blog to ToolsTecique.com ToolsTecique.com is a specialized platform focused on finance and cryptocurrency tools, calculators, [&hellip;]<\/p>","protected":false},"author":1,"featured_media":0,"parent":0,"menu_order":0,"comment_status":"closed","ping_status":"closed","template":"","meta":{"site-sidebar-layout":"no-sidebar","site-content-layout":"","ast-site-content-layout":"full-width-container","site-content-style":"default","site-sidebar-style":"default","ast-global-header-display":"","ast-banner-title-visibility":"","ast-main-header-display":"","ast-hfb-above-header-display":"","ast-hfb-below-header-display":"","ast-hfb-mobile-header-display":"","site-post-title":"disabled","ast-breadcrumbs-content":"","ast-featured-img":"disabled","footer-sml-layout":"","ast-disable-related-posts":"","theme-transparent-header-meta":"default","adv-header-id-meta":"","stick-header-meta":"","header-above-stick-meta":"","header-main-stick-meta":"","header-below-stick-meta":"","astra-migrate-meta-layouts":"set","ast-page-background-enabled":"default","ast-page-background-meta":{"desktop":{"background-color":"var(--ast-global-color-5)","background-image":"","background-repeat":"repeat","background-position":"center center","background-size":"auto","background-attachment":"scroll","background-type":"","background-media":"","overlay-type":"","overlay-color":"","overlay-opacity":"","overlay-gradient":""},"tablet":{"background-color":"","background-image":"","background-repeat":"repeat","background-position":"center center","background-size":"auto","background-attachment":"scroll","background-type":"","background-media":"","overlay-type":"","overlay-color":"","overlay-opacity":"","overlay-gradient":""},"mobile":{"background-color":"","background-image":"","background-repeat":"repeat","background-position":"center center","background-size":"auto","background-attachment":"scroll","background-type":"","background-media":"","overlay-type":"","overlay-color":"","overlay-opacity":"","overlay-gradient":""}},"ast-content-background-meta":{"desktop":{"background-color":"var(--ast-global-color-4)","background-image":"","background-repeat":"repeat","background-position":"center center","background-size":"auto","background-attachment":"scroll","background-type":"","background-media":"","overlay-type":"","overlay-color":"","overlay-opacity":"","overlay-gradient":""},"tablet":{"background-color":"var(--ast-global-color-4)","background-image":"","background-repeat":"repeat","background-position":"center center","background-size":"auto","background-attachment":"scroll","background-type":"","background-media":"","overlay-type":"","overlay-color":"","overlay-opacity":"","overlay-gradient":""},"mobile":{"background-color":"var(--ast-global-color-4)","background-image":"","background-repeat":"repeat","background-position":"center center","background-size":"auto","background-attachment":"scroll","background-type":"","background-media":"","overlay-type":"","overlay-color":"","overlay-opacity":"","overlay-gradient":""}},"footnotes":""},"class_list":["post-2606","page","type-page","status-publish","hentry"],"yoast_head":"<!-- This site is optimized with the Yoast SEO Premium plugin v25.9 (Yoast SEO v27.4) - https:\/\/yoast.com\/product\/yoast-seo-premium-wordpress\/ -->\n<title>Write For Us - Tools Tecique<\/title>\n<meta name=\"description\" content=\"Write for ToolsTecique.com and share expert insights on finance, cryptocurrency. Publish your article, gain a relevant do-follow backlink, and reach a global finance audience.\" \/>\n<meta name=\"robots\" content=\"index, follow, max-snippet:-1, max-image-preview:large, max-video-preview:-1\" \/>\n<link rel=\"canonical\" href=\"https:\/\/toolstecique.com\/de\/write-for-us\/\" \/>\n<meta property=\"og:locale\" content=\"de_DE\" \/>\n<meta property=\"og:type\" content=\"article\" \/>\n<meta property=\"og:title\" content=\"Write For Us\" \/>\n<meta property=\"og:description\" content=\"Write for ToolsTecique.com and share expert insights on finance, cryptocurrency. Publish your article, gain a relevant do-follow backlink, and reach a global finance audience.\" \/>\n<meta property=\"og:url\" content=\"https:\/\/toolstecique.com\/de\/write-for-us\/\" \/>\n<meta property=\"og:site_name\" content=\"Tools Tecique\" \/>\n<meta property=\"article:modified_time\" content=\"2026-02-28T20:31:21+00:00\" \/>\n<meta property=\"og:image\" content=\"https:\/\/toolstecique.com\/wp-content\/uploads\/2026\/02\/Write-For-Us.png\" \/>\n<meta name=\"twitter:card\" content=\"summary_large_image\" \/>\n<meta name=\"twitter:label1\" content=\"Gesch\u00e4tzte Lesezeit\" \/>\n\t<meta name=\"twitter:data1\" content=\"2\u00a0Minuten\" \/>\n<script type=\"application\/ld+json\" class=\"yoast-schema-graph\">{\"@context\":\"https:\\\/\\\/schema.org\",\"@graph\":[{\"@type\":\"WebPage\",\"@id\":\"https:\\\/\\\/toolstecique.com\\\/write-for-us\\\/\",\"url\":\"https:\\\/\\\/toolstecique.com\\\/write-for-us\\\/\",\"name\":\"Write For Us - Tools Tecique\",\"isPartOf\":{\"@id\":\"https:\\\/\\\/toolstecique.com\\\/#website\"},\"primaryImageOfPage\":{\"@id\":\"https:\\\/\\\/toolstecique.com\\\/write-for-us\\\/#primaryimage\"},\"image\":{\"@id\":\"https:\\\/\\\/toolstecique.com\\\/write-for-us\\\/#primaryimage\"},\"thumbnailUrl\":\"https:\\\/\\\/toolstecique.com\\\/wp-content\\\/uploads\\\/2026\\\/02\\\/Write-For-Us.png\",\"datePublished\":\"2026-02-28T20:12:06+00:00\",\"dateModified\":\"2026-02-28T20:31:21+00:00\",\"description\":\"Write for ToolsTecique.com and share expert insights on finance, cryptocurrency. Publish your article, gain a relevant do-follow backlink, and reach a global finance audience.\",\"breadcrumb\":{\"@id\":\"https:\\\/\\\/toolstecique.com\\\/write-for-us\\\/#breadcrumb\"},\"inLanguage\":\"de\",\"potentialAction\":[{\"@type\":\"ReadAction\",\"target\":[\"https:\\\/\\\/toolstecique.com\\\/write-for-us\\\/\"]}]},{\"@type\":\"ImageObject\",\"inLanguage\":\"de\",\"@id\":\"https:\\\/\\\/toolstecique.com\\\/write-for-us\\\/#primaryimage\",\"url\":\"https:\\\/\\\/toolstecique.com\\\/wp-content\\\/uploads\\\/2026\\\/02\\\/Write-For-Us.png\",\"contentUrl\":\"https:\\\/\\\/toolstecique.com\\\/wp-content\\\/uploads\\\/2026\\\/02\\\/Write-For-Us.png\"},{\"@type\":\"BreadcrumbList\",\"@id\":\"https:\\\/\\\/toolstecique.com\\\/write-for-us\\\/#breadcrumb\",\"itemListElement\":[{\"@type\":\"ListItem\",\"position\":1,\"name\":\"Home\",\"item\":\"https:\\\/\\\/toolstecique.com\\\/\"},{\"@type\":\"ListItem\",\"position\":2,\"name\":\"Write For Us\"}]},{\"@type\":\"WebSite\",\"@id\":\"https:\\\/\\\/toolstecique.com\\\/#website\",\"url\":\"https:\\\/\\\/toolstecique.com\\\/\",\"name\":\"Tools Tecique\",\"description\":\"\",\"publisher\":{\"@id\":\"https:\\\/\\\/toolstecique.com\\\/#organization\"},\"potentialAction\":[{\"@type\":\"SearchAction\",\"target\":{\"@type\":\"EntryPoint\",\"urlTemplate\":\"https:\\\/\\\/toolstecique.com\\\/?s={search_term_string}\"},\"query-input\":{\"@type\":\"PropertyValueSpecification\",\"valueRequired\":true,\"valueName\":\"search_term_string\"}}],\"inLanguage\":\"de\"},{\"@type\":\"Organization\",\"@id\":\"https:\\\/\\\/toolstecique.com\\\/#organization\",\"name\":\"Tools Tecique\",\"url\":\"https:\\\/\\\/toolstecique.com\\\/\",\"logo\":{\"@type\":\"ImageObject\",\"inLanguage\":\"de\",\"@id\":\"https:\\\/\\\/toolstecique.com\\\/#\\\/schema\\\/logo\\\/image\\\/\",\"url\":\"https:\\\/\\\/toolstecique.com\\\/wp-content\\\/uploads\\\/2025\\\/02\\\/green-profile.png\",\"contentUrl\":\"https:\\\/\\\/toolstecique.com\\\/wp-content\\\/uploads\\\/2025\\\/02\\\/green-profile.png\",\"width\":250,\"height\":250,\"caption\":\"Tools Tecique\"},\"image\":{\"@id\":\"https:\\\/\\\/toolstecique.com\\\/#\\\/schema\\\/logo\\\/image\\\/\"}}]}<\/script>\n<!-- \/ Yoast SEO Premium plugin. -->","yoast_head_json":{"title":"Schreiben Sie f\u00fcr uns \u2013 Tools Tecique","description":"Schreiben Sie f\u00fcr ToolsTecique.com und teilen Sie Ihr Fachwissen zu Finanzen und Kryptow\u00e4hrungen. Ver\u00f6ffentlichen Sie Ihren Artikel, erhalten Sie einen relevanten Backlink und erreichen Sie ein globales Finanzpublikum.","robots":{"index":"index","follow":"follow","max-snippet":"max-snippet:-1","max-image-preview":"max-image-preview:large","max-video-preview":"max-video-preview:-1"},"canonical":"https:\/\/toolstecique.com\/de\/write-for-us\/","og_locale":"de_DE","og_type":"article","og_title":"Write For Us","og_description":"Write for ToolsTecique.com and share expert insights on finance, cryptocurrency. Publish your article, gain a relevant do-follow backlink, and reach a global finance audience.","og_url":"https:\/\/toolstecique.com\/de\/write-for-us\/","og_site_name":"Tools Tecique","article_modified_time":"2026-02-28T20:31:21+00:00","og_image":[{"url":"https:\/\/toolstecique.com\/wp-content\/uploads\/2026\/02\/Write-For-Us.png","type":"","width":"","height":""}],"twitter_card":"summary_large_image","twitter_misc":{"Gesch\u00e4tzte Lesezeit":"2\u00a0Minuten"},"schema":{"@context":"https:\/\/schema.org","@graph":[{"@type":"WebPage","@id":"https:\/\/toolstecique.com\/write-for-us\/","url":"https:\/\/toolstecique.com\/write-for-us\/","name":"Schreiben Sie f\u00fcr uns \u2013 Tools Tecique","isPartOf":{"@id":"https:\/\/toolstecique.com\/#website"},"primaryImageOfPage":{"@id":"https:\/\/toolstecique.com\/write-for-us\/#primaryimage"},"image":{"@id":"https:\/\/toolstecique.com\/write-for-us\/#primaryimage"},"thumbnailUrl":"https:\/\/toolstecique.com\/wp-content\/uploads\/2026\/02\/Write-For-Us.png","datePublished":"2026-02-28T20:12:06+00:00","dateModified":"2026-02-28T20:31:21+00:00","description":"Schreiben Sie f\u00fcr ToolsTecique.com und teilen Sie Ihr Fachwissen zu Finanzen und Kryptow\u00e4hrungen. Ver\u00f6ffentlichen Sie Ihren Artikel, erhalten Sie einen relevanten Backlink und erreichen Sie ein globales Finanzpublikum.","breadcrumb":{"@id":"https:\/\/toolstecique.com\/write-for-us\/#breadcrumb"},"inLanguage":"de","potentialAction":[{"@type":"ReadAction","target":["https:\/\/toolstecique.com\/write-for-us\/"]}]},{"@type":"ImageObject","inLanguage":"de","@id":"https:\/\/toolstecique.com\/write-for-us\/#primaryimage","url":"https:\/\/toolstecique.com\/wp-content\/uploads\/2026\/02\/Write-For-Us.png","contentUrl":"https:\/\/toolstecique.com\/wp-content\/uploads\/2026\/02\/Write-For-Us.png"},{"@type":"BreadcrumbList","@id":"https:\/\/toolstecique.com\/write-for-us\/#breadcrumb","itemListElement":[{"@type":"ListItem","position":1,"name":"Home","item":"https:\/\/toolstecique.com\/"},{"@type":"ListItem","position":2,"name":"Write For Us"}]},{"@type":"WebSite","@id":"https:\/\/toolstecique.com\/#website","url":"https:\/\/toolstecique.com\/","name":"Tools Tecique","description":"","publisher":{"@id":"https:\/\/toolstecique.com\/#organization"},"potentialAction":[{"@type":"SearchAction","target":{"@type":"EntryPoint","urlTemplate":"https:\/\/toolstecique.com\/?s={search_term_string}"},"query-input":{"@type":"PropertyValueSpecification","valueRequired":true,"valueName":"search_term_string"}}],"inLanguage":"de"},{"@type":"Organization","@id":"https:\/\/toolstecique.com\/#organization","name":"Tools Tecique","url":"https:\/\/toolstecique.com\/","logo":{"@type":"ImageObject","inLanguage":"de","@id":"https:\/\/toolstecique.com\/#\/schema\/logo\/image\/","url":"https:\/\/toolstecique.com\/wp-content\/uploads\/2025\/02\/green-profile.png","contentUrl":"https:\/\/toolstecique.com\/wp-content\/uploads\/2025\/02\/green-profile.png","width":250,"height":250,"caption":"Tools Tecique"},"image":{"@id":"https:\/\/toolstecique.com\/#\/schema\/logo\/image\/"}}]}},"_links":{"self":[{"href":"https:\/\/toolstecique.com\/de\/wp-json\/wp\/v2\/pages\/2606","targetHints":{"allow":["GET"]}}],"collection":[{"href":"https:\/\/toolstecique.com\/de\/wp-json\/wp\/v2\/pages"}],"about":[{"href":"https:\/\/toolstecique.com\/de\/wp-json\/wp\/v2\/types\/page"}],"author":[{"embeddable":true,"href":"https:\/\/toolstecique.com\/de\/wp-json\/wp\/v2\/users\/1"}],"replies":[{"embeddable":true,"href":"https:\/\/toolstecique.com\/de\/wp-json\/wp\/v2\/comments?post=2606"}],"version-history":[{"count":1,"href":"https:\/\/toolstecique.com\/de\/wp-json\/wp\/v2\/pages\/2606\/revisions"}],"predecessor-version":[{"id":2619,"href":"https:\/\/toolstecique.com\/de\/wp-json\/wp\/v2\/pages\/2606\/revisions\/2619"}],"wp:attachment":[{"href":"https:\/\/toolstecique.com\/de\/wp-json\/wp\/v2\/media?parent=2606"}],"curies":[{"name":"wp","href":"https:\/\/api.w.org\/{rel}","templated":true}]}}