{"id":213,"date":"2024-11-29T12:16:46","date_gmt":"2024-11-29T12:16:46","guid":{"rendered":"https:\/\/toolstecique.com\/?page_id=213"},"modified":"2025-04-18T10:39:07","modified_gmt":"2025-04-18T10:39:07","slug":"about","status":"publish","type":"page","link":"https:\/\/toolstecique.com\/es\/about\/","title":{"rendered":"Acerca de"},"content":{"rendered":"<p><strong>Bienvenido a Tools Tecique: tu destino \u00fanico para descargas seguras y libres de virus.<\/strong><\/p>\n<p>En <strong>Herramientas T\u00e9cnicas<\/strong>Nuestra misi\u00f3n es simple: brindarte las herramientas y utilidades de software m\u00e1s seguras y confiables disponibles en internet. Ya sea que busques herramientas de productividad, utilidades del sistema, software de seguridad o programas de entretenimiento, te ofrecemos una amplia colecci\u00f3n de descargas de alta calidad, cuidadosamente verificadas y completamente libres de virus, malware y otras amenazas de seguridad.<\/p>\n<h2><strong>Qui\u00e9nes somos<\/strong><\/h2>\n<p><strong>Herramientas T\u00e9cnicas<\/strong> Se fund\u00f3 con la visi\u00f3n de crear una plataforma confiable donde los usuarios puedan descargar con seguridad el software que necesitan, sin temor a infectar sus sistemas con virus o malware da\u00f1inos. Entendemos la importancia de tener acceso a herramientas confiables, seguras y actualizadas, ya sea que seas un entusiasta de la tecnolog\u00eda, un profesional de negocios o simplemente alguien que busca optimizar el rendimiento de su computadora.<\/p>\n<p>Nuestro equipo de expertos somete a rigurosas pruebas cada programa que aparece en nuestro sitio web para garantizar que cumpla con los m\u00e1s altos est\u00e1ndares de seguridad. Creemos que nadie deber\u00eda comprometer su seguridad al descargar software, por lo que nos comprometemos a brindar una experiencia totalmente segura y libre de virus.<\/p>\n<h2><strong>Lo que ofrecemos<\/strong><\/h2>\n<p>En <strong>Herramientas T\u00e9cnicas<\/strong>Encontrar\u00e1s una amplia gama de herramientas de software en diversas categor\u00edas, entre las que se incluyen:<\/p>\n<ul>\n<li><strong>Utilidades del sistema<\/strong>Optimiza tu ordenador, elimina archivos basura y mejora su rendimiento.<\/li>\n<li><strong>Seguridad y antivirus<\/strong>Proteja su ordenador y sus datos personales con los mejores programas antivirus y antimalware.<\/li>\n<li><strong>Multimedia<\/strong>Descubre herramientas para editar fotos, v\u00eddeos y m\u00fasica.<\/li>\n<li><strong>Productividad<\/strong>Descarga paquetes ofim\u00e1ticos, gestores de tareas y otras herramientas de productividad para ser m\u00e1s productivo.<\/li>\n<li><strong>Herramientas de desarrollo<\/strong>Encuentra herramientas de programaci\u00f3n, editores de c\u00f3digo y otras utilidades para desarrolladores.<\/li>\n<\/ul>\n<p>Todo el software que ofrecemos es revisado y analizado minuciosamente para garantizar que est\u00e9 libre de virus, spyware o cualquier otro tipo de software malicioso.<\/p>\n<h2><strong>Nuestro compromiso con la seguridad<\/strong><\/h2>\n<p>Entendemos que la seguridad de su informaci\u00f3n personal y de su sistema inform\u00e1tico es una prioridad m\u00e1xima. Por eso, en <strong>Herramientas T\u00e9cnicas<\/strong>Nos esforzamos al m\u00e1ximo para garantizar que cada archivo disponible para descargar est\u00e9 libre de virus y sea seguro. Nuestro equipo especializado realiza exhaustivas comprobaciones de seguridad, incluyendo an\u00e1lisis manuales y herramientas automatizadas, para detectar posibles riesgos antes de que el software est\u00e9 disponible para nuestros usuarios.<\/p>\n<p>Si bien hacemos todo lo posible para garantizar la seguridad de nuestras descargas, siempre recomendamos a nuestros usuarios que utilicen su propio software antivirus y que tomen precauciones al descargar e instalar software de cualquier fuente.<\/p>\n<h2><strong>\u00bfPor qu\u00e9 elegirnos?<\/strong><\/h2>\n<ul>\n<li><strong>Descargas seguras y de confianza<\/strong>Cada descarga se somete a una revisi\u00f3n exhaustiva para detectar virus, malware y otras amenazas de seguridad, garantizando as\u00ed que usted obtenga \u00fanicamente las mejores y m\u00e1s seguras herramientas.<\/li>\n<li><strong>Amplia selecci\u00f3n<\/strong>Ofrecemos una amplia gama de software para todas sus necesidades, desde la optimizaci\u00f3n del sistema hasta la productividad y el entretenimiento.<\/li>\n<li><strong>Contenido actualizado<\/strong>Actualizamos nuestro contenido peri\u00f3dicamente, por lo que siempre encontrar\u00e1s la \u00faltima versi\u00f3n de las herramientas que necesitas.<\/li>\n<li><strong>Experiencia f\u00e1cil de usar<\/strong>Nuestro objetivo es proporcionar una experiencia sencilla y f\u00e1cil de usar para todos nuestros usuarios.<\/li>\n<li><strong>Acceso gratuito<\/strong>Todas las herramientas de software disponibles en nuestro sitio se pueden descargar gratuitamente, lo que le brinda acceso a programas de primera categor\u00eda sin costos ocultos.<\/li>\n<\/ul>\n<h2><strong>Nuestros valores<\/strong><\/h2>\n<p>En <strong>Herramientas T\u00e9cnicas<\/strong>Creemos en:<\/p>\n<ul>\n<li><strong>Integridad<\/strong>Nos comprometemos a proporcionar informaci\u00f3n precisa y a mantener la transparencia con nuestros usuarios.<\/li>\n<li><strong>Seguridad<\/strong>Su seguridad es nuestra m\u00e1xima prioridad. Garantizamos que todas las herramientas que ofrecemos son seguras y est\u00e1n libres de cualquier c\u00f3digo malicioso.<\/li>\n<li><strong>Calidad<\/strong>Solo incluimos en nuestra lista el software que cumple con nuestros altos est\u00e1ndares de fiabilidad, rendimiento y seguridad.<\/li>\n<li><strong>Enfoque en el cliente<\/strong>Valoramos a nuestros usuarios y nuestro objetivo es brindar el mejor servicio, incluyendo soporte r\u00e1pido y actualizaciones peri\u00f3dicas de nuestro contenido.<\/li>\n<\/ul>\n<h2><strong>Nuestra visi\u00f3n<\/strong><\/h2>\n<p>Nuestro objetivo es convertirnos en la opci\u00f3n preferida para quienes buscan software seguro, fiable y f\u00e1cil de usar. A medida que el mundo digital evoluciona, nos esforzamos por brindar a nuestros usuarios las herramientas necesarias para desenvolverse con confianza y facilidad. Al ofrecer una cuidada selecci\u00f3n de descargas de software seguras y de alta calidad, garantizamos que sus dispositivos funcionen a la perfecci\u00f3n, sin riesgo de virus ni malware.<\/p>\n<h2><strong>Ponte en contacto<\/strong><\/h2>\n<p>Si tiene alguna pregunta, sugerencia o comentario, \u00a1nos encantar\u00eda saber de usted! No dude en contactarnos a trav\u00e9s de nuestro <strong>P\u00e1gina de contacto<\/strong> o env\u00edenos un correo electr\u00f3nico a [<a href=\"mailto:toolstecique@gmail.com\">toolstecique@gmail.com<\/a>].<\/p>\n<p>Gracias por elegirnos <strong>Herramientas T\u00e9cnicas<\/strong>\u2014Estamos aqu\u00ed para ayudarte a sacar el m\u00e1ximo provecho de tu experiencia digital.<\/p>\n<hr \/>","protected":false},"excerpt":{"rendered":"<p>Welcome to Tools Tecique \u2013 Your One-Stop Destination for Secure and Virus-Free Downloads At Tools Tecique, our mission is simple: [&hellip;]<\/p>","protected":false},"author":1,"featured_media":0,"parent":0,"menu_order":0,"comment_status":"closed","ping_status":"closed","template":"","meta":{"site-sidebar-layout":"default","site-content-layout":"","ast-site-content-layout":"default","site-content-style":"default","site-sidebar-style":"default","ast-global-header-display":"","ast-banner-title-visibility":"","ast-main-header-display":"","ast-hfb-above-header-display":"","ast-hfb-below-header-display":"","ast-hfb-mobile-header-display":"","site-post-title":"","ast-breadcrumbs-content":"","ast-featured-img":"","footer-sml-layout":"","ast-disable-related-posts":"","theme-transparent-header-meta":"default","adv-header-id-meta":"","stick-header-meta":"","header-above-stick-meta":"","header-main-stick-meta":"","header-below-stick-meta":"","astra-migrate-meta-layouts":"set","ast-page-background-enabled":"default","ast-page-background-meta":{"desktop":{"background-color":"var(--ast-global-color-5)","background-image":"","background-repeat":"repeat","background-position":"center center","background-size":"auto","background-attachment":"scroll","background-type":"","background-media":"","overlay-type":"","overlay-color":"","overlay-opacity":"","overlay-gradient":""},"tablet":{"background-color":"","background-image":"","background-repeat":"repeat","background-position":"center center","background-size":"auto","background-attachment":"scroll","background-type":"","background-media":"","overlay-type":"","overlay-color":"","overlay-opacity":"","overlay-gradient":""},"mobile":{"background-color":"","background-image":"","background-repeat":"repeat","background-position":"center center","background-size":"auto","background-attachment":"scroll","background-type":"","background-media":"","overlay-type":"","overlay-color":"","overlay-opacity":"","overlay-gradient":""}},"ast-content-background-meta":{"desktop":{"background-color":"var(--ast-global-color-4)","background-image":"","background-repeat":"repeat","background-position":"center center","background-size":"auto","background-attachment":"scroll","background-type":"","background-media":"","overlay-type":"","overlay-color":"","overlay-opacity":"","overlay-gradient":""},"tablet":{"background-color":"var(--ast-global-color-4)","background-image":"","background-repeat":"repeat","background-position":"center center","background-size":"auto","background-attachment":"scroll","background-type":"","background-media":"","overlay-type":"","overlay-color":"","overlay-opacity":"","overlay-gradient":""},"mobile":{"background-color":"var(--ast-global-color-4)","background-image":"","background-repeat":"repeat","background-position":"center center","background-size":"auto","background-attachment":"scroll","background-type":"","background-media":"","overlay-type":"","overlay-color":"","overlay-opacity":"","overlay-gradient":""}},"footnotes":""},"class_list":["post-213","page","type-page","status-publish","hentry"],"yoast_head":"<!-- This site is optimized with the Yoast SEO Premium plugin v25.9 (Yoast SEO v27.4) - https:\/\/yoast.com\/product\/yoast-seo-premium-wordpress\/ -->\n<title>About - Tools Tecique<\/title>\n<meta name=\"robots\" content=\"index, follow, max-snippet:-1, max-image-preview:large, max-video-preview:-1\" \/>\n<link rel=\"canonical\" href=\"https:\/\/toolstecique.com\/es\/about\/\" \/>\n<meta property=\"og:locale\" content=\"es_ES\" \/>\n<meta property=\"og:type\" content=\"article\" \/>\n<meta property=\"og:title\" content=\"About\" \/>\n<meta property=\"og:description\" content=\"Welcome to Tools Tecique \u2013 Your One-Stop Destination for Secure and Virus-Free Downloads At Tools Tecique, our mission is simple: [&hellip;]\" \/>\n<meta property=\"og:url\" content=\"https:\/\/toolstecique.com\/es\/about\/\" \/>\n<meta property=\"og:site_name\" content=\"Tools Tecique\" \/>\n<meta property=\"article:modified_time\" content=\"2025-04-18T10:39:07+00:00\" \/>\n<meta name=\"twitter:card\" content=\"summary_large_image\" \/>\n<meta name=\"twitter:label1\" content=\"Tiempo de lectura\" \/>\n\t<meta name=\"twitter:data1\" content=\"4 minutos\" \/>\n<script type=\"application\/ld+json\" class=\"yoast-schema-graph\">{\"@context\":\"https:\\\/\\\/schema.org\",\"@graph\":[{\"@type\":\"WebPage\",\"@id\":\"https:\\\/\\\/toolstecique.com\\\/about\\\/\",\"url\":\"https:\\\/\\\/toolstecique.com\\\/about\\\/\",\"name\":\"About - Tools Tecique\",\"isPartOf\":{\"@id\":\"https:\\\/\\\/toolstecique.com\\\/#website\"},\"datePublished\":\"2024-11-29T12:16:46+00:00\",\"dateModified\":\"2025-04-18T10:39:07+00:00\",\"breadcrumb\":{\"@id\":\"https:\\\/\\\/toolstecique.com\\\/about\\\/#breadcrumb\"},\"inLanguage\":\"es\",\"potentialAction\":[{\"@type\":\"ReadAction\",\"target\":[\"https:\\\/\\\/toolstecique.com\\\/about\\\/\"]}]},{\"@type\":\"BreadcrumbList\",\"@id\":\"https:\\\/\\\/toolstecique.com\\\/about\\\/#breadcrumb\",\"itemListElement\":[{\"@type\":\"ListItem\",\"position\":1,\"name\":\"Home\",\"item\":\"https:\\\/\\\/toolstecique.com\\\/\"},{\"@type\":\"ListItem\",\"position\":2,\"name\":\"About\"}]},{\"@type\":\"WebSite\",\"@id\":\"https:\\\/\\\/toolstecique.com\\\/#website\",\"url\":\"https:\\\/\\\/toolstecique.com\\\/\",\"name\":\"Tools Tecique\",\"description\":\"\",\"publisher\":{\"@id\":\"https:\\\/\\\/toolstecique.com\\\/#organization\"},\"potentialAction\":[{\"@type\":\"SearchAction\",\"target\":{\"@type\":\"EntryPoint\",\"urlTemplate\":\"https:\\\/\\\/toolstecique.com\\\/?s={search_term_string}\"},\"query-input\":{\"@type\":\"PropertyValueSpecification\",\"valueRequired\":true,\"valueName\":\"search_term_string\"}}],\"inLanguage\":\"es\"},{\"@type\":\"Organization\",\"@id\":\"https:\\\/\\\/toolstecique.com\\\/#organization\",\"name\":\"Tools Tecique\",\"url\":\"https:\\\/\\\/toolstecique.com\\\/\",\"logo\":{\"@type\":\"ImageObject\",\"inLanguage\":\"es\",\"@id\":\"https:\\\/\\\/toolstecique.com\\\/#\\\/schema\\\/logo\\\/image\\\/\",\"url\":\"https:\\\/\\\/toolstecique.com\\\/wp-content\\\/uploads\\\/2025\\\/02\\\/green-profile.png\",\"contentUrl\":\"https:\\\/\\\/toolstecique.com\\\/wp-content\\\/uploads\\\/2025\\\/02\\\/green-profile.png\",\"width\":250,\"height\":250,\"caption\":\"Tools Tecique\"},\"image\":{\"@id\":\"https:\\\/\\\/toolstecique.com\\\/#\\\/schema\\\/logo\\\/image\\\/\"}}]}<\/script>\n<!-- \/ Yoast SEO Premium plugin. -->","yoast_head_json":{"title":"Acerca de - Herramientas T\u00e9cnicas","robots":{"index":"index","follow":"follow","max-snippet":"max-snippet:-1","max-image-preview":"max-image-preview:large","max-video-preview":"max-video-preview:-1"},"canonical":"https:\/\/toolstecique.com\/es\/about\/","og_locale":"es_ES","og_type":"article","og_title":"About","og_description":"Welcome to Tools Tecique \u2013 Your One-Stop Destination for Secure and Virus-Free Downloads At Tools Tecique, our mission is simple: [&hellip;]","og_url":"https:\/\/toolstecique.com\/es\/about\/","og_site_name":"Tools Tecique","article_modified_time":"2025-04-18T10:39:07+00:00","twitter_card":"summary_large_image","twitter_misc":{"Tiempo de lectura":"4 minutos"},"schema":{"@context":"https:\/\/schema.org","@graph":[{"@type":"WebPage","@id":"https:\/\/toolstecique.com\/about\/","url":"https:\/\/toolstecique.com\/about\/","name":"Acerca de - Herramientas T\u00e9cnicas","isPartOf":{"@id":"https:\/\/toolstecique.com\/#website"},"datePublished":"2024-11-29T12:16:46+00:00","dateModified":"2025-04-18T10:39:07+00:00","breadcrumb":{"@id":"https:\/\/toolstecique.com\/about\/#breadcrumb"},"inLanguage":"es","potentialAction":[{"@type":"ReadAction","target":["https:\/\/toolstecique.com\/about\/"]}]},{"@type":"BreadcrumbList","@id":"https:\/\/toolstecique.com\/about\/#breadcrumb","itemListElement":[{"@type":"ListItem","position":1,"name":"Home","item":"https:\/\/toolstecique.com\/"},{"@type":"ListItem","position":2,"name":"About"}]},{"@type":"WebSite","@id":"https:\/\/toolstecique.com\/#website","url":"https:\/\/toolstecique.com\/","name":"Herramientas T\u00e9cnicas","description":"","publisher":{"@id":"https:\/\/toolstecique.com\/#organization"},"potentialAction":[{"@type":"SearchAction","target":{"@type":"EntryPoint","urlTemplate":"https:\/\/toolstecique.com\/?s={search_term_string}"},"query-input":{"@type":"PropertyValueSpecification","valueRequired":true,"valueName":"search_term_string"}}],"inLanguage":"es"},{"@type":"Organization","@id":"https:\/\/toolstecique.com\/#organization","name":"Herramientas T\u00e9cnicas","url":"https:\/\/toolstecique.com\/","logo":{"@type":"ImageObject","inLanguage":"es","@id":"https:\/\/toolstecique.com\/#\/schema\/logo\/image\/","url":"https:\/\/toolstecique.com\/wp-content\/uploads\/2025\/02\/green-profile.png","contentUrl":"https:\/\/toolstecique.com\/wp-content\/uploads\/2025\/02\/green-profile.png","width":250,"height":250,"caption":"Tools Tecique"},"image":{"@id":"https:\/\/toolstecique.com\/#\/schema\/logo\/image\/"}}]}},"_links":{"self":[{"href":"https:\/\/toolstecique.com\/es\/wp-json\/wp\/v2\/pages\/213","targetHints":{"allow":["GET"]}}],"collection":[{"href":"https:\/\/toolstecique.com\/es\/wp-json\/wp\/v2\/pages"}],"about":[{"href":"https:\/\/toolstecique.com\/es\/wp-json\/wp\/v2\/types\/page"}],"author":[{"embeddable":true,"href":"https:\/\/toolstecique.com\/es\/wp-json\/wp\/v2\/users\/1"}],"replies":[{"embeddable":true,"href":"https:\/\/toolstecique.com\/es\/wp-json\/wp\/v2\/comments?post=213"}],"version-history":[{"count":0,"href":"https:\/\/toolstecique.com\/es\/wp-json\/wp\/v2\/pages\/213\/revisions"}],"wp:attachment":[{"href":"https:\/\/toolstecique.com\/es\/wp-json\/wp\/v2\/media?parent=213"}],"curies":[{"name":"wp","href":"https:\/\/api.w.org\/{rel}","templated":true}]}}