{"id":218,"date":"2024-11-29T12:24:01","date_gmt":"2024-11-29T12:24:01","guid":{"rendered":"https:\/\/toolstecique.com\/?page_id=218"},"modified":"2024-11-29T12:24:01","modified_gmt":"2024-11-29T12:24:01","slug":"cookie-policy","status":"publish","type":"page","link":"https:\/\/toolstecique.com\/es\/cookie-policy\/","title":{"rendered":"Pol\u00edtica de cookies"},"content":{"rendered":"<p>Este <strong>Pol\u00edtica de cookies<\/strong> explica c\u00f3mo <strong>Herramientas T\u00e9cnica<\/strong> (Nosotros, nuestro o nos) utilizamos cookies y tecnolog\u00edas similares para recopilar informaci\u00f3n cuando usted visita nuestro sitio web [<a href=\"http:\/\/www.toolstecnique.com\/\">www.toolstecnique.com<\/a>(Sitio). Al usar nuestro Sitio, usted acepta el uso de cookies tal como se describe en esta pol\u00edtica. Si no est\u00e1 de acuerdo con el uso de cookies, debe deshabilitarlas siguiendo las instrucciones de esta pol\u00edtica o abstenerse de usar el Sitio.<\/p>\n<hr \/>\n<h2><strong>\u00bfQu\u00e9 son las cookies?<\/strong><\/h2>\n<p>Las cookies son peque\u00f1os archivos de texto que se almacenan en tu dispositivo (como un ordenador, una tableta o un tel\u00e9fono inteligente) cuando visitas un sitio web. Estas cookies se utilizan para recopilar y almacenar informaci\u00f3n con el fin de mejorar tu experiencia de usuario, realizar un seguimiento de tu actividad en el sitio web y optimizar su funcionamiento.<\/p>\n<p>Las cookies pueden ser:<\/p>\n<ul>\n<li><strong>Cookies de origen<\/strong>: Estas son cookies establecidas por el sitio web que est\u00e1 visitando (en este caso, <strong>Herramientas T\u00e9cnica<\/strong>).<\/li>\n<li><strong>Cookies de terceros<\/strong>: Estas son cookies establecidas por servicios externos, como redes publicitarias o proveedores de an\u00e1lisis, que no est\u00e1n controlados directamente por el sitio web que est\u00e1 visitando.<\/li>\n<\/ul>\n<hr \/>\n<h2><strong>\u00bfPor qu\u00e9 utilizamos cookies?<\/strong><\/h2>\n<p>Utilizamos cookies en nuestro sitio web para los siguientes fines:<\/p>\n<ol>\n<li><strong>Para mejorar la funcionalidad del sitio<\/strong>Las cookies nos ayudan a garantizar que el sitio web funcione correctamente. Por ejemplo, nos permiten recordar tus preferencias o ayudarte a navegar entre p\u00e1ginas sin perder tu informaci\u00f3n.<\/li>\n<li><strong>Para mejorar la experiencia del usuario<\/strong>Las cookies se pueden utilizar para personalizar su experiencia recordando sus preferencias de idioma, estado de inicio de sesi\u00f3n u otras configuraciones personalizadas.<\/li>\n<li><strong>Para an\u00e1lisis y rendimiento<\/strong>Utilizamos cookies para recopilar datos sobre c\u00f3mo interact\u00faan los visitantes con nuestro sitio web, lo que nos ayuda a mejorar su rendimiento y contenido. Estas cookies nos permiten analizar patrones de uso, visitas a p\u00e1ginas y mucho m\u00e1s.<\/li>\n<li><strong>Para publicidad y marketing<\/strong>Las cookies nos ayudan a mostrarte anuncios relevantes y a medir la eficacia de nuestras campa\u00f1as publicitarias. Estas cookies pueden rastrear tu comportamiento de navegaci\u00f3n en diferentes sitios web para ofrecerte anuncios personalizados.<\/li>\n<\/ol>\n<hr \/>\n<h2><strong>Tipos de cookies que utilizamos<\/strong><\/h2>\n<p>Utilizamos varios tipos de cookies en nuestro sitio web:<\/p>\n<ul>\n<li><strong>Galletas esenciales<\/strong>Estas cookies son estrictamente necesarias para el funcionamiento del sitio web y no se pueden desactivar. Generalmente se activan en respuesta a acciones que usted realiza, como iniciar sesi\u00f3n o completar formularios.<\/li>\n<li><strong>Cookies de rendimiento\/an\u00e1lisis<\/strong>Estas cookies recopilan informaci\u00f3n sobre c\u00f3mo interact\u00faan los visitantes con nuestro sitio web, como por ejemplo, qu\u00e9 p\u00e1ginas visitan con m\u00e1s frecuencia o si reciben mensajes de error. Estas cookies nos ayudan a mejorar el funcionamiento de nuestro sitio.<\/li>\n<li><strong>Cookies de funcionalidad<\/strong>Estas cookies permiten que el sitio recuerde las opciones que usted elige (como sus preferencias de idioma o regi\u00f3n) y le brindan funciones mejoradas y m\u00e1s personalizadas.<\/li>\n<li><strong>Cookies de segmentaci\u00f3n\/publicidad<\/strong>Estas cookies se utilizan para mostrarte anuncios m\u00e1s relevantes seg\u00fan tus h\u00e1bitos de navegaci\u00f3n. Pueden rastrear tu actividad de navegaci\u00f3n en diferentes sitios web y, a menudo, las instalan redes publicitarias de terceros.<\/li>\n<\/ul>\n<hr \/>\n<h2><strong>Cookies de terceros<\/strong><\/h2>\n<p>Podemos permitir que proveedores de servicios externos coloquen cookies en nuestro sitio web para realizar servicios como analizar el uso del sitio y mostrar anuncios personalizados. Estos terceros pueden usar sus propias cookies y tecnolog\u00edas para recopilar informaci\u00f3n sobre su actividad en l\u00ednea, la cual puede usarse con fines de marketing o para mejorar sus servicios.<\/p>\n<p>Por ejemplo, utilizamos proveedores de an\u00e1lisis de terceros como <strong>Google Analytics<\/strong> para analizar el tr\u00e1fico del sitio web y el comportamiento del usuario. Google Analytics puede utilizar cookies para recopilar datos anonimizados, como las p\u00e1ginas que visita y el tiempo que pasa en cada una. Puede leer m\u00e1s sobre c\u00f3mo Google utiliza los datos en su <strong>pol\u00edtica de privacidad<\/strong>.<\/p>\n<hr \/>\n<h2><strong>C\u00f3mo controlar y gestionar las cookies<\/strong><\/h2>\n<p>Puedes gestionar tus preferencias de cookies de varias maneras:<\/p>\n<ol>\n<li><strong>Banner de consentimiento de cookies<\/strong>Cuando visites nuestro sitio web por primera vez, ver\u00e1s un banner de consentimiento de cookies que te permitir\u00e1 aceptar o gestionar tus preferencias de cookies. Puedes optar por aceptar todas las cookies, rechazar las cookies no esenciales o personalizar tu configuraci\u00f3n.<\/li>\n<li><strong>Configuraci\u00f3n del navegador<\/strong>La mayor\u00eda de los navegadores web permiten gestionar las cookies a trav\u00e9s de la configuraci\u00f3n del navegador. Puede configurar su navegador para aceptar o rechazar cookies, eliminar las cookies existentes y establecer preferencias sobre c\u00f3mo se deben gestionar las cookies. Para obtener m\u00e1s informaci\u00f3n sobre c\u00f3mo gestionar las cookies en su navegador, visite la <strong>Secci\u00f3n de ayuda<\/strong> de su navegador.\n<ul>\n<li><strong>Google Chrome<\/strong>: <a href=\"https:\/\/support.google.com\/chrome\/answer\/95647\">C\u00f3mo gestionar las cookies en Chrome<\/a><\/li>\n<li><strong>Mozilla Firefox<\/strong>: <a href=\"https:\/\/support.mozilla.org\/en-US\/kb\/enable-and-disable-cookies-website-preferences\">C\u00f3mo gestionar las cookies en Firefox<\/a><\/li>\n<li><strong>Safari<\/strong>: <a href=\"https:\/\/support.apple.com\/en-us\/HT201265\">C\u00f3mo gestionar las cookies en Safari<\/a><\/li>\n<li><strong>Microsoft Edge<\/strong>: <a href=\"https:\/\/support.microsoft.com\/en-us\/microsoft-edge\/privacy-and-services-in-microsoft-edge-2c2a2714-d085-42a3-9bc0-0b4e9c62ca7b\">C\u00f3mo gestionar las cookies en Edge<\/a><\/li>\n<\/ul>\n<\/li>\n<li><strong>Desactivar las cookies publicitarias<\/strong>Puedes optar por no recibir anuncios personalizados de anunciantes externos visitando los siguientes sitios web:\n<ul>\n<li><strong>Configuraci\u00f3n de anuncios de Google<\/strong>: <a href=\"https:\/\/adssettings.google.com\/\">https:\/\/adssettings.google.com<\/a><\/li>\n<li><strong>Iniciativa de Publicidad en Red (NAI)<\/strong>: <a href=\"https:\/\/optout.networkadvertising.org\/\">https:\/\/optout.networkadvertising.org\/<\/a><\/li>\n<li><strong>Alianza de Publicidad Digital (DAA)<\/strong>: <a href=\"https:\/\/www.aboutads.info\/choices\">https:\/\/www.aboutads.info\/choices<\/a><\/li>\n<\/ul>\n<\/li>\n<\/ol>\n<p>Tenga en cuenta que si desactiva las cookies, algunas funciones del sitio web podr\u00edan no funcionar correctamente y es posible que no pueda disfrutar de la experiencia completa.<\/p>\n<hr \/>\n<h3><strong>Cambios en esta Pol\u00edtica de cookies<\/strong><\/h3>\n<p>Es posible que actualicemos esta Pol\u00edtica de Cookies peri\u00f3dicamente para reflejar cambios en nuestras pr\u00e1cticas, tecnolog\u00eda o requisitos legales aplicables. Cuando realicemos actualizaciones, publicaremos la pol\u00edtica revisada en esta p\u00e1gina y actualizaremos la \u00abFecha de entrada en vigor\u00bb en la parte superior de la p\u00e1gina.<\/p>\n<hr \/>\n<h3><strong>Cont\u00e1ctanos<\/strong><\/h3>\n<p>Si tiene alguna pregunta sobre esta Pol\u00edtica de cookies o sobre nuestro uso de cookies, p\u00f3ngase en contacto con nosotros en:<\/p>\n<p><strong>Herramientas T\u00e9cnica<\/strong><br \/>\nCorreo electr\u00f3nico: [<a href=\"mailto:contact@toolstecnique.com\">contact@toolstecnique.com<\/a>]<br \/>\nSitio web: [<a href=\"http:\/\/www.toolstecnique.com\/\">www.toolstecnique.com<\/a>]<\/p>\n<hr \/>\n<p>Al continuar utilizando el <strong>Herramientas T\u00e9cnica<\/strong> Al utilizar este sitio web, usted acepta el uso de cookies tal como se describe en esta Pol\u00edtica de cookies.<\/p>\n<hr \/>\n<p>&nbsp;<\/p>","protected":false},"excerpt":{"rendered":"<p>This Cookie Policy explains how Tools Tecnique (&#8220;we,&#8221; &#8220;our,&#8221; or &#8220;us&#8221;) uses cookies and similar technologies to collect information when [&hellip;]<\/p>","protected":false},"author":1,"featured_media":0,"parent":0,"menu_order":0,"comment_status":"closed","ping_status":"closed","template":"","meta":{"site-sidebar-layout":"default","site-content-layout":"","ast-site-content-layout":"default","site-content-style":"default","site-sidebar-style":"default","ast-global-header-display":"","ast-banner-title-visibility":"","ast-main-header-display":"","ast-hfb-above-header-display":"","ast-hfb-below-header-display":"","ast-hfb-mobile-header-display":"","site-post-title":"","ast-breadcrumbs-content":"","ast-featured-img":"","footer-sml-layout":"","ast-disable-related-posts":"","theme-transparent-header-meta":"default","adv-header-id-meta":"","stick-header-meta":"","header-above-stick-meta":"","header-main-stick-meta":"","header-below-stick-meta":"","astra-migrate-meta-layouts":"set","ast-page-background-enabled":"default","ast-page-background-meta":{"desktop":{"background-color":"var(--ast-global-color-5)","background-image":"","background-repeat":"repeat","background-position":"center center","background-size":"auto","background-attachment":"scroll","background-type":"","background-media":"","overlay-type":"","overlay-color":"","overlay-opacity":"","overlay-gradient":""},"tablet":{"background-color":"","background-image":"","background-repeat":"repeat","background-position":"center center","background-size":"auto","background-attachment":"scroll","background-type":"","background-media":"","overlay-type":"","overlay-color":"","overlay-opacity":"","overlay-gradient":""},"mobile":{"background-color":"","background-image":"","background-repeat":"repeat","background-position":"center center","background-size":"auto","background-attachment":"scroll","background-type":"","background-media":"","overlay-type":"","overlay-color":"","overlay-opacity":"","overlay-gradient":""}},"ast-content-background-meta":{"desktop":{"background-color":"var(--ast-global-color-4)","background-image":"","background-repeat":"repeat","background-position":"center center","background-size":"auto","background-attachment":"scroll","background-type":"","background-media":"","overlay-type":"","overlay-color":"","overlay-opacity":"","overlay-gradient":""},"tablet":{"background-color":"var(--ast-global-color-4)","background-image":"","background-repeat":"repeat","background-position":"center center","background-size":"auto","background-attachment":"scroll","background-type":"","background-media":"","overlay-type":"","overlay-color":"","overlay-opacity":"","overlay-gradient":""},"mobile":{"background-color":"var(--ast-global-color-4)","background-image":"","background-repeat":"repeat","background-position":"center center","background-size":"auto","background-attachment":"scroll","background-type":"","background-media":"","overlay-type":"","overlay-color":"","overlay-opacity":"","overlay-gradient":""}},"footnotes":""},"class_list":["post-218","page","type-page","status-publish","hentry"],"yoast_head":"<!-- This site is optimized with the Yoast SEO Premium plugin v25.9 (Yoast SEO v27.5) - https:\/\/yoast.com\/product\/yoast-seo-premium-wordpress\/ -->\n<title>Cookie Policy - Tools Tecique<\/title>\n<meta name=\"robots\" content=\"index, follow, max-snippet:-1, max-image-preview:large, max-video-preview:-1\" \/>\n<link rel=\"canonical\" href=\"https:\/\/toolstecique.com\/es\/cookie-policy\/\" \/>\n<meta property=\"og:locale\" content=\"es_ES\" \/>\n<meta property=\"og:type\" content=\"article\" \/>\n<meta property=\"og:title\" content=\"Cookie Policy\" \/>\n<meta property=\"og:description\" content=\"This Cookie Policy explains how Tools Tecnique (&#8220;we,&#8221; &#8220;our,&#8221; or &#8220;us&#8221;) uses cookies and similar technologies to collect information when [&hellip;]\" \/>\n<meta property=\"og:url\" content=\"https:\/\/toolstecique.com\/es\/cookie-policy\/\" \/>\n<meta property=\"og:site_name\" content=\"Tools Tecique\" \/>\n<meta name=\"twitter:card\" content=\"summary_large_image\" \/>\n<meta name=\"twitter:label1\" content=\"Tiempo de lectura\" \/>\n\t<meta name=\"twitter:data1\" content=\"4 minutos\" \/>\n<script type=\"application\/ld+json\" class=\"yoast-schema-graph\">{\"@context\":\"https:\\\/\\\/schema.org\",\"@graph\":[{\"@type\":\"WebPage\",\"@id\":\"https:\\\/\\\/toolstecique.com\\\/cookie-policy\\\/\",\"url\":\"https:\\\/\\\/toolstecique.com\\\/cookie-policy\\\/\",\"name\":\"Cookie Policy - Tools Tecique\",\"isPartOf\":{\"@id\":\"https:\\\/\\\/toolstecique.com\\\/#website\"},\"datePublished\":\"2024-11-29T12:24:01+00:00\",\"breadcrumb\":{\"@id\":\"https:\\\/\\\/toolstecique.com\\\/cookie-policy\\\/#breadcrumb\"},\"inLanguage\":\"es\",\"potentialAction\":[{\"@type\":\"ReadAction\",\"target\":[\"https:\\\/\\\/toolstecique.com\\\/cookie-policy\\\/\"]}]},{\"@type\":\"BreadcrumbList\",\"@id\":\"https:\\\/\\\/toolstecique.com\\\/cookie-policy\\\/#breadcrumb\",\"itemListElement\":[{\"@type\":\"ListItem\",\"position\":1,\"name\":\"Home\",\"item\":\"https:\\\/\\\/toolstecique.com\\\/\"},{\"@type\":\"ListItem\",\"position\":2,\"name\":\"Cookie Policy\"}]},{\"@type\":\"WebSite\",\"@id\":\"https:\\\/\\\/toolstecique.com\\\/#website\",\"url\":\"https:\\\/\\\/toolstecique.com\\\/\",\"name\":\"Tools Tecique\",\"description\":\"\",\"publisher\":{\"@id\":\"https:\\\/\\\/toolstecique.com\\\/#organization\"},\"potentialAction\":[{\"@type\":\"SearchAction\",\"target\":{\"@type\":\"EntryPoint\",\"urlTemplate\":\"https:\\\/\\\/toolstecique.com\\\/?s={search_term_string}\"},\"query-input\":{\"@type\":\"PropertyValueSpecification\",\"valueRequired\":true,\"valueName\":\"search_term_string\"}}],\"inLanguage\":\"es\"},{\"@type\":\"Organization\",\"@id\":\"https:\\\/\\\/toolstecique.com\\\/#organization\",\"name\":\"Tools Tecique\",\"url\":\"https:\\\/\\\/toolstecique.com\\\/\",\"logo\":{\"@type\":\"ImageObject\",\"inLanguage\":\"es\",\"@id\":\"https:\\\/\\\/toolstecique.com\\\/#\\\/schema\\\/logo\\\/image\\\/\",\"url\":\"https:\\\/\\\/toolstecique.com\\\/wp-content\\\/uploads\\\/2025\\\/02\\\/green-profile.png\",\"contentUrl\":\"https:\\\/\\\/toolstecique.com\\\/wp-content\\\/uploads\\\/2025\\\/02\\\/green-profile.png\",\"width\":250,\"height\":250,\"caption\":\"Tools Tecique\"},\"image\":{\"@id\":\"https:\\\/\\\/toolstecique.com\\\/#\\\/schema\\\/logo\\\/image\\\/\"}}]}<\/script>\n<!-- \/ Yoast SEO Premium plugin. -->","yoast_head_json":{"title":"Pol\u00edtica de cookies - Herramientas t\u00e9cnicas","robots":{"index":"index","follow":"follow","max-snippet":"max-snippet:-1","max-image-preview":"max-image-preview:large","max-video-preview":"max-video-preview:-1"},"canonical":"https:\/\/toolstecique.com\/es\/cookie-policy\/","og_locale":"es_ES","og_type":"article","og_title":"Cookie Policy","og_description":"This Cookie Policy explains how Tools Tecnique (&#8220;we,&#8221; &#8220;our,&#8221; or &#8220;us&#8221;) uses cookies and similar technologies to collect information when [&hellip;]","og_url":"https:\/\/toolstecique.com\/es\/cookie-policy\/","og_site_name":"Tools Tecique","twitter_card":"summary_large_image","twitter_misc":{"Tiempo de lectura":"4 minutos"},"schema":{"@context":"https:\/\/schema.org","@graph":[{"@type":"WebPage","@id":"https:\/\/toolstecique.com\/cookie-policy\/","url":"https:\/\/toolstecique.com\/cookie-policy\/","name":"Pol\u00edtica de cookies - Herramientas t\u00e9cnicas","isPartOf":{"@id":"https:\/\/toolstecique.com\/#website"},"datePublished":"2024-11-29T12:24:01+00:00","breadcrumb":{"@id":"https:\/\/toolstecique.com\/cookie-policy\/#breadcrumb"},"inLanguage":"es","potentialAction":[{"@type":"ReadAction","target":["https:\/\/toolstecique.com\/cookie-policy\/"]}]},{"@type":"BreadcrumbList","@id":"https:\/\/toolstecique.com\/cookie-policy\/#breadcrumb","itemListElement":[{"@type":"ListItem","position":1,"name":"Home","item":"https:\/\/toolstecique.com\/"},{"@type":"ListItem","position":2,"name":"Cookie Policy"}]},{"@type":"WebSite","@id":"https:\/\/toolstecique.com\/#website","url":"https:\/\/toolstecique.com\/","name":"Herramientas T\u00e9cnicas","description":"","publisher":{"@id":"https:\/\/toolstecique.com\/#organization"},"potentialAction":[{"@type":"SearchAction","target":{"@type":"EntryPoint","urlTemplate":"https:\/\/toolstecique.com\/?s={search_term_string}"},"query-input":{"@type":"PropertyValueSpecification","valueRequired":true,"valueName":"search_term_string"}}],"inLanguage":"es"},{"@type":"Organization","@id":"https:\/\/toolstecique.com\/#organization","name":"Herramientas T\u00e9cnicas","url":"https:\/\/toolstecique.com\/","logo":{"@type":"ImageObject","inLanguage":"es","@id":"https:\/\/toolstecique.com\/#\/schema\/logo\/image\/","url":"https:\/\/toolstecique.com\/wp-content\/uploads\/2025\/02\/green-profile.png","contentUrl":"https:\/\/toolstecique.com\/wp-content\/uploads\/2025\/02\/green-profile.png","width":250,"height":250,"caption":"Tools Tecique"},"image":{"@id":"https:\/\/toolstecique.com\/#\/schema\/logo\/image\/"}}]}},"_links":{"self":[{"href":"https:\/\/toolstecique.com\/es\/wp-json\/wp\/v2\/pages\/218","targetHints":{"allow":["GET"]}}],"collection":[{"href":"https:\/\/toolstecique.com\/es\/wp-json\/wp\/v2\/pages"}],"about":[{"href":"https:\/\/toolstecique.com\/es\/wp-json\/wp\/v2\/types\/page"}],"author":[{"embeddable":true,"href":"https:\/\/toolstecique.com\/es\/wp-json\/wp\/v2\/users\/1"}],"replies":[{"embeddable":true,"href":"https:\/\/toolstecique.com\/es\/wp-json\/wp\/v2\/comments?post=218"}],"version-history":[{"count":0,"href":"https:\/\/toolstecique.com\/es\/wp-json\/wp\/v2\/pages\/218\/revisions"}],"wp:attachment":[{"href":"https:\/\/toolstecique.com\/es\/wp-json\/wp\/v2\/media?parent=218"}],"curies":[{"name":"wp","href":"https:\/\/api.w.org\/{rel}","templated":true}]}}