{"id":213,"date":"2024-11-29T12:16:46","date_gmt":"2024-11-29T12:16:46","guid":{"rendered":"https:\/\/toolstecique.com\/?page_id=213"},"modified":"2025-04-18T10:39:07","modified_gmt":"2025-04-18T10:39:07","slug":"about","status":"publish","type":"page","link":"https:\/\/toolstecique.com\/fr\/about\/","title":{"rendered":"\u00c0 propos"},"content":{"rendered":"<p><strong>Bienvenue sur Tools Tecique \u2013 Votre destination unique pour des t\u00e9l\u00e9chargements s\u00e9curis\u00e9s et sans virus<\/strong><\/p>\n<p>\u00c0 <strong>Outils techniques<\/strong>Notre mission est simple\u00a0: vous fournir les logiciels et utilitaires les plus s\u00fbrs et les plus fiables disponibles sur Internet. Que vous recherchiez des outils de productivit\u00e9, des utilitaires syst\u00e8me, des logiciels de s\u00e9curit\u00e9 ou des programmes de divertissement, nous proposons une vaste collection de t\u00e9l\u00e9chargements de haute qualit\u00e9, rigoureusement s\u00e9lectionn\u00e9s et totalement exempts de virus, de logiciels malveillants et autres menaces de s\u00e9curit\u00e9.<\/p>\n<h2><strong>Qui sommes-nous ?<\/strong><\/h2>\n<p><strong>Outils techniques<\/strong> Notre entreprise a \u00e9t\u00e9 fond\u00e9e avec la vision de cr\u00e9er une plateforme de confiance o\u00f9 les utilisateurs peuvent t\u00e9l\u00e9charger en toute s\u00e9r\u00e9nit\u00e9 les logiciels dont ils ont besoin, sans craindre d'infecter leurs syst\u00e8mes avec des virus ou des logiciels malveillants. Nous savons combien il est important d'avoir acc\u00e8s \u00e0 des outils fiables, s\u00e9curis\u00e9s et \u00e0 jour, que vous soyez un passionn\u00e9 de technologie, un professionnel ou simplement quelqu'un qui souhaite optimiser son ordinateur.<\/p>\n<p>Notre \u00e9quipe d'experts teste rigoureusement chaque logiciel propos\u00e9 sur notre site afin de garantir sa conformit\u00e9 aux normes de s\u00e9curit\u00e9 les plus strictes. Nous sommes convaincus que la s\u00e9curit\u00e9 ne doit jamais \u00eatre compromise lors du t\u00e9l\u00e9chargement de logiciels\u00a0; c'est pourquoi nous nous engageons \u00e0 vous offrir une exp\u00e9rience totalement s\u00e9curis\u00e9e et exempte de virus.<\/p>\n<h2><strong>Ce que nous proposons<\/strong><\/h2>\n<p>\u00c0 <strong>Outils techniques<\/strong>Vous y trouverez un large \u00e9ventail d'outils logiciels r\u00e9partis dans diff\u00e9rentes cat\u00e9gories, notamment\u00a0:<\/p>\n<ul>\n<li><strong>Utilitaires du syst\u00e8me<\/strong>Optimisez votre ordinateur, nettoyez les fichiers inutiles et am\u00e9liorez ses performances.<\/li>\n<li><strong>S\u00e9curit\u00e9 et antivirus<\/strong>Prot\u00e9gez votre ordinateur et vos donn\u00e9es personnelles avec des programmes antivirus et anti-malware de haute qualit\u00e9.<\/li>\n<li><strong>Multim\u00e9dia<\/strong>D\u00e9couvrez des outils pour retoucher vos photos, vid\u00e9os et musiques.<\/li>\n<li><strong>Productivit\u00e9<\/strong>T\u00e9l\u00e9chargez des suites bureautiques, des gestionnaires de t\u00e2ches et d'autres outils de productivit\u00e9 pour \u00eatre plus productif.<\/li>\n<li><strong>Outils de d\u00e9veloppement<\/strong>Trouvez des outils de programmation, des \u00e9diteurs de code et autres utilitaires pour d\u00e9veloppeurs.<\/li>\n<\/ul>\n<p>Tous les logiciels que nous proposons sont soigneusement examin\u00e9s et analys\u00e9s afin de garantir qu'ils sont exempts de virus, de logiciels espions ou de toute autre forme de logiciel malveillant.<\/p>\n<h2><strong>Notre engagement envers la s\u00e9curit\u00e9<\/strong><\/h2>\n<p>Nous comprenons que la s\u00e9curit\u00e9 de vos informations personnelles et de votre syst\u00e8me informatique est une priorit\u00e9 absolue. C'est pourquoi chez <strong>Outils techniques<\/strong>Nous mettons tout en \u0153uvre pour garantir que chaque fichier t\u00e9l\u00e9chargeable soit exempt de virus et s\u00e9curis\u00e9. Notre \u00e9quipe d\u00e9di\u00e9e effectue des contr\u00f4les de s\u00e9curit\u00e9 approfondis, incluant des analyses manuelles et des outils automatis\u00e9s, afin de d\u00e9tecter les risques potentiels avant la mise \u00e0 disposition du logiciel \u00e0 nos utilisateurs.<\/p>\n<p>Bien que nous fassions tout notre possible pour assurer la s\u00e9curit\u00e9 de nos t\u00e9l\u00e9chargements, nous encourageons toujours nos utilisateurs \u00e0 utiliser leur propre logiciel antivirus et \u00e0 prendre des pr\u00e9cautions lors du t\u00e9l\u00e9chargement et de l'installation de logiciels, quelle que soit leur provenance.<\/p>\n<h2><strong>Pourquoi nous choisir ?<\/strong><\/h2>\n<ul>\n<li><strong>T\u00e9l\u00e9chargements fiables et s\u00e9curis\u00e9s<\/strong>Chaque t\u00e9l\u00e9chargement est minutieusement v\u00e9rifi\u00e9 afin de d\u00e9tecter les virus, les logiciels malveillants et autres menaces de s\u00e9curit\u00e9 et de vous garantir ainsi les outils les plus performants et les plus s\u00fbrs.<\/li>\n<li><strong>Large s\u00e9lection<\/strong>Nous proposons une gamme diversifi\u00e9e de logiciels pour r\u00e9pondre \u00e0 tous vos besoins, de l'optimisation syst\u00e8me \u00e0 la productivit\u00e9 en passant par le divertissement.<\/li>\n<li><strong>Contenu \u00e0 jour<\/strong>Nous mettons r\u00e9guli\u00e8rement \u00e0 jour notre contenu, vous trouverez donc toujours la derni\u00e8re version des outils dont vous avez besoin.<\/li>\n<li><strong>Exp\u00e9rience conviviale<\/strong>Notre objectif est d'offrir \u00e0 tous nos utilisateurs une exp\u00e9rience simple et intuitive.<\/li>\n<li><strong>Acc\u00e8s gratuit<\/strong>Tous les logiciels disponibles sur notre site sont t\u00e9l\u00e9chargeables gratuitement, vous donnant acc\u00e8s \u00e0 des programmes de haute qualit\u00e9 sans aucun frais cach\u00e9.<\/li>\n<\/ul>\n<h2><strong>Nos valeurs<\/strong><\/h2>\n<p>\u00c0 <strong>Outils techniques<\/strong>, nous croyons en :<\/p>\n<ul>\n<li><strong>Int\u00e9grit\u00e9<\/strong>Nous nous engageons \u00e0 fournir des informations exactes et \u00e0 maintenir la transparence envers nos utilisateurs.<\/li>\n<li><strong>S\u00e9curit\u00e9<\/strong>Votre s\u00e9curit\u00e9 est notre priorit\u00e9 absolue. Nous veillons \u00e0 ce que tous les outils que nous proposons soient s\u00e9curis\u00e9s et exempts de tout code malveillant.<\/li>\n<li><strong>Qualit\u00e9<\/strong>Nous ne r\u00e9f\u00e9ren\u00e7ons que les logiciels qui r\u00e9pondent \u00e0 nos exigences \u00e9lev\u00e9es en mati\u00e8re de fiabilit\u00e9, de performance et de s\u00e9curit\u00e9.<\/li>\n<li><strong>L'orientation client<\/strong>Nous attachons une grande importance \u00e0 nos utilisateurs et nous nous effor\u00e7ons de leur fournir le meilleur service possible, notamment une assistance rapide et des mises \u00e0 jour r\u00e9guli\u00e8res de notre contenu.<\/li>\n<\/ul>\n<h2><strong>Notre vision<\/strong><\/h2>\n<p>Notre objectif est de devenir la r\u00e9f\u00e9rence pour tous ceux qui recherchent des logiciels s\u00e9curis\u00e9s, fiables et faciles d'utilisation. Face \u00e0 l'\u00e9volution constante du monde num\u00e9rique, nous nous effor\u00e7ons de fournir \u00e0 nos utilisateurs les outils n\u00e9cessaires pour naviguer avec aisance et confiance dans cet univers. En proposant une s\u00e9lection rigoureuse de logiciels de haute qualit\u00e9 et s\u00e9curis\u00e9s, nous contribuons \u00e0 garantir le fonctionnement optimal de vos appareils, \u00e0 l'abri des virus et des logiciels malveillants.<\/p>\n<h2><strong>Entrer en contact<\/strong><\/h2>\n<p>Si vous avez des questions, des suggestions ou des commentaires, n'h\u00e9sitez pas \u00e0 nous contacter ! <strong>Page de contact<\/strong> ou envoyez-nous un courriel \u00e0 [<a href=\"mailto:toolstecique@gmail.com\">toolstecique@gmail.com<\/a>].<\/p>\n<p>Merci d'avoir choisi <strong>Outils techniques<\/strong>\u2014Nous sommes l\u00e0 pour vous aider \u00e0 tirer le meilleur parti de votre exp\u00e9rience num\u00e9rique.<\/p>\n<hr \/>","protected":false},"excerpt":{"rendered":"<p>Welcome to Tools Tecique \u2013 Your One-Stop Destination for Secure and Virus-Free Downloads At Tools Tecique, our mission is simple: [&hellip;]<\/p>","protected":false},"author":1,"featured_media":0,"parent":0,"menu_order":0,"comment_status":"closed","ping_status":"closed","template":"","meta":{"site-sidebar-layout":"default","site-content-layout":"","ast-site-content-layout":"default","site-content-style":"default","site-sidebar-style":"default","ast-global-header-display":"","ast-banner-title-visibility":"","ast-main-header-display":"","ast-hfb-above-header-display":"","ast-hfb-below-header-display":"","ast-hfb-mobile-header-display":"","site-post-title":"","ast-breadcrumbs-content":"","ast-featured-img":"","footer-sml-layout":"","ast-disable-related-posts":"","theme-transparent-header-meta":"default","adv-header-id-meta":"","stick-header-meta":"","header-above-stick-meta":"","header-main-stick-meta":"","header-below-stick-meta":"","astra-migrate-meta-layouts":"set","ast-page-background-enabled":"default","ast-page-background-meta":{"desktop":{"background-color":"var(--ast-global-color-5)","background-image":"","background-repeat":"repeat","background-position":"center center","background-size":"auto","background-attachment":"scroll","background-type":"","background-media":"","overlay-type":"","overlay-color":"","overlay-opacity":"","overlay-gradient":""},"tablet":{"background-color":"","background-image":"","background-repeat":"repeat","background-position":"center center","background-size":"auto","background-attachment":"scroll","background-type":"","background-media":"","overlay-type":"","overlay-color":"","overlay-opacity":"","overlay-gradient":""},"mobile":{"background-color":"","background-image":"","background-repeat":"repeat","background-position":"center center","background-size":"auto","background-attachment":"scroll","background-type":"","background-media":"","overlay-type":"","overlay-color":"","overlay-opacity":"","overlay-gradient":""}},"ast-content-background-meta":{"desktop":{"background-color":"var(--ast-global-color-4)","background-image":"","background-repeat":"repeat","background-position":"center center","background-size":"auto","background-attachment":"scroll","background-type":"","background-media":"","overlay-type":"","overlay-color":"","overlay-opacity":"","overlay-gradient":""},"tablet":{"background-color":"var(--ast-global-color-4)","background-image":"","background-repeat":"repeat","background-position":"center center","background-size":"auto","background-attachment":"scroll","background-type":"","background-media":"","overlay-type":"","overlay-color":"","overlay-opacity":"","overlay-gradient":""},"mobile":{"background-color":"var(--ast-global-color-4)","background-image":"","background-repeat":"repeat","background-position":"center center","background-size":"auto","background-attachment":"scroll","background-type":"","background-media":"","overlay-type":"","overlay-color":"","overlay-opacity":"","overlay-gradient":""}},"footnotes":""},"class_list":["post-213","page","type-page","status-publish","hentry"],"yoast_head":"<!-- This site is optimized with the Yoast SEO Premium plugin v25.9 (Yoast SEO v27.4) - https:\/\/yoast.com\/product\/yoast-seo-premium-wordpress\/ -->\n<title>About - Tools Tecique<\/title>\n<meta name=\"robots\" content=\"index, follow, max-snippet:-1, max-image-preview:large, max-video-preview:-1\" \/>\n<link rel=\"canonical\" href=\"https:\/\/toolstecique.com\/fr\/about\/\" \/>\n<meta property=\"og:locale\" content=\"fr_FR\" \/>\n<meta property=\"og:type\" content=\"article\" \/>\n<meta property=\"og:title\" content=\"About\" \/>\n<meta property=\"og:description\" content=\"Welcome to Tools Tecique \u2013 Your One-Stop Destination for Secure and Virus-Free Downloads At Tools Tecique, our mission is simple: [&hellip;]\" \/>\n<meta property=\"og:url\" content=\"https:\/\/toolstecique.com\/fr\/about\/\" \/>\n<meta property=\"og:site_name\" content=\"Tools Tecique\" \/>\n<meta property=\"article:modified_time\" content=\"2025-04-18T10:39:07+00:00\" \/>\n<meta name=\"twitter:card\" content=\"summary_large_image\" \/>\n<meta name=\"twitter:label1\" content=\"Dur\u00e9e de lecture estim\u00e9e\" \/>\n\t<meta name=\"twitter:data1\" content=\"4 minutes\" \/>\n<script type=\"application\/ld+json\" class=\"yoast-schema-graph\">{\"@context\":\"https:\\\/\\\/schema.org\",\"@graph\":[{\"@type\":\"WebPage\",\"@id\":\"https:\\\/\\\/toolstecique.com\\\/about\\\/\",\"url\":\"https:\\\/\\\/toolstecique.com\\\/about\\\/\",\"name\":\"About - Tools Tecique\",\"isPartOf\":{\"@id\":\"https:\\\/\\\/toolstecique.com\\\/#website\"},\"datePublished\":\"2024-11-29T12:16:46+00:00\",\"dateModified\":\"2025-04-18T10:39:07+00:00\",\"breadcrumb\":{\"@id\":\"https:\\\/\\\/toolstecique.com\\\/about\\\/#breadcrumb\"},\"inLanguage\":\"fr-FR\",\"potentialAction\":[{\"@type\":\"ReadAction\",\"target\":[\"https:\\\/\\\/toolstecique.com\\\/about\\\/\"]}]},{\"@type\":\"BreadcrumbList\",\"@id\":\"https:\\\/\\\/toolstecique.com\\\/about\\\/#breadcrumb\",\"itemListElement\":[{\"@type\":\"ListItem\",\"position\":1,\"name\":\"Home\",\"item\":\"https:\\\/\\\/toolstecique.com\\\/\"},{\"@type\":\"ListItem\",\"position\":2,\"name\":\"About\"}]},{\"@type\":\"WebSite\",\"@id\":\"https:\\\/\\\/toolstecique.com\\\/#website\",\"url\":\"https:\\\/\\\/toolstecique.com\\\/\",\"name\":\"Tools Tecique\",\"description\":\"\",\"publisher\":{\"@id\":\"https:\\\/\\\/toolstecique.com\\\/#organization\"},\"potentialAction\":[{\"@type\":\"SearchAction\",\"target\":{\"@type\":\"EntryPoint\",\"urlTemplate\":\"https:\\\/\\\/toolstecique.com\\\/?s={search_term_string}\"},\"query-input\":{\"@type\":\"PropertyValueSpecification\",\"valueRequired\":true,\"valueName\":\"search_term_string\"}}],\"inLanguage\":\"fr-FR\"},{\"@type\":\"Organization\",\"@id\":\"https:\\\/\\\/toolstecique.com\\\/#organization\",\"name\":\"Tools Tecique\",\"url\":\"https:\\\/\\\/toolstecique.com\\\/\",\"logo\":{\"@type\":\"ImageObject\",\"inLanguage\":\"fr-FR\",\"@id\":\"https:\\\/\\\/toolstecique.com\\\/#\\\/schema\\\/logo\\\/image\\\/\",\"url\":\"https:\\\/\\\/toolstecique.com\\\/wp-content\\\/uploads\\\/2025\\\/02\\\/green-profile.png\",\"contentUrl\":\"https:\\\/\\\/toolstecique.com\\\/wp-content\\\/uploads\\\/2025\\\/02\\\/green-profile.png\",\"width\":250,\"height\":250,\"caption\":\"Tools Tecique\"},\"image\":{\"@id\":\"https:\\\/\\\/toolstecique.com\\\/#\\\/schema\\\/logo\\\/image\\\/\"}}]}<\/script>\n<!-- \/ Yoast SEO Premium plugin. -->","yoast_head_json":{"title":"\u00c0 propos - Outils techniques","robots":{"index":"index","follow":"follow","max-snippet":"max-snippet:-1","max-image-preview":"max-image-preview:large","max-video-preview":"max-video-preview:-1"},"canonical":"https:\/\/toolstecique.com\/fr\/about\/","og_locale":"fr_FR","og_type":"article","og_title":"About","og_description":"Welcome to Tools Tecique \u2013 Your One-Stop Destination for Secure and Virus-Free Downloads At Tools Tecique, our mission is simple: [&hellip;]","og_url":"https:\/\/toolstecique.com\/fr\/about\/","og_site_name":"Tools Tecique","article_modified_time":"2025-04-18T10:39:07+00:00","twitter_card":"summary_large_image","twitter_misc":{"Dur\u00e9e de lecture estim\u00e9e":"4 minutes"},"schema":{"@context":"https:\/\/schema.org","@graph":[{"@type":"WebPage","@id":"https:\/\/toolstecique.com\/about\/","url":"https:\/\/toolstecique.com\/about\/","name":"\u00c0 propos - Outils techniques","isPartOf":{"@id":"https:\/\/toolstecique.com\/#website"},"datePublished":"2024-11-29T12:16:46+00:00","dateModified":"2025-04-18T10:39:07+00:00","breadcrumb":{"@id":"https:\/\/toolstecique.com\/about\/#breadcrumb"},"inLanguage":"fr-FR","potentialAction":[{"@type":"ReadAction","target":["https:\/\/toolstecique.com\/about\/"]}]},{"@type":"BreadcrumbList","@id":"https:\/\/toolstecique.com\/about\/#breadcrumb","itemListElement":[{"@type":"ListItem","position":1,"name":"Home","item":"https:\/\/toolstecique.com\/"},{"@type":"ListItem","position":2,"name":"About"}]},{"@type":"WebSite","@id":"https:\/\/toolstecique.com\/#website","url":"https:\/\/toolstecique.com\/","name":"Outils techniques","description":"","publisher":{"@id":"https:\/\/toolstecique.com\/#organization"},"potentialAction":[{"@type":"SearchAction","target":{"@type":"EntryPoint","urlTemplate":"https:\/\/toolstecique.com\/?s={search_term_string}"},"query-input":{"@type":"PropertyValueSpecification","valueRequired":true,"valueName":"search_term_string"}}],"inLanguage":"fr-FR"},{"@type":"Organization","@id":"https:\/\/toolstecique.com\/#organization","name":"Outils techniques","url":"https:\/\/toolstecique.com\/","logo":{"@type":"ImageObject","inLanguage":"fr-FR","@id":"https:\/\/toolstecique.com\/#\/schema\/logo\/image\/","url":"https:\/\/toolstecique.com\/wp-content\/uploads\/2025\/02\/green-profile.png","contentUrl":"https:\/\/toolstecique.com\/wp-content\/uploads\/2025\/02\/green-profile.png","width":250,"height":250,"caption":"Tools Tecique"},"image":{"@id":"https:\/\/toolstecique.com\/#\/schema\/logo\/image\/"}}]}},"_links":{"self":[{"href":"https:\/\/toolstecique.com\/fr\/wp-json\/wp\/v2\/pages\/213","targetHints":{"allow":["GET"]}}],"collection":[{"href":"https:\/\/toolstecique.com\/fr\/wp-json\/wp\/v2\/pages"}],"about":[{"href":"https:\/\/toolstecique.com\/fr\/wp-json\/wp\/v2\/types\/page"}],"author":[{"embeddable":true,"href":"https:\/\/toolstecique.com\/fr\/wp-json\/wp\/v2\/users\/1"}],"replies":[{"embeddable":true,"href":"https:\/\/toolstecique.com\/fr\/wp-json\/wp\/v2\/comments?post=213"}],"version-history":[{"count":0,"href":"https:\/\/toolstecique.com\/fr\/wp-json\/wp\/v2\/pages\/213\/revisions"}],"wp:attachment":[{"href":"https:\/\/toolstecique.com\/fr\/wp-json\/wp\/v2\/media?parent=213"}],"curies":[{"name":"wp","href":"https:\/\/api.w.org\/{rel}","templated":true}]}}