{"id":215,"date":"2024-11-29T12:20:18","date_gmt":"2024-11-29T12:20:18","guid":{"rendered":"https:\/\/toolstecique.com\/?page_id=215"},"modified":"2026-02-18T08:45:17","modified_gmt":"2026-02-18T08:45:17","slug":"contact","status":"publish","type":"page","link":"https:\/\/toolstecique.com\/fr\/contact\/","title":{"rendered":"Contact"},"content":{"rendered":"<p>Merci de votre visite <strong>Outils techniques<\/strong> \u2013 Votre source de confiance pour des t\u00e9l\u00e9chargements de logiciels s\u00e9curis\u00e9s et sans virus !<\/p>\n<p>Nous sommes l\u00e0 pour vous aider ! Que vous ayez une question, une suggestion ou besoin d'assistance, n'h\u00e9sitez pas \u00e0 nous contacter. Notre \u00e9quipe s'engage \u00e0 vous offrir la meilleure exp\u00e9rience possible et nous serons ravis de r\u00e9pondre \u00e0 toutes vos questions.<\/p>\n<h2><strong>Comment nous contacter<\/strong><\/h2>\n<p>Vous pouvez nous contacter par l'une des m\u00e9thodes suivantes\u00a0:<\/p>\n<h3><strong>Assistance par courriel<\/strong><\/h3>\n<p>Pour toute question d'ordre g\u00e9n\u00e9ral, assistance technique ou commentaire, veuillez nous contacter par courriel \u00e0 l'adresse suivante\u00a0:<\/p>\n<p><strong>E-mail<\/strong>:<strong> <a href=\"mailto:support@toolstecique.com\">support@toolstecique.com<\/a><\/strong><\/p>\n<p><strong>WhatsApp : <a href=\"https:\/\/wa.me\/447412801696\">+447412801696<\/a><\/strong><\/p>\n<p>Nous r\u00e9pondons g\u00e9n\u00e9ralement \u00e0 tous les courriels sous 24 heures ouvrables. Veuillez fournir un maximum de d\u00e9tails afin de nous permettre de vous aider plus efficacement.<\/p>\n<hr \/>\n<h2><strong>Pourquoi nous contacter ?<\/strong><\/h2>\n<p>Nous accordons une grande importance \u00e0 vos commentaires et nous nous engageons \u00e0 vous fournir le meilleur service possible. Voici quelques raisons pour lesquelles vous pourriez souhaiter nous contacter\u00a0:<\/p>\n<ul>\n<li><strong>Assistance technique<\/strong>Si vous rencontrez des probl\u00e8mes avec le logiciel que vous avez t\u00e9l\u00e9charg\u00e9, si vous avez besoin d'aide pour l'installation ou si vous rencontrez des bugs ou des erreurs, nous sommes l\u00e0 pour vous aider.<\/li>\n<li><strong>Questions g\u00e9n\u00e9rales<\/strong>Vous avez des questions concernant notre site web, nos politiques ou les services que nous proposons\u00a0? Nous serons ravis de vous renseigner.<\/li>\n<li><strong>Suggestions ou commentaires<\/strong>Nous cherchons constamment \u00e0 nous am\u00e9liorer. Si vous avez des suggestions pour optimiser notre site ou nos offres, n'h\u00e9sitez pas \u00e0 nous en faire part\u00a0!<\/li>\n<li><strong>Partenariats et collaborations<\/strong>Si vous souhaitez travailler avec nous ou si vous avez une proposition commerciale, n'h\u00e9sitez pas \u00e0 nous contacter.<\/li>\n<\/ul>\n<hr \/>\n<h3><strong>Notre engagement envers vous<\/strong><\/h3>\n<p>Nous nous effor\u00e7ons de r\u00e9pondre \u00e0 toutes les demandes dans les meilleurs d\u00e9lais. Veuillez noter que les d\u00e9lais de r\u00e9ponse peuvent varier en fonction du volume de demandes re\u00e7ues. Nous vous remercions de votre patience et nous nous engageons \u00e0 traiter vos pr\u00e9occupations de mani\u00e8re approfondie.<\/p>\n<hr \/>\n<p><strong>Merci de faire partie de la communaut\u00e9 Tools Tecique !<\/strong> Nous esp\u00e9rons avoir de vos nouvelles prochainement.<\/p>","protected":false},"excerpt":{"rendered":"<p>Thank you for visiting Tools Tecique \u2013 your trusted source for secure and virus-free software downloads! We\u2019re here to help! [&hellip;]<\/p>","protected":false},"author":1,"featured_media":0,"parent":0,"menu_order":0,"comment_status":"closed","ping_status":"closed","template":"","meta":{"site-sidebar-layout":"default","site-content-layout":"","ast-site-content-layout":"default","site-content-style":"default","site-sidebar-style":"default","ast-global-header-display":"","ast-banner-title-visibility":"","ast-main-header-display":"","ast-hfb-above-header-display":"","ast-hfb-below-header-display":"","ast-hfb-mobile-header-display":"","site-post-title":"","ast-breadcrumbs-content":"","ast-featured-img":"","footer-sml-layout":"","ast-disable-related-posts":"","theme-transparent-header-meta":"default","adv-header-id-meta":"","stick-header-meta":"","header-above-stick-meta":"","header-main-stick-meta":"","header-below-stick-meta":"","astra-migrate-meta-layouts":"set","ast-page-background-enabled":"default","ast-page-background-meta":{"desktop":{"background-color":"var(--ast-global-color-5)","background-image":"","background-repeat":"repeat","background-position":"center center","background-size":"auto","background-attachment":"scroll","background-type":"","background-media":"","overlay-type":"","overlay-color":"","overlay-opacity":"","overlay-gradient":""},"tablet":{"background-color":"","background-image":"","background-repeat":"repeat","background-position":"center center","background-size":"auto","background-attachment":"scroll","background-type":"","background-media":"","overlay-type":"","overlay-color":"","overlay-opacity":"","overlay-gradient":""},"mobile":{"background-color":"","background-image":"","background-repeat":"repeat","background-position":"center center","background-size":"auto","background-attachment":"scroll","background-type":"","background-media":"","overlay-type":"","overlay-color":"","overlay-opacity":"","overlay-gradient":""}},"ast-content-background-meta":{"desktop":{"background-color":"var(--ast-global-color-4)","background-image":"","background-repeat":"repeat","background-position":"center center","background-size":"auto","background-attachment":"scroll","background-type":"","background-media":"","overlay-type":"","overlay-color":"","overlay-opacity":"","overlay-gradient":""},"tablet":{"background-color":"var(--ast-global-color-4)","background-image":"","background-repeat":"repeat","background-position":"center center","background-size":"auto","background-attachment":"scroll","background-type":"","background-media":"","overlay-type":"","overlay-color":"","overlay-opacity":"","overlay-gradient":""},"mobile":{"background-color":"var(--ast-global-color-4)","background-image":"","background-repeat":"repeat","background-position":"center center","background-size":"auto","background-attachment":"scroll","background-type":"","background-media":"","overlay-type":"","overlay-color":"","overlay-opacity":"","overlay-gradient":""}},"footnotes":""},"class_list":["post-215","page","type-page","status-publish","hentry"],"yoast_head":"<!-- This site is optimized with the Yoast SEO Premium plugin v25.9 (Yoast SEO v27.4) - https:\/\/yoast.com\/product\/yoast-seo-premium-wordpress\/ -->\n<title>Contact - Tools Tecique<\/title>\n<meta name=\"robots\" content=\"index, follow, max-snippet:-1, max-image-preview:large, max-video-preview:-1\" \/>\n<link rel=\"canonical\" href=\"https:\/\/toolstecique.com\/fr\/contact\/\" \/>\n<meta property=\"og:locale\" content=\"fr_FR\" \/>\n<meta property=\"og:type\" content=\"article\" \/>\n<meta property=\"og:title\" content=\"Contact\" \/>\n<meta property=\"og:description\" content=\"Thank you for visiting Tools Tecique \u2013 your trusted source for secure and virus-free software downloads! We\u2019re here to help! [&hellip;]\" \/>\n<meta property=\"og:url\" content=\"https:\/\/toolstecique.com\/fr\/contact\/\" \/>\n<meta property=\"og:site_name\" content=\"Tools Tecique\" \/>\n<meta property=\"article:modified_time\" content=\"2026-02-18T08:45:17+00:00\" \/>\n<meta name=\"twitter:card\" content=\"summary_large_image\" \/>\n<meta name=\"twitter:label1\" content=\"Dur\u00e9e de lecture estim\u00e9e\" \/>\n\t<meta name=\"twitter:data1\" content=\"2 minutes\" \/>\n<script type=\"application\/ld+json\" class=\"yoast-schema-graph\">{\"@context\":\"https:\\\/\\\/schema.org\",\"@graph\":[{\"@type\":\"WebPage\",\"@id\":\"https:\\\/\\\/toolstecique.com\\\/contact\\\/\",\"url\":\"https:\\\/\\\/toolstecique.com\\\/contact\\\/\",\"name\":\"Contact - Tools Tecique\",\"isPartOf\":{\"@id\":\"https:\\\/\\\/toolstecique.com\\\/#website\"},\"datePublished\":\"2024-11-29T12:20:18+00:00\",\"dateModified\":\"2026-02-18T08:45:17+00:00\",\"breadcrumb\":{\"@id\":\"https:\\\/\\\/toolstecique.com\\\/contact\\\/#breadcrumb\"},\"inLanguage\":\"fr-FR\",\"potentialAction\":[{\"@type\":\"ReadAction\",\"target\":[\"https:\\\/\\\/toolstecique.com\\\/contact\\\/\"]}]},{\"@type\":\"BreadcrumbList\",\"@id\":\"https:\\\/\\\/toolstecique.com\\\/contact\\\/#breadcrumb\",\"itemListElement\":[{\"@type\":\"ListItem\",\"position\":1,\"name\":\"Home\",\"item\":\"https:\\\/\\\/toolstecique.com\\\/\"},{\"@type\":\"ListItem\",\"position\":2,\"name\":\"Contact\"}]},{\"@type\":\"WebSite\",\"@id\":\"https:\\\/\\\/toolstecique.com\\\/#website\",\"url\":\"https:\\\/\\\/toolstecique.com\\\/\",\"name\":\"Tools Tecique\",\"description\":\"\",\"publisher\":{\"@id\":\"https:\\\/\\\/toolstecique.com\\\/#organization\"},\"potentialAction\":[{\"@type\":\"SearchAction\",\"target\":{\"@type\":\"EntryPoint\",\"urlTemplate\":\"https:\\\/\\\/toolstecique.com\\\/?s={search_term_string}\"},\"query-input\":{\"@type\":\"PropertyValueSpecification\",\"valueRequired\":true,\"valueName\":\"search_term_string\"}}],\"inLanguage\":\"fr-FR\"},{\"@type\":\"Organization\",\"@id\":\"https:\\\/\\\/toolstecique.com\\\/#organization\",\"name\":\"Tools Tecique\",\"url\":\"https:\\\/\\\/toolstecique.com\\\/\",\"logo\":{\"@type\":\"ImageObject\",\"inLanguage\":\"fr-FR\",\"@id\":\"https:\\\/\\\/toolstecique.com\\\/#\\\/schema\\\/logo\\\/image\\\/\",\"url\":\"https:\\\/\\\/toolstecique.com\\\/wp-content\\\/uploads\\\/2025\\\/02\\\/green-profile.png\",\"contentUrl\":\"https:\\\/\\\/toolstecique.com\\\/wp-content\\\/uploads\\\/2025\\\/02\\\/green-profile.png\",\"width\":250,\"height\":250,\"caption\":\"Tools Tecique\"},\"image\":{\"@id\":\"https:\\\/\\\/toolstecique.com\\\/#\\\/schema\\\/logo\\\/image\\\/\"}}]}<\/script>\n<!-- \/ Yoast SEO Premium plugin. -->","yoast_head_json":{"title":"Contact - Outils techniques","robots":{"index":"index","follow":"follow","max-snippet":"max-snippet:-1","max-image-preview":"max-image-preview:large","max-video-preview":"max-video-preview:-1"},"canonical":"https:\/\/toolstecique.com\/fr\/contact\/","og_locale":"fr_FR","og_type":"article","og_title":"Contact","og_description":"Thank you for visiting Tools Tecique \u2013 your trusted source for secure and virus-free software downloads! We\u2019re here to help! [&hellip;]","og_url":"https:\/\/toolstecique.com\/fr\/contact\/","og_site_name":"Tools Tecique","article_modified_time":"2026-02-18T08:45:17+00:00","twitter_card":"summary_large_image","twitter_misc":{"Dur\u00e9e de lecture estim\u00e9e":"2 minutes"},"schema":{"@context":"https:\/\/schema.org","@graph":[{"@type":"WebPage","@id":"https:\/\/toolstecique.com\/contact\/","url":"https:\/\/toolstecique.com\/contact\/","name":"Contact - Outils techniques","isPartOf":{"@id":"https:\/\/toolstecique.com\/#website"},"datePublished":"2024-11-29T12:20:18+00:00","dateModified":"2026-02-18T08:45:17+00:00","breadcrumb":{"@id":"https:\/\/toolstecique.com\/contact\/#breadcrumb"},"inLanguage":"fr-FR","potentialAction":[{"@type":"ReadAction","target":["https:\/\/toolstecique.com\/contact\/"]}]},{"@type":"BreadcrumbList","@id":"https:\/\/toolstecique.com\/contact\/#breadcrumb","itemListElement":[{"@type":"ListItem","position":1,"name":"Home","item":"https:\/\/toolstecique.com\/"},{"@type":"ListItem","position":2,"name":"Contact"}]},{"@type":"WebSite","@id":"https:\/\/toolstecique.com\/#website","url":"https:\/\/toolstecique.com\/","name":"Outils techniques","description":"","publisher":{"@id":"https:\/\/toolstecique.com\/#organization"},"potentialAction":[{"@type":"SearchAction","target":{"@type":"EntryPoint","urlTemplate":"https:\/\/toolstecique.com\/?s={search_term_string}"},"query-input":{"@type":"PropertyValueSpecification","valueRequired":true,"valueName":"search_term_string"}}],"inLanguage":"fr-FR"},{"@type":"Organization","@id":"https:\/\/toolstecique.com\/#organization","name":"Outils techniques","url":"https:\/\/toolstecique.com\/","logo":{"@type":"ImageObject","inLanguage":"fr-FR","@id":"https:\/\/toolstecique.com\/#\/schema\/logo\/image\/","url":"https:\/\/toolstecique.com\/wp-content\/uploads\/2025\/02\/green-profile.png","contentUrl":"https:\/\/toolstecique.com\/wp-content\/uploads\/2025\/02\/green-profile.png","width":250,"height":250,"caption":"Tools Tecique"},"image":{"@id":"https:\/\/toolstecique.com\/#\/schema\/logo\/image\/"}}]}},"_links":{"self":[{"href":"https:\/\/toolstecique.com\/fr\/wp-json\/wp\/v2\/pages\/215","targetHints":{"allow":["GET"]}}],"collection":[{"href":"https:\/\/toolstecique.com\/fr\/wp-json\/wp\/v2\/pages"}],"about":[{"href":"https:\/\/toolstecique.com\/fr\/wp-json\/wp\/v2\/types\/page"}],"author":[{"embeddable":true,"href":"https:\/\/toolstecique.com\/fr\/wp-json\/wp\/v2\/users\/1"}],"replies":[{"embeddable":true,"href":"https:\/\/toolstecique.com\/fr\/wp-json\/wp\/v2\/comments?post=215"}],"version-history":[{"count":2,"href":"https:\/\/toolstecique.com\/fr\/wp-json\/wp\/v2\/pages\/215\/revisions"}],"predecessor-version":[{"id":2597,"href":"https:\/\/toolstecique.com\/fr\/wp-json\/wp\/v2\/pages\/215\/revisions\/2597"}],"wp:attachment":[{"href":"https:\/\/toolstecique.com\/fr\/wp-json\/wp\/v2\/media?parent=215"}],"curies":[{"name":"wp","href":"https:\/\/api.w.org\/{rel}","templated":true}]}}