{"id":218,"date":"2024-11-29T12:24:01","date_gmt":"2024-11-29T12:24:01","guid":{"rendered":"https:\/\/toolstecique.com\/?page_id=218"},"modified":"2024-11-29T12:24:01","modified_gmt":"2024-11-29T12:24:01","slug":"cookie-policy","status":"publish","type":"page","link":"https:\/\/toolstecique.com\/fr\/cookie-policy\/","title":{"rendered":"Politique relative aux cookies"},"content":{"rendered":"<p>Ce <strong>Politique relative aux cookies<\/strong> explique comment <strong>Outils techniques<\/strong> (\u00ab nous \u00bb, \u00ab notre \u00bb, \u00ab nos \u00bb) utilise des cookies et des technologies similaires pour collecter des informations lorsque vous visitez notre site web [<a href=\"http:\/\/www.toolstecnique.com\/\">www.toolstecnique.com<\/a>En utilisant notre Site, vous consentez \u00e0 l'utilisation de cookies conform\u00e9ment \u00e0 la pr\u00e9sente politique. Si vous n'acceptez pas l'utilisation de cookies, vous pouvez les d\u00e9sactiver en suivant les instructions de cette politique ou vous abstenir d'utiliser le Site.<\/p>\n<hr \/>\n<h2><strong>Que sont les cookies ?<\/strong><\/h2>\n<p>Les cookies sont de petits fichiers texte plac\u00e9s sur votre appareil (ordinateur, tablette ou smartphone) lorsque vous consultez un site web. Ces cookies servent \u00e0 collecter et stocker des informations afin d'am\u00e9liorer votre exp\u00e9rience utilisateur, de suivre votre activit\u00e9 sur le site et d'optimiser son fonctionnement.<\/p>\n<p>Les cookies peuvent \u00eatre soit\u00a0:<\/p>\n<ul>\n<li><strong>Cookies internes<\/strong>: Ce sont des cookies d\u00e9pos\u00e9s par le site web que vous visitez (dans ce cas, <strong>Outils techniques<\/strong>).<\/li>\n<li><strong>Cookies tiers<\/strong>: Il s'agit de cookies d\u00e9pos\u00e9s par des services externes, tels que des r\u00e9seaux publicitaires ou des fournisseurs d'analyse, qui ne sont pas directement contr\u00f4l\u00e9s par le site web que vous visitez.<\/li>\n<\/ul>\n<hr \/>\n<h2><strong>Pourquoi utilisons-nous des cookies\u00a0?<\/strong><\/h2>\n<p>Nous utilisons des cookies sur notre Site aux fins suivantes\u00a0:<\/p>\n<ol>\n<li><strong>Pour am\u00e9liorer les fonctionnalit\u00e9s du site<\/strong>Les cookies nous permettent de garantir le bon fonctionnement du site. Par exemple, ils nous permettent de m\u00e9moriser vos pr\u00e9f\u00e9rences ou de faciliter votre navigation entre les pages sans perte de donn\u00e9es.<\/li>\n<li><strong>Pour am\u00e9liorer l'exp\u00e9rience utilisateur<\/strong>Les cookies peuvent \u00eatre utilis\u00e9s pour personnaliser votre exp\u00e9rience en m\u00e9morisant vos pr\u00e9f\u00e9rences linguistiques, votre statut de connexion ou d'autres param\u00e8tres personnalis\u00e9s.<\/li>\n<li><strong>Pour l'analyse et la performance<\/strong>Nous utilisons des cookies pour recueillir des donn\u00e9es sur la fa\u00e7on dont les visiteurs interagissent avec notre site, ce qui nous aide \u00e0 am\u00e9liorer ses performances et son contenu. Ces cookies nous permettent d'analyser les habitudes d'utilisation, les pages consult\u00e9es, et plus encore.<\/li>\n<li><strong>Pour la publicit\u00e9 et le marketing<\/strong>Les cookies nous permettent de vous afficher des publicit\u00e9s pertinentes et de mesurer l'efficacit\u00e9 de nos campagnes publicitaires. Ces cookies peuvent suivre votre navigation sur diff\u00e9rents sites web afin de vous proposer des publicit\u00e9s cibl\u00e9es.<\/li>\n<\/ol>\n<hr \/>\n<h2><strong>Types de cookies que nous utilisons<\/strong><\/h2>\n<p>Nous utilisons plusieurs types de cookies sur notre Site\u00a0:<\/p>\n<ul>\n<li><strong>Cookies essentiels<\/strong>Ces cookies sont strictement n\u00e9cessaires au fonctionnement du site web et ne peuvent pas \u00eatre d\u00e9sactiv\u00e9s. Ils sont g\u00e9n\u00e9ralement install\u00e9s en r\u00e9ponse \u00e0 des actions que vous effectuez, comme la connexion ou le remplissage de formulaires.<\/li>\n<li><strong>Cookies de performance\/analytiques<\/strong>Ces cookies recueillent des informations sur la fa\u00e7on dont les visiteurs interagissent avec notre site, notamment les pages les plus consult\u00e9es et les \u00e9ventuels messages d'erreur rencontr\u00e9s. Ils nous permettent d'am\u00e9liorer le fonctionnement de notre site.<\/li>\n<li><strong>Cookies de fonctionnalit\u00e9<\/strong>Ces cookies permettent au Site de m\u00e9moriser vos choix (tels que vos pr\u00e9f\u00e9rences linguistiques ou votre r\u00e9gion) et de vous offrir des fonctionnalit\u00e9s am\u00e9lior\u00e9es et plus personnalis\u00e9es.<\/li>\n<li><strong>Cookies de ciblage\/publicit\u00e9<\/strong>Ces cookies servent \u00e0 vous proposer des publicit\u00e9s plus pertinentes en fonction de vos habitudes de navigation. Ils peuvent suivre votre activit\u00e9 de navigation sur diff\u00e9rents sites web et sont souvent install\u00e9s par des r\u00e9gies publicitaires tierces.<\/li>\n<\/ul>\n<hr \/>\n<h2><strong>Cookies tiers<\/strong><\/h2>\n<p>Nous pouvons autoriser des prestataires de services tiers \u00e0 d\u00e9poser des cookies sur notre Site afin d'effectuer des services tels que l'analyse de l'utilisation du site et la diffusion de publicit\u00e9s cibl\u00e9es. Ces tiers peuvent utiliser leurs propres cookies et technologies pour collecter des informations sur vos activit\u00e9s en ligne, lesquelles peuvent \u00eatre utilis\u00e9es \u00e0 des fins marketing ou pour am\u00e9liorer leurs services.<\/p>\n<p>Par exemple, nous utilisons des fournisseurs d'analyse tiers comme <strong>Google Analytics<\/strong> Pour analyser le trafic du site web et le comportement des utilisateurs, Google Analytics peut utiliser des cookies afin de collecter des donn\u00e9es anonymis\u00e9es, telles que les pages que vous consultez et le temps pass\u00e9 sur chaque page. Pour en savoir plus sur l'utilisation des donn\u00e9es par Google, consultez sa politique de confidentialit\u00e9. <strong>politique de confidentialit\u00e9<\/strong>.<\/p>\n<hr \/>\n<h2><strong>Comment contr\u00f4ler et g\u00e9rer les cookies<\/strong><\/h2>\n<p>Vous pouvez g\u00e9rer vos pr\u00e9f\u00e9rences en mati\u00e8re de cookies de plusieurs fa\u00e7ons\u00a0:<\/p>\n<ol>\n<li><strong>Banni\u00e8re de consentement aux cookies<\/strong>Lors de votre premi\u00e8re visite sur notre site web, une banni\u00e8re de consentement aux cookies s'affichera, vous permettant d'accepter ou de g\u00e9rer vos pr\u00e9f\u00e9rences. Vous pouvez choisir d'accepter tous les cookies, de refuser les cookies non essentiels ou de personnaliser vos param\u00e8tres.<\/li>\n<li><strong>Param\u00e8tres du navigateur<\/strong>La plupart des navigateurs web vous permettent de g\u00e9rer les cookies via leurs param\u00e8tres. Vous pouvez configurer votre navigateur pour accepter ou refuser les cookies, supprimer les cookies existants et d\u00e9finir vos pr\u00e9f\u00e9rences quant \u00e0 leur gestion. Pour plus d'informations sur la gestion des cookies dans votre navigateur, consultez [lien vers la page d'informations sur les cookies]. <strong>Section d'aide<\/strong> de votre navigateur.\n<ul>\n<li><strong>Google Chrome<\/strong>: <a href=\"https:\/\/support.google.com\/chrome\/answer\/95647\">Comment g\u00e9rer les cookies dans Chrome<\/a><\/li>\n<li><strong>Mozilla Firefox<\/strong>: <a href=\"https:\/\/support.mozilla.org\/en-US\/kb\/enable-and-disable-cookies-website-preferences\">Comment g\u00e9rer les cookies dans Firefox<\/a><\/li>\n<li><strong>Safari<\/strong>: <a href=\"https:\/\/support.apple.com\/en-us\/HT201265\">Comment g\u00e9rer les cookies dans Safari<\/a><\/li>\n<li><strong>Microsoft Edge<\/strong>: <a href=\"https:\/\/support.microsoft.com\/en-us\/microsoft-edge\/privacy-and-services-in-microsoft-edge-2c2a2714-d085-42a3-9bc0-0b4e9c62ca7b\">Comment g\u00e9rer les cookies dans Edge<\/a><\/li>\n<\/ul>\n<\/li>\n<li><strong>D\u00e9sactivation des cookies publicitaires<\/strong>Vous pouvez refuser de recevoir des publicit\u00e9s personnalis\u00e9es de la part d'annonceurs tiers en visitant les sites Web suivants\u00a0:\n<ul>\n<li><strong>Param\u00e8tres des annonces Google<\/strong>: <a href=\"https:\/\/adssettings.google.com\/\">https:\/\/adssettings.google.com<\/a><\/li>\n<li><strong>Initiative de publicit\u00e9 en r\u00e9seau (NAI)<\/strong>: <a href=\"https:\/\/optout.networkadvertising.org\/\">https:\/\/optout.networkadvertising.org\/<\/a><\/li>\n<li><strong>Alliance pour la publicit\u00e9 num\u00e9rique (DAA)<\/strong>: <a href=\"https:\/\/www.aboutads.info\/choices\">https:\/\/www.aboutads.info\/choices<\/a><\/li>\n<\/ul>\n<\/li>\n<\/ol>\n<p>Veuillez noter que si vous d\u00e9sactivez les cookies, certaines fonctionnalit\u00e9s du Site pourraient ne pas fonctionner correctement et vous pourriez ne pas profiter pleinement de l'exp\u00e9rience.<\/p>\n<hr \/>\n<h3><strong>Modifications apport\u00e9es \u00e0 la pr\u00e9sente politique relative aux cookies<\/strong><\/h3>\n<p>Nous pouvons \u00eatre amen\u00e9s \u00e0 modifier la pr\u00e9sente Politique relative aux cookies afin de refl\u00e9ter les changements apport\u00e9s \u00e0 nos pratiques, \u00e0 nos technologies ou aux exigences l\u00e9gales applicables. En cas de modification, nous publierons la version r\u00e9vis\u00e9e sur cette page et mettrons \u00e0 jour la date d'entr\u00e9e en vigueur indiqu\u00e9e en haut de la page.<\/p>\n<hr \/>\n<h3><strong>Contactez-nous<\/strong><\/h3>\n<p>Si vous avez des questions concernant cette politique relative aux cookies ou notre utilisation des cookies, veuillez nous contacter \u00e0 l'adresse suivante\u00a0:<\/p>\n<p><strong>Outils techniques<\/strong><br \/>\nE-mail: [<a href=\"mailto:contact@toolstecnique.com\">contact@toolstecnique.com<\/a>]<br \/>\nSite web: [<a href=\"http:\/\/www.toolstecnique.com\/\">www.toolstecnique.com<\/a>]<\/p>\n<hr \/>\n<p>En continuant \u00e0 utiliser le <strong>Outils techniques<\/strong> En utilisant ce site web, vous consentez \u00e0 l'utilisation de cookies conform\u00e9ment \u00e0 la pr\u00e9sente politique relative aux cookies.<\/p>\n<hr \/>\n<p>&nbsp;<\/p>","protected":false},"excerpt":{"rendered":"<p>This Cookie Policy explains how Tools Tecnique (&#8220;we,&#8221; &#8220;our,&#8221; or &#8220;us&#8221;) uses cookies and similar technologies to collect information when [&hellip;]<\/p>","protected":false},"author":1,"featured_media":0,"parent":0,"menu_order":0,"comment_status":"closed","ping_status":"closed","template":"","meta":{"site-sidebar-layout":"default","site-content-layout":"","ast-site-content-layout":"default","site-content-style":"default","site-sidebar-style":"default","ast-global-header-display":"","ast-banner-title-visibility":"","ast-main-header-display":"","ast-hfb-above-header-display":"","ast-hfb-below-header-display":"","ast-hfb-mobile-header-display":"","site-post-title":"","ast-breadcrumbs-content":"","ast-featured-img":"","footer-sml-layout":"","ast-disable-related-posts":"","theme-transparent-header-meta":"default","adv-header-id-meta":"","stick-header-meta":"","header-above-stick-meta":"","header-main-stick-meta":"","header-below-stick-meta":"","astra-migrate-meta-layouts":"set","ast-page-background-enabled":"default","ast-page-background-meta":{"desktop":{"background-color":"var(--ast-global-color-5)","background-image":"","background-repeat":"repeat","background-position":"center center","background-size":"auto","background-attachment":"scroll","background-type":"","background-media":"","overlay-type":"","overlay-color":"","overlay-opacity":"","overlay-gradient":""},"tablet":{"background-color":"","background-image":"","background-repeat":"repeat","background-position":"center center","background-size":"auto","background-attachment":"scroll","background-type":"","background-media":"","overlay-type":"","overlay-color":"","overlay-opacity":"","overlay-gradient":""},"mobile":{"background-color":"","background-image":"","background-repeat":"repeat","background-position":"center center","background-size":"auto","background-attachment":"scroll","background-type":"","background-media":"","overlay-type":"","overlay-color":"","overlay-opacity":"","overlay-gradient":""}},"ast-content-background-meta":{"desktop":{"background-color":"var(--ast-global-color-4)","background-image":"","background-repeat":"repeat","background-position":"center center","background-size":"auto","background-attachment":"scroll","background-type":"","background-media":"","overlay-type":"","overlay-color":"","overlay-opacity":"","overlay-gradient":""},"tablet":{"background-color":"var(--ast-global-color-4)","background-image":"","background-repeat":"repeat","background-position":"center center","background-size":"auto","background-attachment":"scroll","background-type":"","background-media":"","overlay-type":"","overlay-color":"","overlay-opacity":"","overlay-gradient":""},"mobile":{"background-color":"var(--ast-global-color-4)","background-image":"","background-repeat":"repeat","background-position":"center center","background-size":"auto","background-attachment":"scroll","background-type":"","background-media":"","overlay-type":"","overlay-color":"","overlay-opacity":"","overlay-gradient":""}},"footnotes":""},"class_list":["post-218","page","type-page","status-publish","hentry"],"yoast_head":"<!-- This site is optimized with the Yoast SEO Premium plugin v25.9 (Yoast SEO v27.5) - https:\/\/yoast.com\/product\/yoast-seo-premium-wordpress\/ -->\n<title>Cookie Policy - Tools Tecique<\/title>\n<meta name=\"robots\" content=\"index, follow, max-snippet:-1, max-image-preview:large, max-video-preview:-1\" \/>\n<link rel=\"canonical\" href=\"https:\/\/toolstecique.com\/fr\/cookie-policy\/\" \/>\n<meta property=\"og:locale\" content=\"fr_FR\" \/>\n<meta property=\"og:type\" content=\"article\" \/>\n<meta property=\"og:title\" content=\"Cookie Policy\" \/>\n<meta property=\"og:description\" content=\"This Cookie Policy explains how Tools Tecnique (&#8220;we,&#8221; &#8220;our,&#8221; or &#8220;us&#8221;) uses cookies and similar technologies to collect information when [&hellip;]\" \/>\n<meta property=\"og:url\" content=\"https:\/\/toolstecique.com\/fr\/cookie-policy\/\" \/>\n<meta property=\"og:site_name\" content=\"Tools Tecique\" \/>\n<meta name=\"twitter:card\" content=\"summary_large_image\" \/>\n<meta name=\"twitter:label1\" content=\"Dur\u00e9e de lecture estim\u00e9e\" \/>\n\t<meta name=\"twitter:data1\" content=\"4 minutes\" \/>\n<script type=\"application\/ld+json\" class=\"yoast-schema-graph\">{\"@context\":\"https:\\\/\\\/schema.org\",\"@graph\":[{\"@type\":\"WebPage\",\"@id\":\"https:\\\/\\\/toolstecique.com\\\/cookie-policy\\\/\",\"url\":\"https:\\\/\\\/toolstecique.com\\\/cookie-policy\\\/\",\"name\":\"Cookie Policy - Tools Tecique\",\"isPartOf\":{\"@id\":\"https:\\\/\\\/toolstecique.com\\\/#website\"},\"datePublished\":\"2024-11-29T12:24:01+00:00\",\"breadcrumb\":{\"@id\":\"https:\\\/\\\/toolstecique.com\\\/cookie-policy\\\/#breadcrumb\"},\"inLanguage\":\"fr-FR\",\"potentialAction\":[{\"@type\":\"ReadAction\",\"target\":[\"https:\\\/\\\/toolstecique.com\\\/cookie-policy\\\/\"]}]},{\"@type\":\"BreadcrumbList\",\"@id\":\"https:\\\/\\\/toolstecique.com\\\/cookie-policy\\\/#breadcrumb\",\"itemListElement\":[{\"@type\":\"ListItem\",\"position\":1,\"name\":\"Home\",\"item\":\"https:\\\/\\\/toolstecique.com\\\/\"},{\"@type\":\"ListItem\",\"position\":2,\"name\":\"Cookie Policy\"}]},{\"@type\":\"WebSite\",\"@id\":\"https:\\\/\\\/toolstecique.com\\\/#website\",\"url\":\"https:\\\/\\\/toolstecique.com\\\/\",\"name\":\"Tools Tecique\",\"description\":\"\",\"publisher\":{\"@id\":\"https:\\\/\\\/toolstecique.com\\\/#organization\"},\"potentialAction\":[{\"@type\":\"SearchAction\",\"target\":{\"@type\":\"EntryPoint\",\"urlTemplate\":\"https:\\\/\\\/toolstecique.com\\\/?s={search_term_string}\"},\"query-input\":{\"@type\":\"PropertyValueSpecification\",\"valueRequired\":true,\"valueName\":\"search_term_string\"}}],\"inLanguage\":\"fr-FR\"},{\"@type\":\"Organization\",\"@id\":\"https:\\\/\\\/toolstecique.com\\\/#organization\",\"name\":\"Tools Tecique\",\"url\":\"https:\\\/\\\/toolstecique.com\\\/\",\"logo\":{\"@type\":\"ImageObject\",\"inLanguage\":\"fr-FR\",\"@id\":\"https:\\\/\\\/toolstecique.com\\\/#\\\/schema\\\/logo\\\/image\\\/\",\"url\":\"https:\\\/\\\/toolstecique.com\\\/wp-content\\\/uploads\\\/2025\\\/02\\\/green-profile.png\",\"contentUrl\":\"https:\\\/\\\/toolstecique.com\\\/wp-content\\\/uploads\\\/2025\\\/02\\\/green-profile.png\",\"width\":250,\"height\":250,\"caption\":\"Tools Tecique\"},\"image\":{\"@id\":\"https:\\\/\\\/toolstecique.com\\\/#\\\/schema\\\/logo\\\/image\\\/\"}}]}<\/script>\n<!-- \/ Yoast SEO Premium plugin. -->","yoast_head_json":{"title":"Politique relative aux cookies - Tools Tecique","robots":{"index":"index","follow":"follow","max-snippet":"max-snippet:-1","max-image-preview":"max-image-preview:large","max-video-preview":"max-video-preview:-1"},"canonical":"https:\/\/toolstecique.com\/fr\/cookie-policy\/","og_locale":"fr_FR","og_type":"article","og_title":"Cookie Policy","og_description":"This Cookie Policy explains how Tools Tecnique (&#8220;we,&#8221; &#8220;our,&#8221; or &#8220;us&#8221;) uses cookies and similar technologies to collect information when [&hellip;]","og_url":"https:\/\/toolstecique.com\/fr\/cookie-policy\/","og_site_name":"Tools Tecique","twitter_card":"summary_large_image","twitter_misc":{"Dur\u00e9e de lecture estim\u00e9e":"4 minutes"},"schema":{"@context":"https:\/\/schema.org","@graph":[{"@type":"WebPage","@id":"https:\/\/toolstecique.com\/cookie-policy\/","url":"https:\/\/toolstecique.com\/cookie-policy\/","name":"Politique relative aux cookies - Tools Tecique","isPartOf":{"@id":"https:\/\/toolstecique.com\/#website"},"datePublished":"2024-11-29T12:24:01+00:00","breadcrumb":{"@id":"https:\/\/toolstecique.com\/cookie-policy\/#breadcrumb"},"inLanguage":"fr-FR","potentialAction":[{"@type":"ReadAction","target":["https:\/\/toolstecique.com\/cookie-policy\/"]}]},{"@type":"BreadcrumbList","@id":"https:\/\/toolstecique.com\/cookie-policy\/#breadcrumb","itemListElement":[{"@type":"ListItem","position":1,"name":"Home","item":"https:\/\/toolstecique.com\/"},{"@type":"ListItem","position":2,"name":"Cookie Policy"}]},{"@type":"WebSite","@id":"https:\/\/toolstecique.com\/#website","url":"https:\/\/toolstecique.com\/","name":"Outils techniques","description":"","publisher":{"@id":"https:\/\/toolstecique.com\/#organization"},"potentialAction":[{"@type":"SearchAction","target":{"@type":"EntryPoint","urlTemplate":"https:\/\/toolstecique.com\/?s={search_term_string}"},"query-input":{"@type":"PropertyValueSpecification","valueRequired":true,"valueName":"search_term_string"}}],"inLanguage":"fr-FR"},{"@type":"Organization","@id":"https:\/\/toolstecique.com\/#organization","name":"Outils techniques","url":"https:\/\/toolstecique.com\/","logo":{"@type":"ImageObject","inLanguage":"fr-FR","@id":"https:\/\/toolstecique.com\/#\/schema\/logo\/image\/","url":"https:\/\/toolstecique.com\/wp-content\/uploads\/2025\/02\/green-profile.png","contentUrl":"https:\/\/toolstecique.com\/wp-content\/uploads\/2025\/02\/green-profile.png","width":250,"height":250,"caption":"Tools Tecique"},"image":{"@id":"https:\/\/toolstecique.com\/#\/schema\/logo\/image\/"}}]}},"_links":{"self":[{"href":"https:\/\/toolstecique.com\/fr\/wp-json\/wp\/v2\/pages\/218","targetHints":{"allow":["GET"]}}],"collection":[{"href":"https:\/\/toolstecique.com\/fr\/wp-json\/wp\/v2\/pages"}],"about":[{"href":"https:\/\/toolstecique.com\/fr\/wp-json\/wp\/v2\/types\/page"}],"author":[{"embeddable":true,"href":"https:\/\/toolstecique.com\/fr\/wp-json\/wp\/v2\/users\/1"}],"replies":[{"embeddable":true,"href":"https:\/\/toolstecique.com\/fr\/wp-json\/wp\/v2\/comments?post=218"}],"version-history":[{"count":0,"href":"https:\/\/toolstecique.com\/fr\/wp-json\/wp\/v2\/pages\/218\/revisions"}],"wp:attachment":[{"href":"https:\/\/toolstecique.com\/fr\/wp-json\/wp\/v2\/media?parent=218"}],"curies":[{"name":"wp","href":"https:\/\/api.w.org\/{rel}","templated":true}]}}