{"id":2606,"date":"2026-02-28T20:12:06","date_gmt":"2026-02-28T20:12:06","guid":{"rendered":"https:\/\/toolstecique.com\/?page_id=2606"},"modified":"2026-02-28T20:31:21","modified_gmt":"2026-02-28T20:31:21","slug":"write-for-us","status":"publish","type":"page","link":"https:\/\/toolstecique.com\/fr\/write-for-us\/","title":{"rendered":"\u00c9crivez pour nous"},"content":{"rendered":"<div data-elementor-type=\"wp-page\" data-elementor-id=\"2606\" class=\"elementor elementor-2606\" data-elementor-settings=\"{&quot;element_pack_global_tooltip_width&quot;:{&quot;unit&quot;:&quot;px&quot;,&quot;size&quot;:&quot;&quot;,&quot;sizes&quot;:[]},&quot;element_pack_global_tooltip_width_tablet&quot;:{&quot;unit&quot;:&quot;px&quot;,&quot;size&quot;:&quot;&quot;,&quot;sizes&quot;:[]},&quot;element_pack_global_tooltip_width_mobile&quot;:{&quot;unit&quot;:&quot;px&quot;,&quot;size&quot;:&quot;&quot;,&quot;sizes&quot;:[]},&quot;element_pack_global_tooltip_padding&quot;:{&quot;unit&quot;:&quot;px&quot;,&quot;top&quot;:&quot;&quot;,&quot;right&quot;:&quot;&quot;,&quot;bottom&quot;:&quot;&quot;,&quot;left&quot;:&quot;&quot;,&quot;isLinked&quot;:true},&quot;element_pack_global_tooltip_padding_tablet&quot;:{&quot;unit&quot;:&quot;px&quot;,&quot;top&quot;:&quot;&quot;,&quot;right&quot;:&quot;&quot;,&quot;bottom&quot;:&quot;&quot;,&quot;left&quot;:&quot;&quot;,&quot;isLinked&quot;:true},&quot;element_pack_global_tooltip_padding_mobile&quot;:{&quot;unit&quot;:&quot;px&quot;,&quot;top&quot;:&quot;&quot;,&quot;right&quot;:&quot;&quot;,&quot;bottom&quot;:&quot;&quot;,&quot;left&quot;:&quot;&quot;,&quot;isLinked&quot;:true},&quot;element_pack_global_tooltip_border_radius&quot;:{&quot;unit&quot;:&quot;px&quot;,&quot;top&quot;:&quot;&quot;,&quot;right&quot;:&quot;&quot;,&quot;bottom&quot;:&quot;&quot;,&quot;left&quot;:&quot;&quot;,&quot;isLinked&quot;:true},&quot;element_pack_global_tooltip_border_radius_tablet&quot;:{&quot;unit&quot;:&quot;px&quot;,&quot;top&quot;:&quot;&quot;,&quot;right&quot;:&quot;&quot;,&quot;bottom&quot;:&quot;&quot;,&quot;left&quot;:&quot;&quot;,&quot;isLinked&quot;:true},&quot;element_pack_global_tooltip_border_radius_mobile&quot;:{&quot;unit&quot;:&quot;px&quot;,&quot;top&quot;:&quot;&quot;,&quot;right&quot;:&quot;&quot;,&quot;bottom&quot;:&quot;&quot;,&quot;left&quot;:&quot;&quot;,&quot;isLinked&quot;:true}}\" data-elementor-post-type=\"page\">\n\t\t\t\t<div class=\"elementor-element elementor-element-e92032b e-flex e-con-boxed e-con e-parent\" data-id=\"e92032b\" data-element_type=\"container\" data-e-type=\"container\">\n\t\t\t\t\t<div class=\"e-con-inner\">\n\t\t<div class=\"elementor-element elementor-element-fcfb3a1 e-con-full e-flex e-con e-child\" data-id=\"fcfb3a1\" data-element_type=\"container\" data-e-type=\"container\" data-settings=\"{&quot;background_background&quot;:&quot;classic&quot;}\">\n\t\t\t\t<div class=\"elementor-element elementor-element-112b75f elementor-widget elementor-widget-image\" data-id=\"112b75f\" data-element_type=\"widget\" data-e-type=\"widget\" data-widget_type=\"image.default\">\n\t\t\t\t\t\t\t\t\t\t\t\t\t\t\t<img fetchpriority=\"high\" decoding=\"async\" width=\"1280\" height=\"720\" src=\"https:\/\/toolstecique.com\/wp-content\/uploads\/2026\/02\/Write-For-Us.png\" class=\"attachment-full size-full wp-image-2609\" alt=\"write for us\" srcset=\"https:\/\/toolstecique.com\/wp-content\/uploads\/2026\/02\/Write-For-Us.png 1280w, https:\/\/toolstecique.com\/wp-content\/uploads\/2026\/02\/Write-For-Us-300x169.png 300w, https:\/\/toolstecique.com\/wp-content\/uploads\/2026\/02\/Write-For-Us-1024x576.png 1024w, https:\/\/toolstecique.com\/wp-content\/uploads\/2026\/02\/Write-For-Us-768x432.png 768w\" sizes=\"(max-width: 1280px) 100vw, 1280px\" \/>\t\t\t\t\t\t\t\t\t\t\t\t\t\t\t<\/div>\n\t\t\t\t<div class=\"elementor-element elementor-element-4c71716 elementor-widget elementor-widget-heading\" data-id=\"4c71716\" data-element_type=\"widget\" data-e-type=\"widget\" data-widget_type=\"heading.default\">\n\t\t\t\t\t<h1 class=\"elementor-heading-title elementor-size-default\">\u00c9crivez pour nous<\/h1>\t\t\t\t<\/div>\n\t\t\t\t<div class=\"elementor-element elementor-element-3897840 elementor-widget elementor-widget-text-editor\" data-id=\"3897840\" data-element_type=\"widget\" data-e-type=\"widget\" data-widget_type=\"text-editor.default\">\n\t\t\t\t\t\t\t\t\t<h2>Soumettez votre blog \u00e0 ToolsTecique.com<\/h2><p>ToolsTecique.com est une plateforme sp\u00e9cialis\u00e9e dans les outils, calculateurs et contenus p\u00e9dagogiques d\u00e9di\u00e9s \u00e0 la finance et aux cryptomonnaies. Nous publions des guides pratiques, des analyses de donn\u00e9es et des solutions logicielles pour aider les investisseurs, les traders et les passionn\u00e9s de finance \u00e0 prendre des d\u00e9cisions \u00e9clair\u00e9es.<\/p><p>Si vous \u00e9crivez sur la finance, les cryptomonnaies, l'investissement, la technologie blockchain ou les outils analytiques connexes, nous vous invitons \u00e0 contribuer et \u00e0 partager votre expertise avec notre public en pleine croissance.<\/p><p>Nous b\u00e2tissons une solide communaut\u00e9 d'experts financiers, d'analystes crypto, de traders et de cr\u00e9ateurs de contenu. Des lecteurs du monde entier consultent ToolsTecique.com pour acc\u00e9der \u00e0 des outils performants en finance et crypto, ainsi qu'\u00e0 des articles document\u00e9s con\u00e7us pour simplifier des concepts financiers complexes. Les contributeurs invit\u00e9s b\u00e9n\u00e9ficient d'un lien retour gratuit et d'une visibilit\u00e9 cibl\u00e9e au sein de l'\u00e9cosyst\u00e8me finance et crypto.<\/p><h2>Sujets d'articles invit\u00e9s que nous acceptons<\/h2><p>Nous acceptons actuellement les articles invit\u00e9s portant sur les sujets suivants\u00a0:<\/p><ul><li><p>Finances personnelles<\/p><\/li><li><p>cryptomonnaie<\/p><\/li><li><p>Bitcoin et altcoins<\/p><\/li><li><p>Technologie Blockchain<\/p><\/li><li><p>Strat\u00e9gies de trading de cryptomonnaies<\/p><\/li><li><p>Analyse technique<\/p><\/li><li><p>Analyse fondamentale<\/p><\/li><li><p>Strat\u00e9gies d'investissement<\/p><\/li><li><p>Analyses du march\u00e9 boursier<\/p><\/li><li><p>Strat\u00e9gies de revenus passifs<\/p><\/li><li><p>Planification financi\u00e8re<\/p><\/li><li><p>DeFi (Finance d\u00e9centralis\u00e9e)<\/p><\/li><li><p>Avis sur les outils et calculateurs de cryptomonnaies<\/p><\/li><li><p>Innovations FinTech<\/p><\/li><\/ul><p>Le contenu doit \u00eatre directement li\u00e9 \u00e0 la finance, aux cryptomonnaies, \u00e0 l'investissement, au trading ou aux outils financiers. Les sujets g\u00e9n\u00e9raux relatifs au mode de vie ou aux affaires sans rapport avec le sujet ne sont pas accept\u00e9s.<\/p><h2>Directives pour la soumission d'articles invit\u00e9s<\/h2><p>Pour maintenir un niveau de qualit\u00e9 et de pertinence \u00e9lev\u00e9, veuillez suivre ces directives\u00a0:<\/p><ul><li><p>Longueur minimale de l'article\u00a0: 550 mots<\/p><\/li><li><p>Le contenu doit \u00eatre 100 % original, unique et in\u00e9dit.<\/p><\/li><li><p>Une recherche de mots cl\u00e9s approfondie est recommand\u00e9e, en ciblant de pr\u00e9f\u00e9rence un mot cl\u00e9 de longue tra\u00eene.<\/p><\/li><li><p>Conservez une densit\u00e9 naturelle de mots cl\u00e9s et un formatage optimis\u00e9 pour le r\u00e9f\u00e9rencement naturel.<\/p><\/li><li><p>Utilisez des titres clairs, une grammaire correcte et des paragraphes bien structur\u00e9s.<\/p><\/li><li><p>Les contenus dupliqu\u00e9s, r\u00e9\u00e9crits ou de faible valeur seront rejet\u00e9s.<\/p><\/li><li><p>Un seul lien retour pertinent en dofollow vers votre site web est autoris\u00e9.<\/p><\/li><li><p>Les liens doivent \u00eatre directement pertinents par rapport au sujet de l'article et \u00e0 la th\u00e9matique de votre site web.<\/p><\/li><li><p>Au moins une image pertinente doit \u00eatre incluse.<\/p><\/li><li><p>Les syst\u00e8mes financiers \u00e0 forte composante d'affiliation, de jeux d'argent, \u00e0 contenu pour adultes, ill\u00e9gaux ou trompeurs sont strictement interdits.<\/p><\/li><\/ul><p>Nous vous proposons un lien retour gratuit en dofollow dans votre article afin de maintenir une structure de liens \u00e9quitable et ax\u00e9e sur la qualit\u00e9.<\/p><h2>Processus de r\u00e9vision et de publication<\/h2><p>Toutes les candidatures sont examin\u00e9es manuellement afin d'en v\u00e9rifier l'originalit\u00e9, l'exactitude et la pertinence financi\u00e8re.<\/p><ul><li><p>D\u00e9lai de r\u00e9vision\u00a0: sous 24\u00a0heures<\/p><\/li><li><p>D\u00e9lai de publication (si approuv\u00e9)\u00a0: Dans les 24 heures suivant l\u2019approbation<\/p><\/li><\/ul><p>Nous nous r\u00e9servons le droit de modifier la mise en forme ou d'optimiser le contenu pour plus de clart\u00e9 et de lisibilit\u00e9 avant publication.<\/p><h2>Comment soumettre votre article<\/h2><p>Pour soumettre votre article invit\u00e9, veuillez envoyer votre article par courriel au format Word ou Google Docs accompagn\u00e9 des \u00e9l\u00e9ments suivants\u00a0:<\/p><ul><li><p>URL du site Web<\/p><\/li><li><p>Mot-cl\u00e9 cible<\/p><\/li><\/ul><p>Soumettez votre article \u00e0\u00a0:<\/p><p><strong>E-mail:<\/strong> <a href=\"mailto:support@toolstecique.com\">support@toolstecique.com<\/a><\/p><p>Rejoignez ToolsTecique.com et partagez vos connaissances en finance et en cryptomonnaies avec un public mondial cibl\u00e9, int\u00e9ress\u00e9 par l'investissement intelligent et les actifs num\u00e9riques.<\/p>\t\t\t\t\t\t\t\t<\/div>\n\t\t\t\t<\/div>\n\t\t\t\t\t<\/div>\n\t\t\t\t<\/div>\n\t\t\t\t<\/div>","protected":false},"excerpt":{"rendered":"<p>Write For Us Submit Your Blog to ToolsTecique.com ToolsTecique.com is a specialized platform focused on finance and cryptocurrency tools, calculators, [&hellip;]<\/p>","protected":false},"author":1,"featured_media":0,"parent":0,"menu_order":0,"comment_status":"closed","ping_status":"closed","template":"","meta":{"site-sidebar-layout":"no-sidebar","site-content-layout":"","ast-site-content-layout":"full-width-container","site-content-style":"default","site-sidebar-style":"default","ast-global-header-display":"","ast-banner-title-visibility":"","ast-main-header-display":"","ast-hfb-above-header-display":"","ast-hfb-below-header-display":"","ast-hfb-mobile-header-display":"","site-post-title":"disabled","ast-breadcrumbs-content":"","ast-featured-img":"disabled","footer-sml-layout":"","ast-disable-related-posts":"","theme-transparent-header-meta":"default","adv-header-id-meta":"","stick-header-meta":"","header-above-stick-meta":"","header-main-stick-meta":"","header-below-stick-meta":"","astra-migrate-meta-layouts":"set","ast-page-background-enabled":"default","ast-page-background-meta":{"desktop":{"background-color":"var(--ast-global-color-5)","background-image":"","background-repeat":"repeat","background-position":"center center","background-size":"auto","background-attachment":"scroll","background-type":"","background-media":"","overlay-type":"","overlay-color":"","overlay-opacity":"","overlay-gradient":""},"tablet":{"background-color":"","background-image":"","background-repeat":"repeat","background-position":"center center","background-size":"auto","background-attachment":"scroll","background-type":"","background-media":"","overlay-type":"","overlay-color":"","overlay-opacity":"","overlay-gradient":""},"mobile":{"background-color":"","background-image":"","background-repeat":"repeat","background-position":"center center","background-size":"auto","background-attachment":"scroll","background-type":"","background-media":"","overlay-type":"","overlay-color":"","overlay-opacity":"","overlay-gradient":""}},"ast-content-background-meta":{"desktop":{"background-color":"var(--ast-global-color-4)","background-image":"","background-repeat":"repeat","background-position":"center center","background-size":"auto","background-attachment":"scroll","background-type":"","background-media":"","overlay-type":"","overlay-color":"","overlay-opacity":"","overlay-gradient":""},"tablet":{"background-color":"var(--ast-global-color-4)","background-image":"","background-repeat":"repeat","background-position":"center center","background-size":"auto","background-attachment":"scroll","background-type":"","background-media":"","overlay-type":"","overlay-color":"","overlay-opacity":"","overlay-gradient":""},"mobile":{"background-color":"var(--ast-global-color-4)","background-image":"","background-repeat":"repeat","background-position":"center center","background-size":"auto","background-attachment":"scroll","background-type":"","background-media":"","overlay-type":"","overlay-color":"","overlay-opacity":"","overlay-gradient":""}},"footnotes":""},"class_list":["post-2606","page","type-page","status-publish","hentry"],"yoast_head":"<!-- This site is optimized with the Yoast SEO Premium plugin v25.9 (Yoast SEO v27.4) - https:\/\/yoast.com\/product\/yoast-seo-premium-wordpress\/ -->\n<title>Write For Us - Tools Tecique<\/title>\n<meta name=\"description\" content=\"Write for ToolsTecique.com and share expert insights on finance, cryptocurrency. Publish your article, gain a relevant do-follow backlink, and reach a global finance audience.\" \/>\n<meta name=\"robots\" content=\"index, follow, max-snippet:-1, max-image-preview:large, max-video-preview:-1\" \/>\n<link rel=\"canonical\" href=\"https:\/\/toolstecique.com\/fr\/write-for-us\/\" \/>\n<meta property=\"og:locale\" content=\"fr_FR\" \/>\n<meta property=\"og:type\" content=\"article\" \/>\n<meta property=\"og:title\" content=\"Write For Us\" \/>\n<meta property=\"og:description\" content=\"Write for ToolsTecique.com and share expert insights on finance, cryptocurrency. Publish your article, gain a relevant do-follow backlink, and reach a global finance audience.\" \/>\n<meta property=\"og:url\" content=\"https:\/\/toolstecique.com\/fr\/write-for-us\/\" \/>\n<meta property=\"og:site_name\" content=\"Tools Tecique\" \/>\n<meta property=\"article:modified_time\" content=\"2026-02-28T20:31:21+00:00\" \/>\n<meta property=\"og:image\" content=\"https:\/\/toolstecique.com\/wp-content\/uploads\/2026\/02\/Write-For-Us.png\" \/>\n<meta name=\"twitter:card\" content=\"summary_large_image\" \/>\n<meta name=\"twitter:label1\" content=\"Dur\u00e9e de lecture estim\u00e9e\" \/>\n\t<meta name=\"twitter:data1\" content=\"2 minutes\" \/>\n<script type=\"application\/ld+json\" class=\"yoast-schema-graph\">{\"@context\":\"https:\\\/\\\/schema.org\",\"@graph\":[{\"@type\":\"WebPage\",\"@id\":\"https:\\\/\\\/toolstecique.com\\\/write-for-us\\\/\",\"url\":\"https:\\\/\\\/toolstecique.com\\\/write-for-us\\\/\",\"name\":\"Write For Us - Tools Tecique\",\"isPartOf\":{\"@id\":\"https:\\\/\\\/toolstecique.com\\\/#website\"},\"primaryImageOfPage\":{\"@id\":\"https:\\\/\\\/toolstecique.com\\\/write-for-us\\\/#primaryimage\"},\"image\":{\"@id\":\"https:\\\/\\\/toolstecique.com\\\/write-for-us\\\/#primaryimage\"},\"thumbnailUrl\":\"https:\\\/\\\/toolstecique.com\\\/wp-content\\\/uploads\\\/2026\\\/02\\\/Write-For-Us.png\",\"datePublished\":\"2026-02-28T20:12:06+00:00\",\"dateModified\":\"2026-02-28T20:31:21+00:00\",\"description\":\"Write for ToolsTecique.com and share expert insights on finance, cryptocurrency. Publish your article, gain a relevant do-follow backlink, and reach a global finance audience.\",\"breadcrumb\":{\"@id\":\"https:\\\/\\\/toolstecique.com\\\/write-for-us\\\/#breadcrumb\"},\"inLanguage\":\"fr-FR\",\"potentialAction\":[{\"@type\":\"ReadAction\",\"target\":[\"https:\\\/\\\/toolstecique.com\\\/write-for-us\\\/\"]}]},{\"@type\":\"ImageObject\",\"inLanguage\":\"fr-FR\",\"@id\":\"https:\\\/\\\/toolstecique.com\\\/write-for-us\\\/#primaryimage\",\"url\":\"https:\\\/\\\/toolstecique.com\\\/wp-content\\\/uploads\\\/2026\\\/02\\\/Write-For-Us.png\",\"contentUrl\":\"https:\\\/\\\/toolstecique.com\\\/wp-content\\\/uploads\\\/2026\\\/02\\\/Write-For-Us.png\"},{\"@type\":\"BreadcrumbList\",\"@id\":\"https:\\\/\\\/toolstecique.com\\\/write-for-us\\\/#breadcrumb\",\"itemListElement\":[{\"@type\":\"ListItem\",\"position\":1,\"name\":\"Home\",\"item\":\"https:\\\/\\\/toolstecique.com\\\/\"},{\"@type\":\"ListItem\",\"position\":2,\"name\":\"Write For Us\"}]},{\"@type\":\"WebSite\",\"@id\":\"https:\\\/\\\/toolstecique.com\\\/#website\",\"url\":\"https:\\\/\\\/toolstecique.com\\\/\",\"name\":\"Tools Tecique\",\"description\":\"\",\"publisher\":{\"@id\":\"https:\\\/\\\/toolstecique.com\\\/#organization\"},\"potentialAction\":[{\"@type\":\"SearchAction\",\"target\":{\"@type\":\"EntryPoint\",\"urlTemplate\":\"https:\\\/\\\/toolstecique.com\\\/?s={search_term_string}\"},\"query-input\":{\"@type\":\"PropertyValueSpecification\",\"valueRequired\":true,\"valueName\":\"search_term_string\"}}],\"inLanguage\":\"fr-FR\"},{\"@type\":\"Organization\",\"@id\":\"https:\\\/\\\/toolstecique.com\\\/#organization\",\"name\":\"Tools Tecique\",\"url\":\"https:\\\/\\\/toolstecique.com\\\/\",\"logo\":{\"@type\":\"ImageObject\",\"inLanguage\":\"fr-FR\",\"@id\":\"https:\\\/\\\/toolstecique.com\\\/#\\\/schema\\\/logo\\\/image\\\/\",\"url\":\"https:\\\/\\\/toolstecique.com\\\/wp-content\\\/uploads\\\/2025\\\/02\\\/green-profile.png\",\"contentUrl\":\"https:\\\/\\\/toolstecique.com\\\/wp-content\\\/uploads\\\/2025\\\/02\\\/green-profile.png\",\"width\":250,\"height\":250,\"caption\":\"Tools Tecique\"},\"image\":{\"@id\":\"https:\\\/\\\/toolstecique.com\\\/#\\\/schema\\\/logo\\\/image\\\/\"}}]}<\/script>\n<!-- \/ Yoast SEO Premium plugin. -->","yoast_head_json":{"title":"\u00c9crivez pour nous - Outils techniques","description":"\u00c9crivez pour ToolsTecique.com et partagez votre expertise en finance et cryptomonnaies. Publiez votre article, obtenez un lien retour pertinent et touchez un public international sp\u00e9cialis\u00e9 en finance.","robots":{"index":"index","follow":"follow","max-snippet":"max-snippet:-1","max-image-preview":"max-image-preview:large","max-video-preview":"max-video-preview:-1"},"canonical":"https:\/\/toolstecique.com\/fr\/write-for-us\/","og_locale":"fr_FR","og_type":"article","og_title":"Write For Us","og_description":"Write for ToolsTecique.com and share expert insights on finance, cryptocurrency. Publish your article, gain a relevant do-follow backlink, and reach a global finance audience.","og_url":"https:\/\/toolstecique.com\/fr\/write-for-us\/","og_site_name":"Tools Tecique","article_modified_time":"2026-02-28T20:31:21+00:00","og_image":[{"url":"https:\/\/toolstecique.com\/wp-content\/uploads\/2026\/02\/Write-For-Us.png","type":"","width":"","height":""}],"twitter_card":"summary_large_image","twitter_misc":{"Dur\u00e9e de lecture estim\u00e9e":"2 minutes"},"schema":{"@context":"https:\/\/schema.org","@graph":[{"@type":"WebPage","@id":"https:\/\/toolstecique.com\/write-for-us\/","url":"https:\/\/toolstecique.com\/write-for-us\/","name":"\u00c9crivez pour nous - Outils techniques","isPartOf":{"@id":"https:\/\/toolstecique.com\/#website"},"primaryImageOfPage":{"@id":"https:\/\/toolstecique.com\/write-for-us\/#primaryimage"},"image":{"@id":"https:\/\/toolstecique.com\/write-for-us\/#primaryimage"},"thumbnailUrl":"https:\/\/toolstecique.com\/wp-content\/uploads\/2026\/02\/Write-For-Us.png","datePublished":"2026-02-28T20:12:06+00:00","dateModified":"2026-02-28T20:31:21+00:00","description":"\u00c9crivez pour ToolsTecique.com et partagez votre expertise en finance et cryptomonnaies. Publiez votre article, obtenez un lien retour pertinent et touchez un public international sp\u00e9cialis\u00e9 en finance.","breadcrumb":{"@id":"https:\/\/toolstecique.com\/write-for-us\/#breadcrumb"},"inLanguage":"fr-FR","potentialAction":[{"@type":"ReadAction","target":["https:\/\/toolstecique.com\/write-for-us\/"]}]},{"@type":"ImageObject","inLanguage":"fr-FR","@id":"https:\/\/toolstecique.com\/write-for-us\/#primaryimage","url":"https:\/\/toolstecique.com\/wp-content\/uploads\/2026\/02\/Write-For-Us.png","contentUrl":"https:\/\/toolstecique.com\/wp-content\/uploads\/2026\/02\/Write-For-Us.png"},{"@type":"BreadcrumbList","@id":"https:\/\/toolstecique.com\/write-for-us\/#breadcrumb","itemListElement":[{"@type":"ListItem","position":1,"name":"Home","item":"https:\/\/toolstecique.com\/"},{"@type":"ListItem","position":2,"name":"Write For Us"}]},{"@type":"WebSite","@id":"https:\/\/toolstecique.com\/#website","url":"https:\/\/toolstecique.com\/","name":"Outils techniques","description":"","publisher":{"@id":"https:\/\/toolstecique.com\/#organization"},"potentialAction":[{"@type":"SearchAction","target":{"@type":"EntryPoint","urlTemplate":"https:\/\/toolstecique.com\/?s={search_term_string}"},"query-input":{"@type":"PropertyValueSpecification","valueRequired":true,"valueName":"search_term_string"}}],"inLanguage":"fr-FR"},{"@type":"Organization","@id":"https:\/\/toolstecique.com\/#organization","name":"Outils techniques","url":"https:\/\/toolstecique.com\/","logo":{"@type":"ImageObject","inLanguage":"fr-FR","@id":"https:\/\/toolstecique.com\/#\/schema\/logo\/image\/","url":"https:\/\/toolstecique.com\/wp-content\/uploads\/2025\/02\/green-profile.png","contentUrl":"https:\/\/toolstecique.com\/wp-content\/uploads\/2025\/02\/green-profile.png","width":250,"height":250,"caption":"Tools Tecique"},"image":{"@id":"https:\/\/toolstecique.com\/#\/schema\/logo\/image\/"}}]}},"_links":{"self":[{"href":"https:\/\/toolstecique.com\/fr\/wp-json\/wp\/v2\/pages\/2606","targetHints":{"allow":["GET"]}}],"collection":[{"href":"https:\/\/toolstecique.com\/fr\/wp-json\/wp\/v2\/pages"}],"about":[{"href":"https:\/\/toolstecique.com\/fr\/wp-json\/wp\/v2\/types\/page"}],"author":[{"embeddable":true,"href":"https:\/\/toolstecique.com\/fr\/wp-json\/wp\/v2\/users\/1"}],"replies":[{"embeddable":true,"href":"https:\/\/toolstecique.com\/fr\/wp-json\/wp\/v2\/comments?post=2606"}],"version-history":[{"count":1,"href":"https:\/\/toolstecique.com\/fr\/wp-json\/wp\/v2\/pages\/2606\/revisions"}],"predecessor-version":[{"id":2619,"href":"https:\/\/toolstecique.com\/fr\/wp-json\/wp\/v2\/pages\/2606\/revisions\/2619"}],"wp:attachment":[{"href":"https:\/\/toolstecique.com\/fr\/wp-json\/wp\/v2\/media?parent=2606"}],"curies":[{"name":"wp","href":"https:\/\/api.w.org\/{rel}","templated":true}]}}