{"id":211,"date":"2024-11-29T12:15:01","date_gmt":"2024-11-29T12:15:01","guid":{"rendered":"https:\/\/toolstecique.com\/?page_id=211"},"modified":"2025-04-18T10:41:31","modified_gmt":"2025-04-18T10:41:31","slug":"disclaimer","status":"publish","type":"page","link":"https:\/\/toolstecique.com\/pt\/disclaimer\/","title":{"rendered":"Isen\u00e7\u00e3o de responsabilidade"},"content":{"rendered":"<h2>1. <strong>Sem garantias<\/strong><\/h2>\n<p><strong>Ferramentas T\u00e9cnicas<\/strong> A empresa esfor\u00e7a-se para fornecer conte\u00fado preciso, atualizado e seguro no website. No entanto, n\u00e3o fazemos qualquer declara\u00e7\u00e3o ou garantia de qualquer tipo, expressa ou impl\u00edcita, relativamente \u00e0 integridade, precis\u00e3o, fiabilidade, adequa\u00e7\u00e3o ou disponibilidade das informa\u00e7\u00f5es, produtos ou servi\u00e7os fornecidos no site.<\/p>\n<ul>\n<li><strong>Sem garantia de precis\u00e3o.<\/strong>Embora tomemos medidas razo\u00e1veis \u200b\u200bpara garantir a precis\u00e3o das informa\u00e7\u00f5es fornecidas, n\u00e3o podemos garantir que o conte\u00fado do Site esteja livre de erros, seja preciso ou esteja atualizado em todos os momentos.<\/li>\n<li><strong>Sem garantia de seguran\u00e7a<\/strong>Oferecemos downloads seguros, verificados quanto a v\u00edrus e malware, mas n\u00e3o garantimos que todos os ficheiros dispon\u00edveis para download estejam livres de v\u00edrus, malware ou outros c\u00f3digos maliciosos. Descarrega software e conte\u00fados por sua conta e risco, sendo da sua responsabilidade garantir que todos os downloads s\u00e3o verificados quanto a v\u00edrus ou malware, utilizando o seu pr\u00f3prio software de seguran\u00e7a.<\/li>\n<li><strong>Disponibilidade n\u00e3o garantida.<\/strong>N\u00e3o garantimos que o site esteja sempre dispon\u00edvel, sem interrup\u00e7\u00f5es ou erros. Reservamo-nos o direito de suspender ou terminar o acesso ao site a qualquer momento para manuten\u00e7\u00e3o, atualiza\u00e7\u00f5es ou em caso de problemas imprevistos.<\/li>\n<\/ul>\n<hr \/>\n<h2>2. <strong>Utiliza\u00e7\u00e3o do software descarregado<\/strong><\/h2>\n<ul>\n<li><strong>Risco de fazer download<\/strong>As ferramentas e utilit\u00e1rios de software dispon\u00edveis para download no Tools Tecnique s\u00e3o fornecidos apenas para fins informativos. Ao descarregar estes ficheiros, concorda em us\u00e1-los por sua conta e risco. <strong>Ferramentas T\u00e9cnicas<\/strong> N\u00e3o assume qualquer responsabilidade por quaisquer problemas que surjam da instala\u00e7\u00e3o, utiliza\u00e7\u00e3o ou utiliza\u00e7\u00e3o indevida destas ferramentas de software, incluindo perda de dados, falhas do sistema ou outros efeitos adversos.<\/li>\n<li><strong>N\u00e3o nos responsabilizamos por software de terceiros.<\/strong>A Tools Tecnique pode incluir links para software de terceiros ou fornecer acesso a sites externos. N\u00e3o possu\u00edmos, controlamos ou endossamos o software ou servi\u00e7os de terceiros dispon\u00edveis atrav\u00e9s destes links. \u00c9 da sua responsabilidade garantir que compreende e cumpre os termos de licenciamento e utiliza\u00e7\u00e3o de qualquer software de terceiros que descarregue.<\/li>\n<li><strong>Compatibilidade de software<\/strong>A Tools Tecnique n\u00e3o oferece qualquer garantia quanto \u00e0 compatibilidade do software descarregado com o seu computador, sistema operativo ou outros componentes de hardware ou software. \u00c9 da sua responsabilidade verificar a compatibilidade antes de descarregar ou instalar qualquer software.<\/li>\n<\/ul>\n<hr \/>\n<h2>3. <strong>Limita\u00e7\u00f5es de responsabilidade<\/strong><\/h2>\n<p>Na m\u00e1xima extens\u00e3o permitida pela legisla\u00e7\u00e3o aplic\u00e1vel, <strong>Ferramentas T\u00e9cnicas<\/strong> e as suas afiliadas, funcion\u00e1rios, parceiros ou contratados n\u00e3o ser\u00e3o respons\u00e1veis \u200b\u200bpor quaisquer danos de qualquer tipo decorrentes da utiliza\u00e7\u00e3o ou da impossibilidade de utiliza\u00e7\u00e3o do site ou do seu conte\u00fado, incluindo, entre outros:<\/p>\n<ul>\n<li>Danos indiretos, acidentais, especiais ou consequenciais.<\/li>\n<li>Perda de lucros, receitas ou dados.<\/li>\n<li>Falhas, erros ou avarias do sistema.<\/li>\n<li>Danos nos seus dispositivos ou software decorrentes do download, instala\u00e7\u00e3o ou utiliza\u00e7\u00e3o de ficheiros do site.<\/li>\n<\/ul>\n<p>Em caso algum a responsabilidade total da <strong>Ferramentas T\u00e9cnicas<\/strong> exceder o valor que pagou por qualquer produto ou servi\u00e7o relacionado com a sua utiliza\u00e7\u00e3o do site.<\/p>\n<hr \/>\n<h2>4. <strong>Links externos e conte\u00fado de terceiros<\/strong><\/h2>\n<ul>\n<li><strong>Links externos<\/strong>O site pode conter links para sites externos operados por terceiros. Estes links s\u00e3o fornecidos apenas para sua conveni\u00eancia. A Tools Tecnique n\u00e3o controla, monitoriza ou endossa o conte\u00fado desses sites externos. Ao utilizar os links, concorda que o faz por sua conta e risco.<\/li>\n<li><strong>N\u00e3o nos responsabilizamos por conte\u00fados externos.<\/strong>A Tools Tecnique n\u00e3o se responsabiliza por qualquer conte\u00fado, an\u00fancio, produto ou servi\u00e7o oferecido por sites de terceiros. O acesso a conte\u00fados de terceiros \u00e9 regido pelos termos de utiliza\u00e7\u00e3o e pol\u00edticas de privacidade dos respetivos sites, e recomendamos que reveja estas pol\u00edticas antes de interagir com sites externos.<\/li>\n<\/ul>\n<hr \/>\n<h2>5. <strong>N\u00e3o h\u00e1 endosso de conte\u00fado gerado pelo utilizador.<\/strong><\/h2>\n<p>Se o site permitir conte\u00fado gerado pelo utilizador, como coment\u00e1rios, avalia\u00e7\u00f5es, feedback ou publica\u00e7\u00f5es em f\u00f3runs, n\u00e3o endossamos nem garantimos a precis\u00e3o ou fiabilidade de qualquer conte\u00fado gerado pelo utilizador. As opini\u00f5es expressas no conte\u00fado gerado pelo utilizador s\u00e3o da responsabilidade dos respetivos autores e n\u00e3o refletem necessariamente as opini\u00f5es ou pontos de vista da empresa. <strong>Ferramentas T\u00e9cnicas<\/strong>.<\/p>\n<p>N\u00e3o nos responsabilizamos por quaisquer danos, perdas ou inconvenientes causados \u200b\u200bpela utiliza\u00e7\u00e3o de conte\u00fados gerados pelo utilizador.<\/p>\n<hr \/>\n<h2>6. <strong>Altera\u00e7\u00f5es no conte\u00fado e nos servi\u00e7os<\/strong><\/h2>\n<p><strong>Ferramentas T\u00e9cnicas<\/strong> A empresa reserva-se o direito de modificar, atualizar ou remover qualquer conte\u00fado ou servi\u00e7o oferecido no site a qualquer momento, sem aviso pr\u00e9vio. Isto inclui, entre outros, altera\u00e7\u00f5es na disponibilidade de ferramentas de software, a adi\u00e7\u00e3o ou remo\u00e7\u00e3o de funcionalidades ou atualiza\u00e7\u00f5es dos Termos e Condi\u00e7\u00f5es ou da Pol\u00edtica de Privacidade.<\/p>\n<p>N\u00e3o garantimos que o conte\u00fado ou os servi\u00e7os dispon\u00edveis no Site permane\u00e7am inalterados ou que quaisquer altera\u00e7\u00f5es futuras n\u00e3o afetem a sua utiliza\u00e7\u00e3o do website.<\/p>\n<hr \/>\n<h2>7. <strong>Sem aconselhamento profissional<\/strong><\/h2>\n<p>O conte\u00fado fornecido em <strong>Ferramentas T\u00e9cnicas<\/strong> Este conte\u00fado tem um car\u00e1cter meramente informativo e n\u00e3o deve ser interpretado como aconselhamento profissional, incluindo, entre outros, aconselhamento jur\u00eddico, financeiro ou t\u00e9cnico. Para aconselhamento espec\u00edfico sobre a utiliza\u00e7\u00e3o, instala\u00e7\u00e3o ou seguran\u00e7a do software, recomendamos a consulta de um profissional da \u00e1rea relevante.<\/p>\n<hr \/>\n<h2>8. <strong>A utiliza\u00e7\u00e3o deste site \u00e9 por sua conta e risco.<\/strong><\/h2>\n<p>O seu uso de <strong>Ferramentas T\u00e9cnicas<\/strong> A utiliza\u00e7\u00e3o do site \u00e9 inteiramente por sua conta e risco. A Tools Tecnique n\u00e3o garante que o site corresponda \u00e0s suas expectativas ou que os servi\u00e7os estejam isentos de erros, omiss\u00f5es ou interrup\u00e7\u00f5es. Ao utilizar o site, concorda que a Tools Tecnique n\u00e3o ser\u00e1 responsabilizada por quaisquer problemas decorrentes da utiliza\u00e7\u00e3o do site, incluindo problemas resultantes do download e instala\u00e7\u00e3o de ferramentas ou servi\u00e7os de software fornecidos no site.<\/p>\n<hr \/>\n<h2>9. <strong>Indeniza\u00e7\u00e3o<\/strong><\/h2>\n<p>Concorda em indemnizar e isentar de responsabilidade <strong>Ferramentas T\u00e9cnicas<\/strong>Concorda em isentar a empresa, as suas afiliadas, funcion\u00e1rios, parceiros e contratados de quaisquer reclama\u00e7\u00f5es, danos, perdas, responsabilidades e despesas (incluindo honor\u00e1rios de advogados) decorrentes da sua utiliza\u00e7\u00e3o do website, da sua viola\u00e7\u00e3o destes termos ou da sua viola\u00e7\u00e3o de qualquer propriedade intelectual ou direitos de terceiros.<\/p>\n<hr \/>\n<h2>10. <strong>Lei aplic\u00e1vel<\/strong><\/h2>\n<p>O presente Termo de Isen\u00e7\u00e3o de Responsabilidade ser\u00e1 regido e interpretado de acordo com as leis da [Sua Jurisdi\u00e7\u00e3o]. Quaisquer lit\u00edgios relacionados com este Termo de Isen\u00e7\u00e3o de Responsabilidade estar\u00e3o sujeitos \u00e0 jurisdi\u00e7\u00e3o exclusiva dos tribunais da [Sua Jurisdi\u00e7\u00e3o].<\/p>\n<hr \/>\n<h2>11. <strong>As altera\u00e7\u00f5es a esta declara\u00e7\u00e3o de exonera\u00e7\u00e3o de responsabilidade<\/strong><\/h2>\n<p><strong>Ferramentas T\u00e9cnicas<\/strong> A empresa reserva-se o direito de alterar ou atualizar este Aviso Legal a qualquer momento. Quando forem efetuadas altera\u00e7\u00f5es, publicaremos o Aviso Legal atualizado nesta p\u00e1gina com uma nova \u201cData de Entrada em Vigor\u201d. Ao continuar a utilizar o site, concorda em ficar vinculado ao Aviso Legal atualizado.<\/p>\n<hr \/>\n<h2>12. <strong>Contate-nos<\/strong><\/h2>\n<p>Se tiver alguma d\u00favida ou preocupa\u00e7\u00e3o em rela\u00e7\u00e3o a este Aviso Legal ou ao conte\u00fado em <strong>Ferramentas T\u00e9cnicas<\/strong>Por favor contacte-nos atrav\u00e9s do seguinte endere\u00e7o:<\/p>\n<p><strong>Ferramentas T\u00e9cnicas<\/strong><br \/>\nE-mail: [<a href=\"mailto:toolstecique@gmail.com\">toolstecique@gmail.com<\/a>]<br \/>\nSite: [<a href=\"https:\/\/toolstecique.com\/pt\/\">www.toolstecnique.com<\/a>]<\/p>\n<hr \/>\n<p>Ao usar <strong>Ferramentas T\u00e9cnicas<\/strong>Ao aceder a este site, reconhece que leu, compreendeu e concorda com este Aviso Legal.<\/p>","protected":false},"excerpt":{"rendered":"<p>1. No Warranties Tools Tecique strives to provide accurate, up-to-date, and secure content on the website. However, we make no [&hellip;]<\/p>","protected":false},"author":1,"featured_media":0,"parent":0,"menu_order":0,"comment_status":"closed","ping_status":"closed","template":"","meta":{"site-sidebar-layout":"default","site-content-layout":"","ast-site-content-layout":"default","site-content-style":"default","site-sidebar-style":"default","ast-global-header-display":"","ast-banner-title-visibility":"","ast-main-header-display":"","ast-hfb-above-header-display":"","ast-hfb-below-header-display":"","ast-hfb-mobile-header-display":"","site-post-title":"","ast-breadcrumbs-content":"","ast-featured-img":"","footer-sml-layout":"","ast-disable-related-posts":"","theme-transparent-header-meta":"default","adv-header-id-meta":"","stick-header-meta":"","header-above-stick-meta":"","header-main-stick-meta":"","header-below-stick-meta":"","astra-migrate-meta-layouts":"set","ast-page-background-enabled":"default","ast-page-background-meta":{"desktop":{"background-color":"var(--ast-global-color-5)","background-image":"","background-repeat":"repeat","background-position":"center center","background-size":"auto","background-attachment":"scroll","background-type":"","background-media":"","overlay-type":"","overlay-color":"","overlay-opacity":"","overlay-gradient":""},"tablet":{"background-color":"","background-image":"","background-repeat":"repeat","background-position":"center center","background-size":"auto","background-attachment":"scroll","background-type":"","background-media":"","overlay-type":"","overlay-color":"","overlay-opacity":"","overlay-gradient":""},"mobile":{"background-color":"","background-image":"","background-repeat":"repeat","background-position":"center center","background-size":"auto","background-attachment":"scroll","background-type":"","background-media":"","overlay-type":"","overlay-color":"","overlay-opacity":"","overlay-gradient":""}},"ast-content-background-meta":{"desktop":{"background-color":"var(--ast-global-color-4)","background-image":"","background-repeat":"repeat","background-position":"center center","background-size":"auto","background-attachment":"scroll","background-type":"","background-media":"","overlay-type":"","overlay-color":"","overlay-opacity":"","overlay-gradient":""},"tablet":{"background-color":"var(--ast-global-color-4)","background-image":"","background-repeat":"repeat","background-position":"center center","background-size":"auto","background-attachment":"scroll","background-type":"","background-media":"","overlay-type":"","overlay-color":"","overlay-opacity":"","overlay-gradient":""},"mobile":{"background-color":"var(--ast-global-color-4)","background-image":"","background-repeat":"repeat","background-position":"center center","background-size":"auto","background-attachment":"scroll","background-type":"","background-media":"","overlay-type":"","overlay-color":"","overlay-opacity":"","overlay-gradient":""}},"footnotes":""},"class_list":["post-211","page","type-page","status-publish","hentry"],"yoast_head":"<!-- This site is optimized with the Yoast SEO Premium plugin v25.9 (Yoast SEO v27.5) - https:\/\/yoast.com\/product\/yoast-seo-premium-wordpress\/ -->\n<title>Disclaimer - Tools Tecique<\/title>\n<meta name=\"robots\" content=\"index, follow, max-snippet:-1, max-image-preview:large, max-video-preview:-1\" \/>\n<link rel=\"canonical\" href=\"https:\/\/toolstecique.com\/pt\/disclaimer\/\" \/>\n<meta property=\"og:locale\" content=\"pt_PT\" \/>\n<meta property=\"og:type\" content=\"article\" \/>\n<meta property=\"og:title\" content=\"Disclaimer\" \/>\n<meta property=\"og:description\" content=\"1. No Warranties Tools Tecique strives to provide accurate, up-to-date, and secure content on the website. However, we make no [&hellip;]\" \/>\n<meta property=\"og:url\" content=\"https:\/\/toolstecique.com\/pt\/disclaimer\/\" \/>\n<meta property=\"og:site_name\" content=\"Tools Tecique\" \/>\n<meta property=\"article:modified_time\" content=\"2025-04-18T10:41:31+00:00\" \/>\n<meta name=\"twitter:card\" content=\"summary_large_image\" \/>\n<meta name=\"twitter:label1\" content=\"Tempo estimado de leitura\" \/>\n\t<meta name=\"twitter:data1\" content=\"5 minutos\" \/>\n<script type=\"application\/ld+json\" class=\"yoast-schema-graph\">{\"@context\":\"https:\\\/\\\/schema.org\",\"@graph\":[{\"@type\":\"WebPage\",\"@id\":\"https:\\\/\\\/toolstecique.com\\\/disclaimer\\\/\",\"url\":\"https:\\\/\\\/toolstecique.com\\\/disclaimer\\\/\",\"name\":\"Disclaimer - Tools Tecique\",\"isPartOf\":{\"@id\":\"https:\\\/\\\/toolstecique.com\\\/#website\"},\"datePublished\":\"2024-11-29T12:15:01+00:00\",\"dateModified\":\"2025-04-18T10:41:31+00:00\",\"breadcrumb\":{\"@id\":\"https:\\\/\\\/toolstecique.com\\\/disclaimer\\\/#breadcrumb\"},\"inLanguage\":\"pt-PT\",\"potentialAction\":[{\"@type\":\"ReadAction\",\"target\":[\"https:\\\/\\\/toolstecique.com\\\/disclaimer\\\/\"]}]},{\"@type\":\"BreadcrumbList\",\"@id\":\"https:\\\/\\\/toolstecique.com\\\/disclaimer\\\/#breadcrumb\",\"itemListElement\":[{\"@type\":\"ListItem\",\"position\":1,\"name\":\"Home\",\"item\":\"https:\\\/\\\/toolstecique.com\\\/\"},{\"@type\":\"ListItem\",\"position\":2,\"name\":\"Disclaimer\"}]},{\"@type\":\"WebSite\",\"@id\":\"https:\\\/\\\/toolstecique.com\\\/#website\",\"url\":\"https:\\\/\\\/toolstecique.com\\\/\",\"name\":\"Tools Tecique\",\"description\":\"\",\"publisher\":{\"@id\":\"https:\\\/\\\/toolstecique.com\\\/#organization\"},\"potentialAction\":[{\"@type\":\"SearchAction\",\"target\":{\"@type\":\"EntryPoint\",\"urlTemplate\":\"https:\\\/\\\/toolstecique.com\\\/?s={search_term_string}\"},\"query-input\":{\"@type\":\"PropertyValueSpecification\",\"valueRequired\":true,\"valueName\":\"search_term_string\"}}],\"inLanguage\":\"pt-PT\"},{\"@type\":\"Organization\",\"@id\":\"https:\\\/\\\/toolstecique.com\\\/#organization\",\"name\":\"Tools Tecique\",\"url\":\"https:\\\/\\\/toolstecique.com\\\/\",\"logo\":{\"@type\":\"ImageObject\",\"inLanguage\":\"pt-PT\",\"@id\":\"https:\\\/\\\/toolstecique.com\\\/#\\\/schema\\\/logo\\\/image\\\/\",\"url\":\"https:\\\/\\\/toolstecique.com\\\/wp-content\\\/uploads\\\/2025\\\/02\\\/green-profile.png\",\"contentUrl\":\"https:\\\/\\\/toolstecique.com\\\/wp-content\\\/uploads\\\/2025\\\/02\\\/green-profile.png\",\"width\":250,\"height\":250,\"caption\":\"Tools Tecique\"},\"image\":{\"@id\":\"https:\\\/\\\/toolstecique.com\\\/#\\\/schema\\\/logo\\\/image\\\/\"}}]}<\/script>\n<!-- \/ Yoast SEO Premium plugin. -->","yoast_head_json":{"title":"Aviso Legal - Ferramentas T\u00e9cnicas","robots":{"index":"index","follow":"follow","max-snippet":"max-snippet:-1","max-image-preview":"max-image-preview:large","max-video-preview":"max-video-preview:-1"},"canonical":"https:\/\/toolstecique.com\/pt\/disclaimer\/","og_locale":"pt_PT","og_type":"article","og_title":"Disclaimer","og_description":"1. No Warranties Tools Tecique strives to provide accurate, up-to-date, and secure content on the website. However, we make no [&hellip;]","og_url":"https:\/\/toolstecique.com\/pt\/disclaimer\/","og_site_name":"Tools Tecique","article_modified_time":"2025-04-18T10:41:31+00:00","twitter_card":"summary_large_image","twitter_misc":{"Tempo estimado de leitura":"5 minutos"},"schema":{"@context":"https:\/\/schema.org","@graph":[{"@type":"WebPage","@id":"https:\/\/toolstecique.com\/disclaimer\/","url":"https:\/\/toolstecique.com\/disclaimer\/","name":"Aviso Legal - Ferramentas T\u00e9cnicas","isPartOf":{"@id":"https:\/\/toolstecique.com\/#website"},"datePublished":"2024-11-29T12:15:01+00:00","dateModified":"2025-04-18T10:41:31+00:00","breadcrumb":{"@id":"https:\/\/toolstecique.com\/disclaimer\/#breadcrumb"},"inLanguage":"pt-PT","potentialAction":[{"@type":"ReadAction","target":["https:\/\/toolstecique.com\/disclaimer\/"]}]},{"@type":"BreadcrumbList","@id":"https:\/\/toolstecique.com\/disclaimer\/#breadcrumb","itemListElement":[{"@type":"ListItem","position":1,"name":"Home","item":"https:\/\/toolstecique.com\/"},{"@type":"ListItem","position":2,"name":"Disclaimer"}]},{"@type":"WebSite","@id":"https:\/\/toolstecique.com\/#website","url":"https:\/\/toolstecique.com\/","name":"Ferramentas T\u00e9cnicas","description":"","publisher":{"@id":"https:\/\/toolstecique.com\/#organization"},"potentialAction":[{"@type":"SearchAction","target":{"@type":"EntryPoint","urlTemplate":"https:\/\/toolstecique.com\/?s={search_term_string}"},"query-input":{"@type":"PropertyValueSpecification","valueRequired":true,"valueName":"search_term_string"}}],"inLanguage":"pt-PT"},{"@type":"Organization","@id":"https:\/\/toolstecique.com\/#organization","name":"Ferramentas T\u00e9cnicas","url":"https:\/\/toolstecique.com\/","logo":{"@type":"ImageObject","inLanguage":"pt-PT","@id":"https:\/\/toolstecique.com\/#\/schema\/logo\/image\/","url":"https:\/\/toolstecique.com\/wp-content\/uploads\/2025\/02\/green-profile.png","contentUrl":"https:\/\/toolstecique.com\/wp-content\/uploads\/2025\/02\/green-profile.png","width":250,"height":250,"caption":"Tools Tecique"},"image":{"@id":"https:\/\/toolstecique.com\/#\/schema\/logo\/image\/"}}]}},"_links":{"self":[{"href":"https:\/\/toolstecique.com\/pt\/wp-json\/wp\/v2\/pages\/211","targetHints":{"allow":["GET"]}}],"collection":[{"href":"https:\/\/toolstecique.com\/pt\/wp-json\/wp\/v2\/pages"}],"about":[{"href":"https:\/\/toolstecique.com\/pt\/wp-json\/wp\/v2\/types\/page"}],"author":[{"embeddable":true,"href":"https:\/\/toolstecique.com\/pt\/wp-json\/wp\/v2\/users\/1"}],"replies":[{"embeddable":true,"href":"https:\/\/toolstecique.com\/pt\/wp-json\/wp\/v2\/comments?post=211"}],"version-history":[{"count":0,"href":"https:\/\/toolstecique.com\/pt\/wp-json\/wp\/v2\/pages\/211\/revisions"}],"wp:attachment":[{"href":"https:\/\/toolstecique.com\/pt\/wp-json\/wp\/v2\/media?parent=211"}],"curies":[{"name":"wp","href":"https:\/\/api.w.org\/{rel}","templated":true}]}}