{"id":218,"date":"2024-11-29T12:24:01","date_gmt":"2024-11-29T12:24:01","guid":{"rendered":"https:\/\/toolstecique.com\/?page_id=218"},"modified":"2024-11-29T12:24:01","modified_gmt":"2024-11-29T12:24:01","slug":"cookie-policy","status":"publish","type":"page","link":"https:\/\/toolstecique.com\/pt\/cookie-policy\/","title":{"rendered":"Pol\u00edtica de Cookies"},"content":{"rendered":"<p>Isto <strong>Pol\u00edtica de Cookies<\/strong> explica como <strong>Ferramentas T\u00e9cnicas<\/strong> N\u00f3s (doravante \"n\u00f3s\", \"nosso\" ou \"nossos\") utilizamos cookies e tecnologias semelhantes para recolher informa\u00e7\u00f5es quando visita o nosso website.<a href=\"http:\/\/www.toolstecnique.com\/\">www.toolstecnique.com<\/a>] (Site). Ao utilizar o nosso Site, concorda com o uso de cookies conforme descrito nesta pol\u00edtica. Se n\u00e3o concordar com a utiliza\u00e7\u00e3o de cookies, dever\u00e1 desativ\u00e1-los seguindo as instru\u00e7\u00f5es desta pol\u00edtica ou abster-se de utilizar o Site.<\/p>\n<hr \/>\n<h2><strong>O que s\u00e3o cookies?<\/strong><\/h2>\n<p>Os cookies s\u00e3o pequenos ficheiros de texto colocados no seu dispositivo (como um computador, tablet ou smartphone) quando visita um website. Estes cookies s\u00e3o utilizados para recolher e armazenar informa\u00e7\u00f5es para melhorar a sua experi\u00eancia de utilizador, rastrear a sua atividade no website e melhorar a funcionalidade do website.<\/p>\n<p>Os cookies podem ser de dois tipos:<\/p>\n<ul>\n<li><strong>Cookies prim\u00e1rios<\/strong>Estes s\u00e3o cookies definidos pelo site que est\u00e1 a visitar (neste caso, <strong>Ferramentas T\u00e9cnicas<\/strong>).<\/li>\n<li><strong>Cookies de terceiros<\/strong>Estes s\u00e3o cookies definidos por servi\u00e7os externos, como redes de publicidade ou fornecedores de an\u00e1lise, que n\u00e3o s\u00e3o controlados diretamente pelo website que est\u00e1 a visitar.<\/li>\n<\/ul>\n<hr \/>\n<h2><strong>Por que raz\u00e3o usamos cookies?<\/strong><\/h2>\n<p>Utilizamos cookies no nosso Site para os seguintes fins:<\/p>\n<ol>\n<li><strong>Para melhorar a funcionalidade do site.<\/strong>Os cookies ajudam-nos a garantir que o Site funciona conforme o esperado. Por exemplo, permitem-nos lembrar-nos das suas prefer\u00eancias ou ajud\u00e1-lo a navegar entre p\u00e1ginas sem perder as suas informa\u00e7\u00f5es.<\/li>\n<li><strong>Para melhorar a experi\u00eancia do utilizador<\/strong>Os cookies podem ser utilizados para personalizar a sua experi\u00eancia, lembrando as suas prefer\u00eancias de idioma, estado de in\u00edcio de sess\u00e3o ou outras defini\u00e7\u00f5es personalizadas.<\/li>\n<li><strong>Para an\u00e1lises e desempenho<\/strong>Utilizamos cookies para recolher dados sobre a forma como os visitantes interagem com o nosso website, o que nos ajuda a melhorar o seu desempenho e conte\u00fado. Estes cookies permitem-nos analisar padr\u00f5es de utiliza\u00e7\u00e3o, visitas \u00e0s p\u00e1ginas e muito mais.<\/li>\n<li><strong>Para Publicidade e Marketing<\/strong>Os cookies ajudam-nos a exibir an\u00fancios relevantes para si e a medir a efic\u00e1cia das nossas campanhas publicit\u00e1rias. Estes cookies podem rastrear o seu comportamento de navega\u00e7\u00e3o em diferentes sites para exibir an\u00fancios direcionados.<\/li>\n<\/ol>\n<hr \/>\n<h2><strong>Tipos de cookies que utilizamos<\/strong><\/h2>\n<p>Utilizamos v\u00e1rios tipos de cookies no nosso site:<\/p>\n<ul>\n<li><strong>Cookies Essenciais<\/strong>Estes cookies s\u00e3o estritamente necess\u00e1rios para o funcionamento do site e n\u00e3o podem ser desativados. S\u00e3o geralmente definidos em resposta a a\u00e7\u00f5es que realiza, como iniciar sess\u00e3o ou preencher formul\u00e1rios.<\/li>\n<li><strong>Cookies de desempenho\/anal\u00edticos<\/strong>Estes cookies recolhem informa\u00e7\u00f5es sobre a forma como os visitantes interagem com o nosso website, como por exemplo, quais as p\u00e1ginas visitadas com mais frequ\u00eancia ou se os utilizadores recebem mensagens de erro das p\u00e1ginas web. Estes cookies ajudam-nos a melhorar o funcionamento do nosso site.<\/li>\n<li><strong>Cookies de funcionalidade<\/strong>Estes cookies permitem que o Site se lembre das suas escolhas (como as suas prefer\u00eancias de idioma ou regi\u00e3o) e oferecem funcionalidades melhoradas e mais personalizadas.<\/li>\n<li><strong>Cookies de segmenta\u00e7\u00e3o\/publicidade<\/strong>Estes cookies s\u00e3o utilizados para apresentar an\u00fancios mais relevantes para si, com base nos seus h\u00e1bitos de navega\u00e7\u00e3o. Podem rastrear a sua atividade de navega\u00e7\u00e3o em diferentes sites e s\u00e3o geralmente definidos por redes de publicidade de terceiros.<\/li>\n<\/ul>\n<hr \/>\n<h2><strong>Cookies de terceiros<\/strong><\/h2>\n<p>Podemos permitir que fornecedores de servi\u00e7os terceiros instalem cookies no nosso Site para realizar servi\u00e7os como analisar a utiliza\u00e7\u00e3o do site e exibir an\u00fancios direcionados. Estes terceiros podem utilizar os seus pr\u00f3prios cookies e tecnologias para recolher informa\u00e7\u00f5es sobre as suas atividades online, que podem ser utilizadas para fins de marketing ou para melhorar os seus servi\u00e7os.<\/p>\n<p>Por exemplo, utilizamos fornecedores de an\u00e1lises de terceiros como <strong>Google Analytics<\/strong> Para analisar o tr\u00e1fego do website e o comportamento do utilizador, o Google Analytics pode utilizar cookies para recolher dados anonimizados, como as p\u00e1ginas que visita e o tempo que passa em cada p\u00e1gina. Pode ler mais sobre como a Google utiliza os dados na sua pol\u00edtica de privacidade. <strong>pol\u00edtica de Privacidade<\/strong>.<\/p>\n<hr \/>\n<h2><strong>Como controlar e gerir cookies<\/strong><\/h2>\n<p>Pode gerir as suas prefer\u00eancias de cookies de diversas formas:<\/p>\n<ol>\n<li><strong>Banner de consentimento de cookies<\/strong>Ao visitar o nosso website pela primeira vez, ver\u00e1 um banner de consentimento de cookies que lhe permite aceitar ou gerir as suas prefer\u00eancias de cookies. Pode optar por aceitar todos os cookies, rejeitar cookies n\u00e3o essenciais ou personalizar as suas defini\u00e7\u00f5es.<\/li>\n<li><strong>Configura\u00e7\u00f5es do navegador<\/strong>A maioria dos navegadores permite gerir cookies atrav\u00e9s das defini\u00e7\u00f5es do navegador. Pode configurar o seu navegador para aceitar ou rejeitar cookies, eliminar cookies existentes e definir prefer\u00eancias sobre a forma como os cookies devem ser tratados. Para mais informa\u00e7\u00f5es sobre como gerir cookies no seu navegador, visite o site da Amazon. <strong>Sec\u00e7\u00e3o de ajuda<\/strong> do seu browser.\n<ul>\n<li><strong>Google Chrome<\/strong>: <a href=\"https:\/\/support.google.com\/chrome\/answer\/95647\">Como gerir cookies no Chrome<\/a><\/li>\n<li><strong>Mozilla Firefox<\/strong>: <a href=\"https:\/\/support.mozilla.org\/en-US\/kb\/enable-and-disable-cookies-website-preferences\">Como gerir cookies no Firefox<\/a><\/li>\n<li><strong>Saf\u00e1ri<\/strong>: <a href=\"https:\/\/support.apple.com\/en-us\/HT201265\">Como gerir cookies no Safari<\/a><\/li>\n<li><strong>Microsoft Edge<\/strong>: <a href=\"https:\/\/support.microsoft.com\/en-us\/microsoft-edge\/privacy-and-services-in-microsoft-edge-2c2a2714-d085-42a3-9bc0-0b4e9c62ca7b\">Como gerir cookies no Edge<\/a><\/li>\n<\/ul>\n<\/li>\n<li><strong>Desativar os cookies de publicidade<\/strong>Pode optar por n\u00e3o receber an\u00fancios personalizados de anunciantes terceiros, visitando os seguintes sites:\n<ul>\n<li><strong>Configura\u00e7\u00f5es de an\u00fancios do Google<\/strong>: <a href=\"https:\/\/adssettings.google.com\/\">https:\/\/adssettings.google.com<\/a><\/li>\n<li><strong>Iniciativa de Publicidade em Rede (NAI)<\/strong>: <a href=\"https:\/\/optout.networkadvertising.org\/\">https:\/\/optout.networkadvertising.org\/<\/a><\/li>\n<li><strong>Alian\u00e7a de Publicidade Digital (DAA)<\/strong>: <a href=\"https:\/\/www.aboutads.info\/choices\">https:\/\/www.aboutads.info\/choices<\/a><\/li>\n<\/ul>\n<\/li>\n<\/ol>\n<p>Note que se desativar os cookies, algumas funcionalidades do Site poder\u00e3o n\u00e3o funcionar corretamente e poder\u00e1 n\u00e3o conseguir desfrutar da experi\u00eancia completa.<\/p>\n<hr \/>\n<h3><strong>Altera\u00e7\u00f5es a esta Pol\u00edtica de Cookies<\/strong><\/h3>\n<p>Poderemos atualizar esta Pol\u00edtica de Cookies periodicamente para refletir altera\u00e7\u00f5es nas nossas pr\u00e1ticas, tecnologia ou requisitos legais aplic\u00e1veis. Quando fizermos atualiza\u00e7\u00f5es, publicaremos a pol\u00edtica revista nesta p\u00e1gina e atualizaremos a \u201cData de Entrada em Vigor\u201d no topo da p\u00e1gina.<\/p>\n<hr \/>\n<h3><strong>Contate-nos<\/strong><\/h3>\n<p>Se tiver alguma d\u00favida sobre esta Pol\u00edtica de Cookies ou sobre a nossa utiliza\u00e7\u00e3o de cookies, por favor contacte-nos atrav\u00e9s do seguinte endere\u00e7o:<\/p>\n<p><strong>Ferramentas T\u00e9cnicas<\/strong><br \/>\nE-mail: [<a href=\"mailto:contact@toolstecnique.com\">contact@toolstecnique.com<\/a>]<br \/>\nSite: [<a href=\"http:\/\/www.toolstecnique.com\/\">www.toolstecnique.com<\/a>]<\/p>\n<hr \/>\n<p>Ao continuar a utilizar o <strong>Ferramentas T\u00e9cnicas<\/strong> Ao utilizar este website, concorda com a utiliza\u00e7\u00e3o de cookies conforme descrito nesta Pol\u00edtica de Cookies.<\/p>\n<hr \/>\n<p>&nbsp;<\/p>","protected":false},"excerpt":{"rendered":"<p>This Cookie Policy explains how Tools Tecnique (&#8220;we,&#8221; &#8220;our,&#8221; or &#8220;us&#8221;) uses cookies and similar technologies to collect information when [&hellip;]<\/p>","protected":false},"author":1,"featured_media":0,"parent":0,"menu_order":0,"comment_status":"closed","ping_status":"closed","template":"","meta":{"site-sidebar-layout":"default","site-content-layout":"","ast-site-content-layout":"default","site-content-style":"default","site-sidebar-style":"default","ast-global-header-display":"","ast-banner-title-visibility":"","ast-main-header-display":"","ast-hfb-above-header-display":"","ast-hfb-below-header-display":"","ast-hfb-mobile-header-display":"","site-post-title":"","ast-breadcrumbs-content":"","ast-featured-img":"","footer-sml-layout":"","ast-disable-related-posts":"","theme-transparent-header-meta":"default","adv-header-id-meta":"","stick-header-meta":"","header-above-stick-meta":"","header-main-stick-meta":"","header-below-stick-meta":"","astra-migrate-meta-layouts":"set","ast-page-background-enabled":"default","ast-page-background-meta":{"desktop":{"background-color":"var(--ast-global-color-5)","background-image":"","background-repeat":"repeat","background-position":"center center","background-size":"auto","background-attachment":"scroll","background-type":"","background-media":"","overlay-type":"","overlay-color":"","overlay-opacity":"","overlay-gradient":""},"tablet":{"background-color":"","background-image":"","background-repeat":"repeat","background-position":"center center","background-size":"auto","background-attachment":"scroll","background-type":"","background-media":"","overlay-type":"","overlay-color":"","overlay-opacity":"","overlay-gradient":""},"mobile":{"background-color":"","background-image":"","background-repeat":"repeat","background-position":"center center","background-size":"auto","background-attachment":"scroll","background-type":"","background-media":"","overlay-type":"","overlay-color":"","overlay-opacity":"","overlay-gradient":""}},"ast-content-background-meta":{"desktop":{"background-color":"var(--ast-global-color-4)","background-image":"","background-repeat":"repeat","background-position":"center center","background-size":"auto","background-attachment":"scroll","background-type":"","background-media":"","overlay-type":"","overlay-color":"","overlay-opacity":"","overlay-gradient":""},"tablet":{"background-color":"var(--ast-global-color-4)","background-image":"","background-repeat":"repeat","background-position":"center center","background-size":"auto","background-attachment":"scroll","background-type":"","background-media":"","overlay-type":"","overlay-color":"","overlay-opacity":"","overlay-gradient":""},"mobile":{"background-color":"var(--ast-global-color-4)","background-image":"","background-repeat":"repeat","background-position":"center center","background-size":"auto","background-attachment":"scroll","background-type":"","background-media":"","overlay-type":"","overlay-color":"","overlay-opacity":"","overlay-gradient":""}},"footnotes":""},"class_list":["post-218","page","type-page","status-publish","hentry"],"yoast_head":"<!-- This site is optimized with the Yoast SEO Premium plugin v25.9 (Yoast SEO v27.5) - https:\/\/yoast.com\/product\/yoast-seo-premium-wordpress\/ -->\n<title>Cookie Policy - Tools Tecique<\/title>\n<meta name=\"robots\" content=\"index, follow, max-snippet:-1, max-image-preview:large, max-video-preview:-1\" \/>\n<link rel=\"canonical\" href=\"https:\/\/toolstecique.com\/pt\/cookie-policy\/\" \/>\n<meta property=\"og:locale\" content=\"pt_PT\" \/>\n<meta property=\"og:type\" content=\"article\" \/>\n<meta property=\"og:title\" content=\"Cookie Policy\" \/>\n<meta property=\"og:description\" content=\"This Cookie Policy explains how Tools Tecnique (&#8220;we,&#8221; &#8220;our,&#8221; or &#8220;us&#8221;) uses cookies and similar technologies to collect information when [&hellip;]\" \/>\n<meta property=\"og:url\" content=\"https:\/\/toolstecique.com\/pt\/cookie-policy\/\" \/>\n<meta property=\"og:site_name\" content=\"Tools Tecique\" \/>\n<meta name=\"twitter:card\" content=\"summary_large_image\" \/>\n<meta name=\"twitter:label1\" content=\"Tempo estimado de leitura\" \/>\n\t<meta name=\"twitter:data1\" content=\"4 minutos\" \/>\n<script type=\"application\/ld+json\" class=\"yoast-schema-graph\">{\"@context\":\"https:\\\/\\\/schema.org\",\"@graph\":[{\"@type\":\"WebPage\",\"@id\":\"https:\\\/\\\/toolstecique.com\\\/cookie-policy\\\/\",\"url\":\"https:\\\/\\\/toolstecique.com\\\/cookie-policy\\\/\",\"name\":\"Cookie Policy - Tools Tecique\",\"isPartOf\":{\"@id\":\"https:\\\/\\\/toolstecique.com\\\/#website\"},\"datePublished\":\"2024-11-29T12:24:01+00:00\",\"breadcrumb\":{\"@id\":\"https:\\\/\\\/toolstecique.com\\\/cookie-policy\\\/#breadcrumb\"},\"inLanguage\":\"pt-PT\",\"potentialAction\":[{\"@type\":\"ReadAction\",\"target\":[\"https:\\\/\\\/toolstecique.com\\\/cookie-policy\\\/\"]}]},{\"@type\":\"BreadcrumbList\",\"@id\":\"https:\\\/\\\/toolstecique.com\\\/cookie-policy\\\/#breadcrumb\",\"itemListElement\":[{\"@type\":\"ListItem\",\"position\":1,\"name\":\"Home\",\"item\":\"https:\\\/\\\/toolstecique.com\\\/\"},{\"@type\":\"ListItem\",\"position\":2,\"name\":\"Cookie Policy\"}]},{\"@type\":\"WebSite\",\"@id\":\"https:\\\/\\\/toolstecique.com\\\/#website\",\"url\":\"https:\\\/\\\/toolstecique.com\\\/\",\"name\":\"Tools Tecique\",\"description\":\"\",\"publisher\":{\"@id\":\"https:\\\/\\\/toolstecique.com\\\/#organization\"},\"potentialAction\":[{\"@type\":\"SearchAction\",\"target\":{\"@type\":\"EntryPoint\",\"urlTemplate\":\"https:\\\/\\\/toolstecique.com\\\/?s={search_term_string}\"},\"query-input\":{\"@type\":\"PropertyValueSpecification\",\"valueRequired\":true,\"valueName\":\"search_term_string\"}}],\"inLanguage\":\"pt-PT\"},{\"@type\":\"Organization\",\"@id\":\"https:\\\/\\\/toolstecique.com\\\/#organization\",\"name\":\"Tools Tecique\",\"url\":\"https:\\\/\\\/toolstecique.com\\\/\",\"logo\":{\"@type\":\"ImageObject\",\"inLanguage\":\"pt-PT\",\"@id\":\"https:\\\/\\\/toolstecique.com\\\/#\\\/schema\\\/logo\\\/image\\\/\",\"url\":\"https:\\\/\\\/toolstecique.com\\\/wp-content\\\/uploads\\\/2025\\\/02\\\/green-profile.png\",\"contentUrl\":\"https:\\\/\\\/toolstecique.com\\\/wp-content\\\/uploads\\\/2025\\\/02\\\/green-profile.png\",\"width\":250,\"height\":250,\"caption\":\"Tools Tecique\"},\"image\":{\"@id\":\"https:\\\/\\\/toolstecique.com\\\/#\\\/schema\\\/logo\\\/image\\\/\"}}]}<\/script>\n<!-- \/ Yoast SEO Premium plugin. -->","yoast_head_json":{"title":"Pol\u00edtica de Cookies - Ferramentas T\u00e9cnicas","robots":{"index":"index","follow":"follow","max-snippet":"max-snippet:-1","max-image-preview":"max-image-preview:large","max-video-preview":"max-video-preview:-1"},"canonical":"https:\/\/toolstecique.com\/pt\/cookie-policy\/","og_locale":"pt_PT","og_type":"article","og_title":"Cookie Policy","og_description":"This Cookie Policy explains how Tools Tecnique (&#8220;we,&#8221; &#8220;our,&#8221; or &#8220;us&#8221;) uses cookies and similar technologies to collect information when [&hellip;]","og_url":"https:\/\/toolstecique.com\/pt\/cookie-policy\/","og_site_name":"Tools Tecique","twitter_card":"summary_large_image","twitter_misc":{"Tempo estimado de leitura":"4 minutos"},"schema":{"@context":"https:\/\/schema.org","@graph":[{"@type":"WebPage","@id":"https:\/\/toolstecique.com\/cookie-policy\/","url":"https:\/\/toolstecique.com\/cookie-policy\/","name":"Pol\u00edtica de Cookies - Ferramentas T\u00e9cnicas","isPartOf":{"@id":"https:\/\/toolstecique.com\/#website"},"datePublished":"2024-11-29T12:24:01+00:00","breadcrumb":{"@id":"https:\/\/toolstecique.com\/cookie-policy\/#breadcrumb"},"inLanguage":"pt-PT","potentialAction":[{"@type":"ReadAction","target":["https:\/\/toolstecique.com\/cookie-policy\/"]}]},{"@type":"BreadcrumbList","@id":"https:\/\/toolstecique.com\/cookie-policy\/#breadcrumb","itemListElement":[{"@type":"ListItem","position":1,"name":"Home","item":"https:\/\/toolstecique.com\/"},{"@type":"ListItem","position":2,"name":"Cookie Policy"}]},{"@type":"WebSite","@id":"https:\/\/toolstecique.com\/#website","url":"https:\/\/toolstecique.com\/","name":"Ferramentas T\u00e9cnicas","description":"","publisher":{"@id":"https:\/\/toolstecique.com\/#organization"},"potentialAction":[{"@type":"SearchAction","target":{"@type":"EntryPoint","urlTemplate":"https:\/\/toolstecique.com\/?s={search_term_string}"},"query-input":{"@type":"PropertyValueSpecification","valueRequired":true,"valueName":"search_term_string"}}],"inLanguage":"pt-PT"},{"@type":"Organization","@id":"https:\/\/toolstecique.com\/#organization","name":"Ferramentas T\u00e9cnicas","url":"https:\/\/toolstecique.com\/","logo":{"@type":"ImageObject","inLanguage":"pt-PT","@id":"https:\/\/toolstecique.com\/#\/schema\/logo\/image\/","url":"https:\/\/toolstecique.com\/wp-content\/uploads\/2025\/02\/green-profile.png","contentUrl":"https:\/\/toolstecique.com\/wp-content\/uploads\/2025\/02\/green-profile.png","width":250,"height":250,"caption":"Tools Tecique"},"image":{"@id":"https:\/\/toolstecique.com\/#\/schema\/logo\/image\/"}}]}},"_links":{"self":[{"href":"https:\/\/toolstecique.com\/pt\/wp-json\/wp\/v2\/pages\/218","targetHints":{"allow":["GET"]}}],"collection":[{"href":"https:\/\/toolstecique.com\/pt\/wp-json\/wp\/v2\/pages"}],"about":[{"href":"https:\/\/toolstecique.com\/pt\/wp-json\/wp\/v2\/types\/page"}],"author":[{"embeddable":true,"href":"https:\/\/toolstecique.com\/pt\/wp-json\/wp\/v2\/users\/1"}],"replies":[{"embeddable":true,"href":"https:\/\/toolstecique.com\/pt\/wp-json\/wp\/v2\/comments?post=218"}],"version-history":[{"count":0,"href":"https:\/\/toolstecique.com\/pt\/wp-json\/wp\/v2\/pages\/218\/revisions"}],"wp:attachment":[{"href":"https:\/\/toolstecique.com\/pt\/wp-json\/wp\/v2\/media?parent=218"}],"curies":[{"name":"wp","href":"https:\/\/api.w.org\/{rel}","templated":true}]}}