{"id":2448,"date":"2025-11-28T09:59:56","date_gmt":"2025-11-28T09:59:56","guid":{"rendered":"https:\/\/toolstecique.com\/?page_id=2448"},"modified":"2025-11-28T09:59:56","modified_gmt":"2025-11-28T09:59:56","slug":"inflation-impact-calculator","status":"publish","type":"page","link":"https:\/\/toolstecique.com\/pt\/inflation-impact-calculator\/","title":{"rendered":"Calculadora de Impacto da Infla\u00e7\u00e3o"},"content":{"rendered":"","protected":false},"excerpt":{"rendered":"","protected":false},"author":1,"featured_media":0,"parent":0,"menu_order":0,"comment_status":"closed","ping_status":"closed","template":"inflation-impact-calculator.php","meta":{"site-sidebar-layout":"default","site-content-layout":"","ast-site-content-layout":"default","site-content-style":"default","site-sidebar-style":"default","ast-global-header-display":"","ast-banner-title-visibility":"","ast-main-header-display":"","ast-hfb-above-header-display":"","ast-hfb-below-header-display":"","ast-hfb-mobile-header-display":"","site-post-title":"","ast-breadcrumbs-content":"","ast-featured-img":"","footer-sml-layout":"","ast-disable-related-posts":"","theme-transparent-header-meta":"default","adv-header-id-meta":"","stick-header-meta":"","header-above-stick-meta":"","header-main-stick-meta":"","header-below-stick-meta":"","astra-migrate-meta-layouts":"set","ast-page-background-enabled":"default","ast-page-background-meta":{"desktop":{"background-color":"var(--ast-global-color-5)","background-image":"","background-repeat":"repeat","background-position":"center center","background-size":"auto","background-attachment":"scroll","background-type":"","background-media":"","overlay-type":"","overlay-color":"","overlay-opacity":"","overlay-gradient":""},"tablet":{"background-color":"","background-image":"","background-repeat":"repeat","background-position":"center center","background-size":"auto","background-attachment":"scroll","background-type":"","background-media":"","overlay-type":"","overlay-color":"","overlay-opacity":"","overlay-gradient":""},"mobile":{"background-color":"","background-image":"","background-repeat":"repeat","background-position":"center center","background-size":"auto","background-attachment":"scroll","background-type":"","background-media":"","overlay-type":"","overlay-color":"","overlay-opacity":"","overlay-gradient":""}},"ast-content-background-meta":{"desktop":{"background-color":"var(--ast-global-color-4)","background-image":"","background-repeat":"repeat","background-position":"center center","background-size":"auto","background-attachment":"scroll","background-type":"","background-media":"","overlay-type":"","overlay-color":"","overlay-opacity":"","overlay-gradient":""},"tablet":{"background-color":"var(--ast-global-color-4)","background-image":"","background-repeat":"repeat","background-position":"center center","background-size":"auto","background-attachment":"scroll","background-type":"","background-media":"","overlay-type":"","overlay-color":"","overlay-opacity":"","overlay-gradient":""},"mobile":{"background-color":"var(--ast-global-color-4)","background-image":"","background-repeat":"repeat","background-position":"center center","background-size":"auto","background-attachment":"scroll","background-type":"","background-media":"","overlay-type":"","overlay-color":"","overlay-opacity":"","overlay-gradient":""}},"footnotes":""},"class_list":["post-2448","page","type-page","status-publish","hentry"],"yoast_head":"<!-- This site is optimized with the Yoast SEO Premium plugin v25.9 (Yoast SEO v27.4) - https:\/\/yoast.com\/product\/yoast-seo-premium-wordpress\/ -->\n<title>Inflation Impact Calculator - Tools Tecique<\/title>\n<meta name=\"description\" content=\"Calculate how much your money will be worth in the future with our Inflation Impact Calculator. Instantly see buying power loss &amp; future value.\" \/>\n<meta name=\"robots\" content=\"index, follow, max-snippet:-1, max-image-preview:large, max-video-preview:-1\" \/>\n<link rel=\"canonical\" href=\"https:\/\/toolstecique.com\/pt\/inflation-impact-calculator\/\" \/>\n<meta property=\"og:locale\" content=\"pt_PT\" \/>\n<meta property=\"og:type\" content=\"article\" \/>\n<meta property=\"og:title\" content=\"Inflation Impact Calculator\" \/>\n<meta property=\"og:description\" content=\"Calculate how much your money will be worth in the future with our Inflation Impact Calculator. Instantly see buying power loss &amp; future value.\" \/>\n<meta property=\"og:url\" content=\"https:\/\/toolstecique.com\/pt\/inflation-impact-calculator\/\" \/>\n<meta property=\"og:site_name\" content=\"Tools Tecique\" \/>\n<meta name=\"twitter:card\" content=\"summary_large_image\" \/>\n<script type=\"application\/ld+json\" class=\"yoast-schema-graph\">{\"@context\":\"https:\\\/\\\/schema.org\",\"@graph\":[{\"@type\":\"WebPage\",\"@id\":\"https:\\\/\\\/toolstecique.com\\\/inflation-impact-calculator\\\/\",\"url\":\"https:\\\/\\\/toolstecique.com\\\/inflation-impact-calculator\\\/\",\"name\":\"Inflation Impact Calculator - Tools Tecique\",\"isPartOf\":{\"@id\":\"https:\\\/\\\/toolstecique.com\\\/#website\"},\"datePublished\":\"2025-11-28T09:59:56+00:00\",\"description\":\"Calculate how much your money will be worth in the future with our Inflation Impact Calculator. Instantly see buying power loss & future value.\",\"breadcrumb\":{\"@id\":\"https:\\\/\\\/toolstecique.com\\\/inflation-impact-calculator\\\/#breadcrumb\"},\"inLanguage\":\"pt-PT\",\"potentialAction\":[{\"@type\":\"ReadAction\",\"target\":[\"https:\\\/\\\/toolstecique.com\\\/inflation-impact-calculator\\\/\"]}]},{\"@type\":\"BreadcrumbList\",\"@id\":\"https:\\\/\\\/toolstecique.com\\\/inflation-impact-calculator\\\/#breadcrumb\",\"itemListElement\":[{\"@type\":\"ListItem\",\"position\":1,\"name\":\"Home\",\"item\":\"https:\\\/\\\/toolstecique.com\\\/\"},{\"@type\":\"ListItem\",\"position\":2,\"name\":\"Inflation Impact Calculator\"}]},{\"@type\":\"WebSite\",\"@id\":\"https:\\\/\\\/toolstecique.com\\\/#website\",\"url\":\"https:\\\/\\\/toolstecique.com\\\/\",\"name\":\"Tools Tecique\",\"description\":\"\",\"publisher\":{\"@id\":\"https:\\\/\\\/toolstecique.com\\\/#organization\"},\"potentialAction\":[{\"@type\":\"SearchAction\",\"target\":{\"@type\":\"EntryPoint\",\"urlTemplate\":\"https:\\\/\\\/toolstecique.com\\\/?s={search_term_string}\"},\"query-input\":{\"@type\":\"PropertyValueSpecification\",\"valueRequired\":true,\"valueName\":\"search_term_string\"}}],\"inLanguage\":\"pt-PT\"},{\"@type\":\"Organization\",\"@id\":\"https:\\\/\\\/toolstecique.com\\\/#organization\",\"name\":\"Tools Tecique\",\"url\":\"https:\\\/\\\/toolstecique.com\\\/\",\"logo\":{\"@type\":\"ImageObject\",\"inLanguage\":\"pt-PT\",\"@id\":\"https:\\\/\\\/toolstecique.com\\\/#\\\/schema\\\/logo\\\/image\\\/\",\"url\":\"https:\\\/\\\/toolstecique.com\\\/wp-content\\\/uploads\\\/2025\\\/02\\\/green-profile.png\",\"contentUrl\":\"https:\\\/\\\/toolstecique.com\\\/wp-content\\\/uploads\\\/2025\\\/02\\\/green-profile.png\",\"width\":250,\"height\":250,\"caption\":\"Tools Tecique\"},\"image\":{\"@id\":\"https:\\\/\\\/toolstecique.com\\\/#\\\/schema\\\/logo\\\/image\\\/\"}}]}<\/script>\n<!-- \/ Yoast SEO Premium plugin. -->","yoast_head_json":{"title":"Calculadora de Impacto da Infla\u00e7\u00e3o - Ferramentas T\u00e9cnicas","description":"Calcule quanto valer\u00e1 o seu dinheiro no futuro com a nossa Calculadora de Impacto da Infla\u00e7\u00e3o. Veja instantaneamente a perda do poder de compra e o valor futuro.","robots":{"index":"index","follow":"follow","max-snippet":"max-snippet:-1","max-image-preview":"max-image-preview:large","max-video-preview":"max-video-preview:-1"},"canonical":"https:\/\/toolstecique.com\/pt\/inflation-impact-calculator\/","og_locale":"pt_PT","og_type":"article","og_title":"Inflation Impact Calculator","og_description":"Calculate how much your money will be worth in the future with our Inflation Impact Calculator. Instantly see buying power loss & future value.","og_url":"https:\/\/toolstecique.com\/pt\/inflation-impact-calculator\/","og_site_name":"Tools Tecique","twitter_card":"summary_large_image","schema":{"@context":"https:\/\/schema.org","@graph":[{"@type":"WebPage","@id":"https:\/\/toolstecique.com\/inflation-impact-calculator\/","url":"https:\/\/toolstecique.com\/inflation-impact-calculator\/","name":"Calculadora de Impacto da Infla\u00e7\u00e3o - Ferramentas T\u00e9cnicas","isPartOf":{"@id":"https:\/\/toolstecique.com\/#website"},"datePublished":"2025-11-28T09:59:56+00:00","description":"Calcule quanto valer\u00e1 o seu dinheiro no futuro com a nossa Calculadora de Impacto da Infla\u00e7\u00e3o. Veja instantaneamente a perda do poder de compra e o valor futuro.","breadcrumb":{"@id":"https:\/\/toolstecique.com\/inflation-impact-calculator\/#breadcrumb"},"inLanguage":"pt-PT","potentialAction":[{"@type":"ReadAction","target":["https:\/\/toolstecique.com\/inflation-impact-calculator\/"]}]},{"@type":"BreadcrumbList","@id":"https:\/\/toolstecique.com\/inflation-impact-calculator\/#breadcrumb","itemListElement":[{"@type":"ListItem","position":1,"name":"Home","item":"https:\/\/toolstecique.com\/"},{"@type":"ListItem","position":2,"name":"Inflation Impact Calculator"}]},{"@type":"WebSite","@id":"https:\/\/toolstecique.com\/#website","url":"https:\/\/toolstecique.com\/","name":"Ferramentas T\u00e9cnicas","description":"","publisher":{"@id":"https:\/\/toolstecique.com\/#organization"},"potentialAction":[{"@type":"SearchAction","target":{"@type":"EntryPoint","urlTemplate":"https:\/\/toolstecique.com\/?s={search_term_string}"},"query-input":{"@type":"PropertyValueSpecification","valueRequired":true,"valueName":"search_term_string"}}],"inLanguage":"pt-PT"},{"@type":"Organization","@id":"https:\/\/toolstecique.com\/#organization","name":"Ferramentas T\u00e9cnicas","url":"https:\/\/toolstecique.com\/","logo":{"@type":"ImageObject","inLanguage":"pt-PT","@id":"https:\/\/toolstecique.com\/#\/schema\/logo\/image\/","url":"https:\/\/toolstecique.com\/wp-content\/uploads\/2025\/02\/green-profile.png","contentUrl":"https:\/\/toolstecique.com\/wp-content\/uploads\/2025\/02\/green-profile.png","width":250,"height":250,"caption":"Tools Tecique"},"image":{"@id":"https:\/\/toolstecique.com\/#\/schema\/logo\/image\/"}}]}},"_links":{"self":[{"href":"https:\/\/toolstecique.com\/pt\/wp-json\/wp\/v2\/pages\/2448","targetHints":{"allow":["GET"]}}],"collection":[{"href":"https:\/\/toolstecique.com\/pt\/wp-json\/wp\/v2\/pages"}],"about":[{"href":"https:\/\/toolstecique.com\/pt\/wp-json\/wp\/v2\/types\/page"}],"author":[{"embeddable":true,"href":"https:\/\/toolstecique.com\/pt\/wp-json\/wp\/v2\/users\/1"}],"replies":[{"embeddable":true,"href":"https:\/\/toolstecique.com\/pt\/wp-json\/wp\/v2\/comments?post=2448"}],"version-history":[{"count":1,"href":"https:\/\/toolstecique.com\/pt\/wp-json\/wp\/v2\/pages\/2448\/revisions"}],"predecessor-version":[{"id":2449,"href":"https:\/\/toolstecique.com\/pt\/wp-json\/wp\/v2\/pages\/2448\/revisions\/2449"}],"wp:attachment":[{"href":"https:\/\/toolstecique.com\/pt\/wp-json\/wp\/v2\/media?parent=2448"}],"curies":[{"name":"wp","href":"https:\/\/api.w.org\/{rel}","templated":true}]}}