{"id":201,"date":"2024-11-29T11:55:51","date_gmt":"2024-11-29T11:55:51","guid":{"rendered":"https:\/\/toolstecique.com\/?page_id=201"},"modified":"2025-04-18T10:45:01","modified_gmt":"2025-04-18T10:45:01","slug":"privacy-policy","status":"publish","type":"page","link":"https:\/\/toolstecique.com\/tr\/privacy-policy\/","title":{"rendered":"Gizlilik Politikas\u0131"},"content":{"rendered":"<p>At <strong>Teknik Ara\u00e7lar<\/strong>[ adresinden eri\u015filebilir]<a href=\"https:\/\/toolstecique.com\/tr\/\">www.toolstecique.com<\/a>Gizlili\u011finiz bizim i\u00e7in son derece \u00f6nemlidir. Bu Gizlilik Politikas\u0131 belgesi, Tools Tecnique taraf\u0131ndan toplanan ve kaydedilen ki\u015fisel bilgi t\u00fcrlerini ve bunlar\u0131 nas\u0131l kulland\u0131\u011f\u0131m\u0131z\u0131 a\u00e7\u0131klamaktad\u0131r.<\/p>\n<p>Web sitemizi kullanarak, bu politikaya uygun olarak bilgilerin toplanmas\u0131na ve kullan\u0131lmas\u0131na\u540c\u610f etmi\u015f olursunuz.<\/p>\n<hr \/>\n<h2>1. <strong>Toplad\u0131\u011f\u0131m\u0131z Bilgiler<\/strong><\/h2>\n<p>Tools Tecnique'i ziyaret etti\u011finizde veya kulland\u0131\u011f\u0131n\u0131zda a\u015fa\u011f\u0131daki t\u00fcrde ki\u015fisel bilgileri toplayabilir ve i\u015fleyebiliriz:<\/p>\n<ul>\n<li><strong>Ki\u015fisel Kimlik Bilgileri<\/strong>: Haber b\u00fcltenimize abone oldu\u011funuzda, bizimle ileti\u015fime ge\u00e7ti\u011finizde veya belirli \u00f6zelliklerimizi kulland\u0131\u011f\u0131n\u0131zda, ad\u0131n\u0131z, e-posta adresiniz ve di\u011fer ileti\u015fim bilgileriniz gibi bilgileri isteyebiliriz.<\/li>\n<li><strong>Ki\u015fisel Olmayan Tan\u0131mlama Bilgileri<\/strong>Bu, taray\u0131c\u0131 t\u00fcr\u00fc, dil tercihi, y\u00f6nlendiren site, her ziyaret\u00e7i iste\u011finin tarihi ve saati ve web sitemizle etkile\u015fimlerinizle ilgili di\u011fer benzer bilgileri i\u00e7erir. Bu bilgiler, kullan\u0131c\u0131 deneyimini iyile\u015ftirmemize yard\u0131mc\u0131 olur.<\/li>\n<li><strong>\u00c7erezler ve \u0130zleme Teknolojileri<\/strong>Tools Tecnique, kullan\u0131c\u0131 deneyimini geli\u015ftirmek, kullan\u0131c\u0131lar\u0131n web sitesindeki hareketlerini izlemek ve tercihleri \u200b\u200bsaklamak i\u00e7in \u00e7erezler kullan\u0131r. \u00c7erezleri taray\u0131c\u0131 ayarlar\u0131n\u0131zdan devre d\u0131\u015f\u0131 b\u0131rakabilirsiniz, ancak bunu yapmak web sitesinin baz\u0131 \u00f6zelliklerini etkileyebilir.<\/li>\n<\/ul>\n<hr \/>\n<h2>2. <strong>Bilgilerinizi Nas\u0131l Kullan\u0131yoruz?<\/strong><\/h2>\n<p>Toplad\u0131\u011f\u0131m\u0131z bilgiler a\u015fa\u011f\u0131daki ama\u00e7lar i\u00e7in kullan\u0131lmaktad\u0131r:<\/p>\n<ul>\n<li>Web sitesindeki deneyiminizi ki\u015fiselle\u015ftirmek ve iyile\u015ftirmek i\u00e7in.<\/li>\n<li>M\u00fc\u015fteri hizmetleri sorular\u0131na ve destek taleplerine yan\u0131t vermek.<\/li>\n<li>(\u0130mza atman\u0131z durumunda) hizmetlerimiz ve i\u00e7eriklerimizle ilgili g\u00fcncellemeler, promosyonlar ve ilgili bilgiler de dahil olmak \u00fczere d\u00fczenli aral\u0131klarla e-posta g\u00f6ndermek.<\/li>\n<li>Sitemizin ve sundu\u011fumuz i\u00e7eri\u011fin kalitesini art\u0131rmak i\u00e7in kullan\u0131m e\u011filimlerini izlemek ve analiz etmek.<\/li>\n<li>Web sitemizin g\u00fcvenli\u011fini sa\u011flamak ve doland\u0131r\u0131c\u0131l\u0131\u011f\u0131 \u00f6nlemek i\u00e7in.<\/li>\n<\/ul>\n<hr \/>\n<h2>3. <strong>Veri G\u00fcvenli\u011fi<\/strong><\/h2>\n<p>Ki\u015fisel bilgilerinizin g\u00fcvenli\u011fini ciddiye al\u0131yoruz. Ki\u015fisel verilerinizi yetkisiz eri\u015fime, de\u011fi\u015fikli\u011fe veya yok edilmeye kar\u015f\u0131 korumak i\u00e7in \u015fifreleme ve g\u00fcvenli sunucular da dahil olmak \u00fczere \u00e7e\u015fitli g\u00fcvenlik \u00f6nlemleri uyguluyoruz.<\/p>\n<p>Ancak, internet \u00fczerinden yap\u0131lan hi\u00e7bir iletim y\u00f6ntemi veya elektronik depolama y\u00f6ntemi 0 g\u00fcvenli de\u011fildir. Ki\u015fisel bilgilerinizi korumak i\u00e7in elimizden gelenin en iyisini yapmaya \u00e7al\u0131\u015fsak da, mutlak g\u00fcvenli\u011fini garanti edemeyiz.<\/p>\n<hr \/>\n<h2>4. <strong>\u00dc\u00e7\u00fcnc\u00fc Taraf Hizmetleri<\/strong><\/h2>\n<p>Baz\u0131 durumlarda, web sitemizin i\u015fletilmesine ve geli\u015ftirilmesine yard\u0131mc\u0131 olmak i\u00e7in \u00fc\u00e7\u00fcnc\u00fc taraf hizmetlerini (analiz ara\u00e7lar\u0131, reklam ortaklar\u0131 ve \u00f6deme i\u015flemcileri gibi) kullanabiliriz. Bu \u00fc\u00e7\u00fcnc\u00fc taraflar bilgilerinize eri\u015febilir, ancak bunlar\u0131 if\u015fa etmemek veya ba\u015fka bir ama\u00e7la kullanmamakla y\u00fck\u00fcml\u00fcd\u00fcrler.<\/p>\n<p>Tools Tecique, \u00fc\u00e7\u00fcnc\u00fc taraf hizmetlerinin veya harici web sitelerine verilen ba\u011flant\u0131lar\u0131n gizlilik uygulamalar\u0131ndan sorumlu de\u011fildir. Bu hizmetlerin gizlilik politikalar\u0131n\u0131 incelemenizi \u00f6neririz.<\/p>\n<hr \/>\n<h2>5. <strong>Bilgilerinizin Payla\u015f\u0131lmas\u0131<\/strong><\/h2>\n<p>Ki\u015fisel kimlik bilgilerinizi \u00fc\u00e7\u00fcnc\u00fc taraflara satm\u0131yor, takas etmiyor veya kiralam\u0131yoruz. A\u015fa\u011f\u0131daki s\u0131n\u0131rl\u0131 durumlarda bilgi payla\u015f\u0131m\u0131 yapabiliriz:<\/p>\n<ul>\n<li>Web sitemizin i\u015fletilmesinde veya i\u015f faaliyetlerimizin y\u00fcr\u00fct\u00fclmesinde yard\u0131mc\u0131 olan, s\u0131k\u0131 gizlilik anla\u015fmalar\u0131 alt\u0131nda \u00e7al\u0131\u015fan g\u00fcvenilir hizmet sa\u011flay\u0131c\u0131larla \u00e7al\u0131\u015f\u0131yoruz.<\/li>\n<li>Yasal y\u00fck\u00fcml\u00fcl\u00fcklere uymak, haklar\u0131m\u0131z\u0131 korumak veya web sitemizin doland\u0131r\u0131c\u0131l\u0131k ve k\u00f6t\u00fcye kullan\u0131m\u0131n\u0131 \u00f6nlemek i\u00e7in.<\/li>\n<\/ul>\n<hr \/>\n<h2>6. <strong>Haklar\u0131n\u0131z<\/strong><\/h2>\n<p>\u015eunlara hakk\u0131n\u0131z var:<\/p>\n<ul>\n<li>Ki\u015fisel verilerinize eri\u015fin, bunlar\u0131 g\u00fcncelleyin veya silin.<\/li>\n<li>Belirli durumlarda verilerinizin i\u015flenmesine itiraz edebilirsiniz.<\/li>\n<li>Pazarlama ileti\u015fimlerine ili\u015fkin onay\u0131n\u0131z\u0131 istedi\u011finiz zaman geri \u00e7ekebilirsiniz.<\/li>\n<li>Verilerinizin ba\u015fka bir kurulu\u015fa aktar\u0131lmas\u0131n\u0131 talep edin (veri ta\u015f\u0131nabilirli\u011fi).<\/li>\n<\/ul>\n<p>Bu haklar\u0131n\u0131z\u0131 kullanmak i\u00e7in l\u00fctfen a\u015fa\u011f\u0131daki ileti\u015fim bilgilerini kullanarak bizimle ileti\u015fime ge\u00e7in.<\/p>\n<hr \/>\n<h2>7. <strong>\u00c7ocuklar\u0131n Gizlili\u011fi<\/strong><\/h2>\n<p>Tools Tecique, 13 ya\u015f\u0131n alt\u0131ndaki \u00e7ocuklardan bilerek ki\u015fisel veri toplamamaktad\u0131r. E\u011fer yanl\u0131\u015fl\u0131kla 13 ya\u015f\u0131n alt\u0131ndaki bir \u00e7ocuktan ki\u015fisel veri toplad\u0131\u011f\u0131m\u0131z\u0131 fark edersek, bu bilgileri m\u00fcmk\u00fcn olan en k\u0131sa s\u00fcrede silmek i\u00e7in gerekli ad\u0131mlar\u0131 ataca\u011f\u0131z.<\/p>\n<hr \/>\n<h2>8. <strong>Bu Gizlilik Politikas\u0131'ndaki De\u011fi\u015fiklikler<\/strong><\/h2>\n<p>Tools Tecique, bu Gizlilik Politikas\u0131n\u0131 herhangi bir zamanda g\u00fcncelleme veya de\u011fi\u015ftirme hakk\u0131n\u0131 sakl\u0131 tutar. G\u00fcncellenmi\u015f Gizlilik Politikas\u0131n\u0131 bu sayfada revize edilmi\u015f bir \"Y\u00fcr\u00fcrl\u00fck Tarihi\" ile yay\u0131nlayarak kullan\u0131c\u0131lar\u0131 de\u011fi\u015fikliklerden haberdar edece\u011fiz. Herhangi bir g\u00fcncelleme i\u00e7in bu politikay\u0131 periyodik olarak g\u00f6zden ge\u00e7irmenizi \u00f6neririz.<\/p>\n<hr \/>\n<h2>9. <strong>Bize Ula\u015f\u0131n<\/strong><\/h2>\n<p>Bu Gizlilik Politikas\u0131 veya ki\u015fisel verilerinizi nas\u0131l i\u015fledi\u011fimizle ilgili herhangi bir sorunuz veya endi\u015feniz varsa, l\u00fctfen bizimle \u015fu adresten ileti\u015fime ge\u00e7in:<\/p>\n<p><strong>Ara\u00e7lar Teknik<\/strong><br \/>\nE-posta: [<a href=\"mailto:toolstecique@gmail.com\">toolstecique@gmail.com<\/a>]<br \/>\nWeb sitesi: [<a href=\"https:\/\/toolstecique.com\/tr\/\">www.toolstecique.com<\/a>]<\/p>\n<hr \/>\n<p>Tools Tecnique'i kullanarak, bu Gizlilik Politikas\u0131'nda belirtildi\u011fi \u015fekilde bilgilerinizin toplanmas\u0131na ve kullan\u0131lmas\u0131na onay vermi\u015f olursunuz.<\/p>\n<hr \/>","protected":false},"excerpt":{"rendered":"<p>At Tools Tecique, accessible from [www.toolstecique.com], your privacy is of paramount importance to us. This Privacy Policy document outlines the [&hellip;]<\/p>","protected":false},"author":1,"featured_media":0,"parent":0,"menu_order":0,"comment_status":"closed","ping_status":"closed","template":"","meta":{"site-sidebar-layout":"default","site-content-layout":"","ast-site-content-layout":"default","site-content-style":"default","site-sidebar-style":"default","ast-global-header-display":"","ast-banner-title-visibility":"","ast-main-header-display":"","ast-hfb-above-header-display":"","ast-hfb-below-header-display":"","ast-hfb-mobile-header-display":"","site-post-title":"","ast-breadcrumbs-content":"","ast-featured-img":"","footer-sml-layout":"","ast-disable-related-posts":"","theme-transparent-header-meta":"default","adv-header-id-meta":"","stick-header-meta":"","header-above-stick-meta":"","header-main-stick-meta":"","header-below-stick-meta":"","astra-migrate-meta-layouts":"set","ast-page-background-enabled":"default","ast-page-background-meta":{"desktop":{"background-color":"var(--ast-global-color-5)","background-image":"","background-repeat":"repeat","background-position":"center center","background-size":"auto","background-attachment":"scroll","background-type":"","background-media":"","overlay-type":"","overlay-color":"","overlay-opacity":"","overlay-gradient":""},"tablet":{"background-color":"","background-image":"","background-repeat":"repeat","background-position":"center center","background-size":"auto","background-attachment":"scroll","background-type":"","background-media":"","overlay-type":"","overlay-color":"","overlay-opacity":"","overlay-gradient":""},"mobile":{"background-color":"","background-image":"","background-repeat":"repeat","background-position":"center center","background-size":"auto","background-attachment":"scroll","background-type":"","background-media":"","overlay-type":"","overlay-color":"","overlay-opacity":"","overlay-gradient":""}},"ast-content-background-meta":{"desktop":{"background-color":"var(--ast-global-color-4)","background-image":"","background-repeat":"repeat","background-position":"center center","background-size":"auto","background-attachment":"scroll","background-type":"","background-media":"","overlay-type":"","overlay-color":"","overlay-opacity":"","overlay-gradient":""},"tablet":{"background-color":"var(--ast-global-color-4)","background-image":"","background-repeat":"repeat","background-position":"center center","background-size":"auto","background-attachment":"scroll","background-type":"","background-media":"","overlay-type":"","overlay-color":"","overlay-opacity":"","overlay-gradient":""},"mobile":{"background-color":"var(--ast-global-color-4)","background-image":"","background-repeat":"repeat","background-position":"center center","background-size":"auto","background-attachment":"scroll","background-type":"","background-media":"","overlay-type":"","overlay-color":"","overlay-opacity":"","overlay-gradient":""}},"footnotes":""},"class_list":["post-201","page","type-page","status-publish","hentry"],"yoast_head":"<!-- This site is optimized with the Yoast SEO Premium plugin v25.9 (Yoast SEO v27.4) - https:\/\/yoast.com\/product\/yoast-seo-premium-wordpress\/ -->\n<title>Privacy Policy - Tools Tecique<\/title>\n<meta name=\"robots\" content=\"index, follow, max-snippet:-1, max-image-preview:large, max-video-preview:-1\" \/>\n<link rel=\"canonical\" href=\"https:\/\/toolstecique.com\/tr\/privacy-policy\/\" \/>\n<meta property=\"og:locale\" content=\"tr_TR\" \/>\n<meta property=\"og:type\" content=\"article\" \/>\n<meta property=\"og:title\" content=\"Privacy Policy\" \/>\n<meta property=\"og:description\" content=\"At Tools Tecique, accessible from [www.toolstecique.com], your privacy is of paramount importance to us. This Privacy Policy document outlines the [&hellip;]\" \/>\n<meta property=\"og:url\" content=\"https:\/\/toolstecique.com\/tr\/privacy-policy\/\" \/>\n<meta property=\"og:site_name\" content=\"Tools Tecique\" \/>\n<meta property=\"article:modified_time\" content=\"2025-04-18T10:45:01+00:00\" \/>\n<meta name=\"twitter:card\" content=\"summary_large_image\" \/>\n<meta name=\"twitter:label1\" content=\"Tahmini okuma s\u00fcresi\" \/>\n\t<meta name=\"twitter:data1\" content=\"3 dakika\" \/>\n<script type=\"application\/ld+json\" class=\"yoast-schema-graph\">{\"@context\":\"https:\\\/\\\/schema.org\",\"@graph\":[{\"@type\":\"WebPage\",\"@id\":\"https:\\\/\\\/toolstecique.com\\\/privacy-policy\\\/\",\"url\":\"https:\\\/\\\/toolstecique.com\\\/privacy-policy\\\/\",\"name\":\"Privacy Policy - Tools Tecique\",\"isPartOf\":{\"@id\":\"https:\\\/\\\/toolstecique.com\\\/#website\"},\"datePublished\":\"2024-11-29T11:55:51+00:00\",\"dateModified\":\"2025-04-18T10:45:01+00:00\",\"breadcrumb\":{\"@id\":\"https:\\\/\\\/toolstecique.com\\\/privacy-policy\\\/#breadcrumb\"},\"inLanguage\":\"tr\",\"potentialAction\":[{\"@type\":\"ReadAction\",\"target\":[\"https:\\\/\\\/toolstecique.com\\\/privacy-policy\\\/\"]}]},{\"@type\":\"BreadcrumbList\",\"@id\":\"https:\\\/\\\/toolstecique.com\\\/privacy-policy\\\/#breadcrumb\",\"itemListElement\":[{\"@type\":\"ListItem\",\"position\":1,\"name\":\"Home\",\"item\":\"https:\\\/\\\/toolstecique.com\\\/\"},{\"@type\":\"ListItem\",\"position\":2,\"name\":\"Privacy Policy\"}]},{\"@type\":\"WebSite\",\"@id\":\"https:\\\/\\\/toolstecique.com\\\/#website\",\"url\":\"https:\\\/\\\/toolstecique.com\\\/\",\"name\":\"Tools Tecique\",\"description\":\"\",\"publisher\":{\"@id\":\"https:\\\/\\\/toolstecique.com\\\/#organization\"},\"potentialAction\":[{\"@type\":\"SearchAction\",\"target\":{\"@type\":\"EntryPoint\",\"urlTemplate\":\"https:\\\/\\\/toolstecique.com\\\/?s={search_term_string}\"},\"query-input\":{\"@type\":\"PropertyValueSpecification\",\"valueRequired\":true,\"valueName\":\"search_term_string\"}}],\"inLanguage\":\"tr\"},{\"@type\":\"Organization\",\"@id\":\"https:\\\/\\\/toolstecique.com\\\/#organization\",\"name\":\"Tools Tecique\",\"url\":\"https:\\\/\\\/toolstecique.com\\\/\",\"logo\":{\"@type\":\"ImageObject\",\"inLanguage\":\"tr\",\"@id\":\"https:\\\/\\\/toolstecique.com\\\/#\\\/schema\\\/logo\\\/image\\\/\",\"url\":\"https:\\\/\\\/toolstecique.com\\\/wp-content\\\/uploads\\\/2025\\\/02\\\/green-profile.png\",\"contentUrl\":\"https:\\\/\\\/toolstecique.com\\\/wp-content\\\/uploads\\\/2025\\\/02\\\/green-profile.png\",\"width\":250,\"height\":250,\"caption\":\"Tools Tecique\"},\"image\":{\"@id\":\"https:\\\/\\\/toolstecique.com\\\/#\\\/schema\\\/logo\\\/image\\\/\"}}]}<\/script>\n<!-- \/ Yoast SEO Premium plugin. -->","yoast_head_json":{"title":"Gizlilik Politikas\u0131 - Teknik Ara\u00e7lar","robots":{"index":"index","follow":"follow","max-snippet":"max-snippet:-1","max-image-preview":"max-image-preview:large","max-video-preview":"max-video-preview:-1"},"canonical":"https:\/\/toolstecique.com\/tr\/privacy-policy\/","og_locale":"tr_TR","og_type":"article","og_title":"Privacy Policy","og_description":"At Tools Tecique, accessible from [www.toolstecique.com], your privacy is of paramount importance to us. This Privacy Policy document outlines the [&hellip;]","og_url":"https:\/\/toolstecique.com\/tr\/privacy-policy\/","og_site_name":"Tools Tecique","article_modified_time":"2025-04-18T10:45:01+00:00","twitter_card":"summary_large_image","twitter_misc":{"Tahmini okuma s\u00fcresi":"3 dakika"},"schema":{"@context":"https:\/\/schema.org","@graph":[{"@type":"WebPage","@id":"https:\/\/toolstecique.com\/privacy-policy\/","url":"https:\/\/toolstecique.com\/privacy-policy\/","name":"Gizlilik Politikas\u0131 - Teknik Ara\u00e7lar","isPartOf":{"@id":"https:\/\/toolstecique.com\/#website"},"datePublished":"2024-11-29T11:55:51+00:00","dateModified":"2025-04-18T10:45:01+00:00","breadcrumb":{"@id":"https:\/\/toolstecique.com\/privacy-policy\/#breadcrumb"},"inLanguage":"tr","potentialAction":[{"@type":"ReadAction","target":["https:\/\/toolstecique.com\/privacy-policy\/"]}]},{"@type":"BreadcrumbList","@id":"https:\/\/toolstecique.com\/privacy-policy\/#breadcrumb","itemListElement":[{"@type":"ListItem","position":1,"name":"Home","item":"https:\/\/toolstecique.com\/"},{"@type":"ListItem","position":2,"name":"Privacy Policy"}]},{"@type":"WebSite","@id":"https:\/\/toolstecique.com\/#website","url":"https:\/\/toolstecique.com\/","name":"Teknik Ara\u00e7lar","description":"","publisher":{"@id":"https:\/\/toolstecique.com\/#organization"},"potentialAction":[{"@type":"SearchAction","target":{"@type":"EntryPoint","urlTemplate":"https:\/\/toolstecique.com\/?s={search_term_string}"},"query-input":{"@type":"PropertyValueSpecification","valueRequired":true,"valueName":"search_term_string"}}],"inLanguage":"tr"},{"@type":"Organization","@id":"https:\/\/toolstecique.com\/#organization","name":"Teknik Ara\u00e7lar","url":"https:\/\/toolstecique.com\/","logo":{"@type":"ImageObject","inLanguage":"tr","@id":"https:\/\/toolstecique.com\/#\/schema\/logo\/image\/","url":"https:\/\/toolstecique.com\/wp-content\/uploads\/2025\/02\/green-profile.png","contentUrl":"https:\/\/toolstecique.com\/wp-content\/uploads\/2025\/02\/green-profile.png","width":250,"height":250,"caption":"Tools Tecique"},"image":{"@id":"https:\/\/toolstecique.com\/#\/schema\/logo\/image\/"}}]}},"_links":{"self":[{"href":"https:\/\/toolstecique.com\/tr\/wp-json\/wp\/v2\/pages\/201","targetHints":{"allow":["GET"]}}],"collection":[{"href":"https:\/\/toolstecique.com\/tr\/wp-json\/wp\/v2\/pages"}],"about":[{"href":"https:\/\/toolstecique.com\/tr\/wp-json\/wp\/v2\/types\/page"}],"author":[{"embeddable":true,"href":"https:\/\/toolstecique.com\/tr\/wp-json\/wp\/v2\/users\/1"}],"replies":[{"embeddable":true,"href":"https:\/\/toolstecique.com\/tr\/wp-json\/wp\/v2\/comments?post=201"}],"version-history":[{"count":0,"href":"https:\/\/toolstecique.com\/tr\/wp-json\/wp\/v2\/pages\/201\/revisions"}],"wp:attachment":[{"href":"https:\/\/toolstecique.com\/tr\/wp-json\/wp\/v2\/media?parent=201"}],"curies":[{"name":"wp","href":"https:\/\/api.w.org\/{rel}","templated":true}]}}