{"id":211,"date":"2024-11-29T12:15:01","date_gmt":"2024-11-29T12:15:01","guid":{"rendered":"https:\/\/toolstecique.com\/?page_id=211"},"modified":"2025-04-18T10:41:31","modified_gmt":"2025-04-18T10:41:31","slug":"disclaimer","status":"publish","type":"page","link":"https:\/\/toolstecique.com\/tr\/disclaimer\/","title":{"rendered":"Yasal Uyar\u0131"},"content":{"rendered":"<h2>1. <strong>Garanti verilmemektedir.<\/strong><\/h2>\n<p><strong>Teknik Ara\u00e7lar<\/strong> Web sitesinde do\u011fru, g\u00fcncel ve g\u00fcvenli i\u00e7erik sa\u011flamaya \u00e7al\u0131\u015f\u0131yoruz. Bununla birlikte, web sitesinde sunulan bilgi, \u00fcr\u00fcn veya hizmetlerin eksiksizli\u011fi, do\u011frulu\u011fu, g\u00fcvenilirli\u011fi, uygunlu\u011fu veya kullan\u0131labilirli\u011fi konusunda a\u00e7\u0131k veya \u00f6rt\u00fcl\u00fc hi\u00e7bir beyan veya garanti vermiyoruz.<\/p>\n<ul>\n<li><strong>Do\u011fruluk garantisi verilmemektedir.<\/strong>Sa\u011flanan bilgilerin do\u011frulu\u011funu sa\u011flamak i\u00e7in makul ad\u0131mlar atmam\u0131za ra\u011fmen, Sitedeki i\u00e7eri\u011fin her zaman hatas\u0131z, do\u011fru veya g\u00fcncel olaca\u011f\u0131n\u0131 garanti edemeyiz.<\/li>\n<li><strong>G\u00fcvenlik Garantisi Yoktur<\/strong>G\u00fcvenli indirmeler sunuyoruz ve dosyalar\u0131m\u0131z vir\u00fcs ve k\u00f6t\u00fc ama\u00e7l\u0131 yaz\u0131l\u0131mlara kar\u015f\u0131 taranm\u0131\u015ft\u0131r; ancak indirilebilir t\u00fcm dosyalar\u0131n vir\u00fcs, k\u00f6t\u00fc ama\u00e7l\u0131 yaz\u0131l\u0131m veya di\u011fer zararl\u0131 kodlardan ar\u0131nm\u0131\u015f oldu\u011funu garanti etmiyoruz. Yaz\u0131l\u0131m ve i\u00e7eri\u011fi kendi sorumlulu\u011funuzda indiriyorsunuz ve indirdi\u011finiz dosyalar\u0131n kendi g\u00fcvenlik yaz\u0131l\u0131m\u0131n\u0131z\u0131 kullanarak vir\u00fcs veya k\u00f6t\u00fc ama\u00e7l\u0131 yaz\u0131l\u0131mlara kar\u015f\u0131 taranmas\u0131n\u0131 sa\u011flamak sizin sorumlulu\u011funuzdad\u0131r.<\/li>\n<li><strong>M\u00fcsaitlik garantisi verilmemektedir.<\/strong>Web sitesinin her zaman eri\u015filebilir, kesintisiz veya hatas\u0131z olaca\u011f\u0131n\u0131 garanti etmiyoruz. Bak\u0131m, g\u00fcncellemeler veya \u00f6ng\u00f6r\u00fclemeyen sorunlar nedeniyle web sitesine eri\u015fimi herhangi bir zamanda ask\u0131ya alma veya sonland\u0131rma hakk\u0131n\u0131 sakl\u0131 tutuyoruz.<\/li>\n<\/ul>\n<hr \/>\n<h2>2. <strong>\u0130ndirilen Yaz\u0131l\u0131m\u0131n Kullan\u0131m\u0131<\/strong><\/h2>\n<ul>\n<li><strong>\u0130ndirme Riski<\/strong>Tools Tecnique'de indirilebilen yaz\u0131l\u0131m ara\u00e7lar\u0131 ve yard\u0131mc\u0131 programlar yaln\u0131zca bilgilendirme ama\u00e7l\u0131d\u0131r. Bu dosyalar\u0131 indirerek, bunlar\u0131 kendi sorumlulu\u011funuzda kullanmay\u0131 kabul etmi\u015f olursunuz. <strong>Ara\u00e7lar Teknik<\/strong> Bu yaz\u0131l\u0131m ara\u00e7lar\u0131n\u0131n kurulumu, kullan\u0131m\u0131 veya yanl\u0131\u015f kullan\u0131m\u0131ndan kaynaklanan veri kayb\u0131, sistem ar\u0131zalar\u0131 veya di\u011fer olumsuz etkiler de dahil olmak \u00fczere hi\u00e7bir sorundan sorumlu tutulamaz.<\/li>\n<li><strong>\u00dc\u00e7\u00fcnc\u00fc taraf yaz\u0131l\u0131mlardan sorumlu de\u011filiz.<\/strong>Tools Tecnique, \u00fc\u00e7\u00fcnc\u00fc taraf yaz\u0131l\u0131mlara ba\u011flant\u0131 verebilir veya harici web sitelerine eri\u015fim sa\u011flayabilir. Bu ba\u011flant\u0131lar arac\u0131l\u0131\u011f\u0131yla sunulan \u00fc\u00e7\u00fcnc\u00fc taraf yaz\u0131l\u0131mlar\u0131n veya hizmetlerin sahibi, kontrolc\u00fcs\u00fc veya onaylay\u0131c\u0131s\u0131 de\u011filiz. \u0130ndirdi\u011finiz herhangi bir \u00fc\u00e7\u00fcnc\u00fc taraf yaz\u0131l\u0131m\u0131n lisanslama ve kullan\u0131m ko\u015fullar\u0131n\u0131 anlad\u0131\u011f\u0131n\u0131zdan ve bunlara uydu\u011funuzdan emin olmak sizin sorumlulu\u011funuzdad\u0131r.<\/li>\n<li><strong>Yaz\u0131l\u0131m Uyumlulu\u011fu<\/strong>Tools Tecnique, indirilen yaz\u0131l\u0131m\u0131n bilgisayar\u0131n\u0131z, i\u015fletim sisteminiz veya di\u011fer donan\u0131m ve yaz\u0131l\u0131mlar\u0131n\u0131zla uyumlulu\u011fu konusunda herhangi bir garanti vermez. Herhangi bir yaz\u0131l\u0131m\u0131 indirmeden veya y\u00fcklemeden \u00f6nce uyumlulu\u011fu do\u011frulamak sizin sorumlulu\u011funuzdad\u0131r.<\/li>\n<\/ul>\n<hr \/>\n<h2>3. <strong>Sorumluluk S\u0131n\u0131rlamalar\u0131<\/strong><\/h2>\n<p>Y\u00fcr\u00fcrl\u00fckteki yasalarca izin verilen en geni\u015f \u00f6l\u00e7\u00fcde, <strong>Ara\u00e7lar Teknik<\/strong> \u015eirket ve ba\u011fl\u0131 kurulu\u015flar\u0131, \u00e7al\u0131\u015fanlar\u0131, ortaklar\u0131 veya y\u00fcklenicileri, web sitesinin veya i\u00e7eri\u011finin kullan\u0131m\u0131ndan veya kullan\u0131lamamas\u0131ndan kaynaklanan her t\u00fcrl\u00fc zarardan sorumlu tutulamaz; bu zararlar a\u015fa\u011f\u0131dakilerle s\u0131n\u0131rl\u0131 olmamak \u00fczere \u015funlar\u0131 i\u00e7erebilir:<\/p>\n<ul>\n<li>Dolayl\u0131, tesad\u00fcfi, \u00f6zel veya sonu\u00e7sal zararlar.<\/li>\n<li>Kar, gelir veya veri kayb\u0131.<\/li>\n<li>Sistem ar\u0131zalar\u0131, hatalar\u0131 veya i\u015flev bozukluklar\u0131.<\/li>\n<li>Web sitesinden dosya indirme, y\u00fckleme veya kullanma i\u015flemlerinden kaynaklanan cihazlar\u0131n\u0131za veya yaz\u0131l\u0131mlar\u0131n\u0131za gelebilecek hasarlar.<\/li>\n<\/ul>\n<p>Hi\u00e7bir durumda toplam sorumluluk <strong>Ara\u00e7lar Teknik<\/strong> Web sitesini kullan\u0131m\u0131n\u0131zla ilgili herhangi bir \u00fcr\u00fcn veya hizmet i\u00e7in \u00f6dedi\u011finiz tutar\u0131 a\u015fmak.<\/p>\n<hr \/>\n<h2>4. <strong>Harici Ba\u011flant\u0131lar ve \u00dc\u00e7\u00fcnc\u00fc Taraf \u0130\u00e7erik<\/strong><\/h2>\n<ul>\n<li><strong>Harici Ba\u011flant\u0131lar<\/strong>Web sitesi, \u00fc\u00e7\u00fcnc\u00fc \u015fah\u0131slar taraf\u0131ndan i\u015fletilen harici web sitelerine ba\u011flant\u0131lar i\u00e7erebilir. Bu ba\u011flant\u0131lar yaln\u0131zca sizin kolayl\u0131\u011f\u0131n\u0131z i\u00e7in sa\u011flanm\u0131\u015ft\u0131r. Tools Tecnique, bu harici sitelerdeki i\u00e7eri\u011fi kontrol etmez, izlemez veya onaylamaz. Ba\u011flant\u0131lar\u0131 kullanarak, bunu kendi sorumlulu\u011funuzda yapt\u0131\u011f\u0131n\u0131z\u0131 kabul edersiniz.<\/li>\n<li><strong>Harici i\u00e7erikten sorumlu de\u011filiz.<\/strong>Tools Tecnique, \u00fc\u00e7\u00fcnc\u00fc taraf web siteleri taraf\u0131ndan sunulan herhangi bir i\u00e7erik, reklam, \u00fcr\u00fcn veya hizmetten sorumlu de\u011fildir. \u00dc\u00e7\u00fcnc\u00fc taraf i\u00e7eri\u011fe eri\u015fim, ilgili web sitelerinin kullan\u0131m \u015fartlar\u0131 ve gizlilik politikalar\u0131na tabidir ve harici sitelerle etkile\u015fim kurmadan \u00f6nce bu politikalar\u0131 incelemenizi \u00f6neririz.<\/li>\n<\/ul>\n<hr \/>\n<h2>5. <strong>Kullan\u0131c\u0131 Taraf\u0131ndan Olu\u015fturulan \u0130\u00e7eriklere Onay Verilmemektedir.<\/strong><\/h2>\n<p>E\u011fer web sitesi yorumlar, de\u011ferlendirmeler, geri bildirimler veya forum g\u00f6nderileri gibi kullan\u0131c\u0131 taraf\u0131ndan olu\u015fturulan i\u00e7eri\u011fe izin veriyorsa, kullan\u0131c\u0131 taraf\u0131ndan olu\u015fturulan i\u00e7eri\u011fin do\u011frulu\u011funu veya g\u00fcvenilirli\u011fini onaylam\u0131yoruz veya garanti etmiyoruz. Kullan\u0131c\u0131 taraf\u0131ndan olu\u015fturulan i\u00e7erikte ifade edilen g\u00f6r\u00fc\u015fler, bireysel katk\u0131da bulunanlar\u0131n g\u00f6r\u00fc\u015fleridir ve mutlaka web sitesinin g\u00f6r\u00fc\u015flerini veya fikirlerini yans\u0131tmaz. <strong>Teknik Ara\u00e7lar<\/strong>.<\/p>\n<p>Kullan\u0131c\u0131 taraf\u0131ndan olu\u015fturulan i\u00e7eri\u011fe g\u00fcvenilmesinden kaynaklanan herhangi bir hasar, kay\u0131p veya rahats\u0131zl\u0131ktan sorumlu de\u011filiz.<\/p>\n<hr \/>\n<h2>6. <strong>\u0130\u00e7erik ve Hizmetlerde De\u011fi\u015fiklikler<\/strong><\/h2>\n<p><strong>Teknik Ara\u00e7lar<\/strong> \u015eirket, web sitesinde sunulan herhangi bir i\u00e7eri\u011fi veya hizmeti, \u00f6nceden bildirimde bulunmaks\u0131z\u0131n, herhangi bir zamanda de\u011fi\u015ftirme, g\u00fcncelleme veya kald\u0131rma hakk\u0131n\u0131 sakl\u0131 tutar. Bu, yaz\u0131l\u0131m ara\u00e7lar\u0131n\u0131n kullan\u0131labilirli\u011findeki de\u011fi\u015fiklikleri, \u00f6zelliklerin eklenmesini veya kald\u0131r\u0131lmas\u0131n\u0131 veya Kullan\u0131m \u015eartlar\u0131 veya Gizlilik Politikas\u0131'ndaki g\u00fcncellemeleri i\u00e7erir ancak bunlarla s\u0131n\u0131rl\u0131 de\u011fildir.<\/p>\n<p>Sitede sunulan i\u00e7erik veya hizmetlerin de\u011fi\u015fmeden kalaca\u011f\u0131n\u0131 veya gelecekteki de\u011fi\u015fikliklerin web sitesini kullan\u0131m\u0131n\u0131z\u0131 etkilemeyece\u011fini garanti etmiyoruz.<\/p>\n<hr \/>\n<h2>7. <strong>Profesyonel tavsiye de\u011fildir.<\/strong><\/h2>\n<p>Sa\u011flanan i\u00e7erik <strong>Ara\u00e7lar Teknik<\/strong> Bu metin yaln\u0131zca genel bilgilendirme ama\u00e7l\u0131d\u0131r. Hukuki, mali veya teknik tavsiye de dahil olmak \u00fczere ancak bunlarla s\u0131n\u0131rl\u0131 kalmamak kayd\u0131yla, profesyonel tavsiye olarak yorumlanmamal\u0131d\u0131r. Yaz\u0131l\u0131m kullan\u0131m\u0131, kurulumu veya g\u00fcvenlik sorunlar\u0131yla ilgili \u00f6zel tavsiye i\u00e7in, ilgili alanda uzman bir profesyonele dan\u0131\u015fman\u0131z\u0131 \u00f6neririz.<\/p>\n<hr \/>\n<h2>8. <strong>Siteyi kullanma sorumlulu\u011fu tamamen size aittir.<\/strong><\/h2>\n<p>Sizin kullan\u0131m\u0131n\u0131z <strong>Teknik Ara\u00e7lar<\/strong> Bu tamamen kendi sorumlulu\u011funuzdad\u0131r. Tools Tecnique, web sitesinin beklentilerinizi kar\u015f\u0131layaca\u011f\u0131na veya hizmetlerin hatas\u0131z, eksiksiz veya kesintisiz olaca\u011f\u0131na dair hi\u00e7bir beyan veya garanti vermez. Siteyi kullanarak, Tools Tecnique'in web sitesini kullan\u0131m\u0131n\u0131zdan kaynaklanan herhangi bir sorundan, sitede sa\u011flanan yaz\u0131l\u0131m ara\u00e7lar\u0131n\u0131n veya hizmetlerinin indirilmesi ve kurulumundan kaynaklanan sorunlar da dahil olmak \u00fczere, sorumlu tutulmayaca\u011f\u0131n\u0131 kabul edersiniz.<\/p>\n<hr \/>\n<h2>9. <strong>Tazminat<\/strong><\/h2>\n<p>Tazmin etmeyi ve zarar\u0131 kar\u015f\u0131lamay\u0131 kabul ediyorsunuz. <strong>Teknik Ara\u00e7lar<\/strong>\u015eirketimizi, i\u015ftiraklerini, \u00e7al\u0131\u015fanlar\u0131n\u0131, ortaklar\u0131n\u0131 ve y\u00fcklenicilerini, web sitesini kullan\u0131m\u0131n\u0131zdan, bu \u015fartlar\u0131 ihlal etmenizden veya herhangi bir \u00fc\u00e7\u00fcnc\u00fc taraf\u0131n fikri m\u00fclkiyet haklar\u0131n\u0131 veya di\u011fer haklar\u0131n\u0131 ihlal etmenizden kaynaklanan her t\u00fcrl\u00fc iddia, zarar, kay\u0131p, y\u00fck\u00fcml\u00fcl\u00fck ve masraftan (yasal \u00fccretler dahil) muaf tutar.<\/p>\n<hr \/>\n<h2>10. <strong>Uygulanacak Hukuk<\/strong><\/h2>\n<p>Bu Feragatname, [Yarg\u0131 Yetki Alan\u0131n\u0131z] kanunlar\u0131na g\u00f6re y\u00f6netilecek ve yorumlanacakt\u0131r. Bu Feragatname ile ilgili herhangi bir ihtilaf, [Yarg\u0131 Yetki Alan\u0131n\u0131z] mahkemelerinin m\u00fcnhas\u0131r yarg\u0131 yetkisine tabi olacakt\u0131r.<\/p>\n<hr \/>\n<h2>11. <strong>Bu Sorumluluk Reddi Beyan\u0131nda Yap\u0131lan De\u011fi\u015fiklikler<\/strong><\/h2>\n<p><strong>Teknik Ara\u00e7lar<\/strong> Bu Yasal Uyar\u0131y\u0131 diledi\u011fimiz zaman de\u011fi\u015ftirme veya g\u00fcncelleme hakk\u0131n\u0131 sakl\u0131 tutar\u0131z. De\u011fi\u015fiklikler yap\u0131ld\u0131\u011f\u0131nda, g\u00fcncellenmi\u015f Yasal Uyar\u0131y\u0131 bu sayfada g\u00fcncellenmi\u015f bir \"Y\u00fcr\u00fcrl\u00fck Tarihi\" ile birlikte yay\u0131nlayaca\u011f\u0131z. Web sitesini kullanmaya devam ederek, g\u00fcncellenmi\u015f Yasal Uyar\u0131ya ba\u011fl\u0131 kalmay\u0131 kabul etmi\u015f olursunuz.<\/p>\n<hr \/>\n<h2>12. <strong>Bize Ula\u015f\u0131n<\/strong><\/h2>\n<p>Bu Sorumluluk Reddi Beyan\u0131 veya i\u00e7eri\u011fiyle ilgili herhangi bir sorunuz veya endi\u015feniz varsa <strong>Teknik Ara\u00e7lar<\/strong>L\u00fctfen bizimle \u015fu adresten ileti\u015fime ge\u00e7in:<\/p>\n<p><strong>Ara\u00e7lar Teknik<\/strong><br \/>\nE-posta: [<a href=\"mailto:toolstecique@gmail.com\">toolstecique@gmail.com<\/a>]<br \/>\nWeb sitesi: [<a href=\"https:\/\/toolstecique.com\/tr\/\">www.toolstecnique.com<\/a>]<\/p>\n<hr \/>\n<p>Kullanarak <strong>Ara\u00e7lar Teknik<\/strong>Bu Sorumluluk Reddi Beyan\u0131n\u0131 okudu\u011funuzu, anlad\u0131\u011f\u0131n\u0131z\u0131 ve kabul etti\u011finizi onayl\u0131yorsunuz.<\/p>","protected":false},"excerpt":{"rendered":"<p>1. No Warranties Tools Tecique strives to provide accurate, up-to-date, and secure content on the website. However, we make no [&hellip;]<\/p>","protected":false},"author":1,"featured_media":0,"parent":0,"menu_order":0,"comment_status":"closed","ping_status":"closed","template":"","meta":{"site-sidebar-layout":"default","site-content-layout":"","ast-site-content-layout":"default","site-content-style":"default","site-sidebar-style":"default","ast-global-header-display":"","ast-banner-title-visibility":"","ast-main-header-display":"","ast-hfb-above-header-display":"","ast-hfb-below-header-display":"","ast-hfb-mobile-header-display":"","site-post-title":"","ast-breadcrumbs-content":"","ast-featured-img":"","footer-sml-layout":"","ast-disable-related-posts":"","theme-transparent-header-meta":"default","adv-header-id-meta":"","stick-header-meta":"","header-above-stick-meta":"","header-main-stick-meta":"","header-below-stick-meta":"","astra-migrate-meta-layouts":"set","ast-page-background-enabled":"default","ast-page-background-meta":{"desktop":{"background-color":"var(--ast-global-color-5)","background-image":"","background-repeat":"repeat","background-position":"center center","background-size":"auto","background-attachment":"scroll","background-type":"","background-media":"","overlay-type":"","overlay-color":"","overlay-opacity":"","overlay-gradient":""},"tablet":{"background-color":"","background-image":"","background-repeat":"repeat","background-position":"center center","background-size":"auto","background-attachment":"scroll","background-type":"","background-media":"","overlay-type":"","overlay-color":"","overlay-opacity":"","overlay-gradient":""},"mobile":{"background-color":"","background-image":"","background-repeat":"repeat","background-position":"center center","background-size":"auto","background-attachment":"scroll","background-type":"","background-media":"","overlay-type":"","overlay-color":"","overlay-opacity":"","overlay-gradient":""}},"ast-content-background-meta":{"desktop":{"background-color":"var(--ast-global-color-4)","background-image":"","background-repeat":"repeat","background-position":"center center","background-size":"auto","background-attachment":"scroll","background-type":"","background-media":"","overlay-type":"","overlay-color":"","overlay-opacity":"","overlay-gradient":""},"tablet":{"background-color":"var(--ast-global-color-4)","background-image":"","background-repeat":"repeat","background-position":"center center","background-size":"auto","background-attachment":"scroll","background-type":"","background-media":"","overlay-type":"","overlay-color":"","overlay-opacity":"","overlay-gradient":""},"mobile":{"background-color":"var(--ast-global-color-4)","background-image":"","background-repeat":"repeat","background-position":"center center","background-size":"auto","background-attachment":"scroll","background-type":"","background-media":"","overlay-type":"","overlay-color":"","overlay-opacity":"","overlay-gradient":""}},"footnotes":""},"class_list":["post-211","page","type-page","status-publish","hentry"],"yoast_head":"<!-- This site is optimized with the Yoast SEO Premium plugin v25.9 (Yoast SEO v27.5) - https:\/\/yoast.com\/product\/yoast-seo-premium-wordpress\/ -->\n<title>Disclaimer - Tools Tecique<\/title>\n<meta name=\"robots\" content=\"index, follow, max-snippet:-1, max-image-preview:large, max-video-preview:-1\" \/>\n<link rel=\"canonical\" href=\"https:\/\/toolstecique.com\/tr\/disclaimer\/\" \/>\n<meta property=\"og:locale\" content=\"tr_TR\" \/>\n<meta property=\"og:type\" content=\"article\" \/>\n<meta property=\"og:title\" content=\"Disclaimer\" \/>\n<meta property=\"og:description\" content=\"1. No Warranties Tools Tecique strives to provide accurate, up-to-date, and secure content on the website. However, we make no [&hellip;]\" \/>\n<meta property=\"og:url\" content=\"https:\/\/toolstecique.com\/tr\/disclaimer\/\" \/>\n<meta property=\"og:site_name\" content=\"Tools Tecique\" \/>\n<meta property=\"article:modified_time\" content=\"2025-04-18T10:41:31+00:00\" \/>\n<meta name=\"twitter:card\" content=\"summary_large_image\" \/>\n<meta name=\"twitter:label1\" content=\"Tahmini okuma s\u00fcresi\" \/>\n\t<meta name=\"twitter:data1\" content=\"5 dakika\" \/>\n<script type=\"application\/ld+json\" class=\"yoast-schema-graph\">{\"@context\":\"https:\\\/\\\/schema.org\",\"@graph\":[{\"@type\":\"WebPage\",\"@id\":\"https:\\\/\\\/toolstecique.com\\\/disclaimer\\\/\",\"url\":\"https:\\\/\\\/toolstecique.com\\\/disclaimer\\\/\",\"name\":\"Disclaimer - Tools Tecique\",\"isPartOf\":{\"@id\":\"https:\\\/\\\/toolstecique.com\\\/#website\"},\"datePublished\":\"2024-11-29T12:15:01+00:00\",\"dateModified\":\"2025-04-18T10:41:31+00:00\",\"breadcrumb\":{\"@id\":\"https:\\\/\\\/toolstecique.com\\\/disclaimer\\\/#breadcrumb\"},\"inLanguage\":\"tr\",\"potentialAction\":[{\"@type\":\"ReadAction\",\"target\":[\"https:\\\/\\\/toolstecique.com\\\/disclaimer\\\/\"]}]},{\"@type\":\"BreadcrumbList\",\"@id\":\"https:\\\/\\\/toolstecique.com\\\/disclaimer\\\/#breadcrumb\",\"itemListElement\":[{\"@type\":\"ListItem\",\"position\":1,\"name\":\"Home\",\"item\":\"https:\\\/\\\/toolstecique.com\\\/\"},{\"@type\":\"ListItem\",\"position\":2,\"name\":\"Disclaimer\"}]},{\"@type\":\"WebSite\",\"@id\":\"https:\\\/\\\/toolstecique.com\\\/#website\",\"url\":\"https:\\\/\\\/toolstecique.com\\\/\",\"name\":\"Tools Tecique\",\"description\":\"\",\"publisher\":{\"@id\":\"https:\\\/\\\/toolstecique.com\\\/#organization\"},\"potentialAction\":[{\"@type\":\"SearchAction\",\"target\":{\"@type\":\"EntryPoint\",\"urlTemplate\":\"https:\\\/\\\/toolstecique.com\\\/?s={search_term_string}\"},\"query-input\":{\"@type\":\"PropertyValueSpecification\",\"valueRequired\":true,\"valueName\":\"search_term_string\"}}],\"inLanguage\":\"tr\"},{\"@type\":\"Organization\",\"@id\":\"https:\\\/\\\/toolstecique.com\\\/#organization\",\"name\":\"Tools Tecique\",\"url\":\"https:\\\/\\\/toolstecique.com\\\/\",\"logo\":{\"@type\":\"ImageObject\",\"inLanguage\":\"tr\",\"@id\":\"https:\\\/\\\/toolstecique.com\\\/#\\\/schema\\\/logo\\\/image\\\/\",\"url\":\"https:\\\/\\\/toolstecique.com\\\/wp-content\\\/uploads\\\/2025\\\/02\\\/green-profile.png\",\"contentUrl\":\"https:\\\/\\\/toolstecique.com\\\/wp-content\\\/uploads\\\/2025\\\/02\\\/green-profile.png\",\"width\":250,\"height\":250,\"caption\":\"Tools Tecique\"},\"image\":{\"@id\":\"https:\\\/\\\/toolstecique.com\\\/#\\\/schema\\\/logo\\\/image\\\/\"}}]}<\/script>\n<!-- \/ Yoast SEO Premium plugin. -->","yoast_head_json":{"title":"Yasal Uyar\u0131 - Teknik Ara\u00e7lar","robots":{"index":"index","follow":"follow","max-snippet":"max-snippet:-1","max-image-preview":"max-image-preview:large","max-video-preview":"max-video-preview:-1"},"canonical":"https:\/\/toolstecique.com\/tr\/disclaimer\/","og_locale":"tr_TR","og_type":"article","og_title":"Disclaimer","og_description":"1. No Warranties Tools Tecique strives to provide accurate, up-to-date, and secure content on the website. However, we make no [&hellip;]","og_url":"https:\/\/toolstecique.com\/tr\/disclaimer\/","og_site_name":"Tools Tecique","article_modified_time":"2025-04-18T10:41:31+00:00","twitter_card":"summary_large_image","twitter_misc":{"Tahmini okuma s\u00fcresi":"5 dakika"},"schema":{"@context":"https:\/\/schema.org","@graph":[{"@type":"WebPage","@id":"https:\/\/toolstecique.com\/disclaimer\/","url":"https:\/\/toolstecique.com\/disclaimer\/","name":"Yasal Uyar\u0131 - Teknik Ara\u00e7lar","isPartOf":{"@id":"https:\/\/toolstecique.com\/#website"},"datePublished":"2024-11-29T12:15:01+00:00","dateModified":"2025-04-18T10:41:31+00:00","breadcrumb":{"@id":"https:\/\/toolstecique.com\/disclaimer\/#breadcrumb"},"inLanguage":"tr","potentialAction":[{"@type":"ReadAction","target":["https:\/\/toolstecique.com\/disclaimer\/"]}]},{"@type":"BreadcrumbList","@id":"https:\/\/toolstecique.com\/disclaimer\/#breadcrumb","itemListElement":[{"@type":"ListItem","position":1,"name":"Home","item":"https:\/\/toolstecique.com\/"},{"@type":"ListItem","position":2,"name":"Disclaimer"}]},{"@type":"WebSite","@id":"https:\/\/toolstecique.com\/#website","url":"https:\/\/toolstecique.com\/","name":"Teknik Ara\u00e7lar","description":"","publisher":{"@id":"https:\/\/toolstecique.com\/#organization"},"potentialAction":[{"@type":"SearchAction","target":{"@type":"EntryPoint","urlTemplate":"https:\/\/toolstecique.com\/?s={search_term_string}"},"query-input":{"@type":"PropertyValueSpecification","valueRequired":true,"valueName":"search_term_string"}}],"inLanguage":"tr"},{"@type":"Organization","@id":"https:\/\/toolstecique.com\/#organization","name":"Teknik Ara\u00e7lar","url":"https:\/\/toolstecique.com\/","logo":{"@type":"ImageObject","inLanguage":"tr","@id":"https:\/\/toolstecique.com\/#\/schema\/logo\/image\/","url":"https:\/\/toolstecique.com\/wp-content\/uploads\/2025\/02\/green-profile.png","contentUrl":"https:\/\/toolstecique.com\/wp-content\/uploads\/2025\/02\/green-profile.png","width":250,"height":250,"caption":"Tools Tecique"},"image":{"@id":"https:\/\/toolstecique.com\/#\/schema\/logo\/image\/"}}]}},"_links":{"self":[{"href":"https:\/\/toolstecique.com\/tr\/wp-json\/wp\/v2\/pages\/211","targetHints":{"allow":["GET"]}}],"collection":[{"href":"https:\/\/toolstecique.com\/tr\/wp-json\/wp\/v2\/pages"}],"about":[{"href":"https:\/\/toolstecique.com\/tr\/wp-json\/wp\/v2\/types\/page"}],"author":[{"embeddable":true,"href":"https:\/\/toolstecique.com\/tr\/wp-json\/wp\/v2\/users\/1"}],"replies":[{"embeddable":true,"href":"https:\/\/toolstecique.com\/tr\/wp-json\/wp\/v2\/comments?post=211"}],"version-history":[{"count":0,"href":"https:\/\/toolstecique.com\/tr\/wp-json\/wp\/v2\/pages\/211\/revisions"}],"wp:attachment":[{"href":"https:\/\/toolstecique.com\/tr\/wp-json\/wp\/v2\/media?parent=211"}],"curies":[{"name":"wp","href":"https:\/\/api.w.org\/{rel}","templated":true}]}}