{"id":213,"date":"2024-11-29T12:16:46","date_gmt":"2024-11-29T12:16:46","guid":{"rendered":"https:\/\/toolstecique.com\/?page_id=213"},"modified":"2025-04-18T10:39:07","modified_gmt":"2025-04-18T10:39:07","slug":"about","status":"publish","type":"page","link":"https:\/\/toolstecique.com\/tr\/about\/","title":{"rendered":"Hakk\u0131nda"},"content":{"rendered":"<p><strong>Tools Tecique'e Ho\u015f Geldiniz \u2013 G\u00fcvenli ve Vir\u00fcss\u00fcz \u0130ndirmeler \u0130\u00e7in Tek Adresiniz<\/strong><\/p>\n<p>At <strong>Teknik Ara\u00e7lar<\/strong>Misyonumuz basit: Size internette bulunan en g\u00fcvenli ve en g\u00fcvenilir yaz\u0131l\u0131m ara\u00e7lar\u0131n\u0131 ve yard\u0131mc\u0131 programlar\u0131n\u0131 sunmak. \u0130ster verimlilik ara\u00e7lar\u0131, sistem yard\u0131mc\u0131 programlar\u0131, g\u00fcvenlik yaz\u0131l\u0131mlar\u0131 veya e\u011flence programlar\u0131 ar\u0131yor olun, vir\u00fcslerden, k\u00f6t\u00fc ama\u00e7l\u0131 yaz\u0131l\u0131mlardan ve di\u011fer g\u00fcvenlik tehditlerinden tamamen ar\u0131nd\u0131r\u0131lm\u0131\u015f, \u00f6zenle incelenmi\u015f, y\u00fcksek kaliteli indirmelerden olu\u015fan geni\u015f bir koleksiyon sunuyoruz.<\/p>\n<h2><strong>Biz Kimiz<\/strong><\/h2>\n<p><strong>Teknik Ara\u00e7lar<\/strong> G\u00fcvenilir bir platform olu\u015fturma vizyonuyla kurulduk; bu platformda kullan\u0131c\u0131lar, sistemlerini zararl\u0131 vir\u00fcsler veya k\u00f6t\u00fc ama\u00e7l\u0131 yaz\u0131l\u0131mlarla enfekte etme korkusu olmadan ihtiya\u00e7 duyduklar\u0131 yaz\u0131l\u0131mlar\u0131 g\u00fcvenle indirebilirler. \u0130ster teknoloji merakl\u0131s\u0131, ister i\u015f insan\u0131, isterse de bilgisayar\u0131n\u0131z\u0131 daha verimli hale getirmek isteyen biri olun, g\u00fcvenilir, g\u00fcvenli ve g\u00fcncel ara\u00e7lara eri\u015fmenin ne kadar \u00f6nemli oldu\u011funu biliyoruz.<\/p>\n<p>Uzmanlardan olu\u015fan ekibimiz, sitemizde yer alan her yaz\u0131l\u0131m\u0131 en y\u00fcksek g\u00fcvenlik standartlar\u0131n\u0131 kar\u015f\u0131lad\u0131\u011f\u0131ndan emin olmak i\u00e7in titizlikle test eder. Yaz\u0131l\u0131m indirirken kimsenin g\u00fcvenlikten \u00f6d\u00fcn vermemesi gerekti\u011fine inan\u0131yoruz, bu nedenle tamamen g\u00fcvenli ve vir\u00fcss\u00fcz bir deneyim sunmaya kararl\u0131y\u0131z.<\/p>\n<h2><strong>Sunduklar\u0131m\u0131z<\/strong><\/h2>\n<p>At <strong>Teknik Ara\u00e7lar<\/strong>Burada, a\u015fa\u011f\u0131dakiler de dahil olmak \u00fczere \u00e7e\u015fitli kategorilerde \u00e7ok \u00e7e\u015fitli yaz\u0131l\u0131m ara\u00e7lar\u0131 bulacaks\u0131n\u0131z:<\/p>\n<ul>\n<li><strong>Sistem Yard\u0131mc\u0131 Programlar\u0131<\/strong>Bilgisayar\u0131n\u0131z\u0131 optimize edin, gereksiz dosyalar\u0131 temizleyin ve performans\u0131 art\u0131r\u0131n.<\/li>\n<li><strong>G\u00fcvenlik ve Antivir\u00fcs<\/strong>Bilgisayar\u0131n\u0131z\u0131 ve ki\u015fisel verilerinizi en y\u00fcksek puanl\u0131 vir\u00fcsten koruma ve k\u00f6t\u00fc ama\u00e7l\u0131 yaz\u0131l\u0131mlara kar\u015f\u0131 koruma programlar\u0131yla koruyun.<\/li>\n<li><strong>Multimedya<\/strong>Foto\u011fraf, video ve m\u00fczik d\u00fczenleme ara\u00e7lar\u0131n\u0131 ke\u015ffedin.<\/li>\n<li><strong>Verimlilik<\/strong>\u0130\u015flerinizi daha verimli hale getirmek i\u00e7in ofis yaz\u0131l\u0131m paketlerini, g\u00f6rev y\u00f6neticilerini ve di\u011fer verimlilik ara\u00e7lar\u0131n\u0131 indirin.<\/li>\n<li><strong>Geli\u015ftirme Ara\u00e7lar\u0131<\/strong>Geli\u015ftiriciler i\u00e7in programlama ara\u00e7lar\u0131, kod edit\u00f6rleri ve di\u011fer yard\u0131mc\u0131 programlar\u0131 bulun.<\/li>\n<\/ul>\n<p>Sundu\u011fumuz t\u00fcm yaz\u0131l\u0131mlar, vir\u00fcs, casus yaz\u0131l\u0131m veya di\u011fer k\u00f6t\u00fc ama\u00e7l\u0131 yaz\u0131l\u0131mlardan ar\u0131nd\u0131r\u0131lm\u0131\u015f olduklar\u0131ndan emin olmak i\u00e7in dikkatlice incelenir ve taran\u0131r.<\/p>\n<h2><strong>G\u00fcvenli\u011fe Olan Ba\u011fl\u0131l\u0131\u011f\u0131m\u0131z<\/strong><\/h2>\n<p>Ki\u015fisel bilgilerinizin ve bilgisayar sisteminizin g\u00fcvenli\u011finin en b\u00fcy\u00fck \u00f6nceli\u011fimiz oldu\u011funun fark\u0131nday\u0131z. Bu nedenle, <strong>Teknik Ara\u00e7lar<\/strong>\u0130ndirilebilir her dosyan\u0131n vir\u00fcss\u00fcz ve g\u00fcvenli oldu\u011fundan emin olmak i\u00e7in elimizden gelenin en iyisini yap\u0131yoruz. \u00d6zel ekibimiz, yaz\u0131l\u0131m kullan\u0131c\u0131lar\u0131m\u0131za sunulmadan \u00f6nce potansiyel riskleri tespit etmek i\u00e7in manuel taramalar ve otomatik ara\u00e7lar da dahil olmak \u00fczere kapsaml\u0131 g\u00fcvenlik kontrolleri ger\u00e7ekle\u015ftiriyor.<\/p>\n<p>\u0130ndirmelerin g\u00fcvenli\u011fini sa\u011flamak i\u00e7in elimizden gelen her \u015feyi yaparken, kullan\u0131c\u0131lar\u0131m\u0131z\u0131 her zaman kendi antivir\u00fcs yaz\u0131l\u0131mlar\u0131n\u0131 kullanmaya ve herhangi bir kaynaktan yaz\u0131l\u0131m indirirken ve y\u00fcklerken \u00f6nlem almaya te\u015fvik ediyoruz.<\/p>\n<h2><strong>Neden Bizi Se\u00e7melisiniz?<\/strong><\/h2>\n<ul>\n<li><strong>G\u00fcvenilir, G\u00fcvenli \u0130ndirmeler<\/strong>Her indirme i\u015flemi, size yaln\u0131zca en iyi ve en g\u00fcvenli ara\u00e7lar\u0131 sunmak i\u00e7in vir\u00fcsler, k\u00f6t\u00fc ama\u00e7l\u0131 yaz\u0131l\u0131mlar ve di\u011fer g\u00fcvenlik tehditlerine kar\u015f\u0131 titizlikle kontrol edilir.<\/li>\n<li><strong>Geni\u015f Se\u00e7enek<\/strong>Sistem optimizasyonundan verimlili\u011fe, e\u011flenceye kadar t\u00fcm ihtiya\u00e7lar\u0131n\u0131z i\u00e7in \u00e7ok \u00e7e\u015fitli yaz\u0131l\u0131mlar sunuyoruz.<\/li>\n<li><strong>G\u00fcncel \u0130\u00e7erik<\/strong>\u0130\u00e7eri\u011fimizi d\u00fczenli olarak g\u00fcncelliyoruz, bu nedenle ihtiyac\u0131n\u0131z olan ara\u00e7lar\u0131n en son s\u00fcr\u00fcm\u00fcn\u00fc her zaman bulacaks\u0131n\u0131z.<\/li>\n<li><strong>Kullan\u0131c\u0131 Dostu Deneyim<\/strong>Amac\u0131m\u0131z, t\u00fcm kullan\u0131c\u0131lar\u0131m\u0131z i\u00e7in kolay gezinilebilir ve anla\u015f\u0131l\u0131r bir deneyim sunmakt\u0131r.<\/li>\n<li><strong>\u00dccretsiz Eri\u015fim<\/strong>Sitemizde bulunan t\u00fcm yaz\u0131l\u0131m ara\u00e7lar\u0131 \u00fccretsiz olarak indirilebilir ve size hi\u00e7bir gizli maliyet olmadan en y\u00fcksek puanl\u0131 programlara eri\u015fim imkan\u0131 sunar.<\/li>\n<\/ul>\n<h2><strong>De\u011ferlerimiz<\/strong><\/h2>\n<p>At <strong>Teknik Ara\u00e7lar<\/strong>Biz \u015funlara inan\u0131yoruz:<\/p>\n<ul>\n<li><strong>B\u00fct\u00fcnl\u00fck<\/strong>Kullan\u0131c\u0131lar\u0131m\u0131za do\u011fru bilgi sa\u011flamaya ve \u015feffafl\u0131\u011f\u0131 korumaya kararl\u0131y\u0131z.<\/li>\n<li><strong>G\u00fcvenlik<\/strong>G\u00fcvenli\u011finiz bizim \u00f6nceli\u011fimizdir. Sundu\u011fumuz t\u00fcm ara\u00e7lar\u0131n g\u00fcvenli ve zararl\u0131 kodlardan ar\u0131nd\u0131r\u0131lm\u0131\u015f oldu\u011fundan emin oluyoruz.<\/li>\n<li><strong>Kalite<\/strong>: Yaln\u0131zca g\u00fcvenilirlik, performans ve g\u00fcvenlik konular\u0131ndaki y\u00fcksek standartlar\u0131m\u0131z\u0131 kar\u015f\u0131layan yaz\u0131l\u0131mlar\u0131 listeliyoruz.<\/li>\n<li><strong>M\u00fc\u015fteri Odakl\u0131l\u0131k<\/strong>Kullan\u0131c\u0131lar\u0131m\u0131za de\u011fer veriyoruz ve h\u0131zl\u0131 destek ve i\u00e7eri\u011fimize d\u00fczenli g\u00fcncellemeler de dahil olmak \u00fczere en iyi hizmeti sunmay\u0131 hedefliyoruz.<\/li>\n<\/ul>\n<h2><strong>Vizyonumuz<\/strong><\/h2>\n<p>G\u00fcvenli, g\u00fcvenilir ve kullan\u0131m\u0131 kolay yaz\u0131l\u0131m arayan herkes i\u00e7in ilk tercih edilen adres olmay\u0131 hedefliyoruz. Dijital d\u00fcnya geli\u015fmeye devam ederken, kullan\u0131c\u0131lar\u0131m\u0131za bu ortamda g\u00fcvenle ve kolayl\u0131kla gezinmeleri i\u00e7in ihtiya\u00e7 duyduklar\u0131 ara\u00e7lar\u0131 sa\u011flamaya \u00e7al\u0131\u015f\u0131yoruz. Y\u00fcksek kaliteli, g\u00fcvenli yaz\u0131l\u0131m indirmelerinden olu\u015fan \u00f6zenle se\u00e7ilmi\u015f bir koleksiyon sunarak, cihazlar\u0131n\u0131z\u0131n vir\u00fcs veya k\u00f6t\u00fc ama\u00e7l\u0131 yaz\u0131l\u0131m riski olmadan en iyi \u015fekilde \u00e7al\u0131\u015fmas\u0131n\u0131 sa\u011fl\u0131yoruz.<\/p>\n<h2><strong>\u0130leti\u015fime Ge\u00e7in<\/strong><\/h2>\n<p>Herhangi bir sorunuz, \u00f6neriniz veya geri bildiriminiz varsa, sizden haber almak isteriz! Bizimle ileti\u015fim kurmak i\u00e7in l\u00fctfen a\u015fa\u011f\u0131daki ileti\u015fim bilgilerini kullan\u0131n. <strong>\u0130leti\u015fim Sayfas\u0131<\/strong> veya bize \u015fu adresten e-posta g\u00f6nderin: [<a href=\"mailto:toolstecique@gmail.com\">toolstecique@gmail.com<\/a>].<\/p>\n<p>Se\u00e7ti\u011finiz i\u00e7in te\u015fekk\u00fcr ederiz. <strong>Teknik Ara\u00e7lar<\/strong>\u2014Dijital deneyiminizden en iyi \u015fekilde yararlanman\u0131za yard\u0131mc\u0131 olmak i\u00e7in buraday\u0131z.<\/p>\n<hr \/>","protected":false},"excerpt":{"rendered":"<p>Welcome to Tools Tecique \u2013 Your One-Stop Destination for Secure and Virus-Free Downloads At Tools Tecique, our mission is simple: [&hellip;]<\/p>","protected":false},"author":1,"featured_media":0,"parent":0,"menu_order":0,"comment_status":"closed","ping_status":"closed","template":"","meta":{"site-sidebar-layout":"default","site-content-layout":"","ast-site-content-layout":"default","site-content-style":"default","site-sidebar-style":"default","ast-global-header-display":"","ast-banner-title-visibility":"","ast-main-header-display":"","ast-hfb-above-header-display":"","ast-hfb-below-header-display":"","ast-hfb-mobile-header-display":"","site-post-title":"","ast-breadcrumbs-content":"","ast-featured-img":"","footer-sml-layout":"","ast-disable-related-posts":"","theme-transparent-header-meta":"default","adv-header-id-meta":"","stick-header-meta":"","header-above-stick-meta":"","header-main-stick-meta":"","header-below-stick-meta":"","astra-migrate-meta-layouts":"set","ast-page-background-enabled":"default","ast-page-background-meta":{"desktop":{"background-color":"var(--ast-global-color-5)","background-image":"","background-repeat":"repeat","background-position":"center center","background-size":"auto","background-attachment":"scroll","background-type":"","background-media":"","overlay-type":"","overlay-color":"","overlay-opacity":"","overlay-gradient":""},"tablet":{"background-color":"","background-image":"","background-repeat":"repeat","background-position":"center center","background-size":"auto","background-attachment":"scroll","background-type":"","background-media":"","overlay-type":"","overlay-color":"","overlay-opacity":"","overlay-gradient":""},"mobile":{"background-color":"","background-image":"","background-repeat":"repeat","background-position":"center center","background-size":"auto","background-attachment":"scroll","background-type":"","background-media":"","overlay-type":"","overlay-color":"","overlay-opacity":"","overlay-gradient":""}},"ast-content-background-meta":{"desktop":{"background-color":"var(--ast-global-color-4)","background-image":"","background-repeat":"repeat","background-position":"center center","background-size":"auto","background-attachment":"scroll","background-type":"","background-media":"","overlay-type":"","overlay-color":"","overlay-opacity":"","overlay-gradient":""},"tablet":{"background-color":"var(--ast-global-color-4)","background-image":"","background-repeat":"repeat","background-position":"center center","background-size":"auto","background-attachment":"scroll","background-type":"","background-media":"","overlay-type":"","overlay-color":"","overlay-opacity":"","overlay-gradient":""},"mobile":{"background-color":"var(--ast-global-color-4)","background-image":"","background-repeat":"repeat","background-position":"center center","background-size":"auto","background-attachment":"scroll","background-type":"","background-media":"","overlay-type":"","overlay-color":"","overlay-opacity":"","overlay-gradient":""}},"footnotes":""},"class_list":["post-213","page","type-page","status-publish","hentry"],"yoast_head":"<!-- This site is optimized with the Yoast SEO Premium plugin v25.9 (Yoast SEO v27.4) - https:\/\/yoast.com\/product\/yoast-seo-premium-wordpress\/ -->\n<title>About - Tools Tecique<\/title>\n<meta name=\"robots\" content=\"index, follow, max-snippet:-1, max-image-preview:large, max-video-preview:-1\" \/>\n<link rel=\"canonical\" href=\"https:\/\/toolstecique.com\/tr\/about\/\" \/>\n<meta property=\"og:locale\" content=\"tr_TR\" \/>\n<meta property=\"og:type\" content=\"article\" \/>\n<meta property=\"og:title\" content=\"About\" \/>\n<meta property=\"og:description\" content=\"Welcome to Tools Tecique \u2013 Your One-Stop Destination for Secure and Virus-Free Downloads At Tools Tecique, our mission is simple: [&hellip;]\" \/>\n<meta property=\"og:url\" content=\"https:\/\/toolstecique.com\/tr\/about\/\" \/>\n<meta property=\"og:site_name\" content=\"Tools Tecique\" \/>\n<meta property=\"article:modified_time\" content=\"2025-04-18T10:39:07+00:00\" \/>\n<meta name=\"twitter:card\" content=\"summary_large_image\" \/>\n<meta name=\"twitter:label1\" content=\"Tahmini okuma s\u00fcresi\" \/>\n\t<meta name=\"twitter:data1\" content=\"4 dakika\" \/>\n<script type=\"application\/ld+json\" class=\"yoast-schema-graph\">{\"@context\":\"https:\\\/\\\/schema.org\",\"@graph\":[{\"@type\":\"WebPage\",\"@id\":\"https:\\\/\\\/toolstecique.com\\\/about\\\/\",\"url\":\"https:\\\/\\\/toolstecique.com\\\/about\\\/\",\"name\":\"About - Tools Tecique\",\"isPartOf\":{\"@id\":\"https:\\\/\\\/toolstecique.com\\\/#website\"},\"datePublished\":\"2024-11-29T12:16:46+00:00\",\"dateModified\":\"2025-04-18T10:39:07+00:00\",\"breadcrumb\":{\"@id\":\"https:\\\/\\\/toolstecique.com\\\/about\\\/#breadcrumb\"},\"inLanguage\":\"tr\",\"potentialAction\":[{\"@type\":\"ReadAction\",\"target\":[\"https:\\\/\\\/toolstecique.com\\\/about\\\/\"]}]},{\"@type\":\"BreadcrumbList\",\"@id\":\"https:\\\/\\\/toolstecique.com\\\/about\\\/#breadcrumb\",\"itemListElement\":[{\"@type\":\"ListItem\",\"position\":1,\"name\":\"Home\",\"item\":\"https:\\\/\\\/toolstecique.com\\\/\"},{\"@type\":\"ListItem\",\"position\":2,\"name\":\"About\"}]},{\"@type\":\"WebSite\",\"@id\":\"https:\\\/\\\/toolstecique.com\\\/#website\",\"url\":\"https:\\\/\\\/toolstecique.com\\\/\",\"name\":\"Tools Tecique\",\"description\":\"\",\"publisher\":{\"@id\":\"https:\\\/\\\/toolstecique.com\\\/#organization\"},\"potentialAction\":[{\"@type\":\"SearchAction\",\"target\":{\"@type\":\"EntryPoint\",\"urlTemplate\":\"https:\\\/\\\/toolstecique.com\\\/?s={search_term_string}\"},\"query-input\":{\"@type\":\"PropertyValueSpecification\",\"valueRequired\":true,\"valueName\":\"search_term_string\"}}],\"inLanguage\":\"tr\"},{\"@type\":\"Organization\",\"@id\":\"https:\\\/\\\/toolstecique.com\\\/#organization\",\"name\":\"Tools Tecique\",\"url\":\"https:\\\/\\\/toolstecique.com\\\/\",\"logo\":{\"@type\":\"ImageObject\",\"inLanguage\":\"tr\",\"@id\":\"https:\\\/\\\/toolstecique.com\\\/#\\\/schema\\\/logo\\\/image\\\/\",\"url\":\"https:\\\/\\\/toolstecique.com\\\/wp-content\\\/uploads\\\/2025\\\/02\\\/green-profile.png\",\"contentUrl\":\"https:\\\/\\\/toolstecique.com\\\/wp-content\\\/uploads\\\/2025\\\/02\\\/green-profile.png\",\"width\":250,\"height\":250,\"caption\":\"Tools Tecique\"},\"image\":{\"@id\":\"https:\\\/\\\/toolstecique.com\\\/#\\\/schema\\\/logo\\\/image\\\/\"}}]}<\/script>\n<!-- \/ Yoast SEO Premium plugin. -->","yoast_head_json":{"title":"Hakk\u0131m\u0131zda - Teknik Ara\u00e7lar","robots":{"index":"index","follow":"follow","max-snippet":"max-snippet:-1","max-image-preview":"max-image-preview:large","max-video-preview":"max-video-preview:-1"},"canonical":"https:\/\/toolstecique.com\/tr\/about\/","og_locale":"tr_TR","og_type":"article","og_title":"About","og_description":"Welcome to Tools Tecique \u2013 Your One-Stop Destination for Secure and Virus-Free Downloads At Tools Tecique, our mission is simple: [&hellip;]","og_url":"https:\/\/toolstecique.com\/tr\/about\/","og_site_name":"Tools Tecique","article_modified_time":"2025-04-18T10:39:07+00:00","twitter_card":"summary_large_image","twitter_misc":{"Tahmini okuma s\u00fcresi":"4 dakika"},"schema":{"@context":"https:\/\/schema.org","@graph":[{"@type":"WebPage","@id":"https:\/\/toolstecique.com\/about\/","url":"https:\/\/toolstecique.com\/about\/","name":"Hakk\u0131m\u0131zda - Teknik Ara\u00e7lar","isPartOf":{"@id":"https:\/\/toolstecique.com\/#website"},"datePublished":"2024-11-29T12:16:46+00:00","dateModified":"2025-04-18T10:39:07+00:00","breadcrumb":{"@id":"https:\/\/toolstecique.com\/about\/#breadcrumb"},"inLanguage":"tr","potentialAction":[{"@type":"ReadAction","target":["https:\/\/toolstecique.com\/about\/"]}]},{"@type":"BreadcrumbList","@id":"https:\/\/toolstecique.com\/about\/#breadcrumb","itemListElement":[{"@type":"ListItem","position":1,"name":"Home","item":"https:\/\/toolstecique.com\/"},{"@type":"ListItem","position":2,"name":"About"}]},{"@type":"WebSite","@id":"https:\/\/toolstecique.com\/#website","url":"https:\/\/toolstecique.com\/","name":"Teknik Ara\u00e7lar","description":"","publisher":{"@id":"https:\/\/toolstecique.com\/#organization"},"potentialAction":[{"@type":"SearchAction","target":{"@type":"EntryPoint","urlTemplate":"https:\/\/toolstecique.com\/?s={search_term_string}"},"query-input":{"@type":"PropertyValueSpecification","valueRequired":true,"valueName":"search_term_string"}}],"inLanguage":"tr"},{"@type":"Organization","@id":"https:\/\/toolstecique.com\/#organization","name":"Teknik Ara\u00e7lar","url":"https:\/\/toolstecique.com\/","logo":{"@type":"ImageObject","inLanguage":"tr","@id":"https:\/\/toolstecique.com\/#\/schema\/logo\/image\/","url":"https:\/\/toolstecique.com\/wp-content\/uploads\/2025\/02\/green-profile.png","contentUrl":"https:\/\/toolstecique.com\/wp-content\/uploads\/2025\/02\/green-profile.png","width":250,"height":250,"caption":"Tools Tecique"},"image":{"@id":"https:\/\/toolstecique.com\/#\/schema\/logo\/image\/"}}]}},"_links":{"self":[{"href":"https:\/\/toolstecique.com\/tr\/wp-json\/wp\/v2\/pages\/213","targetHints":{"allow":["GET"]}}],"collection":[{"href":"https:\/\/toolstecique.com\/tr\/wp-json\/wp\/v2\/pages"}],"about":[{"href":"https:\/\/toolstecique.com\/tr\/wp-json\/wp\/v2\/types\/page"}],"author":[{"embeddable":true,"href":"https:\/\/toolstecique.com\/tr\/wp-json\/wp\/v2\/users\/1"}],"replies":[{"embeddable":true,"href":"https:\/\/toolstecique.com\/tr\/wp-json\/wp\/v2\/comments?post=213"}],"version-history":[{"count":0,"href":"https:\/\/toolstecique.com\/tr\/wp-json\/wp\/v2\/pages\/213\/revisions"}],"wp:attachment":[{"href":"https:\/\/toolstecique.com\/tr\/wp-json\/wp\/v2\/media?parent=213"}],"curies":[{"name":"wp","href":"https:\/\/api.w.org\/{rel}","templated":true}]}}