{"id":215,"date":"2024-11-29T12:20:18","date_gmt":"2024-11-29T12:20:18","guid":{"rendered":"https:\/\/toolstecique.com\/?page_id=215"},"modified":"2026-02-18T08:45:17","modified_gmt":"2026-02-18T08:45:17","slug":"contact","status":"publish","type":"page","link":"https:\/\/toolstecique.com\/tr\/contact\/","title":{"rendered":"Temas etmek"},"content":{"rendered":"<p>Ziyaretiniz i\u00e7in te\u015fekk\u00fcr ederiz. <strong>Teknik Ara\u00e7lar<\/strong> \u2013 G\u00fcvenli ve vir\u00fcss\u00fcz yaz\u0131l\u0131m indirmeleri i\u00e7in g\u00fcvenilir kayna\u011f\u0131n\u0131z!<\/p>\n<p>Yard\u0131mc\u0131 olmak i\u00e7in buraday\u0131z! Bir sorunuz, \u00f6neriniz varsa veya bir konuda yard\u0131ma ihtiyac\u0131n\u0131z varsa, bizimle ileti\u015fime ge\u00e7mekten \u00e7ekinmeyin. Ekibimiz m\u00fcmk\u00fcn olan en iyi deneyimi sa\u011flamaya kendini adam\u0131\u015ft\u0131r ve sahip olabilece\u011finiz herhangi bir endi\u015fenizde size yard\u0131mc\u0131 olmaktan mutluluk duyar\u0131z.<\/p>\n<h2><strong>Bize Nas\u0131l Ula\u015fabilirsiniz?<\/strong><\/h2>\n<p>A\u015fa\u011f\u0131daki y\u00f6ntemlerden herhangi birini kullanarak bize ula\u015fabilirsiniz:<\/p>\n<h3><strong>E-posta Deste\u011fi<\/strong><\/h3>\n<p>Genel sorular, teknik destek veya geri bildirim i\u00e7in l\u00fctfen bize \u015fu e-posta adresinden ula\u015f\u0131n:<\/p>\n<p><strong>E-posta<\/strong>:<strong> <a href=\"mailto:support@toolstecique.com\">support@toolstecique.com<\/a><\/strong><\/p>\n<p><strong>WhatsApp: <a href=\"https:\/\/wa.me\/447412801696\">+447412801696<\/a><\/strong><\/p>\n<p>E-postalar\u0131n\u0131za genellikle 1 i\u015f g\u00fcn\u00fc i\u00e7inde yan\u0131t veriyoruz. Size daha verimli bir \u015fekilde yard\u0131mc\u0131 olabilmemiz i\u00e7in l\u00fctfen m\u00fcmk\u00fcn oldu\u011funca ayr\u0131nt\u0131l\u0131 bilgi verin.<\/p>\n<hr \/>\n<h2><strong>Neden Bizimle \u0130leti\u015fime Ge\u00e7melisiniz?<\/strong><\/h2>\n<p>Geri bildirimlerinize de\u011fer veriyoruz ve size m\u00fcmk\u00fcn olan en iyi hizmeti sunmaya kararl\u0131y\u0131z. Bizimle ileti\u015fime ge\u00e7mek isteyebilece\u011finiz birka\u00e7 neden \u015funlard\u0131r:<\/p>\n<ul>\n<li><strong>Teknik Destek<\/strong>\u0130ndirdi\u011finiz yaz\u0131l\u0131mla ilgili herhangi bir sorun ya\u015farsan\u0131z, kurulum konusunda yard\u0131ma ihtiyac\u0131n\u0131z olursa veya herhangi bir hata veya sorunla kar\u015f\u0131la\u015f\u0131rsan\u0131z, size yard\u0131mc\u0131 olmak i\u00e7in buraday\u0131z.<\/li>\n<li><strong>Genel Sorular<\/strong>Web sitemiz, politikalar\u0131m\u0131z veya sundu\u011fumuz hizmetler hakk\u0131nda bir sorunuz mu var? Memnuniyetle a\u00e7\u0131kl\u0131\u011fa kavu\u015ftururuz.<\/li>\n<li><strong>\u00d6neriler veya Geri Bildirimler<\/strong>S\u00fcrekli olarak kendimizi geli\u015ftirmenin yollar\u0131n\u0131 ar\u0131yoruz. Sitemizi veya sundu\u011fumuz hizmetleri nas\u0131l geli\u015ftirebilece\u011fimize dair fikirleriniz varsa, l\u00fctfen bize bildirin!<\/li>\n<li><strong>Ortakl\u0131klar ve \u0130\u015fbirlikleri<\/strong>Bizimle \u00e7al\u0131\u015fmakla ilgileniyorsan\u0131z veya bir i\u015f teklifiniz varsa, l\u00fctfen bizimle ileti\u015fime ge\u00e7mekten \u00e7ekinmeyin.<\/li>\n<\/ul>\n<hr \/>\n<h3><strong>Size Verdi\u011fimiz S\u00f6z<\/strong><\/h3>\n<p>T\u00fcm sorulara m\u00fcmk\u00fcn olan en k\u0131sa s\u00fcrede yan\u0131t vermeye \u00e7al\u0131\u015f\u0131yoruz. Ancak, ald\u0131\u011f\u0131m\u0131z soru say\u0131s\u0131na ba\u011fl\u0131 olarak yan\u0131t s\u00fcrelerinin de\u011fi\u015febilece\u011fini l\u00fctfen unutmay\u0131n. Sabr\u0131n\u0131z i\u00e7in te\u015fekk\u00fcr ederiz ve endi\u015felerinizin eksiksiz bir \u015fekilde ele al\u0131nmas\u0131n\u0131 sa\u011flayaca\u011f\u0131z.<\/p>\n<hr \/>\n<p><strong>Tools Tecique toplulu\u011funun bir par\u00e7as\u0131 oldu\u011funuz i\u00e7in te\u015fekk\u00fcr ederiz!<\/strong> Sizden haber bekliyoruz.<\/p>","protected":false},"excerpt":{"rendered":"<p>Thank you for visiting Tools Tecique \u2013 your trusted source for secure and virus-free software downloads! We\u2019re here to help! [&hellip;]<\/p>","protected":false},"author":1,"featured_media":0,"parent":0,"menu_order":0,"comment_status":"closed","ping_status":"closed","template":"","meta":{"site-sidebar-layout":"default","site-content-layout":"","ast-site-content-layout":"default","site-content-style":"default","site-sidebar-style":"default","ast-global-header-display":"","ast-banner-title-visibility":"","ast-main-header-display":"","ast-hfb-above-header-display":"","ast-hfb-below-header-display":"","ast-hfb-mobile-header-display":"","site-post-title":"","ast-breadcrumbs-content":"","ast-featured-img":"","footer-sml-layout":"","ast-disable-related-posts":"","theme-transparent-header-meta":"default","adv-header-id-meta":"","stick-header-meta":"","header-above-stick-meta":"","header-main-stick-meta":"","header-below-stick-meta":"","astra-migrate-meta-layouts":"set","ast-page-background-enabled":"default","ast-page-background-meta":{"desktop":{"background-color":"var(--ast-global-color-5)","background-image":"","background-repeat":"repeat","background-position":"center center","background-size":"auto","background-attachment":"scroll","background-type":"","background-media":"","overlay-type":"","overlay-color":"","overlay-opacity":"","overlay-gradient":""},"tablet":{"background-color":"","background-image":"","background-repeat":"repeat","background-position":"center center","background-size":"auto","background-attachment":"scroll","background-type":"","background-media":"","overlay-type":"","overlay-color":"","overlay-opacity":"","overlay-gradient":""},"mobile":{"background-color":"","background-image":"","background-repeat":"repeat","background-position":"center center","background-size":"auto","background-attachment":"scroll","background-type":"","background-media":"","overlay-type":"","overlay-color":"","overlay-opacity":"","overlay-gradient":""}},"ast-content-background-meta":{"desktop":{"background-color":"var(--ast-global-color-4)","background-image":"","background-repeat":"repeat","background-position":"center center","background-size":"auto","background-attachment":"scroll","background-type":"","background-media":"","overlay-type":"","overlay-color":"","overlay-opacity":"","overlay-gradient":""},"tablet":{"background-color":"var(--ast-global-color-4)","background-image":"","background-repeat":"repeat","background-position":"center center","background-size":"auto","background-attachment":"scroll","background-type":"","background-media":"","overlay-type":"","overlay-color":"","overlay-opacity":"","overlay-gradient":""},"mobile":{"background-color":"var(--ast-global-color-4)","background-image":"","background-repeat":"repeat","background-position":"center center","background-size":"auto","background-attachment":"scroll","background-type":"","background-media":"","overlay-type":"","overlay-color":"","overlay-opacity":"","overlay-gradient":""}},"footnotes":""},"class_list":["post-215","page","type-page","status-publish","hentry"],"yoast_head":"<!-- This site is optimized with the Yoast SEO Premium plugin v25.9 (Yoast SEO v27.4) - https:\/\/yoast.com\/product\/yoast-seo-premium-wordpress\/ -->\n<title>Contact - Tools Tecique<\/title>\n<meta name=\"robots\" content=\"index, follow, max-snippet:-1, max-image-preview:large, max-video-preview:-1\" \/>\n<link rel=\"canonical\" href=\"https:\/\/toolstecique.com\/tr\/contact\/\" \/>\n<meta property=\"og:locale\" content=\"tr_TR\" \/>\n<meta property=\"og:type\" content=\"article\" \/>\n<meta property=\"og:title\" content=\"Contact\" \/>\n<meta property=\"og:description\" content=\"Thank you for visiting Tools Tecique \u2013 your trusted source for secure and virus-free software downloads! We\u2019re here to help! [&hellip;]\" \/>\n<meta property=\"og:url\" content=\"https:\/\/toolstecique.com\/tr\/contact\/\" \/>\n<meta property=\"og:site_name\" content=\"Tools Tecique\" \/>\n<meta property=\"article:modified_time\" content=\"2026-02-18T08:45:17+00:00\" \/>\n<meta name=\"twitter:card\" content=\"summary_large_image\" \/>\n<meta name=\"twitter:label1\" content=\"Tahmini okuma s\u00fcresi\" \/>\n\t<meta name=\"twitter:data1\" content=\"2 dakika\" \/>\n<script type=\"application\/ld+json\" class=\"yoast-schema-graph\">{\"@context\":\"https:\\\/\\\/schema.org\",\"@graph\":[{\"@type\":\"WebPage\",\"@id\":\"https:\\\/\\\/toolstecique.com\\\/contact\\\/\",\"url\":\"https:\\\/\\\/toolstecique.com\\\/contact\\\/\",\"name\":\"Contact - Tools Tecique\",\"isPartOf\":{\"@id\":\"https:\\\/\\\/toolstecique.com\\\/#website\"},\"datePublished\":\"2024-11-29T12:20:18+00:00\",\"dateModified\":\"2026-02-18T08:45:17+00:00\",\"breadcrumb\":{\"@id\":\"https:\\\/\\\/toolstecique.com\\\/contact\\\/#breadcrumb\"},\"inLanguage\":\"tr\",\"potentialAction\":[{\"@type\":\"ReadAction\",\"target\":[\"https:\\\/\\\/toolstecique.com\\\/contact\\\/\"]}]},{\"@type\":\"BreadcrumbList\",\"@id\":\"https:\\\/\\\/toolstecique.com\\\/contact\\\/#breadcrumb\",\"itemListElement\":[{\"@type\":\"ListItem\",\"position\":1,\"name\":\"Home\",\"item\":\"https:\\\/\\\/toolstecique.com\\\/\"},{\"@type\":\"ListItem\",\"position\":2,\"name\":\"Contact\"}]},{\"@type\":\"WebSite\",\"@id\":\"https:\\\/\\\/toolstecique.com\\\/#website\",\"url\":\"https:\\\/\\\/toolstecique.com\\\/\",\"name\":\"Tools Tecique\",\"description\":\"\",\"publisher\":{\"@id\":\"https:\\\/\\\/toolstecique.com\\\/#organization\"},\"potentialAction\":[{\"@type\":\"SearchAction\",\"target\":{\"@type\":\"EntryPoint\",\"urlTemplate\":\"https:\\\/\\\/toolstecique.com\\\/?s={search_term_string}\"},\"query-input\":{\"@type\":\"PropertyValueSpecification\",\"valueRequired\":true,\"valueName\":\"search_term_string\"}}],\"inLanguage\":\"tr\"},{\"@type\":\"Organization\",\"@id\":\"https:\\\/\\\/toolstecique.com\\\/#organization\",\"name\":\"Tools Tecique\",\"url\":\"https:\\\/\\\/toolstecique.com\\\/\",\"logo\":{\"@type\":\"ImageObject\",\"inLanguage\":\"tr\",\"@id\":\"https:\\\/\\\/toolstecique.com\\\/#\\\/schema\\\/logo\\\/image\\\/\",\"url\":\"https:\\\/\\\/toolstecique.com\\\/wp-content\\\/uploads\\\/2025\\\/02\\\/green-profile.png\",\"contentUrl\":\"https:\\\/\\\/toolstecique.com\\\/wp-content\\\/uploads\\\/2025\\\/02\\\/green-profile.png\",\"width\":250,\"height\":250,\"caption\":\"Tools Tecique\"},\"image\":{\"@id\":\"https:\\\/\\\/toolstecique.com\\\/#\\\/schema\\\/logo\\\/image\\\/\"}}]}<\/script>\n<!-- \/ Yoast SEO Premium plugin. -->","yoast_head_json":{"title":"\u0130leti\u015fim - Teknik Ara\u00e7lar","robots":{"index":"index","follow":"follow","max-snippet":"max-snippet:-1","max-image-preview":"max-image-preview:large","max-video-preview":"max-video-preview:-1"},"canonical":"https:\/\/toolstecique.com\/tr\/contact\/","og_locale":"tr_TR","og_type":"article","og_title":"Contact","og_description":"Thank you for visiting Tools Tecique \u2013 your trusted source for secure and virus-free software downloads! We\u2019re here to help! [&hellip;]","og_url":"https:\/\/toolstecique.com\/tr\/contact\/","og_site_name":"Tools Tecique","article_modified_time":"2026-02-18T08:45:17+00:00","twitter_card":"summary_large_image","twitter_misc":{"Tahmini okuma s\u00fcresi":"2 dakika"},"schema":{"@context":"https:\/\/schema.org","@graph":[{"@type":"WebPage","@id":"https:\/\/toolstecique.com\/contact\/","url":"https:\/\/toolstecique.com\/contact\/","name":"\u0130leti\u015fim - Teknik Ara\u00e7lar","isPartOf":{"@id":"https:\/\/toolstecique.com\/#website"},"datePublished":"2024-11-29T12:20:18+00:00","dateModified":"2026-02-18T08:45:17+00:00","breadcrumb":{"@id":"https:\/\/toolstecique.com\/contact\/#breadcrumb"},"inLanguage":"tr","potentialAction":[{"@type":"ReadAction","target":["https:\/\/toolstecique.com\/contact\/"]}]},{"@type":"BreadcrumbList","@id":"https:\/\/toolstecique.com\/contact\/#breadcrumb","itemListElement":[{"@type":"ListItem","position":1,"name":"Home","item":"https:\/\/toolstecique.com\/"},{"@type":"ListItem","position":2,"name":"Contact"}]},{"@type":"WebSite","@id":"https:\/\/toolstecique.com\/#website","url":"https:\/\/toolstecique.com\/","name":"Teknik Ara\u00e7lar","description":"","publisher":{"@id":"https:\/\/toolstecique.com\/#organization"},"potentialAction":[{"@type":"SearchAction","target":{"@type":"EntryPoint","urlTemplate":"https:\/\/toolstecique.com\/?s={search_term_string}"},"query-input":{"@type":"PropertyValueSpecification","valueRequired":true,"valueName":"search_term_string"}}],"inLanguage":"tr"},{"@type":"Organization","@id":"https:\/\/toolstecique.com\/#organization","name":"Teknik Ara\u00e7lar","url":"https:\/\/toolstecique.com\/","logo":{"@type":"ImageObject","inLanguage":"tr","@id":"https:\/\/toolstecique.com\/#\/schema\/logo\/image\/","url":"https:\/\/toolstecique.com\/wp-content\/uploads\/2025\/02\/green-profile.png","contentUrl":"https:\/\/toolstecique.com\/wp-content\/uploads\/2025\/02\/green-profile.png","width":250,"height":250,"caption":"Tools Tecique"},"image":{"@id":"https:\/\/toolstecique.com\/#\/schema\/logo\/image\/"}}]}},"_links":{"self":[{"href":"https:\/\/toolstecique.com\/tr\/wp-json\/wp\/v2\/pages\/215","targetHints":{"allow":["GET"]}}],"collection":[{"href":"https:\/\/toolstecique.com\/tr\/wp-json\/wp\/v2\/pages"}],"about":[{"href":"https:\/\/toolstecique.com\/tr\/wp-json\/wp\/v2\/types\/page"}],"author":[{"embeddable":true,"href":"https:\/\/toolstecique.com\/tr\/wp-json\/wp\/v2\/users\/1"}],"replies":[{"embeddable":true,"href":"https:\/\/toolstecique.com\/tr\/wp-json\/wp\/v2\/comments?post=215"}],"version-history":[{"count":2,"href":"https:\/\/toolstecique.com\/tr\/wp-json\/wp\/v2\/pages\/215\/revisions"}],"predecessor-version":[{"id":2597,"href":"https:\/\/toolstecique.com\/tr\/wp-json\/wp\/v2\/pages\/215\/revisions\/2597"}],"wp:attachment":[{"href":"https:\/\/toolstecique.com\/tr\/wp-json\/wp\/v2\/media?parent=215"}],"curies":[{"name":"wp","href":"https:\/\/api.w.org\/{rel}","templated":true}]}}