{"id":218,"date":"2024-11-29T12:24:01","date_gmt":"2024-11-29T12:24:01","guid":{"rendered":"https:\/\/toolstecique.com\/?page_id=218"},"modified":"2024-11-29T12:24:01","modified_gmt":"2024-11-29T12:24:01","slug":"cookie-policy","status":"publish","type":"page","link":"https:\/\/toolstecique.com\/tr\/cookie-policy\/","title":{"rendered":"\u00c7erez Politikas\u0131"},"content":{"rendered":"<p>Bu <strong>\u00c7erez Politikas\u0131<\/strong> nas\u0131l oldu\u011funu a\u00e7\u0131kl\u0131yor <strong>Ara\u00e7lar Teknik<\/strong> (\u2018biz\u2019, \u2018bizim\u2019 veya \u2018bize\u2019) web sitemizi ziyaret etti\u011finizde bilgi toplamak i\u00e7in \u00e7erezler ve benzer teknolojiler kullan\u0131r.<a href=\"http:\/\/www.toolstecnique.com\/\">www.toolstecnique.com<\/a>Sitemizi kullanarak, bu politikada a\u00e7\u0131klanan \u015fekilde \u00e7erezlerin kullan\u0131m\u0131n\u0131 kabul etmi\u015f olursunuz. \u00c7erez kullan\u0131m\u0131m\u0131z\u0131 kabul etmiyorsan\u0131z, bu politikadaki talimatlar\u0131 izleyerek \u00e7erezleri devre d\u0131\u015f\u0131 b\u0131rakmal\u0131 veya Siteyi kullanmaktan ka\u00e7\u0131nmal\u0131s\u0131n\u0131z.<\/p>\n<hr \/>\n<h2><strong>\u00c7erezler Nedir?<\/strong><\/h2>\n<p>\u00c7erezler, bir web sitesini ziyaret etti\u011finizde cihaz\u0131n\u0131za (bilgisayar, tablet veya ak\u0131ll\u0131 telefon gibi) yerle\u015ftirilen k\u00fc\u00e7\u00fck metin dosyalar\u0131d\u0131r. Bu \u00e7erezler, kullan\u0131c\u0131 deneyiminizi geli\u015ftirmek, web sitesindeki etkinli\u011finizi izlemek ve web sitesinin i\u015flevselli\u011fini iyile\u015ftirmek i\u00e7in bilgi toplamak ve depolamak amac\u0131yla kullan\u0131l\u0131r.<\/p>\n<p>\u00c7erezler \u015fu \u015fekillerde olabilir:<\/p>\n<ul>\n<li><strong>Birinci taraf \u00e7erezleri<\/strong>Bunlar, ziyaret etti\u011finiz web sitesi taraf\u0131ndan ayarlanan \u00e7erezlerdir (bu durumda, <strong>Ara\u00e7lar Teknik<\/strong>).<\/li>\n<li><strong>\u00dc\u00e7\u00fcnc\u00fc taraf \u00e7erezleri<\/strong>Bunlar, ziyaret etti\u011finiz web sitesi taraf\u0131ndan do\u011frudan kontrol edilmeyen, reklam a\u011flar\u0131 veya analiz sa\u011flay\u0131c\u0131lar\u0131 gibi harici hizmetler taraf\u0131ndan ayarlanan \u00e7erezlerdir.<\/li>\n<\/ul>\n<hr \/>\n<h2><strong>\u00c7erezleri Neden Kullan\u0131yoruz?<\/strong><\/h2>\n<p>Sitemizde \u00e7erezleri a\u015fa\u011f\u0131daki ama\u00e7larla kullan\u0131yoruz:<\/p>\n<ol>\n<li><strong>Site \u0130\u015flevselli\u011fini Geli\u015ftirmek \u0130\u00e7in<\/strong>\u00c7erezler, sitenin beklendi\u011fi gibi \u00e7al\u0131\u015fmas\u0131n\u0131 sa\u011flamam\u0131za yard\u0131mc\u0131 olur. \u00d6rne\u011fin, tercihlerinizi hat\u0131rlamam\u0131za veya bilgilerinizi kaybetmeden sayfalar aras\u0131nda gezinmenize olanak tan\u0131rlar.<\/li>\n<li><strong>Kullan\u0131c\u0131 Deneyimini Geli\u015ftirmek \u0130\u00e7in<\/strong>\u00c7erezler, dil tercihinizi, oturum a\u00e7ma durumunuzu veya di\u011fer \u00f6zel ayarlar\u0131n\u0131z\u0131 hat\u0131rlayarak deneyiminizi ki\u015fiselle\u015ftirmek i\u00e7in kullan\u0131labilir.<\/li>\n<li><strong>Analiz ve Performans i\u00e7in<\/strong>Sitemizle ziyaret\u00e7ilerin nas\u0131l etkile\u015fim kurdu\u011funa dair veri toplamak i\u00e7in \u00e7erezler kullan\u0131yoruz; bu da sitemizin performans\u0131n\u0131 ve i\u00e7eri\u011fini geli\u015ftirmemize yard\u0131mc\u0131 oluyor. Bu \u00e7erezler, kullan\u0131m kal\u0131plar\u0131n\u0131, sayfa ziyaretlerini ve daha fazlas\u0131n\u0131 analiz etmemizi sa\u011fl\u0131yor.<\/li>\n<li><strong>Reklam ve Pazarlama \u0130\u00e7in<\/strong>\u00c7erezler, size alakal\u0131 reklamlar g\u00f6stermemize ve reklam kampanyalar\u0131m\u0131z\u0131n etkinli\u011fini \u00f6l\u00e7memize yard\u0131mc\u0131 olur. Bu \u00e7erezler, hedefli reklamlar sunmak i\u00e7in farkl\u0131 web sitelerindeki tarama davran\u0131\u015f\u0131n\u0131z\u0131 izleyebilir.<\/li>\n<\/ol>\n<hr \/>\n<h2><strong>Kulland\u0131\u011f\u0131m\u0131z \u00c7erez T\u00fcrleri<\/strong><\/h2>\n<p>Sitemizde \u00e7e\u015fitli t\u00fcrde \u00e7erezler kullan\u0131yoruz:<\/p>\n<ul>\n<li><strong>Temel \u00c7erezler<\/strong>Bu \u00e7erezler web sitesinin \u00e7al\u0131\u015fmas\u0131 i\u00e7in kesinlikle gereklidir ve kapat\u0131lamaz. Genellikle oturum a\u00e7ma veya form doldurma gibi yapt\u0131\u011f\u0131n\u0131z i\u015flemlere yan\u0131t olarak ayarlan\u0131rlar.<\/li>\n<li><strong>Performans\/Analitik \u00c7erezler<\/strong>Bu \u00e7erezler, ziyaret\u00e7ilerin Sitemizle nas\u0131l etkile\u015fim kurdu\u011fu hakk\u0131nda bilgi toplar; \u00f6rne\u011fin hangi sayfalar\u0131n en s\u0131k ziyaret edildi\u011fi veya kullan\u0131c\u0131lar\u0131n web sayfalar\u0131ndan hata mesajlar\u0131 al\u0131p almad\u0131\u011f\u0131 gibi. Bu \u00e7erezler, Sitemizin i\u015fleyi\u015fini iyile\u015ftirmemize yard\u0131mc\u0131 olur.<\/li>\n<li><strong>\u0130\u015flevsellik \u00c7erezleri<\/strong>Bu \u00e7erezler, sitenin yapt\u0131\u011f\u0131n\u0131z se\u00e7imleri (\u00f6rne\u011fin dil tercihiniz veya b\u00f6lgeniz) hat\u0131rlamas\u0131n\u0131 ve daha geli\u015fmi\u015f, daha ki\u015fiselle\u015ftirilmi\u015f \u00f6zellikler sunmas\u0131n\u0131 sa\u011flar.<\/li>\n<li><strong>Hedefleme\/Reklam \u00c7erezleri<\/strong>Bu \u00e7erezler, tarama al\u0131\u015fkanl\u0131klar\u0131n\u0131za g\u00f6re size daha alakal\u0131 reklamlar sunmak i\u00e7in kullan\u0131l\u0131r. Web sitelerindeki tarama etkinli\u011finizi izleyebilirler ve genellikle \u00fc\u00e7\u00fcnc\u00fc taraf reklam a\u011flar\u0131 taraf\u0131ndan ayarlan\u0131rlar.<\/li>\n<\/ul>\n<hr \/>\n<h2><strong>\u00dc\u00e7\u00fcnc\u00fc Taraf \u00c7erezleri<\/strong><\/h2>\n<p>Sitemizde, site kullan\u0131m\u0131n\u0131 analiz etmek ve hedefli reklamlar sunmak gibi hizmetler ger\u00e7ekle\u015ftirmek i\u00e7in \u00fc\u00e7\u00fcnc\u00fc taraf hizmet sa\u011flay\u0131c\u0131lar\u0131n \u00e7erez yerle\u015ftirmesine izin verebiliriz. Bu \u00fc\u00e7\u00fcnc\u00fc taraflar, \u00e7evrimi\u00e7i faaliyetleriniz hakk\u0131nda bilgi toplamak i\u00e7in kendi \u00e7erezlerini ve teknolojilerini kullanabilir; bu bilgiler pazarlama ama\u00e7lar\u0131 veya hizmetlerini iyile\u015ftirmek i\u00e7in kullan\u0131labilir.<\/p>\n<p>\u00d6rne\u011fin, \u00fc\u00e7\u00fcnc\u00fc taraf analiz sa\u011flay\u0131c\u0131lar\u0131n\u0131 kullan\u0131yoruz, bunlar aras\u0131nda \u015funlar yer al\u0131yor: <strong>Google Analytics<\/strong> Web sitesi trafi\u011fini ve kullan\u0131c\u0131 davran\u0131\u015f\u0131n\u0131 analiz etmek i\u00e7in Google Analytics, ziyaret etti\u011finiz sayfalar ve her sayfada ne kadar zaman ge\u00e7irdi\u011finiz gibi anonimle\u015ftirilmi\u015f verileri toplamak i\u00e7in \u00e7erezleri kullanabilir. Google'\u0131n verileri nas\u0131l kulland\u0131\u011f\u0131 hakk\u0131nda daha fazla bilgiyi gizlilik politikas\u0131nda bulabilirsiniz. <strong>Gizlilik Politikas\u0131<\/strong>.<\/p>\n<hr \/>\n<h2><strong>\u00c7erezleri Nas\u0131l Kontrol Edebilir ve Y\u00f6netebilirsiniz?<\/strong><\/h2>\n<p>\u00c7erez tercihlerinizi \u00e7e\u015fitli \u015fekillerde y\u00f6netebilirsiniz:<\/p>\n<ol>\n<li><strong>\u00c7erez Onay\u0131 Banner\u0131<\/strong>Web sitemizi ilk ziyaret etti\u011finizde, \u00e7erez tercihlerinizi kabul etmenize veya y\u00f6netmenize olanak tan\u0131yan bir \u00e7erez onay banner'\u0131 g\u00f6receksiniz. T\u00fcm \u00e7erezleri kabul etmeyi, gerekli olmayan \u00e7erezleri reddetmeyi veya ayarlar\u0131n\u0131z\u0131 \u00f6zelle\u015ftirmeyi se\u00e7ebilirsiniz.<\/li>\n<li><strong>Taray\u0131c\u0131 Ayarlar\u0131<\/strong>\u00c7o\u011fu web taray\u0131c\u0131s\u0131, taray\u0131c\u0131 ayarlar\u0131 arac\u0131l\u0131\u011f\u0131yla \u00e7erezleri y\u00f6netmenize olanak tan\u0131r. Taray\u0131c\u0131n\u0131z\u0131 \u00e7erezleri kabul edecek veya reddedecek \u015fekilde yap\u0131land\u0131rabilir, mevcut \u00e7erezleri silebilir ve \u00e7erezlerin nas\u0131l ele al\u0131naca\u011f\u0131na ili\u015fkin tercihleri \u200b\u200bbelirleyebilirsiniz. Taray\u0131c\u0131n\u0131zda \u00e7erezleri nas\u0131l y\u00f6netece\u011finiz hakk\u0131nda daha fazla bilgi i\u00e7in l\u00fctfen \u015fu adresi ziyaret edin: <strong>Yard\u0131m b\u00f6l\u00fcm\u00fc<\/strong> taray\u0131c\u0131n\u0131z\u0131n.\n<ul>\n<li><strong>Google Chrome<\/strong>: <a href=\"https:\/\/support.google.com\/chrome\/answer\/95647\">Chrome'da \u00e7erezleri nas\u0131l y\u00f6netirsiniz?<\/a><\/li>\n<li><strong>Mozilla Firefox<\/strong>: <a href=\"https:\/\/support.mozilla.org\/en-US\/kb\/enable-and-disable-cookies-website-preferences\">Firefox'ta \u00e7erezler nas\u0131l y\u00f6netilir?<\/a><\/li>\n<li><strong>Safari<\/strong>: <a href=\"https:\/\/support.apple.com\/en-us\/HT201265\">Safari'de \u00e7erezleri nas\u0131l y\u00f6netirsiniz?<\/a><\/li>\n<li><strong>Microsoft Edge<\/strong>: <a href=\"https:\/\/support.microsoft.com\/en-us\/microsoft-edge\/privacy-and-services-in-microsoft-edge-2c2a2714-d085-42a3-9bc0-0b4e9c62ca7b\">Edge'de \u00e7erezleri nas\u0131l y\u00f6netebilirim?<\/a><\/li>\n<\/ul>\n<\/li>\n<li><strong>Reklam \u00c7erezlerinden Vazge\u00e7me<\/strong>Ki\u015fiselle\u015ftirilmi\u015f reklamlar\u0131 \u00fc\u00e7\u00fcnc\u00fc taraf reklamc\u0131lardan almak istemiyorsan\u0131z, a\u015fa\u011f\u0131daki web sitelerini ziyaret ederek bu reklamlardan vazge\u00e7ebilirsiniz:\n<ul>\n<li><strong>Google Reklam Ayarlar\u0131<\/strong>: <a href=\"https:\/\/adssettings.google.com\/\">https:\/\/adssettings.google.com<\/a><\/li>\n<li><strong>A\u011f Reklamc\u0131l\u0131\u011f\u0131 Giri\u015fimi (NAI)<\/strong>: <a href=\"https:\/\/optout.networkadvertising.org\/\">https:\/\/optout.networkadvertising.org\/<\/a><\/li>\n<li><strong>Dijital Reklamc\u0131l\u0131k Birli\u011fi (DAA)<\/strong>: <a href=\"https:\/\/www.aboutads.info\/choices\">https:\/\/www.aboutads.info\/choices<\/a><\/li>\n<\/ul>\n<\/li>\n<\/ol>\n<p>L\u00fctfen unutmay\u0131n ki, \u00e7erezleri devre d\u0131\u015f\u0131 b\u0131rak\u0131rsan\u0131z, Sitenin baz\u0131 \u00f6zellikleri beklendi\u011fi gibi \u00e7al\u0131\u015fmayabilir ve tam deneyimi ya\u015fayamayabilirsiniz.<\/p>\n<hr \/>\n<h3><strong>Bu \u00c7erez Politikas\u0131'ndaki De\u011fi\u015fiklikler<\/strong><\/h3>\n<p>Uygulamalar\u0131m\u0131zdaki, teknolojimizdeki veya ge\u00e7erli yasal gerekliliklerdeki de\u011fi\u015fiklikleri yans\u0131tmak i\u00e7in bu \u00c7erez Politikas\u0131n\u0131 zaman zaman g\u00fcncelleyebiliriz. G\u00fcncellemeler yapt\u0131\u011f\u0131m\u0131zda, revize edilmi\u015f politikay\u0131 bu sayfada yay\u0131nlayaca\u011f\u0131z ve sayfan\u0131n \u00fcst k\u0131sm\u0131ndaki \"Y\u00fcr\u00fcrl\u00fck Tarihi\"ni g\u00fcncelleyece\u011fiz.<\/p>\n<hr \/>\n<h3><strong>Bize Ula\u015f\u0131n<\/strong><\/h3>\n<p>Bu \u00c7erez Politikas\u0131 veya \u00e7erez kullan\u0131m\u0131m\u0131z hakk\u0131nda herhangi bir sorunuz varsa, l\u00fctfen bizimle \u015fu adresten ileti\u015fime ge\u00e7in:<\/p>\n<p><strong>Ara\u00e7lar Teknik<\/strong><br \/>\nE-posta: [<a href=\"mailto:contact@toolstecnique.com\">contact@toolstecnique.com<\/a>]<br \/>\nWeb sitesi: [<a href=\"http:\/\/www.toolstecnique.com\/\">www.toolstecnique.com<\/a>]<\/p>\n<hr \/>\n<p>Kullanmaya devam ederek <strong>Ara\u00e7lar Teknik<\/strong> Bu web sitesini kullanarak, bu \u00c7erez Politikas\u0131'nda belirtildi\u011fi \u015fekilde \u00e7erez kullan\u0131m\u0131m\u0131z\u0131 kabul etmi\u015f olursunuz.<\/p>\n<hr \/>\n<p>&nbsp;<\/p>","protected":false},"excerpt":{"rendered":"<p>This Cookie Policy explains how Tools Tecnique (&#8220;we,&#8221; &#8220;our,&#8221; or &#8220;us&#8221;) uses cookies and similar technologies to collect information when [&hellip;]<\/p>","protected":false},"author":1,"featured_media":0,"parent":0,"menu_order":0,"comment_status":"closed","ping_status":"closed","template":"","meta":{"site-sidebar-layout":"default","site-content-layout":"","ast-site-content-layout":"default","site-content-style":"default","site-sidebar-style":"default","ast-global-header-display":"","ast-banner-title-visibility":"","ast-main-header-display":"","ast-hfb-above-header-display":"","ast-hfb-below-header-display":"","ast-hfb-mobile-header-display":"","site-post-title":"","ast-breadcrumbs-content":"","ast-featured-img":"","footer-sml-layout":"","ast-disable-related-posts":"","theme-transparent-header-meta":"default","adv-header-id-meta":"","stick-header-meta":"","header-above-stick-meta":"","header-main-stick-meta":"","header-below-stick-meta":"","astra-migrate-meta-layouts":"set","ast-page-background-enabled":"default","ast-page-background-meta":{"desktop":{"background-color":"var(--ast-global-color-5)","background-image":"","background-repeat":"repeat","background-position":"center center","background-size":"auto","background-attachment":"scroll","background-type":"","background-media":"","overlay-type":"","overlay-color":"","overlay-opacity":"","overlay-gradient":""},"tablet":{"background-color":"","background-image":"","background-repeat":"repeat","background-position":"center center","background-size":"auto","background-attachment":"scroll","background-type":"","background-media":"","overlay-type":"","overlay-color":"","overlay-opacity":"","overlay-gradient":""},"mobile":{"background-color":"","background-image":"","background-repeat":"repeat","background-position":"center center","background-size":"auto","background-attachment":"scroll","background-type":"","background-media":"","overlay-type":"","overlay-color":"","overlay-opacity":"","overlay-gradient":""}},"ast-content-background-meta":{"desktop":{"background-color":"var(--ast-global-color-4)","background-image":"","background-repeat":"repeat","background-position":"center center","background-size":"auto","background-attachment":"scroll","background-type":"","background-media":"","overlay-type":"","overlay-color":"","overlay-opacity":"","overlay-gradient":""},"tablet":{"background-color":"var(--ast-global-color-4)","background-image":"","background-repeat":"repeat","background-position":"center center","background-size":"auto","background-attachment":"scroll","background-type":"","background-media":"","overlay-type":"","overlay-color":"","overlay-opacity":"","overlay-gradient":""},"mobile":{"background-color":"var(--ast-global-color-4)","background-image":"","background-repeat":"repeat","background-position":"center center","background-size":"auto","background-attachment":"scroll","background-type":"","background-media":"","overlay-type":"","overlay-color":"","overlay-opacity":"","overlay-gradient":""}},"footnotes":""},"class_list":["post-218","page","type-page","status-publish","hentry"],"yoast_head":"<!-- This site is optimized with the Yoast SEO Premium plugin v25.9 (Yoast SEO v27.5) - https:\/\/yoast.com\/product\/yoast-seo-premium-wordpress\/ -->\n<title>Cookie Policy - Tools Tecique<\/title>\n<meta name=\"robots\" content=\"index, follow, max-snippet:-1, max-image-preview:large, max-video-preview:-1\" \/>\n<link rel=\"canonical\" href=\"https:\/\/toolstecique.com\/tr\/cookie-policy\/\" \/>\n<meta property=\"og:locale\" content=\"tr_TR\" \/>\n<meta property=\"og:type\" content=\"article\" \/>\n<meta property=\"og:title\" content=\"Cookie Policy\" \/>\n<meta property=\"og:description\" content=\"This Cookie Policy explains how Tools Tecnique (&#8220;we,&#8221; &#8220;our,&#8221; or &#8220;us&#8221;) uses cookies and similar technologies to collect information when [&hellip;]\" \/>\n<meta property=\"og:url\" content=\"https:\/\/toolstecique.com\/tr\/cookie-policy\/\" \/>\n<meta property=\"og:site_name\" content=\"Tools Tecique\" \/>\n<meta name=\"twitter:card\" content=\"summary_large_image\" \/>\n<meta name=\"twitter:label1\" content=\"Tahmini okuma s\u00fcresi\" \/>\n\t<meta name=\"twitter:data1\" content=\"4 dakika\" \/>\n<script type=\"application\/ld+json\" class=\"yoast-schema-graph\">{\"@context\":\"https:\\\/\\\/schema.org\",\"@graph\":[{\"@type\":\"WebPage\",\"@id\":\"https:\\\/\\\/toolstecique.com\\\/cookie-policy\\\/\",\"url\":\"https:\\\/\\\/toolstecique.com\\\/cookie-policy\\\/\",\"name\":\"Cookie Policy - Tools Tecique\",\"isPartOf\":{\"@id\":\"https:\\\/\\\/toolstecique.com\\\/#website\"},\"datePublished\":\"2024-11-29T12:24:01+00:00\",\"breadcrumb\":{\"@id\":\"https:\\\/\\\/toolstecique.com\\\/cookie-policy\\\/#breadcrumb\"},\"inLanguage\":\"tr\",\"potentialAction\":[{\"@type\":\"ReadAction\",\"target\":[\"https:\\\/\\\/toolstecique.com\\\/cookie-policy\\\/\"]}]},{\"@type\":\"BreadcrumbList\",\"@id\":\"https:\\\/\\\/toolstecique.com\\\/cookie-policy\\\/#breadcrumb\",\"itemListElement\":[{\"@type\":\"ListItem\",\"position\":1,\"name\":\"Home\",\"item\":\"https:\\\/\\\/toolstecique.com\\\/\"},{\"@type\":\"ListItem\",\"position\":2,\"name\":\"Cookie Policy\"}]},{\"@type\":\"WebSite\",\"@id\":\"https:\\\/\\\/toolstecique.com\\\/#website\",\"url\":\"https:\\\/\\\/toolstecique.com\\\/\",\"name\":\"Tools Tecique\",\"description\":\"\",\"publisher\":{\"@id\":\"https:\\\/\\\/toolstecique.com\\\/#organization\"},\"potentialAction\":[{\"@type\":\"SearchAction\",\"target\":{\"@type\":\"EntryPoint\",\"urlTemplate\":\"https:\\\/\\\/toolstecique.com\\\/?s={search_term_string}\"},\"query-input\":{\"@type\":\"PropertyValueSpecification\",\"valueRequired\":true,\"valueName\":\"search_term_string\"}}],\"inLanguage\":\"tr\"},{\"@type\":\"Organization\",\"@id\":\"https:\\\/\\\/toolstecique.com\\\/#organization\",\"name\":\"Tools Tecique\",\"url\":\"https:\\\/\\\/toolstecique.com\\\/\",\"logo\":{\"@type\":\"ImageObject\",\"inLanguage\":\"tr\",\"@id\":\"https:\\\/\\\/toolstecique.com\\\/#\\\/schema\\\/logo\\\/image\\\/\",\"url\":\"https:\\\/\\\/toolstecique.com\\\/wp-content\\\/uploads\\\/2025\\\/02\\\/green-profile.png\",\"contentUrl\":\"https:\\\/\\\/toolstecique.com\\\/wp-content\\\/uploads\\\/2025\\\/02\\\/green-profile.png\",\"width\":250,\"height\":250,\"caption\":\"Tools Tecique\"},\"image\":{\"@id\":\"https:\\\/\\\/toolstecique.com\\\/#\\\/schema\\\/logo\\\/image\\\/\"}}]}<\/script>\n<!-- \/ Yoast SEO Premium plugin. -->","yoast_head_json":{"title":"\u00c7erez Politikas\u0131 - Teknik Ara\u00e7lar","robots":{"index":"index","follow":"follow","max-snippet":"max-snippet:-1","max-image-preview":"max-image-preview:large","max-video-preview":"max-video-preview:-1"},"canonical":"https:\/\/toolstecique.com\/tr\/cookie-policy\/","og_locale":"tr_TR","og_type":"article","og_title":"Cookie Policy","og_description":"This Cookie Policy explains how Tools Tecnique (&#8220;we,&#8221; &#8220;our,&#8221; or &#8220;us&#8221;) uses cookies and similar technologies to collect information when [&hellip;]","og_url":"https:\/\/toolstecique.com\/tr\/cookie-policy\/","og_site_name":"Tools Tecique","twitter_card":"summary_large_image","twitter_misc":{"Tahmini okuma s\u00fcresi":"4 dakika"},"schema":{"@context":"https:\/\/schema.org","@graph":[{"@type":"WebPage","@id":"https:\/\/toolstecique.com\/cookie-policy\/","url":"https:\/\/toolstecique.com\/cookie-policy\/","name":"\u00c7erez Politikas\u0131 - Teknik Ara\u00e7lar","isPartOf":{"@id":"https:\/\/toolstecique.com\/#website"},"datePublished":"2024-11-29T12:24:01+00:00","breadcrumb":{"@id":"https:\/\/toolstecique.com\/cookie-policy\/#breadcrumb"},"inLanguage":"tr","potentialAction":[{"@type":"ReadAction","target":["https:\/\/toolstecique.com\/cookie-policy\/"]}]},{"@type":"BreadcrumbList","@id":"https:\/\/toolstecique.com\/cookie-policy\/#breadcrumb","itemListElement":[{"@type":"ListItem","position":1,"name":"Home","item":"https:\/\/toolstecique.com\/"},{"@type":"ListItem","position":2,"name":"Cookie Policy"}]},{"@type":"WebSite","@id":"https:\/\/toolstecique.com\/#website","url":"https:\/\/toolstecique.com\/","name":"Teknik Ara\u00e7lar","description":"","publisher":{"@id":"https:\/\/toolstecique.com\/#organization"},"potentialAction":[{"@type":"SearchAction","target":{"@type":"EntryPoint","urlTemplate":"https:\/\/toolstecique.com\/?s={search_term_string}"},"query-input":{"@type":"PropertyValueSpecification","valueRequired":true,"valueName":"search_term_string"}}],"inLanguage":"tr"},{"@type":"Organization","@id":"https:\/\/toolstecique.com\/#organization","name":"Teknik Ara\u00e7lar","url":"https:\/\/toolstecique.com\/","logo":{"@type":"ImageObject","inLanguage":"tr","@id":"https:\/\/toolstecique.com\/#\/schema\/logo\/image\/","url":"https:\/\/toolstecique.com\/wp-content\/uploads\/2025\/02\/green-profile.png","contentUrl":"https:\/\/toolstecique.com\/wp-content\/uploads\/2025\/02\/green-profile.png","width":250,"height":250,"caption":"Tools Tecique"},"image":{"@id":"https:\/\/toolstecique.com\/#\/schema\/logo\/image\/"}}]}},"_links":{"self":[{"href":"https:\/\/toolstecique.com\/tr\/wp-json\/wp\/v2\/pages\/218","targetHints":{"allow":["GET"]}}],"collection":[{"href":"https:\/\/toolstecique.com\/tr\/wp-json\/wp\/v2\/pages"}],"about":[{"href":"https:\/\/toolstecique.com\/tr\/wp-json\/wp\/v2\/types\/page"}],"author":[{"embeddable":true,"href":"https:\/\/toolstecique.com\/tr\/wp-json\/wp\/v2\/users\/1"}],"replies":[{"embeddable":true,"href":"https:\/\/toolstecique.com\/tr\/wp-json\/wp\/v2\/comments?post=218"}],"version-history":[{"count":0,"href":"https:\/\/toolstecique.com\/tr\/wp-json\/wp\/v2\/pages\/218\/revisions"}],"wp:attachment":[{"href":"https:\/\/toolstecique.com\/tr\/wp-json\/wp\/v2\/media?parent=218"}],"curies":[{"name":"wp","href":"https:\/\/api.w.org\/{rel}","templated":true}]}}