{"id":1468,"date":"2025-09-04T17:53:42","date_gmt":"2025-09-04T17:53:42","guid":{"rendered":"https:\/\/toolstecique.com\/?page_id=1468"},"modified":"2025-09-04T17:54:12","modified_gmt":"2025-09-04T17:54:12","slug":"debt-repayment-calculator","status":"publish","type":"page","link":"https:\/\/toolstecique.com\/vi\/debt-repayment-calculator\/","title":{"rendered":"M\u00e1y t\u00ednh tr\u1ea3 n\u1ee3"},"content":{"rendered":"","protected":false},"excerpt":{"rendered":"","protected":false},"author":1,"featured_media":0,"parent":0,"menu_order":0,"comment_status":"closed","ping_status":"closed","template":"debt-repayment-calculator.php","meta":{"site-sidebar-layout":"default","site-content-layout":"","ast-site-content-layout":"default","site-content-style":"default","site-sidebar-style":"default","ast-global-header-display":"","ast-banner-title-visibility":"","ast-main-header-display":"","ast-hfb-above-header-display":"","ast-hfb-below-header-display":"","ast-hfb-mobile-header-display":"","site-post-title":"","ast-breadcrumbs-content":"","ast-featured-img":"","footer-sml-layout":"","ast-disable-related-posts":"","theme-transparent-header-meta":"","adv-header-id-meta":"","stick-header-meta":"","header-above-stick-meta":"","header-main-stick-meta":"","header-below-stick-meta":"","astra-migrate-meta-layouts":"default","ast-page-background-enabled":"default","ast-page-background-meta":{"desktop":{"background-color":"var(--ast-global-color-5)","background-image":"","background-repeat":"repeat","background-position":"center center","background-size":"auto","background-attachment":"scroll","background-type":"","background-media":"","overlay-type":"","overlay-color":"","overlay-opacity":"","overlay-gradient":""},"tablet":{"background-color":"","background-image":"","background-repeat":"repeat","background-position":"center center","background-size":"auto","background-attachment":"scroll","background-type":"","background-media":"","overlay-type":"","overlay-color":"","overlay-opacity":"","overlay-gradient":""},"mobile":{"background-color":"","background-image":"","background-repeat":"repeat","background-position":"center center","background-size":"auto","background-attachment":"scroll","background-type":"","background-media":"","overlay-type":"","overlay-color":"","overlay-opacity":"","overlay-gradient":""}},"ast-content-background-meta":{"desktop":{"background-color":"var(--ast-global-color-4)","background-image":"","background-repeat":"repeat","background-position":"center center","background-size":"auto","background-attachment":"scroll","background-type":"","background-media":"","overlay-type":"","overlay-color":"","overlay-opacity":"","overlay-gradient":""},"tablet":{"background-color":"var(--ast-global-color-4)","background-image":"","background-repeat":"repeat","background-position":"center center","background-size":"auto","background-attachment":"scroll","background-type":"","background-media":"","overlay-type":"","overlay-color":"","overlay-opacity":"","overlay-gradient":""},"mobile":{"background-color":"var(--ast-global-color-4)","background-image":"","background-repeat":"repeat","background-position":"center center","background-size":"auto","background-attachment":"scroll","background-type":"","background-media":"","overlay-type":"","overlay-color":"","overlay-opacity":"","overlay-gradient":""}},"footnotes":""},"class_list":["post-1468","page","type-page","status-publish","hentry"],"yoast_head":"<!-- This site is optimized with the Yoast SEO Premium plugin v25.9 (Yoast SEO v27.4) - https:\/\/yoast.com\/product\/yoast-seo-premium-wordpress\/ -->\n<title>Debt Repayment Calculator - Tools Tecique<\/title>\n<meta name=\"description\" content=\"Debt Repayment Calculator to plan and track your loan or credit repayments. Estimate payoff time and interest easily online.\" \/>\n<meta name=\"robots\" content=\"index, follow, max-snippet:-1, max-image-preview:large, max-video-preview:-1\" \/>\n<link rel=\"canonical\" href=\"https:\/\/toolstecique.com\/vi\/debt-repayment-calculator\/\" \/>\n<meta property=\"og:locale\" content=\"vi_VN\" \/>\n<meta property=\"og:type\" content=\"article\" \/>\n<meta property=\"og:title\" content=\"Debt Repayment Calculator\" \/>\n<meta property=\"og:description\" content=\"Debt Repayment Calculator to plan and track your loan or credit repayments. Estimate payoff time and interest easily online.\" \/>\n<meta property=\"og:url\" content=\"https:\/\/toolstecique.com\/vi\/debt-repayment-calculator\/\" \/>\n<meta property=\"og:site_name\" content=\"Tools Tecique\" \/>\n<meta property=\"article:modified_time\" content=\"2025-09-04T17:54:12+00:00\" \/>\n<meta name=\"twitter:card\" content=\"summary_large_image\" \/>\n<script type=\"application\/ld+json\" class=\"yoast-schema-graph\">{\"@context\":\"https:\\\/\\\/schema.org\",\"@graph\":[{\"@type\":\"WebPage\",\"@id\":\"https:\\\/\\\/toolstecique.com\\\/debt-repayment-calculator\\\/\",\"url\":\"https:\\\/\\\/toolstecique.com\\\/debt-repayment-calculator\\\/\",\"name\":\"Debt Repayment Calculator - Tools Tecique\",\"isPartOf\":{\"@id\":\"https:\\\/\\\/toolstecique.com\\\/#website\"},\"datePublished\":\"2025-09-04T17:53:42+00:00\",\"dateModified\":\"2025-09-04T17:54:12+00:00\",\"description\":\"Debt Repayment Calculator to plan and track your loan or credit repayments. Estimate payoff time and interest easily online.\",\"breadcrumb\":{\"@id\":\"https:\\\/\\\/toolstecique.com\\\/debt-repayment-calculator\\\/#breadcrumb\"},\"inLanguage\":\"vi\",\"potentialAction\":[{\"@type\":\"ReadAction\",\"target\":[\"https:\\\/\\\/toolstecique.com\\\/debt-repayment-calculator\\\/\"]}]},{\"@type\":\"BreadcrumbList\",\"@id\":\"https:\\\/\\\/toolstecique.com\\\/debt-repayment-calculator\\\/#breadcrumb\",\"itemListElement\":[{\"@type\":\"ListItem\",\"position\":1,\"name\":\"Home\",\"item\":\"https:\\\/\\\/toolstecique.com\\\/\"},{\"@type\":\"ListItem\",\"position\":2,\"name\":\"Debt Repayment Calculator\"}]},{\"@type\":\"WebSite\",\"@id\":\"https:\\\/\\\/toolstecique.com\\\/#website\",\"url\":\"https:\\\/\\\/toolstecique.com\\\/\",\"name\":\"Tools Tecique\",\"description\":\"\",\"publisher\":{\"@id\":\"https:\\\/\\\/toolstecique.com\\\/#organization\"},\"potentialAction\":[{\"@type\":\"SearchAction\",\"target\":{\"@type\":\"EntryPoint\",\"urlTemplate\":\"https:\\\/\\\/toolstecique.com\\\/?s={search_term_string}\"},\"query-input\":{\"@type\":\"PropertyValueSpecification\",\"valueRequired\":true,\"valueName\":\"search_term_string\"}}],\"inLanguage\":\"vi\"},{\"@type\":\"Organization\",\"@id\":\"https:\\\/\\\/toolstecique.com\\\/#organization\",\"name\":\"Tools Tecique\",\"url\":\"https:\\\/\\\/toolstecique.com\\\/\",\"logo\":{\"@type\":\"ImageObject\",\"inLanguage\":\"vi\",\"@id\":\"https:\\\/\\\/toolstecique.com\\\/#\\\/schema\\\/logo\\\/image\\\/\",\"url\":\"https:\\\/\\\/toolstecique.com\\\/wp-content\\\/uploads\\\/2025\\\/02\\\/green-profile.png\",\"contentUrl\":\"https:\\\/\\\/toolstecique.com\\\/wp-content\\\/uploads\\\/2025\\\/02\\\/green-profile.png\",\"width\":250,\"height\":250,\"caption\":\"Tools Tecique\"},\"image\":{\"@id\":\"https:\\\/\\\/toolstecique.com\\\/#\\\/schema\\\/logo\\\/image\\\/\"}}]}<\/script>\n<!-- \/ Yoast SEO Premium plugin. -->","yoast_head_json":{"title":"C\u00f4ng c\u1ee5 t\u00ednh to\u00e1n tr\u1ea3 n\u1ee3 - Tools Tecique","description":"C\u00f4ng c\u1ee5 t\u00ednh to\u00e1n tr\u1ea3 n\u1ee3 gi\u00fap b\u1ea1n l\u1eadp k\u1ebf ho\u1ea1ch v\u00e0 theo d\u00f5i c\u00e1c kho\u1ea3n tr\u1ea3 n\u1ee3 vay ho\u1eb7c t\u00edn d\u1ee5ng. D\u1ec5 d\u00e0ng \u01b0\u1edbc t\u00ednh th\u1eddi gian tr\u1ea3 h\u1ebft n\u1ee3 v\u00e0 l\u00e3i su\u1ea5t tr\u1ef1c tuy\u1ebfn.","robots":{"index":"index","follow":"follow","max-snippet":"max-snippet:-1","max-image-preview":"max-image-preview:large","max-video-preview":"max-video-preview:-1"},"canonical":"https:\/\/toolstecique.com\/vi\/debt-repayment-calculator\/","og_locale":"vi_VN","og_type":"article","og_title":"Debt Repayment Calculator","og_description":"Debt Repayment Calculator to plan and track your loan or credit repayments. Estimate payoff time and interest easily online.","og_url":"https:\/\/toolstecique.com\/vi\/debt-repayment-calculator\/","og_site_name":"Tools Tecique","article_modified_time":"2025-09-04T17:54:12+00:00","twitter_card":"summary_large_image","schema":{"@context":"https:\/\/schema.org","@graph":[{"@type":"WebPage","@id":"https:\/\/toolstecique.com\/debt-repayment-calculator\/","url":"https:\/\/toolstecique.com\/debt-repayment-calculator\/","name":"C\u00f4ng c\u1ee5 t\u00ednh to\u00e1n tr\u1ea3 n\u1ee3 - Tools Tecique","isPartOf":{"@id":"https:\/\/toolstecique.com\/#website"},"datePublished":"2025-09-04T17:53:42+00:00","dateModified":"2025-09-04T17:54:12+00:00","description":"C\u00f4ng c\u1ee5 t\u00ednh to\u00e1n tr\u1ea3 n\u1ee3 gi\u00fap b\u1ea1n l\u1eadp k\u1ebf ho\u1ea1ch v\u00e0 theo d\u00f5i c\u00e1c kho\u1ea3n tr\u1ea3 n\u1ee3 vay ho\u1eb7c t\u00edn d\u1ee5ng. D\u1ec5 d\u00e0ng \u01b0\u1edbc t\u00ednh th\u1eddi gian tr\u1ea3 h\u1ebft n\u1ee3 v\u00e0 l\u00e3i su\u1ea5t tr\u1ef1c tuy\u1ebfn.","breadcrumb":{"@id":"https:\/\/toolstecique.com\/debt-repayment-calculator\/#breadcrumb"},"inLanguage":"vi","potentialAction":[{"@type":"ReadAction","target":["https:\/\/toolstecique.com\/debt-repayment-calculator\/"]}]},{"@type":"BreadcrumbList","@id":"https:\/\/toolstecique.com\/debt-repayment-calculator\/#breadcrumb","itemListElement":[{"@type":"ListItem","position":1,"name":"Home","item":"https:\/\/toolstecique.com\/"},{"@type":"ListItem","position":2,"name":"Debt Repayment Calculator"}]},{"@type":"WebSite","@id":"https:\/\/toolstecique.com\/#website","url":"https:\/\/toolstecique.com\/","name":"C\u00f4ng c\u1ee5 k\u1ef9 thu\u1eadt","description":"","publisher":{"@id":"https:\/\/toolstecique.com\/#organization"},"potentialAction":[{"@type":"SearchAction","target":{"@type":"EntryPoint","urlTemplate":"https:\/\/toolstecique.com\/?s={search_term_string}"},"query-input":{"@type":"PropertyValueSpecification","valueRequired":true,"valueName":"search_term_string"}}],"inLanguage":"vi"},{"@type":"Organization","@id":"https:\/\/toolstecique.com\/#organization","name":"C\u00f4ng c\u1ee5 k\u1ef9 thu\u1eadt","url":"https:\/\/toolstecique.com\/","logo":{"@type":"ImageObject","inLanguage":"vi","@id":"https:\/\/toolstecique.com\/#\/schema\/logo\/image\/","url":"https:\/\/toolstecique.com\/wp-content\/uploads\/2025\/02\/green-profile.png","contentUrl":"https:\/\/toolstecique.com\/wp-content\/uploads\/2025\/02\/green-profile.png","width":250,"height":250,"caption":"Tools Tecique"},"image":{"@id":"https:\/\/toolstecique.com\/#\/schema\/logo\/image\/"}}]}},"_links":{"self":[{"href":"https:\/\/toolstecique.com\/vi\/wp-json\/wp\/v2\/pages\/1468","targetHints":{"allow":["GET"]}}],"collection":[{"href":"https:\/\/toolstecique.com\/vi\/wp-json\/wp\/v2\/pages"}],"about":[{"href":"https:\/\/toolstecique.com\/vi\/wp-json\/wp\/v2\/types\/page"}],"author":[{"embeddable":true,"href":"https:\/\/toolstecique.com\/vi\/wp-json\/wp\/v2\/users\/1"}],"replies":[{"embeddable":true,"href":"https:\/\/toolstecique.com\/vi\/wp-json\/wp\/v2\/comments?post=1468"}],"version-history":[{"count":0,"href":"https:\/\/toolstecique.com\/vi\/wp-json\/wp\/v2\/pages\/1468\/revisions"}],"wp:attachment":[{"href":"https:\/\/toolstecique.com\/vi\/wp-json\/wp\/v2\/media?parent=1468"}],"curies":[{"name":"wp","href":"https:\/\/api.w.org\/{rel}","templated":true}]}}