{"id":1484,"date":"2025-09-05T18:04:06","date_gmt":"2025-09-05T18:04:06","guid":{"rendered":"https:\/\/toolstecique.com\/?page_id=1484"},"modified":"2025-09-05T18:04:06","modified_gmt":"2025-09-05T18:04:06","slug":"crypto-tax-calculator","status":"publish","type":"page","link":"https:\/\/toolstecique.com\/vi\/crypto-tax-calculator\/","title":{"rendered":"M\u00e1y t\u00ednh thu\u1ebf ti\u1ec1n \u0111i\u1ec7n t\u1eed"},"content":{"rendered":"","protected":false},"excerpt":{"rendered":"","protected":false},"author":1,"featured_media":0,"parent":0,"menu_order":0,"comment_status":"closed","ping_status":"closed","template":"crypto-tax-calculator.php","meta":{"site-sidebar-layout":"default","site-content-layout":"","ast-site-content-layout":"default","site-content-style":"default","site-sidebar-style":"default","ast-global-header-display":"","ast-banner-title-visibility":"","ast-main-header-display":"","ast-hfb-above-header-display":"","ast-hfb-below-header-display":"","ast-hfb-mobile-header-display":"","site-post-title":"","ast-breadcrumbs-content":"","ast-featured-img":"","footer-sml-layout":"","ast-disable-related-posts":"","theme-transparent-header-meta":"","adv-header-id-meta":"","stick-header-meta":"","header-above-stick-meta":"","header-main-stick-meta":"","header-below-stick-meta":"","astra-migrate-meta-layouts":"default","ast-page-background-enabled":"default","ast-page-background-meta":{"desktop":{"background-color":"var(--ast-global-color-5)","background-image":"","background-repeat":"repeat","background-position":"center center","background-size":"auto","background-attachment":"scroll","background-type":"","background-media":"","overlay-type":"","overlay-color":"","overlay-opacity":"","overlay-gradient":""},"tablet":{"background-color":"","background-image":"","background-repeat":"repeat","background-position":"center center","background-size":"auto","background-attachment":"scroll","background-type":"","background-media":"","overlay-type":"","overlay-color":"","overlay-opacity":"","overlay-gradient":""},"mobile":{"background-color":"","background-image":"","background-repeat":"repeat","background-position":"center center","background-size":"auto","background-attachment":"scroll","background-type":"","background-media":"","overlay-type":"","overlay-color":"","overlay-opacity":"","overlay-gradient":""}},"ast-content-background-meta":{"desktop":{"background-color":"var(--ast-global-color-4)","background-image":"","background-repeat":"repeat","background-position":"center center","background-size":"auto","background-attachment":"scroll","background-type":"","background-media":"","overlay-type":"","overlay-color":"","overlay-opacity":"","overlay-gradient":""},"tablet":{"background-color":"var(--ast-global-color-4)","background-image":"","background-repeat":"repeat","background-position":"center center","background-size":"auto","background-attachment":"scroll","background-type":"","background-media":"","overlay-type":"","overlay-color":"","overlay-opacity":"","overlay-gradient":""},"mobile":{"background-color":"var(--ast-global-color-4)","background-image":"","background-repeat":"repeat","background-position":"center center","background-size":"auto","background-attachment":"scroll","background-type":"","background-media":"","overlay-type":"","overlay-color":"","overlay-opacity":"","overlay-gradient":""}},"footnotes":""},"class_list":["post-1484","page","type-page","status-publish","hentry"],"yoast_head":"<!-- This site is optimized with the Yoast SEO Premium plugin v25.9 (Yoast SEO v27.4) - https:\/\/yoast.com\/product\/yoast-seo-premium-wordpress\/ -->\n<title>Crypto Tax Calculator - Tools Tecique<\/title>\n<meta name=\"description\" content=\"Crypto Tax Calculator to easily estimate taxes on Bitcoin, Ethereum, and altcoin trades. Calculate capital gains &amp; taxable income from crypto.\" \/>\n<meta name=\"robots\" content=\"index, follow, max-snippet:-1, max-image-preview:large, max-video-preview:-1\" \/>\n<link rel=\"canonical\" href=\"https:\/\/toolstecique.com\/vi\/crypto-tax-calculator\/\" \/>\n<meta property=\"og:locale\" content=\"vi_VN\" \/>\n<meta property=\"og:type\" content=\"article\" \/>\n<meta property=\"og:title\" content=\"Crypto Tax Calculator\" \/>\n<meta property=\"og:description\" content=\"Crypto Tax Calculator to easily estimate taxes on Bitcoin, Ethereum, and altcoin trades. Calculate capital gains &amp; taxable income from crypto.\" \/>\n<meta property=\"og:url\" content=\"https:\/\/toolstecique.com\/vi\/crypto-tax-calculator\/\" \/>\n<meta property=\"og:site_name\" content=\"Tools Tecique\" \/>\n<meta name=\"twitter:card\" content=\"summary_large_image\" \/>\n<script type=\"application\/ld+json\" class=\"yoast-schema-graph\">{\"@context\":\"https:\\\/\\\/schema.org\",\"@graph\":[{\"@type\":\"WebPage\",\"@id\":\"https:\\\/\\\/toolstecique.com\\\/crypto-tax-calculator\\\/\",\"url\":\"https:\\\/\\\/toolstecique.com\\\/crypto-tax-calculator\\\/\",\"name\":\"Crypto Tax Calculator - Tools Tecique\",\"isPartOf\":{\"@id\":\"https:\\\/\\\/toolstecique.com\\\/#website\"},\"datePublished\":\"2025-09-05T18:04:06+00:00\",\"description\":\"Crypto Tax Calculator to easily estimate taxes on Bitcoin, Ethereum, and altcoin trades. Calculate capital gains & taxable income from crypto.\",\"breadcrumb\":{\"@id\":\"https:\\\/\\\/toolstecique.com\\\/crypto-tax-calculator\\\/#breadcrumb\"},\"inLanguage\":\"vi\",\"potentialAction\":[{\"@type\":\"ReadAction\",\"target\":[\"https:\\\/\\\/toolstecique.com\\\/crypto-tax-calculator\\\/\"]}]},{\"@type\":\"BreadcrumbList\",\"@id\":\"https:\\\/\\\/toolstecique.com\\\/crypto-tax-calculator\\\/#breadcrumb\",\"itemListElement\":[{\"@type\":\"ListItem\",\"position\":1,\"name\":\"Home\",\"item\":\"https:\\\/\\\/toolstecique.com\\\/\"},{\"@type\":\"ListItem\",\"position\":2,\"name\":\"Crypto Tax Calculator\"}]},{\"@type\":\"WebSite\",\"@id\":\"https:\\\/\\\/toolstecique.com\\\/#website\",\"url\":\"https:\\\/\\\/toolstecique.com\\\/\",\"name\":\"Tools Tecique\",\"description\":\"\",\"publisher\":{\"@id\":\"https:\\\/\\\/toolstecique.com\\\/#organization\"},\"potentialAction\":[{\"@type\":\"SearchAction\",\"target\":{\"@type\":\"EntryPoint\",\"urlTemplate\":\"https:\\\/\\\/toolstecique.com\\\/?s={search_term_string}\"},\"query-input\":{\"@type\":\"PropertyValueSpecification\",\"valueRequired\":true,\"valueName\":\"search_term_string\"}}],\"inLanguage\":\"vi\"},{\"@type\":\"Organization\",\"@id\":\"https:\\\/\\\/toolstecique.com\\\/#organization\",\"name\":\"Tools Tecique\",\"url\":\"https:\\\/\\\/toolstecique.com\\\/\",\"logo\":{\"@type\":\"ImageObject\",\"inLanguage\":\"vi\",\"@id\":\"https:\\\/\\\/toolstecique.com\\\/#\\\/schema\\\/logo\\\/image\\\/\",\"url\":\"https:\\\/\\\/toolstecique.com\\\/wp-content\\\/uploads\\\/2025\\\/02\\\/green-profile.png\",\"contentUrl\":\"https:\\\/\\\/toolstecique.com\\\/wp-content\\\/uploads\\\/2025\\\/02\\\/green-profile.png\",\"width\":250,\"height\":250,\"caption\":\"Tools Tecique\"},\"image\":{\"@id\":\"https:\\\/\\\/toolstecique.com\\\/#\\\/schema\\\/logo\\\/image\\\/\"}}]}<\/script>\n<!-- \/ Yoast SEO Premium plugin. -->","yoast_head_json":{"title":"C\u00f4ng c\u1ee5 t\u00ednh thu\u1ebf ti\u1ec1n \u0111i\u1ec7n t\u1eed - Tools Tecique","description":"C\u00f4ng c\u1ee5 t\u00ednh thu\u1ebf ti\u1ec1n \u0111i\u1ec7n t\u1eed gi\u00fap d\u1ec5 d\u00e0ng \u01b0\u1edbc t\u00ednh thu\u1ebf \u0111\u1ed1i v\u1edbi c\u00e1c giao d\u1ecbch Bitcoin, Ethereum v\u00e0 altcoin. T\u00ednh to\u00e1n l\u00e3i v\u1ed1n v\u00e0 thu nh\u1eadp ch\u1ecbu thu\u1ebf t\u1eeb ti\u1ec1n \u0111i\u1ec7n t\u1eed.","robots":{"index":"index","follow":"follow","max-snippet":"max-snippet:-1","max-image-preview":"max-image-preview:large","max-video-preview":"max-video-preview:-1"},"canonical":"https:\/\/toolstecique.com\/vi\/crypto-tax-calculator\/","og_locale":"vi_VN","og_type":"article","og_title":"Crypto Tax Calculator","og_description":"Crypto Tax Calculator to easily estimate taxes on Bitcoin, Ethereum, and altcoin trades. Calculate capital gains & taxable income from crypto.","og_url":"https:\/\/toolstecique.com\/vi\/crypto-tax-calculator\/","og_site_name":"Tools Tecique","twitter_card":"summary_large_image","schema":{"@context":"https:\/\/schema.org","@graph":[{"@type":"WebPage","@id":"https:\/\/toolstecique.com\/crypto-tax-calculator\/","url":"https:\/\/toolstecique.com\/crypto-tax-calculator\/","name":"C\u00f4ng c\u1ee5 t\u00ednh thu\u1ebf ti\u1ec1n \u0111i\u1ec7n t\u1eed - Tools Tecique","isPartOf":{"@id":"https:\/\/toolstecique.com\/#website"},"datePublished":"2025-09-05T18:04:06+00:00","description":"C\u00f4ng c\u1ee5 t\u00ednh thu\u1ebf ti\u1ec1n \u0111i\u1ec7n t\u1eed gi\u00fap d\u1ec5 d\u00e0ng \u01b0\u1edbc t\u00ednh thu\u1ebf \u0111\u1ed1i v\u1edbi c\u00e1c giao d\u1ecbch Bitcoin, Ethereum v\u00e0 altcoin. T\u00ednh to\u00e1n l\u00e3i v\u1ed1n v\u00e0 thu nh\u1eadp ch\u1ecbu thu\u1ebf t\u1eeb ti\u1ec1n \u0111i\u1ec7n t\u1eed.","breadcrumb":{"@id":"https:\/\/toolstecique.com\/crypto-tax-calculator\/#breadcrumb"},"inLanguage":"vi","potentialAction":[{"@type":"ReadAction","target":["https:\/\/toolstecique.com\/crypto-tax-calculator\/"]}]},{"@type":"BreadcrumbList","@id":"https:\/\/toolstecique.com\/crypto-tax-calculator\/#breadcrumb","itemListElement":[{"@type":"ListItem","position":1,"name":"Home","item":"https:\/\/toolstecique.com\/"},{"@type":"ListItem","position":2,"name":"Crypto Tax Calculator"}]},{"@type":"WebSite","@id":"https:\/\/toolstecique.com\/#website","url":"https:\/\/toolstecique.com\/","name":"C\u00f4ng c\u1ee5 k\u1ef9 thu\u1eadt","description":"","publisher":{"@id":"https:\/\/toolstecique.com\/#organization"},"potentialAction":[{"@type":"SearchAction","target":{"@type":"EntryPoint","urlTemplate":"https:\/\/toolstecique.com\/?s={search_term_string}"},"query-input":{"@type":"PropertyValueSpecification","valueRequired":true,"valueName":"search_term_string"}}],"inLanguage":"vi"},{"@type":"Organization","@id":"https:\/\/toolstecique.com\/#organization","name":"C\u00f4ng c\u1ee5 k\u1ef9 thu\u1eadt","url":"https:\/\/toolstecique.com\/","logo":{"@type":"ImageObject","inLanguage":"vi","@id":"https:\/\/toolstecique.com\/#\/schema\/logo\/image\/","url":"https:\/\/toolstecique.com\/wp-content\/uploads\/2025\/02\/green-profile.png","contentUrl":"https:\/\/toolstecique.com\/wp-content\/uploads\/2025\/02\/green-profile.png","width":250,"height":250,"caption":"Tools Tecique"},"image":{"@id":"https:\/\/toolstecique.com\/#\/schema\/logo\/image\/"}}]}},"_links":{"self":[{"href":"https:\/\/toolstecique.com\/vi\/wp-json\/wp\/v2\/pages\/1484","targetHints":{"allow":["GET"]}}],"collection":[{"href":"https:\/\/toolstecique.com\/vi\/wp-json\/wp\/v2\/pages"}],"about":[{"href":"https:\/\/toolstecique.com\/vi\/wp-json\/wp\/v2\/types\/page"}],"author":[{"embeddable":true,"href":"https:\/\/toolstecique.com\/vi\/wp-json\/wp\/v2\/users\/1"}],"replies":[{"embeddable":true,"href":"https:\/\/toolstecique.com\/vi\/wp-json\/wp\/v2\/comments?post=1484"}],"version-history":[{"count":0,"href":"https:\/\/toolstecique.com\/vi\/wp-json\/wp\/v2\/pages\/1484\/revisions"}],"wp:attachment":[{"href":"https:\/\/toolstecique.com\/vi\/wp-json\/wp\/v2\/media?parent=1484"}],"curies":[{"name":"wp","href":"https:\/\/api.w.org\/{rel}","templated":true}]}}