{"id":1490,"date":"2025-09-05T18:30:16","date_gmt":"2025-09-05T18:30:16","guid":{"rendered":"https:\/\/toolstecique.com\/?page_id=1490"},"modified":"2025-09-05T18:33:05","modified_gmt":"2025-09-05T18:33:05","slug":"crypto-profit-loss-calculator","status":"publish","type":"page","link":"https:\/\/toolstecique.com\/vi\/crypto-profit-loss-calculator\/","title":{"rendered":"C\u00f4ng c\u1ee5 t\u00ednh to\u00e1n l\u00e3i l\u1ed7 ti\u1ec1n \u0111i\u1ec7n t\u1eed"},"content":{"rendered":"","protected":false},"excerpt":{"rendered":"","protected":false},"author":1,"featured_media":0,"parent":0,"menu_order":0,"comment_status":"closed","ping_status":"closed","template":"crypto-profit-loss-calculator.php","meta":{"site-sidebar-layout":"default","site-content-layout":"","ast-site-content-layout":"default","site-content-style":"default","site-sidebar-style":"default","ast-global-header-display":"","ast-banner-title-visibility":"","ast-main-header-display":"","ast-hfb-above-header-display":"","ast-hfb-below-header-display":"","ast-hfb-mobile-header-display":"","site-post-title":"","ast-breadcrumbs-content":"","ast-featured-img":"","footer-sml-layout":"","ast-disable-related-posts":"","theme-transparent-header-meta":"","adv-header-id-meta":"","stick-header-meta":"","header-above-stick-meta":"","header-main-stick-meta":"","header-below-stick-meta":"","astra-migrate-meta-layouts":"default","ast-page-background-enabled":"default","ast-page-background-meta":{"desktop":{"background-color":"var(--ast-global-color-5)","background-image":"","background-repeat":"repeat","background-position":"center center","background-size":"auto","background-attachment":"scroll","background-type":"","background-media":"","overlay-type":"","overlay-color":"","overlay-opacity":"","overlay-gradient":""},"tablet":{"background-color":"","background-image":"","background-repeat":"repeat","background-position":"center center","background-size":"auto","background-attachment":"scroll","background-type":"","background-media":"","overlay-type":"","overlay-color":"","overlay-opacity":"","overlay-gradient":""},"mobile":{"background-color":"","background-image":"","background-repeat":"repeat","background-position":"center center","background-size":"auto","background-attachment":"scroll","background-type":"","background-media":"","overlay-type":"","overlay-color":"","overlay-opacity":"","overlay-gradient":""}},"ast-content-background-meta":{"desktop":{"background-color":"var(--ast-global-color-4)","background-image":"","background-repeat":"repeat","background-position":"center center","background-size":"auto","background-attachment":"scroll","background-type":"","background-media":"","overlay-type":"","overlay-color":"","overlay-opacity":"","overlay-gradient":""},"tablet":{"background-color":"var(--ast-global-color-4)","background-image":"","background-repeat":"repeat","background-position":"center center","background-size":"auto","background-attachment":"scroll","background-type":"","background-media":"","overlay-type":"","overlay-color":"","overlay-opacity":"","overlay-gradient":""},"mobile":{"background-color":"var(--ast-global-color-4)","background-image":"","background-repeat":"repeat","background-position":"center center","background-size":"auto","background-attachment":"scroll","background-type":"","background-media":"","overlay-type":"","overlay-color":"","overlay-opacity":"","overlay-gradient":""}},"footnotes":""},"class_list":["post-1490","page","type-page","status-publish","hentry"],"yoast_head":"<!-- This site is optimized with the Yoast SEO Premium plugin v25.9 (Yoast SEO v27.4) - https:\/\/yoast.com\/product\/yoast-seo-premium-wordpress\/ -->\n<title>Crypto Profit Loss Calculator - Tools Tecique<\/title>\n<meta name=\"description\" content=\"Crypto Profit Loss Calculator to track your crypto trades, calculate gains or losses, and estimate ROI in real time.\" \/>\n<meta name=\"robots\" content=\"index, follow, max-snippet:-1, max-image-preview:large, max-video-preview:-1\" \/>\n<link rel=\"canonical\" href=\"https:\/\/toolstecique.com\/vi\/crypto-profit-loss-calculator\/\" \/>\n<meta property=\"og:locale\" content=\"vi_VN\" \/>\n<meta property=\"og:type\" content=\"article\" \/>\n<meta property=\"og:title\" content=\"Crypto Profit Loss Calculator\" \/>\n<meta property=\"og:description\" content=\"Crypto Profit Loss Calculator to track your crypto trades, calculate gains or losses, and estimate ROI in real time.\" \/>\n<meta property=\"og:url\" content=\"https:\/\/toolstecique.com\/vi\/crypto-profit-loss-calculator\/\" \/>\n<meta property=\"og:site_name\" content=\"Tools Tecique\" \/>\n<meta property=\"article:modified_time\" content=\"2025-09-05T18:33:05+00:00\" \/>\n<meta name=\"twitter:card\" content=\"summary_large_image\" \/>\n<script type=\"application\/ld+json\" class=\"yoast-schema-graph\">{\"@context\":\"https:\\\/\\\/schema.org\",\"@graph\":[{\"@type\":\"WebPage\",\"@id\":\"https:\\\/\\\/toolstecique.com\\\/crypto-profit-loss-calculator\\\/\",\"url\":\"https:\\\/\\\/toolstecique.com\\\/crypto-profit-loss-calculator\\\/\",\"name\":\"Crypto Profit Loss Calculator - Tools Tecique\",\"isPartOf\":{\"@id\":\"https:\\\/\\\/toolstecique.com\\\/#website\"},\"datePublished\":\"2025-09-05T18:30:16+00:00\",\"dateModified\":\"2025-09-05T18:33:05+00:00\",\"description\":\"Crypto Profit Loss Calculator to track your crypto trades, calculate gains or losses, and estimate ROI in real time.\",\"breadcrumb\":{\"@id\":\"https:\\\/\\\/toolstecique.com\\\/crypto-profit-loss-calculator\\\/#breadcrumb\"},\"inLanguage\":\"vi\",\"potentialAction\":[{\"@type\":\"ReadAction\",\"target\":[\"https:\\\/\\\/toolstecique.com\\\/crypto-profit-loss-calculator\\\/\"]}]},{\"@type\":\"BreadcrumbList\",\"@id\":\"https:\\\/\\\/toolstecique.com\\\/crypto-profit-loss-calculator\\\/#breadcrumb\",\"itemListElement\":[{\"@type\":\"ListItem\",\"position\":1,\"name\":\"Home\",\"item\":\"https:\\\/\\\/toolstecique.com\\\/\"},{\"@type\":\"ListItem\",\"position\":2,\"name\":\"Crypto Profit Loss Calculator\"}]},{\"@type\":\"WebSite\",\"@id\":\"https:\\\/\\\/toolstecique.com\\\/#website\",\"url\":\"https:\\\/\\\/toolstecique.com\\\/\",\"name\":\"Tools Tecique\",\"description\":\"\",\"publisher\":{\"@id\":\"https:\\\/\\\/toolstecique.com\\\/#organization\"},\"potentialAction\":[{\"@type\":\"SearchAction\",\"target\":{\"@type\":\"EntryPoint\",\"urlTemplate\":\"https:\\\/\\\/toolstecique.com\\\/?s={search_term_string}\"},\"query-input\":{\"@type\":\"PropertyValueSpecification\",\"valueRequired\":true,\"valueName\":\"search_term_string\"}}],\"inLanguage\":\"vi\"},{\"@type\":\"Organization\",\"@id\":\"https:\\\/\\\/toolstecique.com\\\/#organization\",\"name\":\"Tools Tecique\",\"url\":\"https:\\\/\\\/toolstecique.com\\\/\",\"logo\":{\"@type\":\"ImageObject\",\"inLanguage\":\"vi\",\"@id\":\"https:\\\/\\\/toolstecique.com\\\/#\\\/schema\\\/logo\\\/image\\\/\",\"url\":\"https:\\\/\\\/toolstecique.com\\\/wp-content\\\/uploads\\\/2025\\\/02\\\/green-profile.png\",\"contentUrl\":\"https:\\\/\\\/toolstecique.com\\\/wp-content\\\/uploads\\\/2025\\\/02\\\/green-profile.png\",\"width\":250,\"height\":250,\"caption\":\"Tools Tecique\"},\"image\":{\"@id\":\"https:\\\/\\\/toolstecique.com\\\/#\\\/schema\\\/logo\\\/image\\\/\"}}]}<\/script>\n<!-- \/ Yoast SEO Premium plugin. -->","yoast_head_json":{"title":"C\u00f4ng c\u1ee5 t\u00ednh to\u00e1n l\u00e3i l\u1ed7 ti\u1ec1n \u0111i\u1ec7n t\u1eed - Tools Tecique","description":"C\u00f4ng c\u1ee5 t\u00ednh to\u00e1n l\u00e3i l\u1ed7 ti\u1ec1n \u0111i\u1ec7n t\u1eed gi\u00fap theo d\u00f5i c\u00e1c giao d\u1ecbch ti\u1ec1n \u0111i\u1ec7n t\u1eed c\u1ee7a b\u1ea1n, t\u00ednh to\u00e1n l\u00e3i ho\u1eb7c l\u1ed7 v\u00e0 \u01b0\u1edbc t\u00ednh ROI theo th\u1eddi gian th\u1ef1c.","robots":{"index":"index","follow":"follow","max-snippet":"max-snippet:-1","max-image-preview":"max-image-preview:large","max-video-preview":"max-video-preview:-1"},"canonical":"https:\/\/toolstecique.com\/vi\/crypto-profit-loss-calculator\/","og_locale":"vi_VN","og_type":"article","og_title":"Crypto Profit Loss Calculator","og_description":"Crypto Profit Loss Calculator to track your crypto trades, calculate gains or losses, and estimate ROI in real time.","og_url":"https:\/\/toolstecique.com\/vi\/crypto-profit-loss-calculator\/","og_site_name":"Tools Tecique","article_modified_time":"2025-09-05T18:33:05+00:00","twitter_card":"summary_large_image","schema":{"@context":"https:\/\/schema.org","@graph":[{"@type":"WebPage","@id":"https:\/\/toolstecique.com\/crypto-profit-loss-calculator\/","url":"https:\/\/toolstecique.com\/crypto-profit-loss-calculator\/","name":"C\u00f4ng c\u1ee5 t\u00ednh to\u00e1n l\u00e3i l\u1ed7 ti\u1ec1n \u0111i\u1ec7n t\u1eed - Tools Tecique","isPartOf":{"@id":"https:\/\/toolstecique.com\/#website"},"datePublished":"2025-09-05T18:30:16+00:00","dateModified":"2025-09-05T18:33:05+00:00","description":"C\u00f4ng c\u1ee5 t\u00ednh to\u00e1n l\u00e3i l\u1ed7 ti\u1ec1n \u0111i\u1ec7n t\u1eed gi\u00fap theo d\u00f5i c\u00e1c giao d\u1ecbch ti\u1ec1n \u0111i\u1ec7n t\u1eed c\u1ee7a b\u1ea1n, t\u00ednh to\u00e1n l\u00e3i ho\u1eb7c l\u1ed7 v\u00e0 \u01b0\u1edbc t\u00ednh ROI theo th\u1eddi gian th\u1ef1c.","breadcrumb":{"@id":"https:\/\/toolstecique.com\/crypto-profit-loss-calculator\/#breadcrumb"},"inLanguage":"vi","potentialAction":[{"@type":"ReadAction","target":["https:\/\/toolstecique.com\/crypto-profit-loss-calculator\/"]}]},{"@type":"BreadcrumbList","@id":"https:\/\/toolstecique.com\/crypto-profit-loss-calculator\/#breadcrumb","itemListElement":[{"@type":"ListItem","position":1,"name":"Home","item":"https:\/\/toolstecique.com\/"},{"@type":"ListItem","position":2,"name":"Crypto Profit Loss Calculator"}]},{"@type":"WebSite","@id":"https:\/\/toolstecique.com\/#website","url":"https:\/\/toolstecique.com\/","name":"C\u00f4ng c\u1ee5 k\u1ef9 thu\u1eadt","description":"","publisher":{"@id":"https:\/\/toolstecique.com\/#organization"},"potentialAction":[{"@type":"SearchAction","target":{"@type":"EntryPoint","urlTemplate":"https:\/\/toolstecique.com\/?s={search_term_string}"},"query-input":{"@type":"PropertyValueSpecification","valueRequired":true,"valueName":"search_term_string"}}],"inLanguage":"vi"},{"@type":"Organization","@id":"https:\/\/toolstecique.com\/#organization","name":"C\u00f4ng c\u1ee5 k\u1ef9 thu\u1eadt","url":"https:\/\/toolstecique.com\/","logo":{"@type":"ImageObject","inLanguage":"vi","@id":"https:\/\/toolstecique.com\/#\/schema\/logo\/image\/","url":"https:\/\/toolstecique.com\/wp-content\/uploads\/2025\/02\/green-profile.png","contentUrl":"https:\/\/toolstecique.com\/wp-content\/uploads\/2025\/02\/green-profile.png","width":250,"height":250,"caption":"Tools Tecique"},"image":{"@id":"https:\/\/toolstecique.com\/#\/schema\/logo\/image\/"}}]}},"_links":{"self":[{"href":"https:\/\/toolstecique.com\/vi\/wp-json\/wp\/v2\/pages\/1490","targetHints":{"allow":["GET"]}}],"collection":[{"href":"https:\/\/toolstecique.com\/vi\/wp-json\/wp\/v2\/pages"}],"about":[{"href":"https:\/\/toolstecique.com\/vi\/wp-json\/wp\/v2\/types\/page"}],"author":[{"embeddable":true,"href":"https:\/\/toolstecique.com\/vi\/wp-json\/wp\/v2\/users\/1"}],"replies":[{"embeddable":true,"href":"https:\/\/toolstecique.com\/vi\/wp-json\/wp\/v2\/comments?post=1490"}],"version-history":[{"count":0,"href":"https:\/\/toolstecique.com\/vi\/wp-json\/wp\/v2\/pages\/1490\/revisions"}],"wp:attachment":[{"href":"https:\/\/toolstecique.com\/vi\/wp-json\/wp\/v2\/media?parent=1490"}],"curies":[{"name":"wp","href":"https:\/\/api.w.org\/{rel}","templated":true}]}}