{"id":201,"date":"2024-11-29T11:55:51","date_gmt":"2024-11-29T11:55:51","guid":{"rendered":"https:\/\/toolstecique.com\/?page_id=201"},"modified":"2025-04-18T10:45:01","modified_gmt":"2025-04-18T10:45:01","slug":"privacy-policy","status":"publish","type":"page","link":"https:\/\/toolstecique.com\/vi\/privacy-policy\/","title":{"rendered":"Ch\u00ednh s\u00e1ch b\u1ea3o m\u1eadt"},"content":{"rendered":"<p>T\u1ea1i <strong>C\u00f4ng c\u1ee5 k\u1ef9 thu\u1eadt<\/strong>c\u00f3 th\u1ec3 truy c\u1eadp t\u1eeb [<a href=\"https:\/\/toolstecique.com\/vi\/\">www.toolstecique.com<\/a>Quy\u1ec1n ri\u00eang t\u01b0 c\u1ee7a b\u1ea1n l\u00e0 v\u00f4 c\u00f9ng quan tr\u1ecdng \u0111\u1ed1i v\u1edbi ch\u00fang t\u00f4i. Ch\u00ednh s\u00e1ch b\u1ea3o m\u1eadt n\u00e0y n\u00eau r\u00f5 c\u00e1c lo\u1ea1i th\u00f4ng tin c\u00e1 nh\u00e2n m\u00e0 Tools Tecnique thu th\u1eadp v\u00e0 ghi l\u1ea1i, c\u0169ng nh\u01b0 c\u00e1ch ch\u00fang t\u00f4i s\u1eed d\u1ee5ng th\u00f4ng tin \u0111\u00f3.<\/p>\n<p>B\u1eb1ng c\u00e1ch s\u1eed d\u1ee5ng trang web c\u1ee7a ch\u00fang t\u00f4i, b\u1ea1n \u0111\u1ed3ng \u00fd v\u1edbi vi\u1ec7c thu th\u1eadp v\u00e0 s\u1eed d\u1ee5ng th\u00f4ng tin theo ch\u00ednh s\u00e1ch n\u00e0y.<\/p>\n<hr \/>\n<h2>1. <strong>Th\u00f4ng tin ch\u00fang t\u00f4i thu th\u1eadp<\/strong><\/h2>\n<p>Ch\u00fang t\u00f4i c\u00f3 th\u1ec3 thu th\u1eadp v\u00e0 x\u1eed l\u00fd c\u00e1c lo\u1ea1i th\u00f4ng tin c\u00e1 nh\u00e2n sau \u0111\u00e2y khi b\u1ea1n truy c\u1eadp ho\u1eb7c s\u1eed d\u1ee5ng Tools Tecnique:<\/p>\n<ul>\n<li><strong>Th\u00f4ng tin nh\u1eadn d\u1ea1ng c\u00e1 nh\u00e2n<\/strong>Khi b\u1ea1n \u0111\u0103ng k\u00fd nh\u1eadn b\u1ea3n tin c\u1ee7a ch\u00fang t\u00f4i, li\u00ean h\u1ec7 v\u1edbi ch\u00fang t\u00f4i ho\u1eb7c s\u1eed d\u1ee5ng m\u1ed9t s\u1ed1 t\u00ednh n\u0103ng nh\u1ea5t \u0111\u1ecbnh, ch\u00fang t\u00f4i c\u00f3 th\u1ec3 y\u00eau c\u1ea7u th\u00f4ng tin nh\u01b0 t\u00ean, \u0111\u1ecba ch\u1ec9 email v\u00e0 c\u00e1c chi ti\u1ebft li\u00ean h\u1ec7 kh\u00e1c c\u1ee7a b\u1ea1n.<\/li>\n<li><strong>Th\u00f4ng tin nh\u1eadn d\u1ea1ng phi c\u00e1 nh\u00e2n<\/strong>Th\u00f4ng tin n\u00e0y bao g\u1ed3m lo\u1ea1i tr\u00ecnh duy\u1ec7t, t\u00f9y ch\u1ecdn ng\u00f4n ng\u1eef, trang web gi\u1edbi thi\u1ec7u, ng\u00e0y v\u00e0 gi\u1edd c\u1ee7a m\u1ed7i y\u00eau c\u1ea7u truy c\u1eadp, v\u00e0 c\u00e1c th\u00f4ng tin kh\u00e1c li\u00ean quan \u0111\u1ebfn t\u01b0\u01a1ng t\u00e1c c\u1ee7a b\u1ea1n v\u1edbi trang web c\u1ee7a ch\u00fang t\u00f4i. Th\u00f4ng tin n\u00e0y gi\u00fap ch\u00fang t\u00f4i c\u1ea3i thi\u1ec7n tr\u1ea3i nghi\u1ec7m ng\u01b0\u1eddi d\u00f9ng.<\/li>\n<li><strong>Cookie v\u00e0 C\u00f4ng ngh\u1ec7 Theo d\u00f5i<\/strong>Tools Tecnique s\u1eed d\u1ee5ng cookie \u0111\u1ec3 n\u00e2ng cao tr\u1ea3i nghi\u1ec7m ng\u01b0\u1eddi d\u00f9ng, theo d\u00f5i ho\u1ea1t \u0111\u1ed9ng c\u1ee7a ng\u01b0\u1eddi d\u00f9ng tr\u00ean trang web v\u00e0 l\u01b0u tr\u1eef c\u00e1c t\u00f9y ch\u1ecdn. B\u1ea1n c\u00f3 th\u1ec3 t\u1eaft cookie trong c\u00e0i \u0111\u1eb7t tr\u00ecnh duy\u1ec7t c\u1ee7a m\u00ecnh, nh\u01b0ng vi\u1ec7c n\u00e0y c\u00f3 th\u1ec3 \u1ea3nh h\u01b0\u1edfng \u0111\u1ebfn m\u1ed9t s\u1ed1 t\u00ednh n\u0103ng c\u1ee7a trang web.<\/li>\n<\/ul>\n<hr \/>\n<h2>2. <strong>C\u00e1ch ch\u00fang t\u00f4i s\u1eed d\u1ee5ng th\u00f4ng tin c\u1ee7a b\u1ea1n<\/strong><\/h2>\n<p>Th\u00f4ng tin ch\u00fang t\u00f4i thu th\u1eadp \u0111\u01b0\u1ee3c s\u1eed d\u1ee5ng cho c\u00e1c m\u1ee5c \u0111\u00edch sau:<\/p>\n<ul>\n<li>\u0110\u1ec3 c\u00e1 nh\u00e2n h\u00f3a v\u00e0 c\u1ea3i thi\u1ec7n tr\u1ea3i nghi\u1ec7m c\u1ee7a b\u1ea1n tr\u00ean trang web.<\/li>\n<li>\u0110\u1ec3 gi\u1ea3i \u0111\u00e1p c\u00e1c th\u1eafc m\u1eafc v\u00e0 y\u00eau c\u1ea7u h\u1ed7 tr\u1ee3 c\u1ee7a kh\u00e1ch h\u00e0ng.<\/li>\n<li>Ch\u00fang t\u00f4i s\u1ebd g\u1eedi email \u0111\u1ecbnh k\u1ef3 (n\u1ebfu b\u1ea1n ch\u1ecdn nh\u1eadn), bao g\u1ed3m c\u00e1c b\u1ea3n c\u1eadp nh\u1eadt, ch\u01b0\u01a1ng tr\u00ecnh khuy\u1ebfn m\u00e3i v\u00e0 th\u00f4ng tin li\u00ean quan \u0111\u1ebfn d\u1ecbch v\u1ee5 v\u00e0 n\u1ed9i dung c\u1ee7a ch\u00fang t\u00f4i.<\/li>\n<li>Theo d\u00f5i v\u00e0 ph\u00e2n t\u00edch xu h\u01b0\u1edbng s\u1eed d\u1ee5ng \u0111\u1ec3 c\u1ea3i thi\u1ec7n ch\u1ea5t l\u01b0\u1ee3ng trang web v\u00e0 n\u1ed9i dung ch\u00fang t\u00f4i cung c\u1ea5p.<\/li>\n<li>\u0110\u1ec3 \u0111\u1ea3m b\u1ea3o an ninh cho trang web c\u1ee7a ch\u00fang t\u00f4i v\u00e0 ng\u0103n ch\u1eb7n gian l\u1eadn.<\/li>\n<\/ul>\n<hr \/>\n<h2>3. <strong>B\u1ea3o m\u1eadt d\u1eef li\u1ec7u<\/strong><\/h2>\n<p>Ch\u00fang t\u00f4i lu\u00f4n coi tr\u1ecdng vi\u1ec7c b\u1ea3o m\u1eadt th\u00f4ng tin c\u00e1 nh\u00e2n c\u1ee7a b\u1ea1n. Ch\u00fang t\u00f4i \u00e1p d\u1ee5ng nhi\u1ec1u bi\u1ec7n ph\u00e1p b\u1ea3o m\u1eadt kh\u00e1c nhau, bao g\u1ed3m m\u00e3 h\u00f3a v\u00e0 m\u00e1y ch\u1ee7 an to\u00e0n, \u0111\u1ec3 b\u1ea3o v\u1ec7 d\u1eef li\u1ec7u c\u00e1 nh\u00e2n c\u1ee7a b\u1ea1n kh\u1ecfi s\u1ef1 truy c\u1eadp, s\u1eeda \u0111\u1ed5i ho\u1eb7c ph\u00e1 h\u1ee7y tr\u00e1i ph\u00e9p.<\/p>\n<p>Tuy nhi\u00ean, kh\u00f4ng c\u00f3 ph\u01b0\u01a1ng th\u1ee9c truy\u1ec1n t\u1ea3i qua internet hay ph\u01b0\u01a1ng th\u1ee9c l\u01b0u tr\u1eef \u0111i\u1ec7n t\u1eed n\u00e0o an to\u00e0n 100%. M\u1eb7c d\u00f9 ch\u00fang t\u00f4i n\u1ed7 l\u1ef1c b\u1ea3o v\u1ec7 th\u00f4ng tin c\u00e1 nh\u00e2n c\u1ee7a b\u1ea1n, nh\u01b0ng ch\u00fang t\u00f4i kh\u00f4ng th\u1ec3 \u0111\u1ea3m b\u1ea3o t\u00ednh b\u1ea3o m\u1eadt tuy\u1ec7t \u0111\u1ed1i c\u1ee7a th\u00f4ng tin \u0111\u00f3.<\/p>\n<hr \/>\n<h2>4. <strong>D\u1ecbch v\u1ee5 c\u1ee7a b\u00ean th\u1ee9 ba<\/strong><\/h2>\n<p>Trong m\u1ed9t s\u1ed1 tr\u01b0\u1eddng h\u1ee3p, ch\u00fang t\u00f4i c\u00f3 th\u1ec3 s\u1eed d\u1ee5ng c\u00e1c d\u1ecbch v\u1ee5 c\u1ee7a b\u00ean th\u1ee9 ba (ch\u1eb3ng h\u1ea1n nh\u01b0 c\u00f4ng c\u1ee5 ph\u00e2n t\u00edch, \u0111\u1ed1i t\u00e1c qu\u1ea3ng c\u00e1o v\u00e0 b\u1ed9 x\u1eed l\u00fd thanh to\u00e1n) \u0111\u1ec3 h\u1ed7 tr\u1ee3 v\u1eadn h\u00e0nh v\u00e0 c\u1ea3i thi\u1ec7n trang web c\u1ee7a ch\u00fang t\u00f4i. C\u00e1c b\u00ean th\u1ee9 ba n\u00e0y c\u00f3 th\u1ec3 truy c\u1eadp th\u00f4ng tin c\u1ee7a b\u1ea1n, nh\u01b0ng h\u1ecd c\u00f3 ngh\u0129a v\u1ee5 kh\u00f4ng \u0111\u01b0\u1ee3c ti\u1ebft l\u1ed9 ho\u1eb7c s\u1eed d\u1ee5ng th\u00f4ng tin \u0111\u00f3 cho b\u1ea5t k\u1ef3 m\u1ee5c \u0111\u00edch n\u00e0o kh\u00e1c.<\/p>\n<p>Tools Tecique kh\u00f4ng ch\u1ecbu tr\u00e1ch nhi\u1ec7m v\u1ec1 c\u00e1c ch\u00ednh s\u00e1ch b\u1ea3o m\u1eadt c\u1ee7a c\u00e1c d\u1ecbch v\u1ee5 b\u00ean th\u1ee9 ba ho\u1eb7c c\u00e1c li\u00ean k\u1ebft \u0111\u1ebfn c\u00e1c trang web b\u00ean ngo\u00e0i. Ch\u00fang t\u00f4i khuy\u1ebfn kh\u00edch b\u1ea1n xem x\u00e9t ch\u00ednh s\u00e1ch b\u1ea3o m\u1eadt c\u1ee7a h\u1ecd.<\/p>\n<hr \/>\n<h2>5. <strong>Chia s\u1ebb th\u00f4ng tin c\u1ee7a b\u1ea1n<\/strong><\/h2>\n<p>Ch\u00fang t\u00f4i kh\u00f4ng b\u00e1n, trao \u0111\u1ed5i ho\u1eb7c cho thu\u00ea th\u00f4ng tin nh\u1eadn d\u1ea1ng c\u00e1 nh\u00e2n c\u1ee7a b\u1ea1n cho b\u00ean th\u1ee9 ba. Ch\u00fang t\u00f4i c\u00f3 th\u1ec3 chia s\u1ebb th\u00f4ng tin trong nh\u1eefng tr\u01b0\u1eddng h\u1ee3p h\u1ea1n ch\u1ebf sau:<\/p>\n<ul>\n<li>Ch\u00fang t\u00f4i h\u1ee3p t\u00e1c v\u1edbi c\u00e1c nh\u00e0 cung c\u1ea5p d\u1ecbch v\u1ee5 \u0111\u00e1ng tin c\u1eady h\u1ed7 tr\u1ee3 v\u1eadn h\u00e0nh trang web ho\u1eb7c ti\u1ebfn h\u00e0nh kinh doanh, tu\u00e2n th\u1ee7 nghi\u00eam ng\u1eb7t c\u00e1c th\u1ecfa thu\u1eadn b\u1ea3o m\u1eadt.<\/li>\n<li>\u0110\u1ec3 tu\u00e2n th\u1ee7 c\u00e1c ngh\u0129a v\u1ee5 ph\u00e1p l\u00fd, b\u1ea3o v\u1ec7 quy\u1ec1n l\u1ee3i c\u1ee7a ch\u00fang t\u00f4i ho\u1eb7c ng\u0103n ch\u1eb7n gian l\u1eadn v\u00e0 l\u1ea1m d\u1ee5ng trang web c\u1ee7a ch\u00fang t\u00f4i.<\/li>\n<\/ul>\n<hr \/>\n<h2>6. <strong>Quy\u1ec1n c\u1ee7a b\u1ea1n<\/strong><\/h2>\n<p>B\u1ea1n c\u00f3 quy\u1ec1n:<\/p>\n<ul>\n<li>Truy c\u1eadp, c\u1eadp nh\u1eadt ho\u1eb7c x\u00f3a d\u1eef li\u1ec7u c\u00e1 nh\u00e2n c\u1ee7a b\u1ea1n.<\/li>\n<li>B\u1ea1n c\u00f3 quy\u1ec1n ph\u1ea3n \u0111\u1ed1i vi\u1ec7c x\u1eed l\u00fd d\u1eef li\u1ec7u c\u1ee7a m\u00ecnh trong m\u1ed9t s\u1ed1 tr\u01b0\u1eddng h\u1ee3p nh\u1ea5t \u0111\u1ecbnh.<\/li>\n<li>B\u1ea1n c\u00f3 th\u1ec3 r\u00fat l\u1ea1i s\u1ef1 \u0111\u1ed3ng \u00fd nh\u1eadn th\u00f4ng tin ti\u1ebfp th\u1ecb b\u1ea5t c\u1ee9 l\u00fac n\u00e0o.<\/li>\n<li>Y\u00eau c\u1ea7u ch\u00fang t\u00f4i chuy\u1ec3n d\u1eef li\u1ec7u c\u1ee7a b\u1ea1n sang m\u1ed9t t\u1ed5 ch\u1ee9c kh\u00e1c (quy\u1ec1n chuy\u1ec3n \u0111\u1ed5i d\u1eef li\u1ec7u).<\/li>\n<\/ul>\n<p>\u0110\u1ec3 th\u1ef1c hi\u1ec7n c\u00e1c quy\u1ec1n n\u00e0y, vui l\u00f2ng li\u00ean h\u1ec7 v\u1edbi ch\u00fang t\u00f4i theo th\u00f4ng tin b\u00ean d\u01b0\u1edbi.<\/p>\n<hr \/>\n<h2>7. <strong>Quy\u1ec1n ri\u00eang t\u01b0 c\u1ee7a tr\u1ebb em<\/strong><\/h2>\n<p>Tools Tecique kh\u00f4ng c\u1ed1 \u00fd thu th\u1eadp d\u1eef li\u1ec7u c\u00e1 nh\u00e2n t\u1eeb tr\u1ebb em d\u01b0\u1edbi 13 tu\u1ed5i. N\u1ebfu ch\u00fang t\u00f4i ph\u00e1t hi\u1ec7n ra r\u1eb1ng m\u00ecnh v\u00f4 t\u00ecnh thu th\u1eadp d\u1eef li\u1ec7u c\u00e1 nh\u00e2n t\u1eeb tr\u1ebb em d\u01b0\u1edbi 13 tu\u1ed5i, ch\u00fang t\u00f4i s\u1ebd ti\u1ebfn h\u00e0nh c\u00e1c b\u01b0\u1edbc \u0111\u1ec3 x\u00f3a th\u00f4ng tin \u0111\u00f3 c\u00e0ng nhanh c\u00e0ng t\u1ed1t.<\/p>\n<hr \/>\n<h2>8. <strong>Nh\u1eefng thay \u0111\u1ed5i \u0111\u1ed1i v\u1edbi Ch\u00ednh s\u00e1ch B\u1ea3o m\u1eadt n\u00e0y<\/strong><\/h2>\n<p>Tools Tecique c\u00f3 quy\u1ec1n c\u1eadp nh\u1eadt ho\u1eb7c s\u1eeda \u0111\u1ed5i Ch\u00ednh s\u00e1ch B\u1ea3o m\u1eadt n\u00e0y b\u1ea5t c\u1ee9 l\u00fac n\u00e0o. Ch\u00fang t\u00f4i s\u1ebd th\u00f4ng b\u00e1o cho ng\u01b0\u1eddi d\u00f9ng v\u1ec1 b\u1ea5t k\u1ef3 thay \u0111\u1ed5i n\u00e0o b\u1eb1ng c\u00e1ch \u0111\u0103ng t\u1ea3i Ch\u00ednh s\u00e1ch B\u1ea3o m\u1eadt \u0111\u00e3 c\u1eadp nh\u1eadt tr\u00ean trang n\u00e0y v\u1edbi \"Ng\u00e0y c\u00f3 hi\u1ec7u l\u1ef1c\" \u0111\u01b0\u1ee3c s\u1eeda \u0111\u1ed5i. Ch\u00fang t\u00f4i khuy\u1ebfn kh\u00edch b\u1ea1n xem l\u1ea1i ch\u00ednh s\u00e1ch n\u00e0y \u0111\u1ecbnh k\u1ef3 \u0111\u1ec3 bi\u1ebft b\u1ea5t k\u1ef3 c\u1eadp nh\u1eadt n\u00e0o.<\/p>\n<hr \/>\n<h2>9. <strong>Li\u00ean h\u1ec7 v\u1edbi ch\u00fang t\u00f4i<\/strong><\/h2>\n<p>N\u1ebfu b\u1ea1n c\u00f3 b\u1ea5t k\u1ef3 c\u00e2u h\u1ecfi ho\u1eb7c th\u1eafc m\u1eafc n\u00e0o li\u00ean quan \u0111\u1ebfn Ch\u00ednh s\u00e1ch B\u1ea3o m\u1eadt n\u00e0y ho\u1eb7c c\u00e1ch ch\u00fang t\u00f4i x\u1eed l\u00fd d\u1eef li\u1ec7u c\u00e1 nh\u00e2n c\u1ee7a b\u1ea1n, vui l\u00f2ng li\u00ean h\u1ec7 v\u1edbi ch\u00fang t\u00f4i theo \u0111\u1ecba ch\u1ec9:<\/p>\n<p><strong>C\u00f4ng c\u1ee5 k\u1ef9 thu\u1eadt<\/strong><br \/>\nEmail: [<a href=\"mailto:toolstecique@gmail.com\">toolstecique@gmail.com<\/a>]<br \/>\nTrang web: [<a href=\"https:\/\/toolstecique.com\/vi\/\">www.toolstecique.com<\/a>]<\/p>\n<hr \/>\n<p>B\u1eb1ng c\u00e1ch s\u1eed d\u1ee5ng Tools Tecnique, b\u1ea1n \u0111\u1ed3ng \u00fd v\u1edbi vi\u1ec7c thu th\u1eadp v\u00e0 s\u1eed d\u1ee5ng th\u00f4ng tin c\u1ee7a b\u1ea1n nh\u01b0 \u0111\u01b0\u1ee3c n\u00eau trong Ch\u00ednh s\u00e1ch B\u1ea3o m\u1eadt n\u00e0y.<\/p>\n<hr \/>","protected":false},"excerpt":{"rendered":"<p>At Tools Tecique, accessible from [www.toolstecique.com], your privacy is of paramount importance to us. This Privacy Policy document outlines the [&hellip;]<\/p>","protected":false},"author":1,"featured_media":0,"parent":0,"menu_order":0,"comment_status":"closed","ping_status":"closed","template":"","meta":{"site-sidebar-layout":"default","site-content-layout":"","ast-site-content-layout":"default","site-content-style":"default","site-sidebar-style":"default","ast-global-header-display":"","ast-banner-title-visibility":"","ast-main-header-display":"","ast-hfb-above-header-display":"","ast-hfb-below-header-display":"","ast-hfb-mobile-header-display":"","site-post-title":"","ast-breadcrumbs-content":"","ast-featured-img":"","footer-sml-layout":"","ast-disable-related-posts":"","theme-transparent-header-meta":"default","adv-header-id-meta":"","stick-header-meta":"","header-above-stick-meta":"","header-main-stick-meta":"","header-below-stick-meta":"","astra-migrate-meta-layouts":"set","ast-page-background-enabled":"default","ast-page-background-meta":{"desktop":{"background-color":"var(--ast-global-color-5)","background-image":"","background-repeat":"repeat","background-position":"center center","background-size":"auto","background-attachment":"scroll","background-type":"","background-media":"","overlay-type":"","overlay-color":"","overlay-opacity":"","overlay-gradient":""},"tablet":{"background-color":"","background-image":"","background-repeat":"repeat","background-position":"center center","background-size":"auto","background-attachment":"scroll","background-type":"","background-media":"","overlay-type":"","overlay-color":"","overlay-opacity":"","overlay-gradient":""},"mobile":{"background-color":"","background-image":"","background-repeat":"repeat","background-position":"center center","background-size":"auto","background-attachment":"scroll","background-type":"","background-media":"","overlay-type":"","overlay-color":"","overlay-opacity":"","overlay-gradient":""}},"ast-content-background-meta":{"desktop":{"background-color":"var(--ast-global-color-4)","background-image":"","background-repeat":"repeat","background-position":"center center","background-size":"auto","background-attachment":"scroll","background-type":"","background-media":"","overlay-type":"","overlay-color":"","overlay-opacity":"","overlay-gradient":""},"tablet":{"background-color":"var(--ast-global-color-4)","background-image":"","background-repeat":"repeat","background-position":"center center","background-size":"auto","background-attachment":"scroll","background-type":"","background-media":"","overlay-type":"","overlay-color":"","overlay-opacity":"","overlay-gradient":""},"mobile":{"background-color":"var(--ast-global-color-4)","background-image":"","background-repeat":"repeat","background-position":"center center","background-size":"auto","background-attachment":"scroll","background-type":"","background-media":"","overlay-type":"","overlay-color":"","overlay-opacity":"","overlay-gradient":""}},"footnotes":""},"class_list":["post-201","page","type-page","status-publish","hentry"],"yoast_head":"<!-- This site is optimized with the Yoast SEO Premium plugin v25.9 (Yoast SEO v27.4) - https:\/\/yoast.com\/product\/yoast-seo-premium-wordpress\/ -->\n<title>Privacy Policy - Tools Tecique<\/title>\n<meta name=\"robots\" content=\"index, follow, max-snippet:-1, max-image-preview:large, max-video-preview:-1\" \/>\n<link rel=\"canonical\" href=\"https:\/\/toolstecique.com\/vi\/privacy-policy\/\" \/>\n<meta property=\"og:locale\" content=\"vi_VN\" \/>\n<meta property=\"og:type\" content=\"article\" \/>\n<meta property=\"og:title\" content=\"Privacy Policy\" \/>\n<meta property=\"og:description\" content=\"At Tools Tecique, accessible from [www.toolstecique.com], your privacy is of paramount importance to us. This Privacy Policy document outlines the [&hellip;]\" \/>\n<meta property=\"og:url\" content=\"https:\/\/toolstecique.com\/vi\/privacy-policy\/\" \/>\n<meta property=\"og:site_name\" content=\"Tools Tecique\" \/>\n<meta property=\"article:modified_time\" content=\"2025-04-18T10:45:01+00:00\" \/>\n<meta name=\"twitter:card\" content=\"summary_large_image\" \/>\n<meta name=\"twitter:label1\" content=\"\u01af\u1edbc t\u00ednh th\u1eddi gian \u0111\u1ecdc\" \/>\n\t<meta name=\"twitter:data1\" content=\"3 ph\u00fat\" \/>\n<script type=\"application\/ld+json\" class=\"yoast-schema-graph\">{\"@context\":\"https:\\\/\\\/schema.org\",\"@graph\":[{\"@type\":\"WebPage\",\"@id\":\"https:\\\/\\\/toolstecique.com\\\/privacy-policy\\\/\",\"url\":\"https:\\\/\\\/toolstecique.com\\\/privacy-policy\\\/\",\"name\":\"Privacy Policy - Tools Tecique\",\"isPartOf\":{\"@id\":\"https:\\\/\\\/toolstecique.com\\\/#website\"},\"datePublished\":\"2024-11-29T11:55:51+00:00\",\"dateModified\":\"2025-04-18T10:45:01+00:00\",\"breadcrumb\":{\"@id\":\"https:\\\/\\\/toolstecique.com\\\/privacy-policy\\\/#breadcrumb\"},\"inLanguage\":\"vi\",\"potentialAction\":[{\"@type\":\"ReadAction\",\"target\":[\"https:\\\/\\\/toolstecique.com\\\/privacy-policy\\\/\"]}]},{\"@type\":\"BreadcrumbList\",\"@id\":\"https:\\\/\\\/toolstecique.com\\\/privacy-policy\\\/#breadcrumb\",\"itemListElement\":[{\"@type\":\"ListItem\",\"position\":1,\"name\":\"Home\",\"item\":\"https:\\\/\\\/toolstecique.com\\\/\"},{\"@type\":\"ListItem\",\"position\":2,\"name\":\"Privacy Policy\"}]},{\"@type\":\"WebSite\",\"@id\":\"https:\\\/\\\/toolstecique.com\\\/#website\",\"url\":\"https:\\\/\\\/toolstecique.com\\\/\",\"name\":\"Tools Tecique\",\"description\":\"\",\"publisher\":{\"@id\":\"https:\\\/\\\/toolstecique.com\\\/#organization\"},\"potentialAction\":[{\"@type\":\"SearchAction\",\"target\":{\"@type\":\"EntryPoint\",\"urlTemplate\":\"https:\\\/\\\/toolstecique.com\\\/?s={search_term_string}\"},\"query-input\":{\"@type\":\"PropertyValueSpecification\",\"valueRequired\":true,\"valueName\":\"search_term_string\"}}],\"inLanguage\":\"vi\"},{\"@type\":\"Organization\",\"@id\":\"https:\\\/\\\/toolstecique.com\\\/#organization\",\"name\":\"Tools Tecique\",\"url\":\"https:\\\/\\\/toolstecique.com\\\/\",\"logo\":{\"@type\":\"ImageObject\",\"inLanguage\":\"vi\",\"@id\":\"https:\\\/\\\/toolstecique.com\\\/#\\\/schema\\\/logo\\\/image\\\/\",\"url\":\"https:\\\/\\\/toolstecique.com\\\/wp-content\\\/uploads\\\/2025\\\/02\\\/green-profile.png\",\"contentUrl\":\"https:\\\/\\\/toolstecique.com\\\/wp-content\\\/uploads\\\/2025\\\/02\\\/green-profile.png\",\"width\":250,\"height\":250,\"caption\":\"Tools Tecique\"},\"image\":{\"@id\":\"https:\\\/\\\/toolstecique.com\\\/#\\\/schema\\\/logo\\\/image\\\/\"}}]}<\/script>\n<!-- \/ Yoast SEO Premium plugin. -->","yoast_head_json":{"title":"Ch\u00ednh s\u00e1ch b\u1ea3o m\u1eadt - Tools Tecique","robots":{"index":"index","follow":"follow","max-snippet":"max-snippet:-1","max-image-preview":"max-image-preview:large","max-video-preview":"max-video-preview:-1"},"canonical":"https:\/\/toolstecique.com\/vi\/privacy-policy\/","og_locale":"vi_VN","og_type":"article","og_title":"Privacy Policy","og_description":"At Tools Tecique, accessible from [www.toolstecique.com], your privacy is of paramount importance to us. This Privacy Policy document outlines the [&hellip;]","og_url":"https:\/\/toolstecique.com\/vi\/privacy-policy\/","og_site_name":"Tools Tecique","article_modified_time":"2025-04-18T10:45:01+00:00","twitter_card":"summary_large_image","twitter_misc":{"\u01af\u1edbc t\u00ednh th\u1eddi gian \u0111\u1ecdc":"3 ph\u00fat"},"schema":{"@context":"https:\/\/schema.org","@graph":[{"@type":"WebPage","@id":"https:\/\/toolstecique.com\/privacy-policy\/","url":"https:\/\/toolstecique.com\/privacy-policy\/","name":"Ch\u00ednh s\u00e1ch b\u1ea3o m\u1eadt - Tools Tecique","isPartOf":{"@id":"https:\/\/toolstecique.com\/#website"},"datePublished":"2024-11-29T11:55:51+00:00","dateModified":"2025-04-18T10:45:01+00:00","breadcrumb":{"@id":"https:\/\/toolstecique.com\/privacy-policy\/#breadcrumb"},"inLanguage":"vi","potentialAction":[{"@type":"ReadAction","target":["https:\/\/toolstecique.com\/privacy-policy\/"]}]},{"@type":"BreadcrumbList","@id":"https:\/\/toolstecique.com\/privacy-policy\/#breadcrumb","itemListElement":[{"@type":"ListItem","position":1,"name":"Home","item":"https:\/\/toolstecique.com\/"},{"@type":"ListItem","position":2,"name":"Privacy Policy"}]},{"@type":"WebSite","@id":"https:\/\/toolstecique.com\/#website","url":"https:\/\/toolstecique.com\/","name":"C\u00f4ng c\u1ee5 k\u1ef9 thu\u1eadt","description":"","publisher":{"@id":"https:\/\/toolstecique.com\/#organization"},"potentialAction":[{"@type":"SearchAction","target":{"@type":"EntryPoint","urlTemplate":"https:\/\/toolstecique.com\/?s={search_term_string}"},"query-input":{"@type":"PropertyValueSpecification","valueRequired":true,"valueName":"search_term_string"}}],"inLanguage":"vi"},{"@type":"Organization","@id":"https:\/\/toolstecique.com\/#organization","name":"C\u00f4ng c\u1ee5 k\u1ef9 thu\u1eadt","url":"https:\/\/toolstecique.com\/","logo":{"@type":"ImageObject","inLanguage":"vi","@id":"https:\/\/toolstecique.com\/#\/schema\/logo\/image\/","url":"https:\/\/toolstecique.com\/wp-content\/uploads\/2025\/02\/green-profile.png","contentUrl":"https:\/\/toolstecique.com\/wp-content\/uploads\/2025\/02\/green-profile.png","width":250,"height":250,"caption":"Tools Tecique"},"image":{"@id":"https:\/\/toolstecique.com\/#\/schema\/logo\/image\/"}}]}},"_links":{"self":[{"href":"https:\/\/toolstecique.com\/vi\/wp-json\/wp\/v2\/pages\/201","targetHints":{"allow":["GET"]}}],"collection":[{"href":"https:\/\/toolstecique.com\/vi\/wp-json\/wp\/v2\/pages"}],"about":[{"href":"https:\/\/toolstecique.com\/vi\/wp-json\/wp\/v2\/types\/page"}],"author":[{"embeddable":true,"href":"https:\/\/toolstecique.com\/vi\/wp-json\/wp\/v2\/users\/1"}],"replies":[{"embeddable":true,"href":"https:\/\/toolstecique.com\/vi\/wp-json\/wp\/v2\/comments?post=201"}],"version-history":[{"count":0,"href":"https:\/\/toolstecique.com\/vi\/wp-json\/wp\/v2\/pages\/201\/revisions"}],"wp:attachment":[{"href":"https:\/\/toolstecique.com\/vi\/wp-json\/wp\/v2\/media?parent=201"}],"curies":[{"name":"wp","href":"https:\/\/api.w.org\/{rel}","templated":true}]}}