{"id":211,"date":"2024-11-29T12:15:01","date_gmt":"2024-11-29T12:15:01","guid":{"rendered":"https:\/\/toolstecique.com\/?page_id=211"},"modified":"2025-04-18T10:41:31","modified_gmt":"2025-04-18T10:41:31","slug":"disclaimer","status":"publish","type":"page","link":"https:\/\/toolstecique.com\/vi\/disclaimer\/","title":{"rendered":"Tuy\u00ean b\u1ed1 mi\u1ec5n tr\u1eeb tr\u00e1ch nhi\u1ec7m"},"content":{"rendered":"<h2>1. <strong>Kh\u00f4ng c\u00f3 b\u1ea3o h\u00e0nh<\/strong><\/h2>\n<p><strong>C\u00f4ng c\u1ee5 k\u1ef9 thu\u1eadt<\/strong> Ch\u00fang t\u00f4i n\u1ed7 l\u1ef1c cung c\u1ea5p n\u1ed9i dung ch\u00ednh x\u00e1c, c\u1eadp nh\u1eadt v\u00e0 an to\u00e0n tr\u00ean trang web. Tuy nhi\u00ean, ch\u00fang t\u00f4i kh\u00f4ng \u0111\u01b0a ra b\u1ea5t k\u1ef3 tuy\u00ean b\u1ed1 ho\u1eb7c b\u1ea3o \u0111\u1ea3m n\u00e0o, d\u00f9 r\u00f5 r\u00e0ng hay ng\u1ee5 \u00fd, v\u1ec1 t\u00ednh \u0111\u1ea7y \u0111\u1ee7, ch\u00ednh x\u00e1c, \u0111\u1ed9 tin c\u1eady, s\u1ef1 ph\u00f9 h\u1ee3p ho\u1eb7c t\u00ednh kh\u1ea3 d\u1ee5ng c\u1ee7a th\u00f4ng tin, s\u1ea3n ph\u1ea9m ho\u1eb7c d\u1ecbch v\u1ee5 \u0111\u01b0\u1ee3c cung c\u1ea5p tr\u00ean trang web.<\/p>\n<ul>\n<li><strong>Kh\u00f4ng \u0111\u1ea3m b\u1ea3o t\u00ednh ch\u00ednh x\u00e1c.<\/strong>M\u1eb7c d\u00f9 ch\u00fang t\u00f4i \u0111\u00e3 th\u1ef1c hi\u1ec7n c\u00e1c b\u01b0\u1edbc h\u1ee3p l\u00fd \u0111\u1ec3 \u0111\u1ea3m b\u1ea3o t\u00ednh ch\u00ednh x\u00e1c c\u1ee7a th\u00f4ng tin \u0111\u01b0\u1ee3c cung c\u1ea5p, nh\u01b0ng ch\u00fang t\u00f4i kh\u00f4ng th\u1ec3 \u0111\u1ea3m b\u1ea3o r\u1eb1ng n\u1ed9i dung tr\u00ean Trang web lu\u00f4n kh\u00f4ng c\u00f3 l\u1ed7i, ch\u00ednh x\u00e1c ho\u1eb7c \u0111\u01b0\u1ee3c c\u1eadp nh\u1eadt m\u1ecdi l\u00fac.<\/li>\n<li><strong>Kh\u00f4ng c\u00f3 g\u00ec \u0111\u1ea3m b\u1ea3o an ninh<\/strong>Ch\u00fang t\u00f4i cung c\u1ea5p c\u00e1c b\u1ea3n t\u1ea3i xu\u1ed1ng an to\u00e0n \u0111\u00e3 \u0111\u01b0\u1ee3c qu\u00e9t virus v\u00e0 ph\u1ea7n m\u1ec1m \u0111\u1ed9c h\u1ea1i, nh\u01b0ng ch\u00fang t\u00f4i kh\u00f4ng \u0111\u1ea3m b\u1ea3o r\u1eb1ng t\u1ea5t c\u1ea3 c\u00e1c t\u1ec7p c\u00f3 s\u1eb5n \u0111\u1ec3 t\u1ea3i xu\u1ed1ng \u0111\u1ec1u kh\u00f4ng ch\u1ee9a virus, ph\u1ea7n m\u1ec1m \u0111\u1ed9c h\u1ea1i ho\u1eb7c m\u00e3 g\u00e2y h\u1ea1i kh\u00e1c. B\u1ea1n t\u1ea3i xu\u1ed1ng ph\u1ea7n m\u1ec1m v\u00e0 n\u1ed9i dung v\u1edbi r\u1ee7i ro c\u1ee7a ri\u00eang m\u00ecnh, v\u00e0 b\u1ea1n c\u00f3 tr\u00e1ch nhi\u1ec7m \u0111\u1ea3m b\u1ea3o r\u1eb1ng b\u1ea5t k\u1ef3 b\u1ea3n t\u1ea3i xu\u1ed1ng n\u00e0o c\u0169ng \u0111\u01b0\u1ee3c qu\u00e9t virus ho\u1eb7c ph\u1ea7n m\u1ec1m \u0111\u1ed9c h\u1ea1i b\u1eb1ng ph\u1ea7n m\u1ec1m b\u1ea3o m\u1eadt c\u1ee7a ri\u00eang b\u1ea1n.<\/li>\n<li><strong>Kh\u00f4ng \u0111\u1ea3m b\u1ea3o c\u00f3 h\u00e0ng.<\/strong>Ch\u00fang t\u00f4i kh\u00f4ng \u0111\u1ea3m b\u1ea3o r\u1eb1ng trang web s\u1ebd lu\u00f4n ho\u1ea1t \u0111\u1ed9ng li\u00ean t\u1ee5c, kh\u00f4ng b\u1ecb gi\u00e1n \u0111o\u1ea1n ho\u1eb7c kh\u00f4ng c\u00f3 l\u1ed7i. Ch\u00fang t\u00f4i c\u00f3 quy\u1ec1n t\u1ea1m ng\u1eebng ho\u1eb7c ch\u1ea5m d\u1ee9t quy\u1ec1n truy c\u1eadp v\u00e0o trang web b\u1ea5t c\u1ee9 l\u00fac n\u00e0o \u0111\u1ec3 b\u1ea3o tr\u00ec, c\u1eadp nh\u1eadt ho\u1eb7c gi\u1ea3i quy\u1ebft c\u00e1c v\u1ea5n \u0111\u1ec1 ph\u00e1t sinh ngo\u00e0i d\u1ef1 ki\u1ebfn.<\/li>\n<\/ul>\n<hr \/>\n<h2>2. <strong>S\u1eed d\u1ee5ng ph\u1ea7n m\u1ec1m \u0111\u00e3 t\u1ea3i xu\u1ed1ng<\/strong><\/h2>\n<ul>\n<li><strong>R\u1ee7i ro khi t\u1ea3i xu\u1ed1ng<\/strong>C\u00e1c c\u00f4ng c\u1ee5 v\u00e0 ti\u1ec7n \u00edch ph\u1ea7n m\u1ec1m c\u00f3 s\u1eb5n \u0111\u1ec3 t\u1ea3i xu\u1ed1ng tr\u00ean Tools Tecnique ch\u1ec9 \u0111\u01b0\u1ee3c cung c\u1ea5p cho m\u1ee5c \u0111\u00edch th\u00f4ng tin. B\u1eb1ng c\u00e1ch t\u1ea3i xu\u1ed1ng c\u00e1c t\u1ec7p n\u00e0y, b\u1ea1n \u0111\u1ed3ng \u00fd s\u1eed d\u1ee5ng ch\u00fang v\u1edbi r\u1ee7i ro c\u1ee7a ri\u00eang m\u00ecnh. <strong>C\u00f4ng c\u1ee5 k\u1ef9 thu\u1eadt<\/strong> Kh\u00f4ng ch\u1ecbu tr\u00e1ch nhi\u1ec7m \u0111\u1ed1i v\u1edbi b\u1ea5t k\u1ef3 v\u1ea5n \u0111\u1ec1 n\u00e0o ph\u00e1t sinh t\u1eeb vi\u1ec7c c\u00e0i \u0111\u1eb7t, s\u1eed d\u1ee5ng ho\u1eb7c s\u1eed d\u1ee5ng sai c\u00e1c c\u00f4ng c\u1ee5 ph\u1ea7n m\u1ec1m n\u00e0y, bao g\u1ed3m m\u1ea5t d\u1eef li\u1ec7u, l\u1ed7i h\u1ec7 th\u1ed1ng ho\u1eb7c c\u00e1c t\u00e1c \u0111\u1ed9ng b\u1ea5t l\u1ee3i kh\u00e1c.<\/li>\n<li><strong>Kh\u00f4ng ch\u1ecbu tr\u00e1ch nhi\u1ec7m \u0111\u1ed1i v\u1edbi ph\u1ea7n m\u1ec1m c\u1ee7a b\u00ean th\u1ee9 ba.<\/strong>Tools Tecnique c\u00f3 th\u1ec3 li\u00ean k\u1ebft \u0111\u1ebfn ph\u1ea7n m\u1ec1m c\u1ee7a b\u00ean th\u1ee9 ba ho\u1eb7c cung c\u1ea5p quy\u1ec1n truy c\u1eadp v\u00e0o c\u00e1c trang web b\u00ean ngo\u00e0i. Ch\u00fang t\u00f4i kh\u00f4ng s\u1edf h\u1eefu, ki\u1ec3m so\u00e1t ho\u1eb7c x\u00e1c nh\u1eadn ph\u1ea7n m\u1ec1m ho\u1eb7c d\u1ecbch v\u1ee5 c\u1ee7a b\u00ean th\u1ee9 ba c\u00f3 s\u1eb5n th\u00f4ng qua c\u00e1c li\u00ean k\u1ebft n\u00e0y. B\u1ea1n ch\u1ecbu tr\u00e1ch nhi\u1ec7m \u0111\u1ea3m b\u1ea3o r\u1eb1ng b\u1ea1n hi\u1ec3u v\u00e0 tu\u00e2n th\u1ee7 c\u00e1c \u0111i\u1ec1u kho\u1ea3n c\u1ea5p ph\u00e9p v\u00e0 \u0111i\u1ec1u kho\u1ea3n s\u1eed d\u1ee5ng c\u1ee7a b\u1ea5t k\u1ef3 ph\u1ea7n m\u1ec1m b\u00ean th\u1ee9 ba n\u00e0o m\u00e0 b\u1ea1n t\u1ea3i xu\u1ed1ng.<\/li>\n<li><strong>Kh\u1ea3 n\u0103ng t\u01b0\u01a1ng th\u00edch ph\u1ea7n m\u1ec1m<\/strong>Tools Technique kh\u00f4ng \u0111\u1ea3m b\u1ea3o v\u1ec1 kh\u1ea3 n\u0103ng t\u01b0\u01a1ng th\u00edch c\u1ee7a ph\u1ea7n m\u1ec1m \u0111\u00e3 t\u1ea3i xu\u1ed1ng v\u1edbi m\u00e1y t\u00ednh, h\u1ec7 \u0111i\u1ec1u h\u00e0nh ho\u1eb7c ph\u1ea7n c\u1ee9ng hay ph\u1ea7n m\u1ec1m kh\u00e1c c\u1ee7a b\u1ea1n. B\u1ea1n c\u00f3 tr\u00e1ch nhi\u1ec7m ki\u1ec3m tra t\u00ednh t\u01b0\u01a1ng th\u00edch tr\u01b0\u1edbc khi t\u1ea3i xu\u1ed1ng ho\u1eb7c c\u00e0i \u0111\u1eb7t b\u1ea5t k\u1ef3 ph\u1ea7n m\u1ec1m n\u00e0o.<\/li>\n<\/ul>\n<hr \/>\n<h2>3. <strong>Gi\u1edbi h\u1ea1n tr\u00e1ch nhi\u1ec7m<\/strong><\/h2>\n<p>Trong ph\u1ea1m vi t\u1ed1i \u0111a \u0111\u01b0\u1ee3c ph\u00e1p lu\u1eadt hi\u1ec7n h\u00e0nh cho ph\u00e9p, <strong>C\u00f4ng c\u1ee5 k\u1ef9 thu\u1eadt<\/strong> v\u00e0 c\u00e1c c\u00f4ng ty li\u00ean k\u1ebft, nh\u00e2n vi\u00ean, \u0111\u1ed1i t\u00e1c ho\u1eb7c nh\u00e0 th\u1ea7u c\u1ee7a c\u00f4ng ty s\u1ebd kh\u00f4ng ch\u1ecbu tr\u00e1ch nhi\u1ec7m \u0111\u1ed1i v\u1edbi b\u1ea5t k\u1ef3 thi\u1ec7t h\u1ea1i n\u00e0o ph\u00e1t sinh t\u1eeb vi\u1ec7c s\u1eed d\u1ee5ng ho\u1eb7c kh\u00f4ng th\u1ec3 s\u1eed d\u1ee5ng trang web ho\u1eb7c n\u1ed9i dung c\u1ee7a trang web, bao g\u1ed3m nh\u01b0ng kh\u00f4ng gi\u1edbi h\u1ea1n \u1edf:<\/p>\n<ul>\n<li>Thi\u1ec7t h\u1ea1i gi\u00e1n ti\u1ebfp, ng\u1eabu nhi\u00ean, \u0111\u1eb7c bi\u1ec7t ho\u1eb7c h\u1eadu qu\u1ea3.<\/li>\n<li>M\u1ea5t l\u1ee3i nhu\u1eadn, doanh thu ho\u1eb7c d\u1eef li\u1ec7u.<\/li>\n<li>C\u00e1c l\u1ed7i, s\u1ef1 c\u1ed1 ho\u1eb7c tr\u1ee5c tr\u1eb7c c\u1ee7a h\u1ec7 th\u1ed1ng.<\/li>\n<li>H\u01b0 h\u1ecfng \u0111\u1ed1i v\u1edbi thi\u1ebft b\u1ecb ho\u1eb7c ph\u1ea7n m\u1ec1m c\u1ee7a b\u1ea1n ph\u00e1t sinh do vi\u1ec7c t\u1ea3i xu\u1ed1ng, c\u00e0i \u0111\u1eb7t ho\u1eb7c s\u1eed d\u1ee5ng c\u00e1c t\u1ec7p t\u1eeb trang web n\u00e0y.<\/li>\n<\/ul>\n<p>Trong m\u1ecdi tr\u01b0\u1eddng h\u1ee3p, t\u1ed5ng tr\u00e1ch nhi\u1ec7m ph\u00e1p l\u00fd c\u1ee7a <strong>C\u00f4ng c\u1ee5 k\u1ef9 thu\u1eadt<\/strong> v\u01b0\u1ee3t qu\u00e1 s\u1ed1 ti\u1ec1n b\u1ea1n \u0111\u00e3 tr\u1ea3 cho b\u1ea5t k\u1ef3 s\u1ea3n ph\u1ea9m ho\u1eb7c d\u1ecbch v\u1ee5 n\u00e0o li\u00ean quan \u0111\u1ebfn vi\u1ec7c s\u1eed d\u1ee5ng trang web.<\/p>\n<hr \/>\n<h2>4. <strong>Li\u00ean k\u1ebft ngo\u00e0i v\u00e0 n\u1ed9i dung c\u1ee7a b\u00ean th\u1ee9 ba<\/strong><\/h2>\n<ul>\n<li><strong>Li\u00ean k\u1ebft ngo\u00e0i<\/strong>Trang web n\u00e0y c\u00f3 th\u1ec3 ch\u1ee9a c\u00e1c li\u00ean k\u1ebft \u0111\u1ebfn c\u00e1c trang web b\u00ean ngo\u00e0i do b\u00ean th\u1ee9 ba \u0111i\u1ec1u h\u00e0nh. C\u00e1c li\u00ean k\u1ebft n\u00e0y ch\u1ec9 \u0111\u01b0\u1ee3c cung c\u1ea5p \u0111\u1ec3 thu\u1eadn ti\u1ec7n cho b\u1ea1n. Tools Tecnique kh\u00f4ng ki\u1ec3m so\u00e1t, gi\u00e1m s\u00e1t ho\u1eb7c x\u00e1c nh\u1eadn n\u1ed9i dung tr\u00ean c\u00e1c trang web b\u00ean ngo\u00e0i n\u00e0y. B\u1eb1ng c\u00e1ch s\u1eed d\u1ee5ng c\u00e1c li\u00ean k\u1ebft, b\u1ea1n \u0111\u1ed3ng \u00fd r\u1eb1ng b\u1ea1n \u0111ang t\u1ef1 ch\u1ecbu r\u1ee7i ro.<\/li>\n<li><strong>Kh\u00f4ng ch\u1ecbu tr\u00e1ch nhi\u1ec7m v\u1ec1 n\u1ed9i dung b\u00ean ngo\u00e0i.<\/strong>Tools Tecnique kh\u00f4ng ch\u1ecbu tr\u00e1ch nhi\u1ec7m v\u1ec1 b\u1ea5t k\u1ef3 n\u1ed9i dung, qu\u1ea3ng c\u00e1o, s\u1ea3n ph\u1ea9m ho\u1eb7c d\u1ecbch v\u1ee5 n\u00e0o \u0111\u01b0\u1ee3c cung c\u1ea5p b\u1edfi c\u00e1c trang web c\u1ee7a b\u00ean th\u1ee9 ba. Vi\u1ec7c truy c\u1eadp n\u1ed9i dung c\u1ee7a b\u00ean th\u1ee9 ba tu\u00e2n theo c\u00e1c \u0111i\u1ec1u kho\u1ea3n s\u1eed d\u1ee5ng v\u00e0 ch\u00ednh s\u00e1ch b\u1ea3o m\u1eadt c\u1ee7a c\u00e1c trang web t\u01b0\u01a1ng \u1ee9ng, v\u00e0 ch\u00fang t\u00f4i khuy\u1ebfn kh\u00edch b\u1ea1n xem x\u00e9t c\u00e1c ch\u00ednh s\u00e1ch n\u00e0y tr\u01b0\u1edbc khi t\u01b0\u01a1ng t\u00e1c v\u1edbi c\u00e1c trang web b\u00ean ngo\u00e0i.<\/li>\n<\/ul>\n<hr \/>\n<h2>5. <strong>Kh\u00f4ng x\u00e1c nh\u1eadn n\u1ed9i dung do ng\u01b0\u1eddi d\u00f9ng t\u1ea1o ra<\/strong><\/h2>\n<p>N\u1ebfu trang web cho ph\u00e9p n\u1ed9i dung do ng\u01b0\u1eddi d\u00f9ng t\u1ea1o ra, ch\u1eb3ng h\u1ea1n nh\u01b0 b\u00ecnh lu\u1eadn, \u0111\u00e1nh gi\u00e1, ph\u1ea3n h\u1ed3i ho\u1eb7c b\u00e0i \u0111\u0103ng tr\u00ean di\u1ec5n \u0111\u00e0n, ch\u00fang t\u00f4i kh\u00f4ng x\u00e1c nh\u1eadn ho\u1eb7c \u0111\u1ea3m b\u1ea3o t\u00ednh ch\u00ednh x\u00e1c ho\u1eb7c \u0111\u1ed9 tin c\u1eady c\u1ee7a b\u1ea5t k\u1ef3 n\u1ed9i dung n\u00e0o do ng\u01b0\u1eddi d\u00f9ng t\u1ea1o ra. Quan \u0111i\u1ec3m \u0111\u01b0\u1ee3c th\u1ec3 hi\u1ec7n trong n\u1ed9i dung do ng\u01b0\u1eddi d\u00f9ng t\u1ea1o ra l\u00e0 c\u1ee7a t\u1eebng ng\u01b0\u1eddi \u0111\u00f3ng g\u00f3p v\u00e0 kh\u00f4ng nh\u1ea5t thi\u1ebft ph\u1ea3n \u00e1nh quan \u0111i\u1ec3m ho\u1eb7c \u00fd ki\u1ebfn \u200b\u200bc\u1ee7a ch\u00fang t\u00f4i. <strong>C\u00f4ng c\u1ee5 k\u1ef9 thu\u1eadt<\/strong>.<\/p>\n<p>Ch\u00fang t\u00f4i kh\u00f4ng ch\u1ecbu tr\u00e1ch nhi\u1ec7m cho b\u1ea5t k\u1ef3 thi\u1ec7t h\u1ea1i, m\u1ea5t m\u00e1t ho\u1eb7c b\u1ea5t ti\u1ec7n n\u00e0o ph\u00e1t sinh do vi\u1ec7c d\u1ef1a v\u00e0o n\u1ed9i dung do ng\u01b0\u1eddi d\u00f9ng t\u1ea1o ra.<\/p>\n<hr \/>\n<h2>6. <strong>Nh\u1eefng thay \u0111\u1ed5i v\u1ec1 n\u1ed9i dung v\u00e0 d\u1ecbch v\u1ee5<\/strong><\/h2>\n<p><strong>C\u00f4ng c\u1ee5 k\u1ef9 thu\u1eadt<\/strong> C\u00f4ng ty c\u00f3 quy\u1ec1n s\u1eeda \u0111\u1ed5i, c\u1eadp nh\u1eadt ho\u1eb7c x\u00f3a b\u1ecf b\u1ea5t k\u1ef3 n\u1ed9i dung ho\u1eb7c d\u1ecbch v\u1ee5 n\u00e0o \u0111\u01b0\u1ee3c cung c\u1ea5p tr\u00ean trang web b\u1ea5t c\u1ee9 l\u00fac n\u00e0o, m\u00e0 kh\u00f4ng c\u1ea7n th\u00f4ng b\u00e1o tr\u01b0\u1edbc. \u0110i\u1ec1u n\u00e0y bao g\u1ed3m, nh\u01b0ng kh\u00f4ng gi\u1edbi h\u1ea1n \u1edf, nh\u1eefng thay \u0111\u1ed5i v\u1ec1 t\u00ednh kh\u1ea3 d\u1ee5ng c\u1ee7a c\u00e1c c\u00f4ng c\u1ee5 ph\u1ea7n m\u1ec1m, vi\u1ec7c th\u00eam ho\u1eb7c x\u00f3a c\u00e1c t\u00ednh n\u0103ng, ho\u1eb7c c\u1eadp nh\u1eadt \u0110i\u1ec1u kho\u1ea3n v\u00e0 \u0110i\u1ec1u ki\u1ec7n ho\u1eb7c Ch\u00ednh s\u00e1ch B\u1ea3o m\u1eadt.<\/p>\n<p>Ch\u00fang t\u00f4i kh\u00f4ng \u0111\u1ea3m b\u1ea3o r\u1eb1ng n\u1ed9i dung ho\u1eb7c d\u1ecbch v\u1ee5 c\u00f3 s\u1eb5n tr\u00ean Trang web s\u1ebd kh\u00f4ng thay \u0111\u1ed5i ho\u1eb7c b\u1ea5t k\u1ef3 thay \u0111\u1ed5i n\u00e0o trong t\u01b0\u01a1ng lai s\u1ebd kh\u00f4ng \u1ea3nh h\u01b0\u1edfng \u0111\u1ebfn vi\u1ec7c b\u1ea1n s\u1eed d\u1ee5ng trang web.<\/p>\n<hr \/>\n<h2>7. <strong>Kh\u00f4ng c\u00f3 l\u1eddi khuy\u00ean chuy\u00ean nghi\u1ec7p<\/strong><\/h2>\n<p>N\u1ed9i dung \u0111\u01b0\u1ee3c cung c\u1ea5p tr\u00ean <strong>C\u00f4ng c\u1ee5 k\u1ef9 thu\u1eadt<\/strong> Th\u00f4ng tin n\u00e0y ch\u1ec9 mang t\u00ednh ch\u1ea5t tham kh\u1ea3o chung. Kh\u00f4ng n\u00ean hi\u1ec3u \u0111\u00e2y l\u00e0 l\u1eddi khuy\u00ean chuy\u00ean nghi\u1ec7p, bao g\u1ed3m nh\u01b0ng kh\u00f4ng gi\u1edbi h\u1ea1n \u1edf l\u1eddi khuy\u00ean ph\u00e1p l\u00fd, t\u00e0i ch\u00ednh ho\u1eb7c k\u1ef9 thu\u1eadt. \u0110\u1ec3 \u0111\u01b0\u1ee3c t\u01b0 v\u1ea5n c\u1ee5 th\u1ec3 v\u1ec1 c\u00e1ch s\u1eed d\u1ee5ng, c\u00e0i \u0111\u1eb7t ho\u1eb7c c\u00e1c v\u1ea5n \u0111\u1ec1 b\u1ea3o m\u1eadt ph\u1ea7n m\u1ec1m, ch\u00fang t\u00f4i khuy\u00ean b\u1ea1n n\u00ean tham kh\u1ea3o \u00fd ki\u1ebfn \u200b\u200bchuy\u00ean gia trong l\u0129nh v\u1ef1c li\u00ean quan.<\/p>\n<hr \/>\n<h2>8. <strong>Vi\u1ec7c s\u1eed d\u1ee5ng trang web n\u00e0y l\u00e0 do b\u1ea1n t\u1ef1 ch\u1ecbu r\u1ee7i ro.<\/strong><\/h2>\n<p>Vi\u1ec7c b\u1ea1n s\u1eed d\u1ee5ng <strong>C\u00f4ng c\u1ee5 k\u1ef9 thu\u1eadt<\/strong> Vi\u1ec7c s\u1eed d\u1ee5ng trang web ho\u00e0n to\u00e0n do b\u1ea1n t\u1ef1 ch\u1ecbu r\u1ee7i ro. Tools Tecnique kh\u00f4ng \u0111\u01b0a ra b\u1ea5t k\u1ef3 tuy\u00ean b\u1ed1 ho\u1eb7c b\u1ea3o \u0111\u1ea3m n\u00e0o r\u1eb1ng trang web s\u1ebd \u0111\u00e1p \u1ee9ng \u0111\u01b0\u1ee3c k\u1ef3 v\u1ecdng c\u1ee7a b\u1ea1n ho\u1eb7c c\u00e1c d\u1ecbch v\u1ee5 s\u1ebd kh\u00f4ng c\u00f3 l\u1ed7i, thi\u1ebfu s\u00f3t ho\u1eb7c gi\u00e1n \u0111o\u1ea1n. B\u1eb1ng c\u00e1ch s\u1eed d\u1ee5ng Trang web, b\u1ea1n ch\u1ea5p nh\u1eadn r\u1eb1ng Tools Tecnique s\u1ebd kh\u00f4ng ch\u1ecbu tr\u00e1ch nhi\u1ec7m \u0111\u1ed1i v\u1edbi b\u1ea5t k\u1ef3 v\u1ea5n \u0111\u1ec1 n\u00e0o ph\u00e1t sinh t\u1eeb vi\u1ec7c b\u1ea1n s\u1eed d\u1ee5ng trang web, bao g\u1ed3m b\u1ea5t k\u1ef3 v\u1ea5n \u0111\u1ec1 n\u00e0o ph\u00e1t sinh t\u1eeb vi\u1ec7c t\u1ea3i xu\u1ed1ng v\u00e0 c\u00e0i \u0111\u1eb7t c\u00e1c c\u00f4ng c\u1ee5 ho\u1eb7c d\u1ecbch v\u1ee5 ph\u1ea7n m\u1ec1m \u0111\u01b0\u1ee3c cung c\u1ea5p tr\u00ean Trang web.<\/p>\n<hr \/>\n<h2>9. <strong>B\u1ed3i th\u01b0\u1eddng<\/strong><\/h2>\n<p>B\u1ea1n \u0111\u1ed3ng \u00fd b\u1ed3i th\u01b0\u1eddng v\u00e0 gi\u1eef cho ch\u00fang t\u00f4i kh\u00f4ng b\u1ecb thi\u1ec7t h\u1ea1i. <strong>C\u00f4ng c\u1ee5 k\u1ef9 thu\u1eadt<\/strong>Ch\u00fang t\u00f4i, c\u00e1c c\u00f4ng ty li\u00ean k\u1ebft, nh\u00e2n vi\u00ean, \u0111\u1ed1i t\u00e1c v\u00e0 nh\u00e0 th\u1ea7u c\u1ee7a ch\u00fang t\u00f4i, kh\u00f4ng ch\u1ecbu tr\u00e1ch nhi\u1ec7m \u0111\u1ed1i v\u1edbi b\u1ea5t k\u1ef3 khi\u1ebfu n\u1ea1i, thi\u1ec7t h\u1ea1i, t\u1ed5n th\u1ea5t, tr\u00e1ch nhi\u1ec7m ph\u00e1p l\u00fd v\u00e0 chi ph\u00ed n\u00e0o (bao g\u1ed3m c\u1ea3 ph\u00ed lu\u1eadt s\u01b0) ph\u00e1t sinh t\u1eeb vi\u1ec7c b\u1ea1n s\u1eed d\u1ee5ng trang web, vi ph\u1ea1m c\u00e1c \u0111i\u1ec1u kho\u1ea3n n\u00e0y ho\u1eb7c x\u00e2m ph\u1ea1m b\u1ea5t k\u1ef3 quy\u1ec1n s\u1edf h\u1eefu tr\u00ed tu\u1ec7 ho\u1eb7c quy\u1ec1n n\u00e0o c\u1ee7a b\u00ean th\u1ee9 ba.<\/p>\n<hr \/>\n<h2>10. <strong>Lu\u1eadt \u0111i\u1ec1u ch\u1ec9nh<\/strong><\/h2>\n<p>Tuy\u00ean b\u1ed1 mi\u1ec5n tr\u1eeb tr\u00e1ch nhi\u1ec7m n\u00e0y s\u1ebd \u0111\u01b0\u1ee3c \u0111i\u1ec1u ch\u1ec9nh v\u00e0 gi\u1ea3i th\u00edch theo lu\u1eadt c\u1ee7a [Khu v\u1ef1c ph\u00e1p l\u00fd c\u1ee7a b\u1ea1n]. M\u1ecdi tranh ch\u1ea5p li\u00ean quan \u0111\u1ebfn Tuy\u00ean b\u1ed1 mi\u1ec5n tr\u1eeb tr\u00e1ch nhi\u1ec7m n\u00e0y s\u1ebd thu\u1ed9c th\u1ea9m quy\u1ec1n \u0111\u1ed9c quy\u1ec1n c\u1ee7a c\u00e1c t\u00f2a \u00e1n t\u1ea1i [Khu v\u1ef1c ph\u00e1p l\u00fd c\u1ee7a b\u1ea1n].<\/p>\n<hr \/>\n<h2>11. <strong>Nh\u1eefng thay \u0111\u1ed5i \u0111\u1ed1i v\u1edbi Tuy\u00ean b\u1ed1 t\u1eeb ch\u1ed1i tr\u00e1ch nhi\u1ec7m n\u00e0y<\/strong><\/h2>\n<p><strong>C\u00f4ng c\u1ee5 k\u1ef9 thu\u1eadt<\/strong> Ch\u00fang t\u00f4i c\u00f3 quy\u1ec1n s\u1eeda \u0111\u1ed5i ho\u1eb7c c\u1eadp nh\u1eadt Tuy\u00ean b\u1ed1 mi\u1ec5n tr\u1eeb tr\u00e1ch nhi\u1ec7m n\u00e0y b\u1ea5t c\u1ee9 l\u00fac n\u00e0o. Khi c\u00f3 thay \u0111\u1ed5i, ch\u00fang t\u00f4i s\u1ebd \u0111\u0103ng Tuy\u00ean b\u1ed1 mi\u1ec5n tr\u1eeb tr\u00e1ch nhi\u1ec7m \u0111\u00e3 c\u1eadp nh\u1eadt tr\u00ean trang n\u00e0y v\u1edbi \"Ng\u00e0y c\u00f3 hi\u1ec7u l\u1ef1c\" \u0111\u01b0\u1ee3c c\u1eadp nh\u1eadt. B\u1eb1ng c\u00e1ch ti\u1ebfp t\u1ee5c s\u1eed d\u1ee5ng trang web, b\u1ea1n \u0111\u1ed3ng \u00fd b\u1ecb r\u00e0ng bu\u1ed9c b\u1edfi Tuy\u00ean b\u1ed1 mi\u1ec5n tr\u1eeb tr\u00e1ch nhi\u1ec7m \u0111\u00e3 c\u1eadp nh\u1eadt.<\/p>\n<hr \/>\n<h2>12. <strong>Li\u00ean h\u1ec7 v\u1edbi ch\u00fang t\u00f4i<\/strong><\/h2>\n<p>N\u1ebfu b\u1ea1n c\u00f3 b\u1ea5t k\u1ef3 c\u00e2u h\u1ecfi ho\u1eb7c th\u1eafc m\u1eafc n\u00e0o li\u00ean quan \u0111\u1ebfn Tuy\u00ean b\u1ed1 t\u1eeb ch\u1ed1i tr\u00e1ch nhi\u1ec7m n\u00e0y ho\u1eb7c n\u1ed9i dung tr\u00ean trang web n\u00e0y, vui l\u00f2ng li\u00ean h\u1ec7 v\u1edbi ch\u00fang t\u00f4i. <strong>C\u00f4ng c\u1ee5 k\u1ef9 thu\u1eadt<\/strong>Vui l\u00f2ng li\u00ean h\u1ec7 v\u1edbi ch\u00fang t\u00f4i theo \u0111\u1ecba ch\u1ec9:<\/p>\n<p><strong>C\u00f4ng c\u1ee5 k\u1ef9 thu\u1eadt<\/strong><br \/>\nEmail: [<a href=\"mailto:toolstecique@gmail.com\">toolstecique@gmail.com<\/a>]<br \/>\nTrang web: [<a href=\"https:\/\/toolstecique.com\/vi\/\">www.toolstecnique.com<\/a>]<\/p>\n<hr \/>\n<p>B\u1eb1ng c\u00e1ch s\u1eed d\u1ee5ng <strong>C\u00f4ng c\u1ee5 k\u1ef9 thu\u1eadt<\/strong>B\u1eb1ng c\u00e1ch n\u00e0y, b\u1ea1n x\u00e1c nh\u1eadn r\u1eb1ng b\u1ea1n \u0111\u00e3 \u0111\u1ecdc, hi\u1ec3u v\u00e0 \u0111\u1ed3ng \u00fd v\u1edbi Tuy\u00ean b\u1ed1 t\u1eeb ch\u1ed1i tr\u00e1ch nhi\u1ec7m n\u00e0y.<\/p>","protected":false},"excerpt":{"rendered":"<p>1. No Warranties Tools Tecique strives to provide accurate, up-to-date, and secure content on the website. However, we make no [&hellip;]<\/p>","protected":false},"author":1,"featured_media":0,"parent":0,"menu_order":0,"comment_status":"closed","ping_status":"closed","template":"","meta":{"site-sidebar-layout":"default","site-content-layout":"","ast-site-content-layout":"default","site-content-style":"default","site-sidebar-style":"default","ast-global-header-display":"","ast-banner-title-visibility":"","ast-main-header-display":"","ast-hfb-above-header-display":"","ast-hfb-below-header-display":"","ast-hfb-mobile-header-display":"","site-post-title":"","ast-breadcrumbs-content":"","ast-featured-img":"","footer-sml-layout":"","ast-disable-related-posts":"","theme-transparent-header-meta":"default","adv-header-id-meta":"","stick-header-meta":"","header-above-stick-meta":"","header-main-stick-meta":"","header-below-stick-meta":"","astra-migrate-meta-layouts":"set","ast-page-background-enabled":"default","ast-page-background-meta":{"desktop":{"background-color":"var(--ast-global-color-5)","background-image":"","background-repeat":"repeat","background-position":"center center","background-size":"auto","background-attachment":"scroll","background-type":"","background-media":"","overlay-type":"","overlay-color":"","overlay-opacity":"","overlay-gradient":""},"tablet":{"background-color":"","background-image":"","background-repeat":"repeat","background-position":"center center","background-size":"auto","background-attachment":"scroll","background-type":"","background-media":"","overlay-type":"","overlay-color":"","overlay-opacity":"","overlay-gradient":""},"mobile":{"background-color":"","background-image":"","background-repeat":"repeat","background-position":"center center","background-size":"auto","background-attachment":"scroll","background-type":"","background-media":"","overlay-type":"","overlay-color":"","overlay-opacity":"","overlay-gradient":""}},"ast-content-background-meta":{"desktop":{"background-color":"var(--ast-global-color-4)","background-image":"","background-repeat":"repeat","background-position":"center center","background-size":"auto","background-attachment":"scroll","background-type":"","background-media":"","overlay-type":"","overlay-color":"","overlay-opacity":"","overlay-gradient":""},"tablet":{"background-color":"var(--ast-global-color-4)","background-image":"","background-repeat":"repeat","background-position":"center center","background-size":"auto","background-attachment":"scroll","background-type":"","background-media":"","overlay-type":"","overlay-color":"","overlay-opacity":"","overlay-gradient":""},"mobile":{"background-color":"var(--ast-global-color-4)","background-image":"","background-repeat":"repeat","background-position":"center center","background-size":"auto","background-attachment":"scroll","background-type":"","background-media":"","overlay-type":"","overlay-color":"","overlay-opacity":"","overlay-gradient":""}},"footnotes":""},"class_list":["post-211","page","type-page","status-publish","hentry"],"yoast_head":"<!-- This site is optimized with the Yoast SEO Premium plugin v25.9 (Yoast SEO v27.5) - https:\/\/yoast.com\/product\/yoast-seo-premium-wordpress\/ -->\n<title>Disclaimer - Tools Tecique<\/title>\n<meta name=\"robots\" content=\"index, follow, max-snippet:-1, max-image-preview:large, max-video-preview:-1\" \/>\n<link rel=\"canonical\" href=\"https:\/\/toolstecique.com\/vi\/disclaimer\/\" \/>\n<meta property=\"og:locale\" content=\"vi_VN\" \/>\n<meta property=\"og:type\" content=\"article\" \/>\n<meta property=\"og:title\" content=\"Disclaimer\" \/>\n<meta property=\"og:description\" content=\"1. No Warranties Tools Tecique strives to provide accurate, up-to-date, and secure content on the website. However, we make no [&hellip;]\" \/>\n<meta property=\"og:url\" content=\"https:\/\/toolstecique.com\/vi\/disclaimer\/\" \/>\n<meta property=\"og:site_name\" content=\"Tools Tecique\" \/>\n<meta property=\"article:modified_time\" content=\"2025-04-18T10:41:31+00:00\" \/>\n<meta name=\"twitter:card\" content=\"summary_large_image\" \/>\n<meta name=\"twitter:label1\" content=\"\u01af\u1edbc t\u00ednh th\u1eddi gian \u0111\u1ecdc\" \/>\n\t<meta name=\"twitter:data1\" content=\"5 ph\u00fat\" \/>\n<script type=\"application\/ld+json\" class=\"yoast-schema-graph\">{\"@context\":\"https:\\\/\\\/schema.org\",\"@graph\":[{\"@type\":\"WebPage\",\"@id\":\"https:\\\/\\\/toolstecique.com\\\/disclaimer\\\/\",\"url\":\"https:\\\/\\\/toolstecique.com\\\/disclaimer\\\/\",\"name\":\"Disclaimer - Tools Tecique\",\"isPartOf\":{\"@id\":\"https:\\\/\\\/toolstecique.com\\\/#website\"},\"datePublished\":\"2024-11-29T12:15:01+00:00\",\"dateModified\":\"2025-04-18T10:41:31+00:00\",\"breadcrumb\":{\"@id\":\"https:\\\/\\\/toolstecique.com\\\/disclaimer\\\/#breadcrumb\"},\"inLanguage\":\"vi\",\"potentialAction\":[{\"@type\":\"ReadAction\",\"target\":[\"https:\\\/\\\/toolstecique.com\\\/disclaimer\\\/\"]}]},{\"@type\":\"BreadcrumbList\",\"@id\":\"https:\\\/\\\/toolstecique.com\\\/disclaimer\\\/#breadcrumb\",\"itemListElement\":[{\"@type\":\"ListItem\",\"position\":1,\"name\":\"Home\",\"item\":\"https:\\\/\\\/toolstecique.com\\\/\"},{\"@type\":\"ListItem\",\"position\":2,\"name\":\"Disclaimer\"}]},{\"@type\":\"WebSite\",\"@id\":\"https:\\\/\\\/toolstecique.com\\\/#website\",\"url\":\"https:\\\/\\\/toolstecique.com\\\/\",\"name\":\"Tools Tecique\",\"description\":\"\",\"publisher\":{\"@id\":\"https:\\\/\\\/toolstecique.com\\\/#organization\"},\"potentialAction\":[{\"@type\":\"SearchAction\",\"target\":{\"@type\":\"EntryPoint\",\"urlTemplate\":\"https:\\\/\\\/toolstecique.com\\\/?s={search_term_string}\"},\"query-input\":{\"@type\":\"PropertyValueSpecification\",\"valueRequired\":true,\"valueName\":\"search_term_string\"}}],\"inLanguage\":\"vi\"},{\"@type\":\"Organization\",\"@id\":\"https:\\\/\\\/toolstecique.com\\\/#organization\",\"name\":\"Tools Tecique\",\"url\":\"https:\\\/\\\/toolstecique.com\\\/\",\"logo\":{\"@type\":\"ImageObject\",\"inLanguage\":\"vi\",\"@id\":\"https:\\\/\\\/toolstecique.com\\\/#\\\/schema\\\/logo\\\/image\\\/\",\"url\":\"https:\\\/\\\/toolstecique.com\\\/wp-content\\\/uploads\\\/2025\\\/02\\\/green-profile.png\",\"contentUrl\":\"https:\\\/\\\/toolstecique.com\\\/wp-content\\\/uploads\\\/2025\\\/02\\\/green-profile.png\",\"width\":250,\"height\":250,\"caption\":\"Tools Tecique\"},\"image\":{\"@id\":\"https:\\\/\\\/toolstecique.com\\\/#\\\/schema\\\/logo\\\/image\\\/\"}}]}<\/script>\n<!-- \/ Yoast SEO Premium plugin. -->","yoast_head_json":{"title":"Tuy\u00ean b\u1ed1 mi\u1ec5n tr\u1eeb tr\u00e1ch nhi\u1ec7m - Tools Tecique","robots":{"index":"index","follow":"follow","max-snippet":"max-snippet:-1","max-image-preview":"max-image-preview:large","max-video-preview":"max-video-preview:-1"},"canonical":"https:\/\/toolstecique.com\/vi\/disclaimer\/","og_locale":"vi_VN","og_type":"article","og_title":"Disclaimer","og_description":"1. No Warranties Tools Tecique strives to provide accurate, up-to-date, and secure content on the website. However, we make no [&hellip;]","og_url":"https:\/\/toolstecique.com\/vi\/disclaimer\/","og_site_name":"Tools Tecique","article_modified_time":"2025-04-18T10:41:31+00:00","twitter_card":"summary_large_image","twitter_misc":{"\u01af\u1edbc t\u00ednh th\u1eddi gian \u0111\u1ecdc":"5 ph\u00fat"},"schema":{"@context":"https:\/\/schema.org","@graph":[{"@type":"WebPage","@id":"https:\/\/toolstecique.com\/disclaimer\/","url":"https:\/\/toolstecique.com\/disclaimer\/","name":"Tuy\u00ean b\u1ed1 mi\u1ec5n tr\u1eeb tr\u00e1ch nhi\u1ec7m - Tools Tecique","isPartOf":{"@id":"https:\/\/toolstecique.com\/#website"},"datePublished":"2024-11-29T12:15:01+00:00","dateModified":"2025-04-18T10:41:31+00:00","breadcrumb":{"@id":"https:\/\/toolstecique.com\/disclaimer\/#breadcrumb"},"inLanguage":"vi","potentialAction":[{"@type":"ReadAction","target":["https:\/\/toolstecique.com\/disclaimer\/"]}]},{"@type":"BreadcrumbList","@id":"https:\/\/toolstecique.com\/disclaimer\/#breadcrumb","itemListElement":[{"@type":"ListItem","position":1,"name":"Home","item":"https:\/\/toolstecique.com\/"},{"@type":"ListItem","position":2,"name":"Disclaimer"}]},{"@type":"WebSite","@id":"https:\/\/toolstecique.com\/#website","url":"https:\/\/toolstecique.com\/","name":"C\u00f4ng c\u1ee5 k\u1ef9 thu\u1eadt","description":"","publisher":{"@id":"https:\/\/toolstecique.com\/#organization"},"potentialAction":[{"@type":"SearchAction","target":{"@type":"EntryPoint","urlTemplate":"https:\/\/toolstecique.com\/?s={search_term_string}"},"query-input":{"@type":"PropertyValueSpecification","valueRequired":true,"valueName":"search_term_string"}}],"inLanguage":"vi"},{"@type":"Organization","@id":"https:\/\/toolstecique.com\/#organization","name":"C\u00f4ng c\u1ee5 k\u1ef9 thu\u1eadt","url":"https:\/\/toolstecique.com\/","logo":{"@type":"ImageObject","inLanguage":"vi","@id":"https:\/\/toolstecique.com\/#\/schema\/logo\/image\/","url":"https:\/\/toolstecique.com\/wp-content\/uploads\/2025\/02\/green-profile.png","contentUrl":"https:\/\/toolstecique.com\/wp-content\/uploads\/2025\/02\/green-profile.png","width":250,"height":250,"caption":"Tools Tecique"},"image":{"@id":"https:\/\/toolstecique.com\/#\/schema\/logo\/image\/"}}]}},"_links":{"self":[{"href":"https:\/\/toolstecique.com\/vi\/wp-json\/wp\/v2\/pages\/211","targetHints":{"allow":["GET"]}}],"collection":[{"href":"https:\/\/toolstecique.com\/vi\/wp-json\/wp\/v2\/pages"}],"about":[{"href":"https:\/\/toolstecique.com\/vi\/wp-json\/wp\/v2\/types\/page"}],"author":[{"embeddable":true,"href":"https:\/\/toolstecique.com\/vi\/wp-json\/wp\/v2\/users\/1"}],"replies":[{"embeddable":true,"href":"https:\/\/toolstecique.com\/vi\/wp-json\/wp\/v2\/comments?post=211"}],"version-history":[{"count":0,"href":"https:\/\/toolstecique.com\/vi\/wp-json\/wp\/v2\/pages\/211\/revisions"}],"wp:attachment":[{"href":"https:\/\/toolstecique.com\/vi\/wp-json\/wp\/v2\/media?parent=211"}],"curies":[{"name":"wp","href":"https:\/\/api.w.org\/{rel}","templated":true}]}}