{"id":213,"date":"2024-11-29T12:16:46","date_gmt":"2024-11-29T12:16:46","guid":{"rendered":"https:\/\/toolstecique.com\/?page_id=213"},"modified":"2025-04-18T10:39:07","modified_gmt":"2025-04-18T10:39:07","slug":"about","status":"publish","type":"page","link":"https:\/\/toolstecique.com\/vi\/about\/","title":{"rendered":"V\u1ec1"},"content":{"rendered":"<p><strong>Ch\u00e0o m\u1eebng \u0111\u1ebfn v\u1edbi Tools Tecique \u2013 \u0110i\u1ec3m \u0111\u1ebfn duy nh\u1ea5t c\u1ee7a b\u1ea1n \u0111\u1ec3 t\u1ea3i xu\u1ed1ng c\u00e1c ph\u1ea7n m\u1ec1m an to\u00e0n v\u00e0 kh\u00f4ng ch\u1ee9a virus.<\/strong><\/p>\n<p>T\u1ea1i <strong>C\u00f4ng c\u1ee5 k\u1ef9 thu\u1eadt<\/strong>S\u1ee9 m\u1ec7nh c\u1ee7a ch\u00fang t\u00f4i r\u1ea5t \u0111\u01a1n gi\u1ea3n: cung c\u1ea5p cho b\u1ea1n nh\u1eefng c\u00f4ng c\u1ee5 v\u00e0 ti\u1ec7n \u00edch ph\u1ea7n m\u1ec1m an to\u00e0n v\u00e0 \u0111\u00e1ng tin c\u1eady nh\u1ea5t hi\u1ec7n c\u00f3 tr\u00ean internet. Cho d\u00f9 b\u1ea1n \u0111ang t\u00ecm ki\u1ebfm c\u00e1c c\u00f4ng c\u1ee5 n\u0103ng su\u1ea5t, ti\u1ec7n \u00edch h\u1ec7 th\u1ed1ng, ph\u1ea7n m\u1ec1m b\u1ea3o m\u1eadt hay ch\u01b0\u01a1ng tr\u00ecnh gi\u1ea3i tr\u00ed, ch\u00fang t\u00f4i \u0111\u1ec1u cung c\u1ea5p m\u1ed9t b\u1ed9 s\u01b0u t\u1eadp kh\u1ed5ng l\u1ed3 c\u00e1c b\u1ea3n t\u1ea3i xu\u1ed1ng ch\u1ea5t l\u01b0\u1ee3ng cao, \u0111\u01b0\u1ee3c ki\u1ec3m duy\u1ec7t k\u1ef9 l\u01b0\u1ee1ng v\u00e0 ho\u00e0n to\u00e0n kh\u00f4ng ch\u1ee9a virus, ph\u1ea7n m\u1ec1m \u0111\u1ed9c h\u1ea1i v\u00e0 c\u00e1c m\u1ed1i \u0111e d\u1ecda b\u1ea3o m\u1eadt kh\u00e1c.<\/p>\n<h2><strong>Ch\u00fang t\u00f4i l\u00e0 ai<\/strong><\/h2>\n<p><strong>C\u00f4ng c\u1ee5 k\u1ef9 thu\u1eadt<\/strong> \u0110\u01b0\u1ee3c th\u00e0nh l\u1eadp v\u1edbi t\u1ea7m nh\u00ecn t\u1ea1o ra m\u1ed9t n\u1ec1n t\u1ea3ng \u0111\u00e1ng tin c\u1eady, n\u01a1i ng\u01b0\u1eddi d\u00f9ng c\u00f3 th\u1ec3 t\u1ef1 tin t\u1ea3i xu\u1ed1ng ph\u1ea7n m\u1ec1m h\u1ecd c\u1ea7n m\u00e0 kh\u00f4ng lo s\u1ee3 h\u1ec7 th\u1ed1ng c\u1ee7a m\u00ecnh b\u1ecb nhi\u1ec5m virus ho\u1eb7c ph\u1ea7n m\u1ec1m \u0111\u1ed9c h\u1ea1i. Ch\u00fang t\u00f4i hi\u1ec3u t\u1ea7m quan tr\u1ecdng c\u1ee7a vi\u1ec7c c\u00f3 quy\u1ec1n truy c\u1eadp v\u00e0o c\u00e1c c\u00f4ng c\u1ee5 \u0111\u00e1ng tin c\u1eady, an to\u00e0n v\u00e0 c\u1eadp nh\u1eadt \u2013 cho d\u00f9 b\u1ea1n l\u00e0 ng\u01b0\u1eddi \u0111am m\u00ea c\u00f4ng ngh\u1ec7, chuy\u00ean gia kinh doanh hay ch\u1ec9 \u0111\u01a1n gi\u1ea3n l\u00e0 ng\u01b0\u1eddi mu\u1ed1n l\u00e0m cho m\u00e1y t\u00ednh c\u1ee7a m\u00ecnh hi\u1ec7u qu\u1ea3 h\u01a1n.<\/p>\n<p>\u0110\u1ed9i ng\u0169 chuy\u00ean gia c\u1ee7a ch\u00fang t\u00f4i ki\u1ec3m tra nghi\u00eam ng\u1eb7t m\u1ecdi ph\u1ea7n m\u1ec1m xu\u1ea5t hi\u1ec7n tr\u00ean trang web \u0111\u1ec3 \u0111\u1ea3m b\u1ea3o \u0111\u00e1p \u1ee9ng c\u00e1c ti\u00eau chu\u1ea9n b\u1ea3o m\u1eadt cao nh\u1ea5t. Ch\u00fang t\u00f4i tin r\u1eb1ng kh\u00f4ng ai ph\u1ea3i \u0111\u00e1nh \u0111\u1ed5i s\u1ef1 an to\u00e0n khi t\u1ea3i xu\u1ed1ng ph\u1ea7n m\u1ec1m, \u0111\u00f3 l\u00e0 l\u00fd do t\u1ea1i sao ch\u00fang t\u00f4i cam k\u1ebft cung c\u1ea5p tr\u1ea3i nghi\u1ec7m ho\u00e0n to\u00e0n an to\u00e0n v\u00e0 kh\u00f4ng c\u00f3 virus.<\/p>\n<h2><strong>Nh\u1eefng g\u00ec ch\u00fang t\u00f4i cung c\u1ea5p<\/strong><\/h2>\n<p>T\u1ea1i <strong>C\u00f4ng c\u1ee5 k\u1ef9 thu\u1eadt<\/strong>T\u1ea1i \u0111\u00e2y, b\u1ea1n s\u1ebd t\u00ecm th\u1ea5y r\u1ea5t nhi\u1ec1u c\u00f4ng c\u1ee5 ph\u1ea7n m\u1ec1m thu\u1ed9c nhi\u1ec1u danh m\u1ee5c kh\u00e1c nhau, bao g\u1ed3m:<\/p>\n<ul>\n<li><strong>Ti\u1ec7n \u00edch h\u1ec7 th\u1ed1ng<\/strong>T\u1ed1i \u01b0u h\u00f3a m\u00e1y t\u00ednh, d\u1ecdn d\u1eb9p c\u00e1c t\u1eadp tin r\u00e1c v\u00e0 n\u00e2ng cao hi\u1ec7u n\u0103ng.<\/li>\n<li><strong>B\u1ea3o m\u1eadt &amp; Ph\u1ea7n m\u1ec1m di\u1ec7t virus<\/strong>B\u1ea3o v\u1ec7 m\u00e1y t\u00ednh v\u00e0 d\u1eef li\u1ec7u c\u00e1 nh\u00e2n c\u1ee7a b\u1ea1n b\u1eb1ng c\u00e1c ch\u01b0\u01a1ng tr\u00ecnh ch\u1ed1ng virus v\u00e0 ch\u1ed1ng ph\u1ea7n m\u1ec1m \u0111\u1ed9c h\u1ea1i h\u00e0ng \u0111\u1ea7u.<\/li>\n<li><strong>\u0110a ph\u01b0\u01a1ng ti\u1ec7n<\/strong>Kh\u00e1m ph\u00e1 c\u00e1c c\u00f4ng c\u1ee5 ch\u1ec9nh s\u1eeda \u1ea3nh, video v\u00e0 nh\u1ea1c.<\/li>\n<li><strong>N\u0103ng su\u1ea5t<\/strong>T\u1ea3i xu\u1ed1ng c\u00e1c b\u1ed9 \u1ee9ng d\u1ee5ng v\u0103n ph\u00f2ng, ph\u1ea7n m\u1ec1m qu\u1ea3n l\u00fd t\u00e1c v\u1ee5 v\u00e0 c\u00e1c c\u00f4ng c\u1ee5 n\u0103ng su\u1ea5t kh\u00e1c \u0111\u1ec3 ho\u00e0n th\u00e0nh nhi\u1ec1u vi\u1ec7c h\u01a1n.<\/li>\n<li><strong>C\u00f4ng c\u1ee5 ph\u00e1t tri\u1ec3n<\/strong>T\u00ecm c\u00e1c c\u00f4ng c\u1ee5 l\u1eadp tr\u00ecnh, tr\u00ecnh so\u1ea1n th\u1ea3o m\u00e3 v\u00e0 c\u00e1c ti\u1ec7n \u00edch kh\u00e1c d\u00e0nh cho nh\u00e0 ph\u00e1t tri\u1ec3n.<\/li>\n<\/ul>\n<p>T\u1ea5t c\u1ea3 ph\u1ea7n m\u1ec1m ch\u00fang t\u00f4i cung c\u1ea5p \u0111\u1ec1u \u0111\u01b0\u1ee3c ki\u1ec3m tra v\u00e0 qu\u00e9t k\u1ef9 l\u01b0\u1ee1ng \u0111\u1ec3 \u0111\u1ea3m b\u1ea3o kh\u00f4ng ch\u1ee9a virus, ph\u1ea7n m\u1ec1m gi\u00e1n \u0111i\u1ec7p ho\u1eb7c b\u1ea5t k\u1ef3 h\u00ecnh th\u1ee9c ph\u1ea7n m\u1ec1m \u0111\u1ed9c h\u1ea1i n\u00e0o kh\u00e1c.<\/p>\n<h2><strong>Cam k\u1ebft c\u1ee7a ch\u00fang t\u00f4i v\u1ec1 an ninh<\/strong><\/h2>\n<p>Ch\u00fang t\u00f4i hi\u1ec3u r\u1eb1ng vi\u1ec7c b\u1ea3o m\u1eadt th\u00f4ng tin c\u00e1 nh\u00e2n v\u00e0 h\u1ec7 th\u1ed1ng m\u00e1y t\u00ednh c\u1ee7a b\u1ea1n l\u00e0 \u01b0u ti\u00ean h\u00e0ng \u0111\u1ea7u. \u0110\u00f3 l\u00e0 l\u00fd do t\u1ea1i sao t\u1ea1i \u0111\u00e2y... <strong>C\u00f4ng c\u1ee5 k\u1ef9 thu\u1eadt<\/strong>Ch\u00fang t\u00f4i lu\u00f4n n\u1ed7 l\u1ef1c h\u1ebft m\u00ecnh \u0111\u1ec3 \u0111\u1ea3m b\u1ea3o m\u1ecdi t\u1eadp tin c\u00f3 s\u1eb5n \u0111\u1ec3 t\u1ea3i xu\u1ed1ng \u0111\u1ec1u kh\u00f4ng ch\u1ee9a virus v\u00e0 an to\u00e0n. \u0110\u1ed9i ng\u0169 chuy\u00ean tr\u00e1ch c\u1ee7a ch\u00fang t\u00f4i th\u1ef1c hi\u1ec7n ki\u1ec3m tra b\u1ea3o m\u1eadt to\u00e0n di\u1ec7n, bao g\u1ed3m qu\u00e9t th\u1ee7 c\u00f4ng v\u00e0 c\u00e1c c\u00f4ng c\u1ee5 t\u1ef1 \u0111\u1ed9ng, \u0111\u1ec3 ph\u00e1t hi\u1ec7n c\u00e1c r\u1ee7i ro ti\u1ec1m \u1ea9n tr\u01b0\u1edbc khi ph\u1ea7n m\u1ec1m \u0111\u01b0\u1ee3c cung c\u1ea5p cho ng\u01b0\u1eddi d\u00f9ng.<\/p>\n<p>M\u1eb7c d\u00f9 ch\u00fang t\u00f4i l\u00e0m m\u1ecdi th\u1ee9 c\u00f3 th\u1ec3 \u0111\u1ec3 \u0111\u1ea3m b\u1ea3o an to\u00e0n cho c\u00e1c b\u1ea3n t\u1ea3i xu\u1ed1ng c\u1ee7a m\u00ecnh, ch\u00fang t\u00f4i lu\u00f4n khuy\u1ebfn kh\u00edch ng\u01b0\u1eddi d\u00f9ng s\u1eed d\u1ee5ng ph\u1ea7n m\u1ec1m ch\u1ed1ng virus ri\u00eang v\u00e0 th\u1eadn tr\u1ecdng khi t\u1ea3i xu\u1ed1ng v\u00e0 c\u00e0i \u0111\u1eb7t ph\u1ea7n m\u1ec1m t\u1eeb b\u1ea5t k\u1ef3 ngu\u1ed3n n\u00e0o.<\/p>\n<h2><strong>T\u1ea1i sao n\u00ean ch\u1ecdn ch\u00fang t\u00f4i?<\/strong><\/h2>\n<ul>\n<li><strong>T\u1ea3i xu\u1ed1ng \u0111\u00e1ng tin c\u1eady, an to\u00e0n<\/strong>M\u1ed7i b\u1ea3n t\u1ea3i xu\u1ed1ng \u0111\u1ec1u \u0111\u01b0\u1ee3c ki\u1ec3m tra k\u1ef9 l\u01b0\u1ee1ng v\u1ec1 virus, ph\u1ea7n m\u1ec1m \u0111\u1ed9c h\u1ea1i v\u00e0 c\u00e1c m\u1ed1i \u0111e d\u1ecda b\u1ea3o m\u1eadt kh\u00e1c \u0111\u1ec3 \u0111\u1ea3m b\u1ea3o b\u1ea1n ch\u1ec9 nh\u1eadn \u0111\u01b0\u1ee3c nh\u1eefng c\u00f4ng c\u1ee5 t\u1ed1t nh\u1ea5t v\u00e0 an to\u00e0n nh\u1ea5t.<\/li>\n<li><strong>L\u1ef1a ch\u1ecdn \u0111a d\u1ea1ng<\/strong>Ch\u00fang t\u00f4i cung c\u1ea5p \u0111a d\u1ea1ng c\u00e1c ph\u1ea7n m\u1ec1m \u0111\u00e1p \u1ee9ng m\u1ecdi nhu c\u1ea7u c\u1ee7a b\u1ea1n\u2014t\u1eeb t\u1ed1i \u01b0u h\u00f3a h\u1ec7 th\u1ed1ng \u0111\u1ebfn n\u0103ng su\u1ea5t v\u00e0 gi\u1ea3i tr\u00ed.<\/li>\n<li><strong>N\u1ed9i dung c\u1eadp nh\u1eadt<\/strong>Ch\u00fang t\u00f4i c\u1eadp nh\u1eadt n\u1ed9i dung th\u01b0\u1eddng xuy\u00ean, v\u00ec v\u1eady b\u1ea1n s\u1ebd lu\u00f4n t\u00ecm th\u1ea5y phi\u00ean b\u1ea3n m\u1edbi nh\u1ea5t c\u1ee7a c\u00e1c c\u00f4ng c\u1ee5 m\u00ecnh c\u1ea7n.<\/li>\n<li><strong>Tr\u1ea3i nghi\u1ec7m th\u00e2n thi\u1ec7n v\u1edbi ng\u01b0\u1eddi d\u00f9ng<\/strong>Ch\u00fang t\u00f4i h\u01b0\u1edbng \u0111\u1ebfn vi\u1ec7c cung c\u1ea5p tr\u1ea3i nghi\u1ec7m d\u1ec5 \u0111i\u1ec1u h\u01b0\u1edbng v\u00e0 \u0111\u01a1n gi\u1ea3n cho t\u1ea5t c\u1ea3 ng\u01b0\u1eddi d\u00f9ng.<\/li>\n<li><strong>Truy c\u1eadp mi\u1ec5n ph\u00ed<\/strong>T\u1ea5t c\u1ea3 c\u00e1c c\u00f4ng c\u1ee5 ph\u1ea7n m\u1ec1m c\u00f3 s\u1eb5n tr\u00ean trang web c\u1ee7a ch\u00fang t\u00f4i \u0111\u1ec1u \u0111\u01b0\u1ee3c t\u1ea3i xu\u1ed1ng mi\u1ec5n ph\u00ed, cho ph\u00e9p b\u1ea1n truy c\u1eadp v\u00e0o c\u00e1c ch\u01b0\u01a1ng tr\u00ecnh h\u00e0ng \u0111\u1ea7u m\u00e0 kh\u00f4ng c\u00f3 b\u1ea5t k\u1ef3 chi ph\u00ed \u1ea9n n\u00e0o.<\/li>\n<\/ul>\n<h2><strong>Gi\u00e1 tr\u1ecb c\u1ee7a ch\u00fang t\u00f4i<\/strong><\/h2>\n<p>T\u1ea1i <strong>C\u00f4ng c\u1ee5 k\u1ef9 thu\u1eadt<\/strong>Ch\u00fang t\u00f4i tin t\u01b0\u1edfng v\u00e0o:<\/p>\n<ul>\n<li><strong>Ch\u00ednh tr\u1ef1c<\/strong>Ch\u00fang t\u00f4i cam k\u1ebft cung c\u1ea5p th\u00f4ng tin ch\u00ednh x\u00e1c v\u00e0 duy tr\u00ec t\u00ednh minh b\u1ea1ch v\u1edbi ng\u01b0\u1eddi d\u00f9ng.<\/li>\n<li><strong>B\u1ea3o v\u1ec7<\/strong>S\u1ef1 an to\u00e0n c\u1ee7a b\u1ea1n l\u00e0 \u01b0u ti\u00ean h\u00e0ng \u0111\u1ea7u c\u1ee7a ch\u00fang t\u00f4i. Ch\u00fang t\u00f4i \u0111\u1ea3m b\u1ea3o t\u1ea5t c\u1ea3 c\u00e1c c\u00f4ng c\u1ee5 ch\u00fang t\u00f4i cung c\u1ea5p \u0111\u1ec1u an to\u00e0n v\u00e0 kh\u00f4ng ch\u1ee9a b\u1ea5t k\u1ef3 m\u00e3 \u0111\u1ed9c h\u1ea1i n\u00e0o.<\/li>\n<li><strong>Ch\u1ea5t l\u01b0\u1ee3ng<\/strong>Ch\u00fang t\u00f4i ch\u1ec9 li\u1ec7t k\u00ea nh\u1eefng ph\u1ea7n m\u1ec1m \u0111\u00e1p \u1ee9ng c\u00e1c ti\u00eau chu\u1ea9n cao c\u1ee7a ch\u00fang t\u00f4i v\u1ec1 \u0111\u1ed9 tin c\u1eady, hi\u1ec7u n\u0103ng v\u00e0 b\u1ea3o m\u1eadt.<\/li>\n<li><strong>T\u1eadp trung v\u00e0o kh\u00e1ch h\u00e0ng<\/strong>Ch\u00fang t\u00f4i tr\u00e2n tr\u1ecdng ng\u01b0\u1eddi d\u00f9ng v\u00e0 h\u01b0\u1edbng \u0111\u1ebfn vi\u1ec7c cung c\u1ea5p d\u1ecbch v\u1ee5 t\u1ed1t nh\u1ea5t, bao g\u1ed3m h\u1ed7 tr\u1ee3 nhanh ch\u00f3ng v\u00e0 c\u1eadp nh\u1eadt n\u1ed9i dung th\u01b0\u1eddng xuy\u00ean.<\/li>\n<\/ul>\n<h2><strong>T\u1ea7m nh\u00ecn c\u1ee7a ch\u00fang t\u00f4i<\/strong><\/h2>\n<p>Ch\u00fang t\u00f4i h\u01b0\u1edbng \u0111\u1ebfn m\u1ee5c ti\u00eau tr\u1edf th\u00e0nh \u0111i\u1ec3m \u0111\u1ebfn h\u00e0ng \u0111\u1ea7u cho b\u1ea5t k\u1ef3 ai \u0111ang t\u00ecm ki\u1ebfm ph\u1ea7n m\u1ec1m an to\u00e0n, \u0111\u00e1ng tin c\u1eady v\u00e0 d\u1ec5 s\u1eed d\u1ee5ng. Khi th\u1ebf gi\u1edbi k\u1ef9 thu\u1eadt s\u1ed1 ti\u1ebfp t\u1ee5c ph\u00e1t tri\u1ec3n, ch\u00fang t\u00f4i n\u1ed7 l\u1ef1c cung c\u1ea5p cho ng\u01b0\u1eddi d\u00f9ng nh\u1eefng c\u00f4ng c\u1ee5 c\u1ea7n thi\u1ebft \u0111\u1ec3 \u0111i\u1ec1u h\u01b0\u1edbng trong l\u0129nh v\u1ef1c n\u00e0y m\u1ed9t c\u00e1ch t\u1ef1 tin v\u00e0 d\u1ec5 d\u00e0ng. B\u1eb1ng c\u00e1ch cung c\u1ea5p b\u1ed9 s\u01b0u t\u1eadp c\u00e1c ph\u1ea7n m\u1ec1m ch\u1ea5t l\u01b0\u1ee3ng cao, an to\u00e0n \u0111\u1ec3 t\u1ea3i xu\u1ed1ng, ch\u00fang t\u00f4i gi\u00fap \u0111\u1ea3m b\u1ea3o c\u00e1c thi\u1ebft b\u1ecb c\u1ee7a b\u1ea1n ho\u1ea1t \u0111\u1ed9ng t\u1ed1t nh\u1ea5t, kh\u00f4ng c\u00f3 nguy c\u01a1 b\u1ecb nhi\u1ec5m virus ho\u1eb7c ph\u1ea7n m\u1ec1m \u0111\u1ed9c h\u1ea1i.<\/p>\n<h2><strong>Li\u00ean h\u1ec7 v\u1edbi ch\u00fang t\u00f4i<\/strong><\/h2>\n<p>N\u1ebfu b\u1ea1n c\u00f3 b\u1ea5t k\u1ef3 c\u00e2u h\u1ecfi, \u0111\u1ec1 xu\u1ea5t ho\u1eb7c ph\u1ea3n h\u1ed3i n\u00e0o, ch\u00fang t\u00f4i r\u1ea5t mu\u1ed1n \u0111\u01b0\u1ee3c nghe \u00fd ki\u1ebfn \u200b\u200bt\u1eeb b\u1ea1n! Vui l\u00f2ng li\u00ean h\u1ec7 v\u1edbi ch\u00fang t\u00f4i qua trang web c\u1ee7a ch\u00fang t\u00f4i. <strong>Trang Li\u00ean h\u1ec7<\/strong> ho\u1eb7c g\u1eedi email cho ch\u00fang t\u00f4i theo \u0111\u1ecba ch\u1ec9 [<a href=\"mailto:toolstecique@gmail.com\">toolstecique@gmail.com<\/a>].<\/p>\n<p>C\u1ea3m \u01a1n b\u1ea1n \u0111\u00e3 l\u1ef1a ch\u1ecdn ch\u00fang t\u00f4i. <strong>C\u00f4ng c\u1ee5 k\u1ef9 thu\u1eadt<\/strong>\u2014Ch\u00fang t\u00f4i \u1edf \u0111\u00e2y \u0111\u1ec3 gi\u00fap b\u1ea1n t\u1eadn d\u1ee5ng t\u1ed1i \u0111a tr\u1ea3i nghi\u1ec7m k\u1ef9 thu\u1eadt s\u1ed1 c\u1ee7a m\u00ecnh.<\/p>\n<hr \/>","protected":false},"excerpt":{"rendered":"<p>Welcome to Tools Tecique \u2013 Your One-Stop Destination for Secure and Virus-Free Downloads At Tools Tecique, our mission is simple: [&hellip;]<\/p>","protected":false},"author":1,"featured_media":0,"parent":0,"menu_order":0,"comment_status":"closed","ping_status":"closed","template":"","meta":{"site-sidebar-layout":"default","site-content-layout":"","ast-site-content-layout":"default","site-content-style":"default","site-sidebar-style":"default","ast-global-header-display":"","ast-banner-title-visibility":"","ast-main-header-display":"","ast-hfb-above-header-display":"","ast-hfb-below-header-display":"","ast-hfb-mobile-header-display":"","site-post-title":"","ast-breadcrumbs-content":"","ast-featured-img":"","footer-sml-layout":"","ast-disable-related-posts":"","theme-transparent-header-meta":"default","adv-header-id-meta":"","stick-header-meta":"","header-above-stick-meta":"","header-main-stick-meta":"","header-below-stick-meta":"","astra-migrate-meta-layouts":"set","ast-page-background-enabled":"default","ast-page-background-meta":{"desktop":{"background-color":"var(--ast-global-color-5)","background-image":"","background-repeat":"repeat","background-position":"center center","background-size":"auto","background-attachment":"scroll","background-type":"","background-media":"","overlay-type":"","overlay-color":"","overlay-opacity":"","overlay-gradient":""},"tablet":{"background-color":"","background-image":"","background-repeat":"repeat","background-position":"center center","background-size":"auto","background-attachment":"scroll","background-type":"","background-media":"","overlay-type":"","overlay-color":"","overlay-opacity":"","overlay-gradient":""},"mobile":{"background-color":"","background-image":"","background-repeat":"repeat","background-position":"center center","background-size":"auto","background-attachment":"scroll","background-type":"","background-media":"","overlay-type":"","overlay-color":"","overlay-opacity":"","overlay-gradient":""}},"ast-content-background-meta":{"desktop":{"background-color":"var(--ast-global-color-4)","background-image":"","background-repeat":"repeat","background-position":"center center","background-size":"auto","background-attachment":"scroll","background-type":"","background-media":"","overlay-type":"","overlay-color":"","overlay-opacity":"","overlay-gradient":""},"tablet":{"background-color":"var(--ast-global-color-4)","background-image":"","background-repeat":"repeat","background-position":"center center","background-size":"auto","background-attachment":"scroll","background-type":"","background-media":"","overlay-type":"","overlay-color":"","overlay-opacity":"","overlay-gradient":""},"mobile":{"background-color":"var(--ast-global-color-4)","background-image":"","background-repeat":"repeat","background-position":"center center","background-size":"auto","background-attachment":"scroll","background-type":"","background-media":"","overlay-type":"","overlay-color":"","overlay-opacity":"","overlay-gradient":""}},"footnotes":""},"class_list":["post-213","page","type-page","status-publish","hentry"],"yoast_head":"<!-- This site is optimized with the Yoast SEO Premium plugin v25.9 (Yoast SEO v27.4) - https:\/\/yoast.com\/product\/yoast-seo-premium-wordpress\/ -->\n<title>About - Tools Tecique<\/title>\n<meta name=\"robots\" content=\"index, follow, max-snippet:-1, max-image-preview:large, max-video-preview:-1\" \/>\n<link rel=\"canonical\" href=\"https:\/\/toolstecique.com\/vi\/about\/\" \/>\n<meta property=\"og:locale\" content=\"vi_VN\" \/>\n<meta property=\"og:type\" content=\"article\" \/>\n<meta property=\"og:title\" content=\"About\" \/>\n<meta property=\"og:description\" content=\"Welcome to Tools Tecique \u2013 Your One-Stop Destination for Secure and Virus-Free Downloads At Tools Tecique, our mission is simple: [&hellip;]\" \/>\n<meta property=\"og:url\" content=\"https:\/\/toolstecique.com\/vi\/about\/\" \/>\n<meta property=\"og:site_name\" content=\"Tools Tecique\" \/>\n<meta property=\"article:modified_time\" content=\"2025-04-18T10:39:07+00:00\" \/>\n<meta name=\"twitter:card\" content=\"summary_large_image\" \/>\n<meta name=\"twitter:label1\" content=\"\u01af\u1edbc t\u00ednh th\u1eddi gian \u0111\u1ecdc\" \/>\n\t<meta name=\"twitter:data1\" content=\"4 ph\u00fat\" \/>\n<script type=\"application\/ld+json\" class=\"yoast-schema-graph\">{\"@context\":\"https:\\\/\\\/schema.org\",\"@graph\":[{\"@type\":\"WebPage\",\"@id\":\"https:\\\/\\\/toolstecique.com\\\/about\\\/\",\"url\":\"https:\\\/\\\/toolstecique.com\\\/about\\\/\",\"name\":\"About - Tools Tecique\",\"isPartOf\":{\"@id\":\"https:\\\/\\\/toolstecique.com\\\/#website\"},\"datePublished\":\"2024-11-29T12:16:46+00:00\",\"dateModified\":\"2025-04-18T10:39:07+00:00\",\"breadcrumb\":{\"@id\":\"https:\\\/\\\/toolstecique.com\\\/about\\\/#breadcrumb\"},\"inLanguage\":\"vi\",\"potentialAction\":[{\"@type\":\"ReadAction\",\"target\":[\"https:\\\/\\\/toolstecique.com\\\/about\\\/\"]}]},{\"@type\":\"BreadcrumbList\",\"@id\":\"https:\\\/\\\/toolstecique.com\\\/about\\\/#breadcrumb\",\"itemListElement\":[{\"@type\":\"ListItem\",\"position\":1,\"name\":\"Home\",\"item\":\"https:\\\/\\\/toolstecique.com\\\/\"},{\"@type\":\"ListItem\",\"position\":2,\"name\":\"About\"}]},{\"@type\":\"WebSite\",\"@id\":\"https:\\\/\\\/toolstecique.com\\\/#website\",\"url\":\"https:\\\/\\\/toolstecique.com\\\/\",\"name\":\"Tools Tecique\",\"description\":\"\",\"publisher\":{\"@id\":\"https:\\\/\\\/toolstecique.com\\\/#organization\"},\"potentialAction\":[{\"@type\":\"SearchAction\",\"target\":{\"@type\":\"EntryPoint\",\"urlTemplate\":\"https:\\\/\\\/toolstecique.com\\\/?s={search_term_string}\"},\"query-input\":{\"@type\":\"PropertyValueSpecification\",\"valueRequired\":true,\"valueName\":\"search_term_string\"}}],\"inLanguage\":\"vi\"},{\"@type\":\"Organization\",\"@id\":\"https:\\\/\\\/toolstecique.com\\\/#organization\",\"name\":\"Tools Tecique\",\"url\":\"https:\\\/\\\/toolstecique.com\\\/\",\"logo\":{\"@type\":\"ImageObject\",\"inLanguage\":\"vi\",\"@id\":\"https:\\\/\\\/toolstecique.com\\\/#\\\/schema\\\/logo\\\/image\\\/\",\"url\":\"https:\\\/\\\/toolstecique.com\\\/wp-content\\\/uploads\\\/2025\\\/02\\\/green-profile.png\",\"contentUrl\":\"https:\\\/\\\/toolstecique.com\\\/wp-content\\\/uploads\\\/2025\\\/02\\\/green-profile.png\",\"width\":250,\"height\":250,\"caption\":\"Tools Tecique\"},\"image\":{\"@id\":\"https:\\\/\\\/toolstecique.com\\\/#\\\/schema\\\/logo\\\/image\\\/\"}}]}<\/script>\n<!-- \/ Yoast SEO Premium plugin. -->","yoast_head_json":{"title":"Gi\u1edbi thi\u1ec7u - Tools Tecique","robots":{"index":"index","follow":"follow","max-snippet":"max-snippet:-1","max-image-preview":"max-image-preview:large","max-video-preview":"max-video-preview:-1"},"canonical":"https:\/\/toolstecique.com\/vi\/about\/","og_locale":"vi_VN","og_type":"article","og_title":"About","og_description":"Welcome to Tools Tecique \u2013 Your One-Stop Destination for Secure and Virus-Free Downloads At Tools Tecique, our mission is simple: [&hellip;]","og_url":"https:\/\/toolstecique.com\/vi\/about\/","og_site_name":"Tools Tecique","article_modified_time":"2025-04-18T10:39:07+00:00","twitter_card":"summary_large_image","twitter_misc":{"\u01af\u1edbc t\u00ednh th\u1eddi gian \u0111\u1ecdc":"4 ph\u00fat"},"schema":{"@context":"https:\/\/schema.org","@graph":[{"@type":"WebPage","@id":"https:\/\/toolstecique.com\/about\/","url":"https:\/\/toolstecique.com\/about\/","name":"Gi\u1edbi thi\u1ec7u - Tools Tecique","isPartOf":{"@id":"https:\/\/toolstecique.com\/#website"},"datePublished":"2024-11-29T12:16:46+00:00","dateModified":"2025-04-18T10:39:07+00:00","breadcrumb":{"@id":"https:\/\/toolstecique.com\/about\/#breadcrumb"},"inLanguage":"vi","potentialAction":[{"@type":"ReadAction","target":["https:\/\/toolstecique.com\/about\/"]}]},{"@type":"BreadcrumbList","@id":"https:\/\/toolstecique.com\/about\/#breadcrumb","itemListElement":[{"@type":"ListItem","position":1,"name":"Home","item":"https:\/\/toolstecique.com\/"},{"@type":"ListItem","position":2,"name":"About"}]},{"@type":"WebSite","@id":"https:\/\/toolstecique.com\/#website","url":"https:\/\/toolstecique.com\/","name":"C\u00f4ng c\u1ee5 k\u1ef9 thu\u1eadt","description":"","publisher":{"@id":"https:\/\/toolstecique.com\/#organization"},"potentialAction":[{"@type":"SearchAction","target":{"@type":"EntryPoint","urlTemplate":"https:\/\/toolstecique.com\/?s={search_term_string}"},"query-input":{"@type":"PropertyValueSpecification","valueRequired":true,"valueName":"search_term_string"}}],"inLanguage":"vi"},{"@type":"Organization","@id":"https:\/\/toolstecique.com\/#organization","name":"C\u00f4ng c\u1ee5 k\u1ef9 thu\u1eadt","url":"https:\/\/toolstecique.com\/","logo":{"@type":"ImageObject","inLanguage":"vi","@id":"https:\/\/toolstecique.com\/#\/schema\/logo\/image\/","url":"https:\/\/toolstecique.com\/wp-content\/uploads\/2025\/02\/green-profile.png","contentUrl":"https:\/\/toolstecique.com\/wp-content\/uploads\/2025\/02\/green-profile.png","width":250,"height":250,"caption":"Tools Tecique"},"image":{"@id":"https:\/\/toolstecique.com\/#\/schema\/logo\/image\/"}}]}},"_links":{"self":[{"href":"https:\/\/toolstecique.com\/vi\/wp-json\/wp\/v2\/pages\/213","targetHints":{"allow":["GET"]}}],"collection":[{"href":"https:\/\/toolstecique.com\/vi\/wp-json\/wp\/v2\/pages"}],"about":[{"href":"https:\/\/toolstecique.com\/vi\/wp-json\/wp\/v2\/types\/page"}],"author":[{"embeddable":true,"href":"https:\/\/toolstecique.com\/vi\/wp-json\/wp\/v2\/users\/1"}],"replies":[{"embeddable":true,"href":"https:\/\/toolstecique.com\/vi\/wp-json\/wp\/v2\/comments?post=213"}],"version-history":[{"count":0,"href":"https:\/\/toolstecique.com\/vi\/wp-json\/wp\/v2\/pages\/213\/revisions"}],"wp:attachment":[{"href":"https:\/\/toolstecique.com\/vi\/wp-json\/wp\/v2\/media?parent=213"}],"curies":[{"name":"wp","href":"https:\/\/api.w.org\/{rel}","templated":true}]}}