{"id":215,"date":"2024-11-29T12:20:18","date_gmt":"2024-11-29T12:20:18","guid":{"rendered":"https:\/\/toolstecique.com\/?page_id=215"},"modified":"2026-02-18T08:45:17","modified_gmt":"2026-02-18T08:45:17","slug":"contact","status":"publish","type":"page","link":"https:\/\/toolstecique.com\/vi\/contact\/","title":{"rendered":"Li\u00ean h\u1ec7"},"content":{"rendered":"<p>C\u1ea3m \u01a1n b\u1ea1n \u0111\u00e3 gh\u00e9 th\u0103m. <strong>C\u00f4ng c\u1ee5 k\u1ef9 thu\u1eadt<\/strong> \u2013 Ngu\u1ed3n \u0111\u00e1ng tin c\u1eady c\u1ee7a b\u1ea1n \u0111\u1ec3 t\u1ea3i xu\u1ed1ng ph\u1ea7n m\u1ec1m an to\u00e0n v\u00e0 kh\u00f4ng ch\u1ee9a virus!<\/p>\n<p>Ch\u00fang t\u00f4i lu\u00f4n s\u1eb5n s\u00e0ng h\u1ed7 tr\u1ee3! Cho d\u00f9 b\u1ea1n c\u00f3 c\u00e2u h\u1ecfi, \u0111\u1ec1 xu\u1ea5t hay c\u1ea7n tr\u1ee3 gi\u00fap v\u1ec1 \u0111i\u1ec1u g\u00ec, \u0111\u1eebng ng\u1ea7n ng\u1ea1i li\u00ean h\u1ec7 v\u1edbi ch\u00fang t\u00f4i. \u0110\u1ed9i ng\u0169 c\u1ee7a ch\u00fang t\u00f4i cam k\u1ebft mang \u0111\u1ebfn tr\u1ea3i nghi\u1ec7m t\u1ed1t nh\u1ea5t c\u00f3 th\u1ec3 v\u00e0 ch\u00fang t\u00f4i r\u1ea5t vui \u0111\u01b0\u1ee3c h\u1ed7 tr\u1ee3 b\u1ea1n gi\u1ea3i quy\u1ebft m\u1ecdi v\u1ea5n \u0111\u1ec1.<\/p>\n<h2><strong>C\u00e1ch li\u00ean h\u1ec7 v\u1edbi ch\u00fang t\u00f4i<\/strong><\/h2>\n<p>B\u1ea1n c\u00f3 th\u1ec3 li\u00ean h\u1ec7 v\u1edbi ch\u00fang t\u00f4i b\u1eb1ng b\u1ea5t k\u1ef3 ph\u01b0\u01a1ng th\u1ee9c n\u00e0o sau \u0111\u00e2y:<\/p>\n<h3><strong>H\u1ed7 tr\u1ee3 qua email<\/strong><\/h3>\n<p>\u0110\u1ec3 \u0111\u01b0\u1ee3c gi\u1ea3i \u0111\u00e1p th\u1eafc m\u1eafc chung, h\u1ed7 tr\u1ee3 k\u1ef9 thu\u1eadt ho\u1eb7c ph\u1ea3n h\u1ed3i, vui l\u00f2ng g\u1eedi email cho ch\u00fang t\u00f4i theo \u0111\u1ecba ch\u1ec9:<\/p>\n<p><strong>E-mail<\/strong>:<strong> <a href=\"mailto:support@toolstecique.com\">support@toolstecique.com<\/a><\/strong><\/p>\n<p><strong>Whatsapp: <a href=\"https:\/\/wa.me\/447412801696\">+447412801696<\/a><\/strong><\/p>\n<p>Ch\u00fang t\u00f4i th\u01b0\u1eddng tr\u1ea3 l\u1eddi t\u1ea5t c\u1ea3 email trong v\u00f2ng 1 ng\u00e0y l\u00e0m vi\u1ec7c. Vui l\u00f2ng cung c\u1ea5p c\u00e0ng nhi\u1ec1u chi ti\u1ebft c\u00e0ng t\u1ed1t \u0111\u1ec3 ch\u00fang t\u00f4i c\u00f3 th\u1ec3 h\u1ed7 tr\u1ee3 b\u1ea1n hi\u1ec7u qu\u1ea3 h\u01a1n.<\/p>\n<hr \/>\n<h2><strong>T\u1ea1i sao n\u00ean li\u00ean h\u1ec7 v\u1edbi ch\u00fang t\u00f4i?<\/strong><\/h2>\n<p>Ch\u00fang t\u00f4i tr\u00e2n tr\u1ecdng ph\u1ea3n h\u1ed3i c\u1ee7a b\u1ea1n v\u00e0 cam k\u1ebft cung c\u1ea5p cho b\u1ea1n d\u1ecbch v\u1ee5 t\u1ed1t nh\u1ea5t c\u00f3 th\u1ec3. D\u01b0\u1edbi \u0111\u00e2y l\u00e0 m\u1ed9t v\u00e0i l\u00fd do b\u1ea1n c\u00f3 th\u1ec3 mu\u1ed1n li\u00ean h\u1ec7 v\u1edbi ch\u00fang t\u00f4i:<\/p>\n<ul>\n<li><strong>H\u1ed7 tr\u1ee3 k\u1ef9 thu\u1eadt<\/strong>N\u1ebfu b\u1ea1n g\u1eb7p b\u1ea5t k\u1ef3 s\u1ef1 c\u1ed1 n\u00e0o v\u1edbi ph\u1ea7n m\u1ec1m \u0111\u00e3 t\u1ea3i xu\u1ed1ng, c\u1ea7n tr\u1ee3 gi\u00fap v\u1ec1 c\u00e0i \u0111\u1eb7t ho\u1eb7c g\u1eb7p b\u1ea5t k\u1ef3 l\u1ed7i n\u00e0o, ch\u00fang t\u00f4i lu\u00f4n s\u1eb5n s\u00e0ng h\u1ed7 tr\u1ee3.<\/li>\n<li><strong>C\u00e2u h\u1ecfi chung<\/strong>B\u1ea1n c\u00f3 th\u1eafc m\u1eafc g\u00ec v\u1ec1 trang web, ch\u00ednh s\u00e1ch ho\u1eb7c d\u1ecbch v\u1ee5 c\u1ee7a ch\u00fang t\u00f4i? Ch\u00fang t\u00f4i r\u1ea5t s\u1eb5n l\u00f2ng gi\u1ea3i \u0111\u00e1p.<\/li>\n<li><strong>G\u1ee3i \u00fd ho\u1eb7c ph\u1ea3n h\u1ed3i<\/strong>Ch\u00fang t\u00f4i lu\u00f4n t\u00ecm c\u00e1ch \u0111\u1ec3 c\u1ea3i thi\u1ec7n. N\u1ebfu b\u1ea1n c\u00f3 \u00fd t\u01b0\u1edfng n\u00e0o v\u1ec1 c\u00e1ch ch\u00fang t\u00f4i c\u00f3 th\u1ec3 n\u00e2ng cao trang web ho\u1eb7c c\u00e1c d\u1ecbch v\u1ee5 c\u1ee7a m\u00ecnh, h\u00e3y cho ch\u00fang t\u00f4i bi\u1ebft!<\/li>\n<li><strong>Quan h\u1ec7 \u0111\u1ed1i t\u00e1c v\u00e0 h\u1ee3p t\u00e1c<\/strong>N\u1ebfu b\u1ea1n quan t\u00e2m \u0111\u1ebfn vi\u1ec7c h\u1ee3p t\u00e1c v\u1edbi ch\u00fang t\u00f4i ho\u1eb7c c\u00f3 \u0111\u1ec1 xu\u1ea5t kinh doanh, vui l\u00f2ng li\u00ean h\u1ec7.<\/li>\n<\/ul>\n<hr \/>\n<h3><strong>Cam k\u1ebft c\u1ee7a ch\u00fang t\u00f4i d\u00e0nh cho b\u1ea1n<\/strong><\/h3>\n<p>Ch\u00fang t\u00f4i c\u1ed1 g\u1eafng ph\u1ea3n h\u1ed3i t\u1ea5t c\u1ea3 c\u00e1c y\u00eau c\u1ea7u nhanh nh\u1ea5t c\u00f3 th\u1ec3. Xin l\u01b0u \u00fd r\u1eb1ng th\u1eddi gian ph\u1ea3n h\u1ed3i c\u00f3 th\u1ec3 thay \u0111\u1ed5i t\u00f9y thu\u1ed9c v\u00e0o s\u1ed1 l\u01b0\u1ee3ng y\u00eau c\u1ea7u ch\u00fang t\u00f4i nh\u1eadn \u0111\u01b0\u1ee3c. Ch\u00fang t\u00f4i \u0111\u00e1nh gi\u00e1 cao s\u1ef1 ki\u00ean nh\u1eabn c\u1ee7a b\u1ea1n v\u00e0 s\u1ebd \u0111\u1ea3m b\u1ea3o r\u1eb1ng c\u00e1c v\u1ea5n \u0111\u1ec1 c\u1ee7a b\u1ea1n \u0111\u01b0\u1ee3c gi\u1ea3i quy\u1ebft tri\u1ec7t \u0111\u1ec3.<\/p>\n<hr \/>\n<p><strong>C\u1ea3m \u01a1n b\u1ea1n \u0111\u00e3 l\u00e0 m\u1ed9t ph\u1ea7n c\u1ee7a c\u1ed9ng \u0111\u1ed3ng Tools Tecique!<\/strong> Ch\u00fang t\u00f4i mong s\u1edbm nh\u1eadn \u0111\u01b0\u1ee3c ph\u1ea3n h\u1ed3i t\u1eeb b\u1ea1n.<\/p>","protected":false},"excerpt":{"rendered":"<p>Thank you for visiting Tools Tecique \u2013 your trusted source for secure and virus-free software downloads! We\u2019re here to help! [&hellip;]<\/p>","protected":false},"author":1,"featured_media":0,"parent":0,"menu_order":0,"comment_status":"closed","ping_status":"closed","template":"","meta":{"site-sidebar-layout":"default","site-content-layout":"","ast-site-content-layout":"default","site-content-style":"default","site-sidebar-style":"default","ast-global-header-display":"","ast-banner-title-visibility":"","ast-main-header-display":"","ast-hfb-above-header-display":"","ast-hfb-below-header-display":"","ast-hfb-mobile-header-display":"","site-post-title":"","ast-breadcrumbs-content":"","ast-featured-img":"","footer-sml-layout":"","ast-disable-related-posts":"","theme-transparent-header-meta":"default","adv-header-id-meta":"","stick-header-meta":"","header-above-stick-meta":"","header-main-stick-meta":"","header-below-stick-meta":"","astra-migrate-meta-layouts":"set","ast-page-background-enabled":"default","ast-page-background-meta":{"desktop":{"background-color":"var(--ast-global-color-5)","background-image":"","background-repeat":"repeat","background-position":"center center","background-size":"auto","background-attachment":"scroll","background-type":"","background-media":"","overlay-type":"","overlay-color":"","overlay-opacity":"","overlay-gradient":""},"tablet":{"background-color":"","background-image":"","background-repeat":"repeat","background-position":"center center","background-size":"auto","background-attachment":"scroll","background-type":"","background-media":"","overlay-type":"","overlay-color":"","overlay-opacity":"","overlay-gradient":""},"mobile":{"background-color":"","background-image":"","background-repeat":"repeat","background-position":"center center","background-size":"auto","background-attachment":"scroll","background-type":"","background-media":"","overlay-type":"","overlay-color":"","overlay-opacity":"","overlay-gradient":""}},"ast-content-background-meta":{"desktop":{"background-color":"var(--ast-global-color-4)","background-image":"","background-repeat":"repeat","background-position":"center center","background-size":"auto","background-attachment":"scroll","background-type":"","background-media":"","overlay-type":"","overlay-color":"","overlay-opacity":"","overlay-gradient":""},"tablet":{"background-color":"var(--ast-global-color-4)","background-image":"","background-repeat":"repeat","background-position":"center center","background-size":"auto","background-attachment":"scroll","background-type":"","background-media":"","overlay-type":"","overlay-color":"","overlay-opacity":"","overlay-gradient":""},"mobile":{"background-color":"var(--ast-global-color-4)","background-image":"","background-repeat":"repeat","background-position":"center center","background-size":"auto","background-attachment":"scroll","background-type":"","background-media":"","overlay-type":"","overlay-color":"","overlay-opacity":"","overlay-gradient":""}},"footnotes":""},"class_list":["post-215","page","type-page","status-publish","hentry"],"yoast_head":"<!-- This site is optimized with the Yoast SEO Premium plugin v25.9 (Yoast SEO v27.4) - https:\/\/yoast.com\/product\/yoast-seo-premium-wordpress\/ -->\n<title>Contact - Tools Tecique<\/title>\n<meta name=\"robots\" content=\"index, follow, max-snippet:-1, max-image-preview:large, max-video-preview:-1\" \/>\n<link rel=\"canonical\" href=\"https:\/\/toolstecique.com\/vi\/contact\/\" \/>\n<meta property=\"og:locale\" content=\"vi_VN\" \/>\n<meta property=\"og:type\" content=\"article\" \/>\n<meta property=\"og:title\" content=\"Contact\" \/>\n<meta property=\"og:description\" content=\"Thank you for visiting Tools Tecique \u2013 your trusted source for secure and virus-free software downloads! We\u2019re here to help! [&hellip;]\" \/>\n<meta property=\"og:url\" content=\"https:\/\/toolstecique.com\/vi\/contact\/\" \/>\n<meta property=\"og:site_name\" content=\"Tools Tecique\" \/>\n<meta property=\"article:modified_time\" content=\"2026-02-18T08:45:17+00:00\" \/>\n<meta name=\"twitter:card\" content=\"summary_large_image\" \/>\n<meta name=\"twitter:label1\" content=\"\u01af\u1edbc t\u00ednh th\u1eddi gian \u0111\u1ecdc\" \/>\n\t<meta name=\"twitter:data1\" content=\"2 ph\u00fat\" \/>\n<script type=\"application\/ld+json\" class=\"yoast-schema-graph\">{\"@context\":\"https:\\\/\\\/schema.org\",\"@graph\":[{\"@type\":\"WebPage\",\"@id\":\"https:\\\/\\\/toolstecique.com\\\/contact\\\/\",\"url\":\"https:\\\/\\\/toolstecique.com\\\/contact\\\/\",\"name\":\"Contact - Tools Tecique\",\"isPartOf\":{\"@id\":\"https:\\\/\\\/toolstecique.com\\\/#website\"},\"datePublished\":\"2024-11-29T12:20:18+00:00\",\"dateModified\":\"2026-02-18T08:45:17+00:00\",\"breadcrumb\":{\"@id\":\"https:\\\/\\\/toolstecique.com\\\/contact\\\/#breadcrumb\"},\"inLanguage\":\"vi\",\"potentialAction\":[{\"@type\":\"ReadAction\",\"target\":[\"https:\\\/\\\/toolstecique.com\\\/contact\\\/\"]}]},{\"@type\":\"BreadcrumbList\",\"@id\":\"https:\\\/\\\/toolstecique.com\\\/contact\\\/#breadcrumb\",\"itemListElement\":[{\"@type\":\"ListItem\",\"position\":1,\"name\":\"Home\",\"item\":\"https:\\\/\\\/toolstecique.com\\\/\"},{\"@type\":\"ListItem\",\"position\":2,\"name\":\"Contact\"}]},{\"@type\":\"WebSite\",\"@id\":\"https:\\\/\\\/toolstecique.com\\\/#website\",\"url\":\"https:\\\/\\\/toolstecique.com\\\/\",\"name\":\"Tools Tecique\",\"description\":\"\",\"publisher\":{\"@id\":\"https:\\\/\\\/toolstecique.com\\\/#organization\"},\"potentialAction\":[{\"@type\":\"SearchAction\",\"target\":{\"@type\":\"EntryPoint\",\"urlTemplate\":\"https:\\\/\\\/toolstecique.com\\\/?s={search_term_string}\"},\"query-input\":{\"@type\":\"PropertyValueSpecification\",\"valueRequired\":true,\"valueName\":\"search_term_string\"}}],\"inLanguage\":\"vi\"},{\"@type\":\"Organization\",\"@id\":\"https:\\\/\\\/toolstecique.com\\\/#organization\",\"name\":\"Tools Tecique\",\"url\":\"https:\\\/\\\/toolstecique.com\\\/\",\"logo\":{\"@type\":\"ImageObject\",\"inLanguage\":\"vi\",\"@id\":\"https:\\\/\\\/toolstecique.com\\\/#\\\/schema\\\/logo\\\/image\\\/\",\"url\":\"https:\\\/\\\/toolstecique.com\\\/wp-content\\\/uploads\\\/2025\\\/02\\\/green-profile.png\",\"contentUrl\":\"https:\\\/\\\/toolstecique.com\\\/wp-content\\\/uploads\\\/2025\\\/02\\\/green-profile.png\",\"width\":250,\"height\":250,\"caption\":\"Tools Tecique\"},\"image\":{\"@id\":\"https:\\\/\\\/toolstecique.com\\\/#\\\/schema\\\/logo\\\/image\\\/\"}}]}<\/script>\n<!-- \/ Yoast SEO Premium plugin. -->","yoast_head_json":{"title":"Li\u00ean h\u1ec7 - C\u00f4ng c\u1ee5 k\u1ef9 thu\u1eadt","robots":{"index":"index","follow":"follow","max-snippet":"max-snippet:-1","max-image-preview":"max-image-preview:large","max-video-preview":"max-video-preview:-1"},"canonical":"https:\/\/toolstecique.com\/vi\/contact\/","og_locale":"vi_VN","og_type":"article","og_title":"Contact","og_description":"Thank you for visiting Tools Tecique \u2013 your trusted source for secure and virus-free software downloads! We\u2019re here to help! [&hellip;]","og_url":"https:\/\/toolstecique.com\/vi\/contact\/","og_site_name":"Tools Tecique","article_modified_time":"2026-02-18T08:45:17+00:00","twitter_card":"summary_large_image","twitter_misc":{"\u01af\u1edbc t\u00ednh th\u1eddi gian \u0111\u1ecdc":"2 ph\u00fat"},"schema":{"@context":"https:\/\/schema.org","@graph":[{"@type":"WebPage","@id":"https:\/\/toolstecique.com\/contact\/","url":"https:\/\/toolstecique.com\/contact\/","name":"Li\u00ean h\u1ec7 - C\u00f4ng c\u1ee5 k\u1ef9 thu\u1eadt","isPartOf":{"@id":"https:\/\/toolstecique.com\/#website"},"datePublished":"2024-11-29T12:20:18+00:00","dateModified":"2026-02-18T08:45:17+00:00","breadcrumb":{"@id":"https:\/\/toolstecique.com\/contact\/#breadcrumb"},"inLanguage":"vi","potentialAction":[{"@type":"ReadAction","target":["https:\/\/toolstecique.com\/contact\/"]}]},{"@type":"BreadcrumbList","@id":"https:\/\/toolstecique.com\/contact\/#breadcrumb","itemListElement":[{"@type":"ListItem","position":1,"name":"Home","item":"https:\/\/toolstecique.com\/"},{"@type":"ListItem","position":2,"name":"Contact"}]},{"@type":"WebSite","@id":"https:\/\/toolstecique.com\/#website","url":"https:\/\/toolstecique.com\/","name":"C\u00f4ng c\u1ee5 k\u1ef9 thu\u1eadt","description":"","publisher":{"@id":"https:\/\/toolstecique.com\/#organization"},"potentialAction":[{"@type":"SearchAction","target":{"@type":"EntryPoint","urlTemplate":"https:\/\/toolstecique.com\/?s={search_term_string}"},"query-input":{"@type":"PropertyValueSpecification","valueRequired":true,"valueName":"search_term_string"}}],"inLanguage":"vi"},{"@type":"Organization","@id":"https:\/\/toolstecique.com\/#organization","name":"C\u00f4ng c\u1ee5 k\u1ef9 thu\u1eadt","url":"https:\/\/toolstecique.com\/","logo":{"@type":"ImageObject","inLanguage":"vi","@id":"https:\/\/toolstecique.com\/#\/schema\/logo\/image\/","url":"https:\/\/toolstecique.com\/wp-content\/uploads\/2025\/02\/green-profile.png","contentUrl":"https:\/\/toolstecique.com\/wp-content\/uploads\/2025\/02\/green-profile.png","width":250,"height":250,"caption":"Tools Tecique"},"image":{"@id":"https:\/\/toolstecique.com\/#\/schema\/logo\/image\/"}}]}},"_links":{"self":[{"href":"https:\/\/toolstecique.com\/vi\/wp-json\/wp\/v2\/pages\/215","targetHints":{"allow":["GET"]}}],"collection":[{"href":"https:\/\/toolstecique.com\/vi\/wp-json\/wp\/v2\/pages"}],"about":[{"href":"https:\/\/toolstecique.com\/vi\/wp-json\/wp\/v2\/types\/page"}],"author":[{"embeddable":true,"href":"https:\/\/toolstecique.com\/vi\/wp-json\/wp\/v2\/users\/1"}],"replies":[{"embeddable":true,"href":"https:\/\/toolstecique.com\/vi\/wp-json\/wp\/v2\/comments?post=215"}],"version-history":[{"count":2,"href":"https:\/\/toolstecique.com\/vi\/wp-json\/wp\/v2\/pages\/215\/revisions"}],"predecessor-version":[{"id":2597,"href":"https:\/\/toolstecique.com\/vi\/wp-json\/wp\/v2\/pages\/215\/revisions\/2597"}],"wp:attachment":[{"href":"https:\/\/toolstecique.com\/vi\/wp-json\/wp\/v2\/media?parent=215"}],"curies":[{"name":"wp","href":"https:\/\/api.w.org\/{rel}","templated":true}]}}