{"id":218,"date":"2024-11-29T12:24:01","date_gmt":"2024-11-29T12:24:01","guid":{"rendered":"https:\/\/toolstecique.com\/?page_id=218"},"modified":"2024-11-29T12:24:01","modified_gmt":"2024-11-29T12:24:01","slug":"cookie-policy","status":"publish","type":"page","link":"https:\/\/toolstecique.com\/vi\/cookie-policy\/","title":{"rendered":"Ch\u00ednh s\u00e1ch cookie"},"content":{"rendered":"<p>C\u00e1i n\u00e0y <strong>Ch\u00ednh s\u00e1ch cookie<\/strong> gi\u1ea3i th\u00edch c\u00e1ch <strong>C\u00f4ng c\u1ee5 k\u1ef9 thu\u1eadt<\/strong> (Ch\u00fang t\u00f4i, c\u1ee7a ch\u00fang t\u00f4i ho\u1eb7c ch\u00fang ta) s\u1eed d\u1ee5ng cookie v\u00e0 c\u00e1c c\u00f4ng ngh\u1ec7 t\u01b0\u01a1ng t\u1ef1 \u0111\u1ec3 thu th\u1eadp th\u00f4ng tin khi b\u1ea1n truy c\u1eadp trang web c\u1ee7a ch\u00fang t\u00f4i.<a href=\"http:\/\/www.toolstecnique.com\/\">www.toolstecnique.com<\/a>] (\u201cTrang web\u201d). B\u1eb1ng c\u00e1ch s\u1eed d\u1ee5ng Trang web c\u1ee7a ch\u00fang t\u00f4i, b\u1ea1n \u0111\u1ed3ng \u00fd v\u1edbi vi\u1ec7c s\u1eed d\u1ee5ng cookie nh\u01b0 \u0111\u01b0\u1ee3c m\u00f4 t\u1ea3 trong ch\u00ednh s\u00e1ch n\u00e0y. N\u1ebfu b\u1ea1n kh\u00f4ng \u0111\u1ed3ng \u00fd v\u1edbi vi\u1ec7c ch\u00fang t\u00f4i s\u1eed d\u1ee5ng cookie, b\u1ea1n n\u00ean t\u1eaft ch\u00fang b\u1eb1ng c\u00e1ch l\u00e0m theo h\u01b0\u1edbng d\u1eabn trong ch\u00ednh s\u00e1ch n\u00e0y ho\u1eb7c kh\u00f4ng s\u1eed d\u1ee5ng Trang web.<\/p>\n<hr \/>\n<h2><strong>Cookie l\u00e0 g\u00ec?<\/strong><\/h2>\n<p>Cookie l\u00e0 nh\u1eefng t\u1eadp tin v\u0103n b\u1ea3n nh\u1ecf \u0111\u01b0\u1ee3c \u0111\u1eb7t tr\u00ean thi\u1ebft b\u1ecb c\u1ee7a b\u1ea1n (nh\u01b0 m\u00e1y t\u00ednh, m\u00e1y t\u00ednh b\u1ea3ng ho\u1eb7c \u0111i\u1ec7n tho\u1ea1i th\u00f4ng minh) khi b\u1ea1n truy c\u1eadp m\u1ed9t trang web. C\u00e1c cookie n\u00e0y \u0111\u01b0\u1ee3c s\u1eed d\u1ee5ng \u0111\u1ec3 thu th\u1eadp v\u00e0 l\u01b0u tr\u1eef th\u00f4ng tin nh\u1eb1m n\u00e2ng cao tr\u1ea3i nghi\u1ec7m ng\u01b0\u1eddi d\u00f9ng, theo d\u00f5i ho\u1ea1t \u0111\u1ed9ng c\u1ee7a b\u1ea1n tr\u00ean trang web v\u00e0 c\u1ea3i thi\u1ec7n ch\u1ee9c n\u0103ng c\u1ee7a trang web.<\/p>\n<p>B\u00e1nh quy c\u00f3 th\u1ec3 l\u00e0:<\/p>\n<ul>\n<li><strong>Cookie c\u1ee7a b\u00ean th\u1ee9 nh\u1ea5t<\/strong>\u0110\u00e2y l\u00e0 c\u00e1c cookie do trang web b\u1ea1n \u0111ang truy c\u1eadp thi\u1ebft l\u1eadp (trong tr\u01b0\u1eddng h\u1ee3p n\u00e0y, <strong>C\u00f4ng c\u1ee5 k\u1ef9 thu\u1eadt<\/strong>).<\/li>\n<li><strong>Cookie c\u1ee7a b\u00ean th\u1ee9 ba<\/strong>\u0110\u00e2y l\u00e0 c\u00e1c cookie do c\u00e1c d\u1ecbch v\u1ee5 b\u00ean ngo\u00e0i thi\u1ebft l\u1eadp, ch\u1eb3ng h\u1ea1n nh\u01b0 m\u1ea1ng l\u01b0\u1edbi qu\u1ea3ng c\u00e1o ho\u1eb7c nh\u00e0 cung c\u1ea5p ph\u00e2n t\u00edch, m\u00e0 trang web b\u1ea1n \u0111ang truy c\u1eadp kh\u00f4ng tr\u1ef1c ti\u1ebfp ki\u1ec3m so\u00e1t.<\/li>\n<\/ul>\n<hr \/>\n<h2><strong>T\u1ea1i sao ch\u00fang ta s\u1eed d\u1ee5ng cookie?<\/strong><\/h2>\n<p>Ch\u00fang t\u00f4i s\u1eed d\u1ee5ng cookie tr\u00ean Trang web c\u1ee7a m\u00ecnh cho c\u00e1c m\u1ee5c \u0111\u00edch sau:<\/p>\n<ol>\n<li><strong>\u0110\u1ec3 c\u1ea3i thi\u1ec7n ch\u1ee9c n\u0103ng c\u1ee7a trang web<\/strong>Cookie gi\u00fap ch\u00fang t\u00f4i \u0111\u1ea3m b\u1ea3o trang web ho\u1ea1t \u0111\u1ed9ng nh\u01b0 mong \u0111\u1ee3i. V\u00ed d\u1ee5, ch\u00fang cho ph\u00e9p ch\u00fang t\u00f4i ghi nh\u1edb c\u00e1c t\u00f9y ch\u1ecdn c\u1ee7a b\u1ea1n ho\u1eb7c gi\u00fap b\u1ea1n \u0111i\u1ec1u h\u01b0\u1edbng gi\u1eefa c\u00e1c trang m\u00e0 kh\u00f4ng l\u00e0m m\u1ea5t th\u00f4ng tin c\u1ee7a b\u1ea1n.<\/li>\n<li><strong>Nh\u1eb1m n\u00e2ng cao tr\u1ea3i nghi\u1ec7m ng\u01b0\u1eddi d\u00f9ng<\/strong>Cookie c\u00f3 th\u1ec3 \u0111\u01b0\u1ee3c s\u1eed d\u1ee5ng \u0111\u1ec3 c\u00e1 nh\u00e2n h\u00f3a tr\u1ea3i nghi\u1ec7m c\u1ee7a b\u1ea1n b\u1eb1ng c\u00e1ch ghi nh\u1edb t\u00f9y ch\u1ecdn ng\u00f4n ng\u1eef, tr\u1ea1ng th\u00e1i \u0111\u0103ng nh\u1eadp ho\u1eb7c c\u00e1c c\u00e0i \u0111\u1eb7t t\u00f9y ch\u1ec9nh kh\u00e1c.<\/li>\n<li><strong>D\u00e0nh cho Ph\u00e2n t\u00edch v\u00e0 Hi\u1ec7u su\u1ea5t<\/strong>Ch\u00fang t\u00f4i s\u1eed d\u1ee5ng cookie \u0111\u1ec3 thu th\u1eadp d\u1eef li\u1ec7u v\u1ec1 c\u00e1ch kh\u00e1ch truy c\u1eadp t\u01b0\u01a1ng t\u00e1c v\u1edbi Trang web c\u1ee7a ch\u00fang t\u00f4i, \u0111i\u1ec1u n\u00e0y gi\u00fap ch\u00fang t\u00f4i c\u1ea3i thi\u1ec7n hi\u1ec7u su\u1ea5t v\u00e0 n\u1ed9i dung c\u1ee7a trang web. C\u00e1c cookie n\u00e0y cho ph\u00e9p ch\u00fang t\u00f4i ph\u00e2n t\u00edch c\u00e1c m\u1eabu s\u1eed d\u1ee5ng, l\u01b0\u1ee3t truy c\u1eadp trang v\u00e0 nhi\u1ec1u h\u01a1n n\u1eefa.<\/li>\n<li><strong>D\u00e0nh cho Qu\u1ea3ng c\u00e1o v\u00e0 Ti\u1ebfp th\u1ecb<\/strong>Cookie gi\u00fap ch\u00fang t\u00f4i hi\u1ec3n th\u1ecb qu\u1ea3ng c\u00e1o ph\u00f9 h\u1ee3p v\u1edbi b\u1ea1n v\u00e0 \u0111o l\u01b0\u1eddng hi\u1ec7u qu\u1ea3 c\u1ee7a c\u00e1c chi\u1ebfn d\u1ecbch qu\u1ea3ng c\u00e1o. C\u00e1c cookie n\u00e0y c\u00f3 th\u1ec3 theo d\u00f5i h\u00e0nh vi duy\u1ec7t web c\u1ee7a b\u1ea1n tr\u00ean c\u00e1c trang web kh\u00e1c nhau \u0111\u1ec3 cung c\u1ea5p qu\u1ea3ng c\u00e1o nh\u1eafm m\u1ee5c ti\u00eau.<\/li>\n<\/ol>\n<hr \/>\n<h2><strong>C\u00e1c lo\u1ea1i cookie ch\u00fang t\u00f4i s\u1eed d\u1ee5ng<\/strong><\/h2>\n<p>Ch\u00fang t\u00f4i s\u1eed d\u1ee5ng m\u1ed9t s\u1ed1 lo\u1ea1i cookie tr\u00ean Trang web c\u1ee7a m\u00ecnh:<\/p>\n<ul>\n<li><strong>Cookie thi\u1ebft y\u1ebfu<\/strong>Nh\u1eefng cookie n\u00e0y l\u00e0 c\u1ea7n thi\u1ebft cho ho\u1ea1t \u0111\u1ed9ng c\u1ee7a trang web v\u00e0 kh\u00f4ng th\u1ec3 t\u1eaft. Ch\u00fang th\u01b0\u1eddng \u0111\u01b0\u1ee3c thi\u1ebft l\u1eadp \u0111\u1ec3 ph\u1ea3n h\u1ed3i c\u00e1c h\u00e0nh \u0111\u1ed9ng b\u1ea1n th\u1ef1c hi\u1ec7n, ch\u1eb3ng h\u1ea1n nh\u01b0 \u0111\u0103ng nh\u1eadp ho\u1eb7c \u0111i\u1ec1n v\u00e0o bi\u1ec3u m\u1eabu.<\/li>\n<li><strong>Cookie hi\u1ec7u su\u1ea5t\/ph\u00e2n t\u00edch<\/strong>C\u00e1c cookie n\u00e0y thu th\u1eadp th\u00f4ng tin v\u1ec1 c\u00e1ch kh\u00e1ch truy c\u1eadp t\u01b0\u01a1ng t\u00e1c v\u1edbi Trang web c\u1ee7a ch\u00fang t\u00f4i, ch\u1eb3ng h\u1ea1n nh\u01b0 trang n\u00e0o \u0111\u01b0\u1ee3c truy c\u1eadp th\u01b0\u1eddng xuy\u00ean nh\u1ea5t ho\u1eb7c li\u1ec7u ng\u01b0\u1eddi d\u00f9ng c\u00f3 nh\u1eadn \u0111\u01b0\u1ee3c th\u00f4ng b\u00e1o l\u1ed7i t\u1eeb c\u00e1c trang web hay kh\u00f4ng. C\u00e1c cookie n\u00e0y gi\u00fap ch\u00fang t\u00f4i c\u1ea3i thi\u1ec7n c\u00e1ch th\u1ee9c ho\u1ea1t \u0111\u1ed9ng c\u1ee7a Trang web.<\/li>\n<li><strong>Cookie ch\u1ee9c n\u0103ng<\/strong>C\u00e1c cookie n\u00e0y cho ph\u00e9p Trang web ghi nh\u1edb c\u00e1c l\u1ef1a ch\u1ecdn b\u1ea1n th\u1ef1c hi\u1ec7n (ch\u1eb3ng h\u1ea1n nh\u01b0 t\u00f9y ch\u1ecdn ng\u00f4n ng\u1eef ho\u1eb7c khu v\u1ef1c c\u1ee7a b\u1ea1n) v\u00e0 cung c\u1ea5p c\u00e1c t\u00ednh n\u0103ng n\u00e2ng cao, c\u00e1 nh\u00e2n h\u00f3a h\u01a1n.<\/li>\n<li><strong>Cookie nh\u1eafm m\u1ee5c ti\u00eau\/qu\u1ea3ng c\u00e1o<\/strong>Nh\u1eefng cookie n\u00e0y \u0111\u01b0\u1ee3c s\u1eed d\u1ee5ng \u0111\u1ec3 hi\u1ec3n th\u1ecb qu\u1ea3ng c\u00e1o ph\u00f9 h\u1ee3p h\u01a1n v\u1edbi b\u1ea1n d\u1ef1a tr\u00ean th\u00f3i quen duy\u1ec7t web c\u1ee7a b\u1ea1n. Ch\u00fang c\u00f3 th\u1ec3 theo d\u00f5i ho\u1ea1t \u0111\u1ed9ng duy\u1ec7t web c\u1ee7a b\u1ea1n tr\u00ean c\u00e1c trang web v\u00e0 th\u01b0\u1eddng \u0111\u01b0\u1ee3c thi\u1ebft l\u1eadp b\u1edfi c\u00e1c m\u1ea1ng qu\u1ea3ng c\u00e1o c\u1ee7a b\u00ean th\u1ee9 ba.<\/li>\n<\/ul>\n<hr \/>\n<h2><strong>Cookie c\u1ee7a b\u00ean th\u1ee9 ba<\/strong><\/h2>\n<p>Ch\u00fang t\u00f4i c\u00f3 th\u1ec3 cho ph\u00e9p c\u00e1c nh\u00e0 cung c\u1ea5p d\u1ecbch v\u1ee5 b\u00ean th\u1ee9 ba \u0111\u1eb7t cookie tr\u00ean Trang web c\u1ee7a ch\u00fang t\u00f4i \u0111\u1ec3 th\u1ef1c hi\u1ec7n c\u00e1c d\u1ecbch v\u1ee5 nh\u01b0 ph\u00e2n t\u00edch vi\u1ec7c s\u1eed d\u1ee5ng trang web v\u00e0 hi\u1ec3n th\u1ecb qu\u1ea3ng c\u00e1o \u0111\u01b0\u1ee3c nh\u1eafm m\u1ee5c ti\u00eau. C\u00e1c b\u00ean th\u1ee9 ba n\u00e0y c\u00f3 th\u1ec3 s\u1eed d\u1ee5ng cookie v\u00e0 c\u00f4ng ngh\u1ec7 ri\u00eang c\u1ee7a h\u1ecd \u0111\u1ec3 thu th\u1eadp th\u00f4ng tin v\u1ec1 ho\u1ea1t \u0111\u1ed9ng tr\u1ef1c tuy\u1ebfn c\u1ee7a b\u1ea1n, th\u00f4ng tin n\u00e0y c\u00f3 th\u1ec3 \u0111\u01b0\u1ee3c s\u1eed d\u1ee5ng cho m\u1ee5c \u0111\u00edch ti\u1ebfp th\u1ecb ho\u1eb7c \u0111\u1ec3 c\u1ea3i thi\u1ec7n d\u1ecbch v\u1ee5 c\u1ee7a h\u1ecd.<\/p>\n<p>V\u00ed d\u1ee5, ch\u00fang t\u00f4i s\u1eed d\u1ee5ng c\u00e1c nh\u00e0 cung c\u1ea5p d\u1ecbch v\u1ee5 ph\u00e2n t\u00edch b\u00ean th\u1ee9 ba nh\u01b0... <strong>Google Analytics<\/strong> \u0110\u1ec3 ph\u00e2n t\u00edch l\u01b0u l\u01b0\u1ee3ng truy c\u1eadp trang web v\u00e0 h\u00e0nh vi ng\u01b0\u1eddi d\u00f9ng, Google Analytics c\u00f3 th\u1ec3 s\u1eed d\u1ee5ng cookie \u0111\u1ec3 thu th\u1eadp d\u1eef li\u1ec7u \u1ea9n danh, ch\u1eb3ng h\u1ea1n nh\u01b0 c\u00e1c trang b\u1ea1n truy c\u1eadp v\u00e0 th\u1eddi gian b\u1ea1n d\u00e0nh cho m\u1ed7i trang. B\u1ea1n c\u00f3 th\u1ec3 t\u00ecm hi\u1ec3u th\u00eam v\u1ec1 c\u00e1ch Google s\u1eed d\u1ee5ng d\u1eef li\u1ec7u trong ch\u00ednh s\u00e1ch b\u1ea3o m\u1eadt c\u1ee7a h\u1ecd. <strong>Ch\u00ednh s\u00e1ch b\u1ea3o m\u1eadt<\/strong>.<\/p>\n<hr \/>\n<h2><strong>C\u00e1ch ki\u1ec3m so\u00e1t v\u00e0 qu\u1ea3n l\u00fd cookie<\/strong><\/h2>\n<p>B\u1ea1n c\u00f3 th\u1ec3 qu\u1ea3n l\u00fd t\u00f9y ch\u1ecdn cookie c\u1ee7a m\u00ecnh theo nhi\u1ec1u c\u00e1ch:<\/p>\n<ol>\n<li><strong>Bi\u1ec3u ng\u1eef ch\u1ea5p thu\u1eadn cookie<\/strong>Khi b\u1ea1n truy c\u1eadp trang web c\u1ee7a ch\u00fang t\u00f4i l\u1ea7n \u0111\u1ea7u ti\u00ean, b\u1ea1n s\u1ebd th\u1ea5y m\u1ed9t bi\u1ec3u ng\u1eef y\u00eau c\u1ea7u ch\u1ea5p nh\u1eadn ho\u1eb7c qu\u1ea3n l\u00fd t\u00f9y ch\u1ecdn cookie c\u1ee7a m\u00ecnh. B\u1ea1n c\u00f3 th\u1ec3 ch\u1ecdn ch\u1ea5p nh\u1eadn t\u1ea5t c\u1ea3 cookie, t\u1eeb ch\u1ed1i c\u00e1c cookie kh\u00f4ng c\u1ea7n thi\u1ebft ho\u1eb7c t\u00f9y ch\u1ec9nh c\u00e0i \u0111\u1eb7t c\u1ee7a m\u00ecnh.<\/li>\n<li><strong>C\u00e0i \u0111\u1eb7t tr\u00ecnh duy\u1ec7t<\/strong>H\u1ea7u h\u1ebft c\u00e1c tr\u00ecnh duy\u1ec7t web cho ph\u00e9p b\u1ea1n qu\u1ea3n l\u00fd cookie th\u00f4ng qua c\u00e0i \u0111\u1eb7t tr\u00ecnh duy\u1ec7t. B\u1ea1n c\u00f3 th\u1ec3 c\u1ea5u h\u00ecnh tr\u00ecnh duy\u1ec7t c\u1ee7a m\u00ecnh \u0111\u1ec3 ch\u1ea5p nh\u1eadn ho\u1eb7c t\u1eeb ch\u1ed1i cookie, x\u00f3a cookie hi\u1ec7n c\u00f3 v\u00e0 thi\u1ebft l\u1eadp t\u00f9y ch\u1ecdn v\u1ec1 c\u00e1ch x\u1eed l\u00fd cookie. \u0110\u1ec3 bi\u1ebft th\u00eam th\u00f4ng tin v\u1ec1 c\u00e1ch qu\u1ea3n l\u00fd cookie trong tr\u00ecnh duy\u1ec7t c\u1ee7a b\u1ea1n, h\u00e3y truy c\u1eadp [li\u00ean k\u1ebft \u0111\u1ebfn trang web c\u1ee7a nh\u00e0 cung c\u1ea5p]. <strong>Ph\u1ea7n tr\u1ee3 gi\u00fap<\/strong> c\u1ee7a tr\u00ecnh duy\u1ec7t c\u1ee7a b\u1ea1n.\n<ul>\n<li><strong>Google Chrome<\/strong>: <a href=\"https:\/\/support.google.com\/chrome\/answer\/95647\">C\u00e1ch qu\u1ea3n l\u00fd cookie trong Chrome<\/a><\/li>\n<li><strong>Mozilla Firefox<\/strong>: <a href=\"https:\/\/support.mozilla.org\/en-US\/kb\/enable-and-disable-cookies-website-preferences\">C\u00e1ch qu\u1ea3n l\u00fd cookie trong Firefox<\/a><\/li>\n<li><strong>Cu\u1ed9c \u0111i s\u0103n<\/strong>: <a href=\"https:\/\/support.apple.com\/en-us\/HT201265\">C\u00e1ch qu\u1ea3n l\u00fd cookie trong Safari<\/a><\/li>\n<li><strong>Microsoft Edge<\/strong>: <a href=\"https:\/\/support.microsoft.com\/en-us\/microsoft-edge\/privacy-and-services-in-microsoft-edge-2c2a2714-d085-42a3-9bc0-0b4e9c62ca7b\">C\u00e1ch qu\u1ea3n l\u00fd cookie trong Edge<\/a><\/li>\n<\/ul>\n<\/li>\n<li><strong>T\u1eeb ch\u1ed1i s\u1eed d\u1ee5ng cookie qu\u1ea3ng c\u00e1o<\/strong>B\u1ea1n c\u00f3 th\u1ec3 t\u1eeb ch\u1ed1i nh\u1eadn qu\u1ea3ng c\u00e1o c\u00e1 nh\u00e2n h\u00f3a t\u1eeb c\u00e1c nh\u00e0 qu\u1ea3ng c\u00e1o b\u00ean th\u1ee9 ba b\u1eb1ng c\u00e1ch truy c\u1eadp c\u00e1c trang web sau:\n<ul>\n<li><strong>C\u00e0i \u0111\u1eb7t qu\u1ea3ng c\u00e1o c\u1ee7a Google<\/strong>: <a href=\"https:\/\/adssettings.google.com\/\">https:\/\/adssettings.google.com<\/a><\/li>\n<li><strong>S\u00e1ng ki\u1ebfn \u200b\u200bqu\u1ea3ng c\u00e1o m\u1ea1ng (NAI)<\/strong>: <a href=\"https:\/\/optout.networkadvertising.org\/\">https:\/\/optout.networkadvertising.org\/<\/a><\/li>\n<li><strong>Li\u00ean minh qu\u1ea3ng c\u00e1o k\u1ef9 thu\u1eadt s\u1ed1 (DAA)<\/strong>: <a href=\"https:\/\/www.aboutads.info\/choices\">https:\/\/www.aboutads.info\/choices<\/a><\/li>\n<\/ul>\n<\/li>\n<\/ol>\n<p>Xin l\u01b0u \u00fd r\u1eb1ng n\u1ebfu b\u1ea1n v\u00f4 hi\u1ec7u h\u00f3a cookie, m\u1ed9t s\u1ed1 t\u00ednh n\u0103ng c\u1ee7a Trang web c\u00f3 th\u1ec3 kh\u00f4ng ho\u1ea1t \u0111\u1ed9ng nh\u01b0 mong mu\u1ed1n v\u00e0 b\u1ea1n c\u00f3 th\u1ec3 kh\u00f4ng t\u1eadn h\u01b0\u1edfng \u0111\u01b0\u1ee3c tr\u1ecdn v\u1eb9n tr\u1ea3i nghi\u1ec7m.<\/p>\n<hr \/>\n<h3><strong>Nh\u1eefng thay \u0111\u1ed5i \u0111\u1ed1i v\u1edbi Ch\u00ednh s\u00e1ch Cookie n\u00e0y<\/strong><\/h3>\n<p>Ch\u00fang t\u00f4i c\u00f3 th\u1ec3 c\u1eadp nh\u1eadt Ch\u00ednh s\u00e1ch Cookie n\u00e0y theo th\u1eddi gian \u0111\u1ec3 ph\u1ea3n \u00e1nh nh\u1eefng thay \u0111\u1ed5i trong ho\u1ea1t \u0111\u1ed9ng, c\u00f4ng ngh\u1ec7 ho\u1eb7c c\u00e1c y\u00eau c\u1ea7u ph\u00e1p l\u00fd hi\u1ec7n h\u00e0nh. Khi ch\u00fang t\u00f4i c\u1eadp nh\u1eadt, ch\u00fang t\u00f4i s\u1ebd \u0111\u0103ng ch\u00ednh s\u00e1ch \u0111\u00e3 s\u1eeda \u0111\u1ed5i tr\u00ean trang n\u00e0y v\u00e0 c\u1eadp nh\u1eadt \"Ng\u00e0y c\u00f3 hi\u1ec7u l\u1ef1c\" \u1edf \u0111\u1ea7u trang.<\/p>\n<hr \/>\n<h3><strong>Li\u00ean h\u1ec7 v\u1edbi ch\u00fang t\u00f4i<\/strong><\/h3>\n<p>N\u1ebfu b\u1ea1n c\u00f3 b\u1ea5t k\u1ef3 c\u00e2u h\u1ecfi n\u00e0o v\u1ec1 Ch\u00ednh s\u00e1ch Cookie n\u00e0y ho\u1eb7c vi\u1ec7c ch\u00fang t\u00f4i s\u1eed d\u1ee5ng cookie, vui l\u00f2ng li\u00ean h\u1ec7 v\u1edbi ch\u00fang t\u00f4i theo \u0111\u1ecba ch\u1ec9:<\/p>\n<p><strong>C\u00f4ng c\u1ee5 k\u1ef9 thu\u1eadt<\/strong><br \/>\nEmail: [<a href=\"mailto:contact@toolstecnique.com\">contact@toolstecnique.com<\/a>]<br \/>\nTrang web: [<a href=\"http:\/\/www.toolstecnique.com\/\">www.toolstecnique.com<\/a>]<\/p>\n<hr \/>\n<p>B\u1eb1ng c\u00e1ch ti\u1ebfp t\u1ee5c s\u1eed d\u1ee5ng <strong>C\u00f4ng c\u1ee5 k\u1ef9 thu\u1eadt<\/strong> Khi truy c\u1eadp trang web n\u00e0y, b\u1ea1n \u0111\u1ed3ng \u00fd v\u1edbi vi\u1ec7c ch\u00fang t\u00f4i s\u1eed d\u1ee5ng cookie nh\u01b0 \u0111\u00e3 n\u00eau trong Ch\u00ednh s\u00e1ch Cookie n\u00e0y.<\/p>\n<hr \/>\n<p>&nbsp;<\/p>","protected":false},"excerpt":{"rendered":"<p>This Cookie Policy explains how Tools Tecnique (&#8220;we,&#8221; &#8220;our,&#8221; or &#8220;us&#8221;) uses cookies and similar technologies to collect information when [&hellip;]<\/p>","protected":false},"author":1,"featured_media":0,"parent":0,"menu_order":0,"comment_status":"closed","ping_status":"closed","template":"","meta":{"site-sidebar-layout":"default","site-content-layout":"","ast-site-content-layout":"default","site-content-style":"default","site-sidebar-style":"default","ast-global-header-display":"","ast-banner-title-visibility":"","ast-main-header-display":"","ast-hfb-above-header-display":"","ast-hfb-below-header-display":"","ast-hfb-mobile-header-display":"","site-post-title":"","ast-breadcrumbs-content":"","ast-featured-img":"","footer-sml-layout":"","ast-disable-related-posts":"","theme-transparent-header-meta":"default","adv-header-id-meta":"","stick-header-meta":"","header-above-stick-meta":"","header-main-stick-meta":"","header-below-stick-meta":"","astra-migrate-meta-layouts":"set","ast-page-background-enabled":"default","ast-page-background-meta":{"desktop":{"background-color":"var(--ast-global-color-5)","background-image":"","background-repeat":"repeat","background-position":"center center","background-size":"auto","background-attachment":"scroll","background-type":"","background-media":"","overlay-type":"","overlay-color":"","overlay-opacity":"","overlay-gradient":""},"tablet":{"background-color":"","background-image":"","background-repeat":"repeat","background-position":"center center","background-size":"auto","background-attachment":"scroll","background-type":"","background-media":"","overlay-type":"","overlay-color":"","overlay-opacity":"","overlay-gradient":""},"mobile":{"background-color":"","background-image":"","background-repeat":"repeat","background-position":"center center","background-size":"auto","background-attachment":"scroll","background-type":"","background-media":"","overlay-type":"","overlay-color":"","overlay-opacity":"","overlay-gradient":""}},"ast-content-background-meta":{"desktop":{"background-color":"var(--ast-global-color-4)","background-image":"","background-repeat":"repeat","background-position":"center center","background-size":"auto","background-attachment":"scroll","background-type":"","background-media":"","overlay-type":"","overlay-color":"","overlay-opacity":"","overlay-gradient":""},"tablet":{"background-color":"var(--ast-global-color-4)","background-image":"","background-repeat":"repeat","background-position":"center center","background-size":"auto","background-attachment":"scroll","background-type":"","background-media":"","overlay-type":"","overlay-color":"","overlay-opacity":"","overlay-gradient":""},"mobile":{"background-color":"var(--ast-global-color-4)","background-image":"","background-repeat":"repeat","background-position":"center center","background-size":"auto","background-attachment":"scroll","background-type":"","background-media":"","overlay-type":"","overlay-color":"","overlay-opacity":"","overlay-gradient":""}},"footnotes":""},"class_list":["post-218","page","type-page","status-publish","hentry"],"yoast_head":"<!-- This site is optimized with the Yoast SEO Premium plugin v25.9 (Yoast SEO v27.5) - https:\/\/yoast.com\/product\/yoast-seo-premium-wordpress\/ -->\n<title>Cookie Policy - Tools Tecique<\/title>\n<meta name=\"robots\" content=\"index, follow, max-snippet:-1, max-image-preview:large, max-video-preview:-1\" \/>\n<link rel=\"canonical\" href=\"https:\/\/toolstecique.com\/vi\/cookie-policy\/\" \/>\n<meta property=\"og:locale\" content=\"vi_VN\" \/>\n<meta property=\"og:type\" content=\"article\" \/>\n<meta property=\"og:title\" content=\"Cookie Policy\" \/>\n<meta property=\"og:description\" content=\"This Cookie Policy explains how Tools Tecnique (&#8220;we,&#8221; &#8220;our,&#8221; or &#8220;us&#8221;) uses cookies and similar technologies to collect information when [&hellip;]\" \/>\n<meta property=\"og:url\" content=\"https:\/\/toolstecique.com\/vi\/cookie-policy\/\" \/>\n<meta property=\"og:site_name\" content=\"Tools Tecique\" \/>\n<meta name=\"twitter:card\" content=\"summary_large_image\" \/>\n<meta name=\"twitter:label1\" content=\"\u01af\u1edbc t\u00ednh th\u1eddi gian \u0111\u1ecdc\" \/>\n\t<meta name=\"twitter:data1\" content=\"4 ph\u00fat\" \/>\n<script type=\"application\/ld+json\" class=\"yoast-schema-graph\">{\"@context\":\"https:\\\/\\\/schema.org\",\"@graph\":[{\"@type\":\"WebPage\",\"@id\":\"https:\\\/\\\/toolstecique.com\\\/cookie-policy\\\/\",\"url\":\"https:\\\/\\\/toolstecique.com\\\/cookie-policy\\\/\",\"name\":\"Cookie Policy - Tools Tecique\",\"isPartOf\":{\"@id\":\"https:\\\/\\\/toolstecique.com\\\/#website\"},\"datePublished\":\"2024-11-29T12:24:01+00:00\",\"breadcrumb\":{\"@id\":\"https:\\\/\\\/toolstecique.com\\\/cookie-policy\\\/#breadcrumb\"},\"inLanguage\":\"vi\",\"potentialAction\":[{\"@type\":\"ReadAction\",\"target\":[\"https:\\\/\\\/toolstecique.com\\\/cookie-policy\\\/\"]}]},{\"@type\":\"BreadcrumbList\",\"@id\":\"https:\\\/\\\/toolstecique.com\\\/cookie-policy\\\/#breadcrumb\",\"itemListElement\":[{\"@type\":\"ListItem\",\"position\":1,\"name\":\"Home\",\"item\":\"https:\\\/\\\/toolstecique.com\\\/\"},{\"@type\":\"ListItem\",\"position\":2,\"name\":\"Cookie Policy\"}]},{\"@type\":\"WebSite\",\"@id\":\"https:\\\/\\\/toolstecique.com\\\/#website\",\"url\":\"https:\\\/\\\/toolstecique.com\\\/\",\"name\":\"Tools Tecique\",\"description\":\"\",\"publisher\":{\"@id\":\"https:\\\/\\\/toolstecique.com\\\/#organization\"},\"potentialAction\":[{\"@type\":\"SearchAction\",\"target\":{\"@type\":\"EntryPoint\",\"urlTemplate\":\"https:\\\/\\\/toolstecique.com\\\/?s={search_term_string}\"},\"query-input\":{\"@type\":\"PropertyValueSpecification\",\"valueRequired\":true,\"valueName\":\"search_term_string\"}}],\"inLanguage\":\"vi\"},{\"@type\":\"Organization\",\"@id\":\"https:\\\/\\\/toolstecique.com\\\/#organization\",\"name\":\"Tools Tecique\",\"url\":\"https:\\\/\\\/toolstecique.com\\\/\",\"logo\":{\"@type\":\"ImageObject\",\"inLanguage\":\"vi\",\"@id\":\"https:\\\/\\\/toolstecique.com\\\/#\\\/schema\\\/logo\\\/image\\\/\",\"url\":\"https:\\\/\\\/toolstecique.com\\\/wp-content\\\/uploads\\\/2025\\\/02\\\/green-profile.png\",\"contentUrl\":\"https:\\\/\\\/toolstecique.com\\\/wp-content\\\/uploads\\\/2025\\\/02\\\/green-profile.png\",\"width\":250,\"height\":250,\"caption\":\"Tools Tecique\"},\"image\":{\"@id\":\"https:\\\/\\\/toolstecique.com\\\/#\\\/schema\\\/logo\\\/image\\\/\"}}]}<\/script>\n<!-- \/ Yoast SEO Premium plugin. -->","yoast_head_json":{"title":"Ch\u00ednh s\u00e1ch Cookie - Tools Tecique","robots":{"index":"index","follow":"follow","max-snippet":"max-snippet:-1","max-image-preview":"max-image-preview:large","max-video-preview":"max-video-preview:-1"},"canonical":"https:\/\/toolstecique.com\/vi\/cookie-policy\/","og_locale":"vi_VN","og_type":"article","og_title":"Cookie Policy","og_description":"This Cookie Policy explains how Tools Tecnique (&#8220;we,&#8221; &#8220;our,&#8221; or &#8220;us&#8221;) uses cookies and similar technologies to collect information when [&hellip;]","og_url":"https:\/\/toolstecique.com\/vi\/cookie-policy\/","og_site_name":"Tools Tecique","twitter_card":"summary_large_image","twitter_misc":{"\u01af\u1edbc t\u00ednh th\u1eddi gian \u0111\u1ecdc":"4 ph\u00fat"},"schema":{"@context":"https:\/\/schema.org","@graph":[{"@type":"WebPage","@id":"https:\/\/toolstecique.com\/cookie-policy\/","url":"https:\/\/toolstecique.com\/cookie-policy\/","name":"Ch\u00ednh s\u00e1ch Cookie - Tools Tecique","isPartOf":{"@id":"https:\/\/toolstecique.com\/#website"},"datePublished":"2024-11-29T12:24:01+00:00","breadcrumb":{"@id":"https:\/\/toolstecique.com\/cookie-policy\/#breadcrumb"},"inLanguage":"vi","potentialAction":[{"@type":"ReadAction","target":["https:\/\/toolstecique.com\/cookie-policy\/"]}]},{"@type":"BreadcrumbList","@id":"https:\/\/toolstecique.com\/cookie-policy\/#breadcrumb","itemListElement":[{"@type":"ListItem","position":1,"name":"Home","item":"https:\/\/toolstecique.com\/"},{"@type":"ListItem","position":2,"name":"Cookie Policy"}]},{"@type":"WebSite","@id":"https:\/\/toolstecique.com\/#website","url":"https:\/\/toolstecique.com\/","name":"C\u00f4ng c\u1ee5 k\u1ef9 thu\u1eadt","description":"","publisher":{"@id":"https:\/\/toolstecique.com\/#organization"},"potentialAction":[{"@type":"SearchAction","target":{"@type":"EntryPoint","urlTemplate":"https:\/\/toolstecique.com\/?s={search_term_string}"},"query-input":{"@type":"PropertyValueSpecification","valueRequired":true,"valueName":"search_term_string"}}],"inLanguage":"vi"},{"@type":"Organization","@id":"https:\/\/toolstecique.com\/#organization","name":"C\u00f4ng c\u1ee5 k\u1ef9 thu\u1eadt","url":"https:\/\/toolstecique.com\/","logo":{"@type":"ImageObject","inLanguage":"vi","@id":"https:\/\/toolstecique.com\/#\/schema\/logo\/image\/","url":"https:\/\/toolstecique.com\/wp-content\/uploads\/2025\/02\/green-profile.png","contentUrl":"https:\/\/toolstecique.com\/wp-content\/uploads\/2025\/02\/green-profile.png","width":250,"height":250,"caption":"Tools Tecique"},"image":{"@id":"https:\/\/toolstecique.com\/#\/schema\/logo\/image\/"}}]}},"_links":{"self":[{"href":"https:\/\/toolstecique.com\/vi\/wp-json\/wp\/v2\/pages\/218","targetHints":{"allow":["GET"]}}],"collection":[{"href":"https:\/\/toolstecique.com\/vi\/wp-json\/wp\/v2\/pages"}],"about":[{"href":"https:\/\/toolstecique.com\/vi\/wp-json\/wp\/v2\/types\/page"}],"author":[{"embeddable":true,"href":"https:\/\/toolstecique.com\/vi\/wp-json\/wp\/v2\/users\/1"}],"replies":[{"embeddable":true,"href":"https:\/\/toolstecique.com\/vi\/wp-json\/wp\/v2\/comments?post=218"}],"version-history":[{"count":0,"href":"https:\/\/toolstecique.com\/vi\/wp-json\/wp\/v2\/pages\/218\/revisions"}],"wp:attachment":[{"href":"https:\/\/toolstecique.com\/vi\/wp-json\/wp\/v2\/media?parent=218"}],"curies":[{"name":"wp","href":"https:\/\/api.w.org\/{rel}","templated":true}]}}