{"id":2468,"date":"2025-11-28T10:29:52","date_gmt":"2025-11-28T10:29:52","guid":{"rendered":"https:\/\/toolstecique.com\/?page_id=2468"},"modified":"2025-11-28T10:29:52","modified_gmt":"2025-11-28T10:29:52","slug":"rule-of-72-calculator","status":"publish","type":"page","link":"https:\/\/toolstecique.com\/vi\/rule-of-72-calculator\/","title":{"rendered":"M\u00e1y t\u00ednh quy t\u1eafc 72"},"content":{"rendered":"","protected":false},"excerpt":{"rendered":"","protected":false},"author":1,"featured_media":0,"parent":0,"menu_order":0,"comment_status":"closed","ping_status":"closed","template":"Rule-of-72-Calculator.php","meta":{"site-sidebar-layout":"default","site-content-layout":"","ast-site-content-layout":"default","site-content-style":"default","site-sidebar-style":"default","ast-global-header-display":"","ast-banner-title-visibility":"","ast-main-header-display":"","ast-hfb-above-header-display":"","ast-hfb-below-header-display":"","ast-hfb-mobile-header-display":"","site-post-title":"","ast-breadcrumbs-content":"","ast-featured-img":"","footer-sml-layout":"","ast-disable-related-posts":"","theme-transparent-header-meta":"default","adv-header-id-meta":"","stick-header-meta":"","header-above-stick-meta":"","header-main-stick-meta":"","header-below-stick-meta":"","astra-migrate-meta-layouts":"set","ast-page-background-enabled":"default","ast-page-background-meta":{"desktop":{"background-color":"var(--ast-global-color-5)","background-image":"","background-repeat":"repeat","background-position":"center center","background-size":"auto","background-attachment":"scroll","background-type":"","background-media":"","overlay-type":"","overlay-color":"","overlay-opacity":"","overlay-gradient":""},"tablet":{"background-color":"","background-image":"","background-repeat":"repeat","background-position":"center center","background-size":"auto","background-attachment":"scroll","background-type":"","background-media":"","overlay-type":"","overlay-color":"","overlay-opacity":"","overlay-gradient":""},"mobile":{"background-color":"","background-image":"","background-repeat":"repeat","background-position":"center center","background-size":"auto","background-attachment":"scroll","background-type":"","background-media":"","overlay-type":"","overlay-color":"","overlay-opacity":"","overlay-gradient":""}},"ast-content-background-meta":{"desktop":{"background-color":"var(--ast-global-color-4)","background-image":"","background-repeat":"repeat","background-position":"center center","background-size":"auto","background-attachment":"scroll","background-type":"","background-media":"","overlay-type":"","overlay-color":"","overlay-opacity":"","overlay-gradient":""},"tablet":{"background-color":"var(--ast-global-color-4)","background-image":"","background-repeat":"repeat","background-position":"center center","background-size":"auto","background-attachment":"scroll","background-type":"","background-media":"","overlay-type":"","overlay-color":"","overlay-opacity":"","overlay-gradient":""},"mobile":{"background-color":"var(--ast-global-color-4)","background-image":"","background-repeat":"repeat","background-position":"center center","background-size":"auto","background-attachment":"scroll","background-type":"","background-media":"","overlay-type":"","overlay-color":"","overlay-opacity":"","overlay-gradient":""}},"footnotes":""},"class_list":["post-2468","page","type-page","status-publish","hentry"],"yoast_head":"<!-- This site is optimized with the Yoast SEO Premium plugin v25.9 (Yoast SEO v27.4) - https:\/\/yoast.com\/product\/yoast-seo-premium-wordpress\/ -->\n<title>Rule of 72 Calculator - Tools Tecique<\/title>\n<meta name=\"description\" content=\"Use our Rule of 72 Calculator to find how many years it takes for your investment to double. Easy, reliable &amp; perfect for financial planning.\" \/>\n<meta name=\"robots\" content=\"index, follow, max-snippet:-1, max-image-preview:large, max-video-preview:-1\" \/>\n<link rel=\"canonical\" href=\"https:\/\/toolstecique.com\/vi\/rule-of-72-calculator\/\" \/>\n<meta property=\"og:locale\" content=\"vi_VN\" \/>\n<meta property=\"og:type\" content=\"article\" \/>\n<meta property=\"og:title\" content=\"Rule of 72 Calculator\" \/>\n<meta property=\"og:description\" content=\"Use our Rule of 72 Calculator to find how many years it takes for your investment to double. Easy, reliable &amp; perfect for financial planning.\" \/>\n<meta property=\"og:url\" content=\"https:\/\/toolstecique.com\/vi\/rule-of-72-calculator\/\" \/>\n<meta property=\"og:site_name\" content=\"Tools Tecique\" \/>\n<meta name=\"twitter:card\" content=\"summary_large_image\" \/>\n<script type=\"application\/ld+json\" class=\"yoast-schema-graph\">{\"@context\":\"https:\\\/\\\/schema.org\",\"@graph\":[{\"@type\":\"WebPage\",\"@id\":\"https:\\\/\\\/toolstecique.com\\\/rule-of-72-calculator\\\/\",\"url\":\"https:\\\/\\\/toolstecique.com\\\/rule-of-72-calculator\\\/\",\"name\":\"Rule of 72 Calculator - Tools Tecique\",\"isPartOf\":{\"@id\":\"https:\\\/\\\/toolstecique.com\\\/#website\"},\"datePublished\":\"2025-11-28T10:29:52+00:00\",\"description\":\"Use our Rule of 72 Calculator to find how many years it takes for your investment to double. Easy, reliable & perfect for financial planning.\",\"breadcrumb\":{\"@id\":\"https:\\\/\\\/toolstecique.com\\\/rule-of-72-calculator\\\/#breadcrumb\"},\"inLanguage\":\"vi\",\"potentialAction\":[{\"@type\":\"ReadAction\",\"target\":[\"https:\\\/\\\/toolstecique.com\\\/rule-of-72-calculator\\\/\"]}]},{\"@type\":\"BreadcrumbList\",\"@id\":\"https:\\\/\\\/toolstecique.com\\\/rule-of-72-calculator\\\/#breadcrumb\",\"itemListElement\":[{\"@type\":\"ListItem\",\"position\":1,\"name\":\"Home\",\"item\":\"https:\\\/\\\/toolstecique.com\\\/\"},{\"@type\":\"ListItem\",\"position\":2,\"name\":\"Rule of 72 Calculator\"}]},{\"@type\":\"WebSite\",\"@id\":\"https:\\\/\\\/toolstecique.com\\\/#website\",\"url\":\"https:\\\/\\\/toolstecique.com\\\/\",\"name\":\"Tools Tecique\",\"description\":\"\",\"publisher\":{\"@id\":\"https:\\\/\\\/toolstecique.com\\\/#organization\"},\"potentialAction\":[{\"@type\":\"SearchAction\",\"target\":{\"@type\":\"EntryPoint\",\"urlTemplate\":\"https:\\\/\\\/toolstecique.com\\\/?s={search_term_string}\"},\"query-input\":{\"@type\":\"PropertyValueSpecification\",\"valueRequired\":true,\"valueName\":\"search_term_string\"}}],\"inLanguage\":\"vi\"},{\"@type\":\"Organization\",\"@id\":\"https:\\\/\\\/toolstecique.com\\\/#organization\",\"name\":\"Tools Tecique\",\"url\":\"https:\\\/\\\/toolstecique.com\\\/\",\"logo\":{\"@type\":\"ImageObject\",\"inLanguage\":\"vi\",\"@id\":\"https:\\\/\\\/toolstecique.com\\\/#\\\/schema\\\/logo\\\/image\\\/\",\"url\":\"https:\\\/\\\/toolstecique.com\\\/wp-content\\\/uploads\\\/2025\\\/02\\\/green-profile.png\",\"contentUrl\":\"https:\\\/\\\/toolstecique.com\\\/wp-content\\\/uploads\\\/2025\\\/02\\\/green-profile.png\",\"width\":250,\"height\":250,\"caption\":\"Tools Tecique\"},\"image\":{\"@id\":\"https:\\\/\\\/toolstecique.com\\\/#\\\/schema\\\/logo\\\/image\\\/\"}}]}<\/script>\n<!-- \/ Yoast SEO Premium plugin. -->","yoast_head_json":{"title":"M\u00e1y t\u00ednh quy t\u1eafc 72 - C\u00f4ng c\u1ee5 k\u1ef9 thu\u1eadt","description":"H\u00e3y s\u1eed d\u1ee5ng c\u00f4ng c\u1ee5 t\u00ednh to\u00e1n Quy t\u1eafc 72 c\u1ee7a ch\u00fang t\u00f4i \u0111\u1ec3 t\u00ecm hi\u1ec3u xem c\u1ea7n bao nhi\u00eau n\u0103m \u0111\u1ec3 kho\u1ea3n \u0111\u1ea7u t\u01b0 c\u1ee7a b\u1ea1n t\u0103ng g\u1ea5p \u0111\u00f4i. D\u1ec5 s\u1eed d\u1ee5ng, \u0111\u00e1ng tin c\u1eady v\u00e0 ho\u00e0n h\u1ea3o cho vi\u1ec7c l\u1eadp k\u1ebf ho\u1ea1ch t\u00e0i ch\u00ednh.","robots":{"index":"index","follow":"follow","max-snippet":"max-snippet:-1","max-image-preview":"max-image-preview:large","max-video-preview":"max-video-preview:-1"},"canonical":"https:\/\/toolstecique.com\/vi\/rule-of-72-calculator\/","og_locale":"vi_VN","og_type":"article","og_title":"Rule of 72 Calculator","og_description":"Use our Rule of 72 Calculator to find how many years it takes for your investment to double. Easy, reliable & perfect for financial planning.","og_url":"https:\/\/toolstecique.com\/vi\/rule-of-72-calculator\/","og_site_name":"Tools Tecique","twitter_card":"summary_large_image","schema":{"@context":"https:\/\/schema.org","@graph":[{"@type":"WebPage","@id":"https:\/\/toolstecique.com\/rule-of-72-calculator\/","url":"https:\/\/toolstecique.com\/rule-of-72-calculator\/","name":"M\u00e1y t\u00ednh quy t\u1eafc 72 - C\u00f4ng c\u1ee5 k\u1ef9 thu\u1eadt","isPartOf":{"@id":"https:\/\/toolstecique.com\/#website"},"datePublished":"2025-11-28T10:29:52+00:00","description":"H\u00e3y s\u1eed d\u1ee5ng c\u00f4ng c\u1ee5 t\u00ednh to\u00e1n Quy t\u1eafc 72 c\u1ee7a ch\u00fang t\u00f4i \u0111\u1ec3 t\u00ecm hi\u1ec3u xem c\u1ea7n bao nhi\u00eau n\u0103m \u0111\u1ec3 kho\u1ea3n \u0111\u1ea7u t\u01b0 c\u1ee7a b\u1ea1n t\u0103ng g\u1ea5p \u0111\u00f4i. D\u1ec5 s\u1eed d\u1ee5ng, \u0111\u00e1ng tin c\u1eady v\u00e0 ho\u00e0n h\u1ea3o cho vi\u1ec7c l\u1eadp k\u1ebf ho\u1ea1ch t\u00e0i ch\u00ednh.","breadcrumb":{"@id":"https:\/\/toolstecique.com\/rule-of-72-calculator\/#breadcrumb"},"inLanguage":"vi","potentialAction":[{"@type":"ReadAction","target":["https:\/\/toolstecique.com\/rule-of-72-calculator\/"]}]},{"@type":"BreadcrumbList","@id":"https:\/\/toolstecique.com\/rule-of-72-calculator\/#breadcrumb","itemListElement":[{"@type":"ListItem","position":1,"name":"Home","item":"https:\/\/toolstecique.com\/"},{"@type":"ListItem","position":2,"name":"Rule of 72 Calculator"}]},{"@type":"WebSite","@id":"https:\/\/toolstecique.com\/#website","url":"https:\/\/toolstecique.com\/","name":"C\u00f4ng c\u1ee5 k\u1ef9 thu\u1eadt","description":"","publisher":{"@id":"https:\/\/toolstecique.com\/#organization"},"potentialAction":[{"@type":"SearchAction","target":{"@type":"EntryPoint","urlTemplate":"https:\/\/toolstecique.com\/?s={search_term_string}"},"query-input":{"@type":"PropertyValueSpecification","valueRequired":true,"valueName":"search_term_string"}}],"inLanguage":"vi"},{"@type":"Organization","@id":"https:\/\/toolstecique.com\/#organization","name":"C\u00f4ng c\u1ee5 k\u1ef9 thu\u1eadt","url":"https:\/\/toolstecique.com\/","logo":{"@type":"ImageObject","inLanguage":"vi","@id":"https:\/\/toolstecique.com\/#\/schema\/logo\/image\/","url":"https:\/\/toolstecique.com\/wp-content\/uploads\/2025\/02\/green-profile.png","contentUrl":"https:\/\/toolstecique.com\/wp-content\/uploads\/2025\/02\/green-profile.png","width":250,"height":250,"caption":"Tools Tecique"},"image":{"@id":"https:\/\/toolstecique.com\/#\/schema\/logo\/image\/"}}]}},"_links":{"self":[{"href":"https:\/\/toolstecique.com\/vi\/wp-json\/wp\/v2\/pages\/2468","targetHints":{"allow":["GET"]}}],"collection":[{"href":"https:\/\/toolstecique.com\/vi\/wp-json\/wp\/v2\/pages"}],"about":[{"href":"https:\/\/toolstecique.com\/vi\/wp-json\/wp\/v2\/types\/page"}],"author":[{"embeddable":true,"href":"https:\/\/toolstecique.com\/vi\/wp-json\/wp\/v2\/users\/1"}],"replies":[{"embeddable":true,"href":"https:\/\/toolstecique.com\/vi\/wp-json\/wp\/v2\/comments?post=2468"}],"version-history":[{"count":1,"href":"https:\/\/toolstecique.com\/vi\/wp-json\/wp\/v2\/pages\/2468\/revisions"}],"predecessor-version":[{"id":2469,"href":"https:\/\/toolstecique.com\/vi\/wp-json\/wp\/v2\/pages\/2468\/revisions\/2469"}],"wp:attachment":[{"href":"https:\/\/toolstecique.com\/vi\/wp-json\/wp\/v2\/media?parent=2468"}],"curies":[{"name":"wp","href":"https:\/\/api.w.org\/{rel}","templated":true}]}}