{"id":2606,"date":"2026-02-28T20:12:06","date_gmt":"2026-02-28T20:12:06","guid":{"rendered":"https:\/\/toolstecique.com\/?page_id=2606"},"modified":"2026-02-28T20:31:21","modified_gmt":"2026-02-28T20:31:21","slug":"write-for-us","status":"publish","type":"page","link":"https:\/\/toolstecique.com\/vi\/write-for-us\/","title":{"rendered":"Vi\u1ebft b\u00e0i cho ch\u00fang t\u00f4i"},"content":{"rendered":"<div data-elementor-type=\"wp-page\" data-elementor-id=\"2606\" class=\"elementor elementor-2606\" data-elementor-settings=\"{&quot;element_pack_global_tooltip_width&quot;:{&quot;unit&quot;:&quot;px&quot;,&quot;size&quot;:&quot;&quot;,&quot;sizes&quot;:[]},&quot;element_pack_global_tooltip_width_tablet&quot;:{&quot;unit&quot;:&quot;px&quot;,&quot;size&quot;:&quot;&quot;,&quot;sizes&quot;:[]},&quot;element_pack_global_tooltip_width_mobile&quot;:{&quot;unit&quot;:&quot;px&quot;,&quot;size&quot;:&quot;&quot;,&quot;sizes&quot;:[]},&quot;element_pack_global_tooltip_padding&quot;:{&quot;unit&quot;:&quot;px&quot;,&quot;top&quot;:&quot;&quot;,&quot;right&quot;:&quot;&quot;,&quot;bottom&quot;:&quot;&quot;,&quot;left&quot;:&quot;&quot;,&quot;isLinked&quot;:true},&quot;element_pack_global_tooltip_padding_tablet&quot;:{&quot;unit&quot;:&quot;px&quot;,&quot;top&quot;:&quot;&quot;,&quot;right&quot;:&quot;&quot;,&quot;bottom&quot;:&quot;&quot;,&quot;left&quot;:&quot;&quot;,&quot;isLinked&quot;:true},&quot;element_pack_global_tooltip_padding_mobile&quot;:{&quot;unit&quot;:&quot;px&quot;,&quot;top&quot;:&quot;&quot;,&quot;right&quot;:&quot;&quot;,&quot;bottom&quot;:&quot;&quot;,&quot;left&quot;:&quot;&quot;,&quot;isLinked&quot;:true},&quot;element_pack_global_tooltip_border_radius&quot;:{&quot;unit&quot;:&quot;px&quot;,&quot;top&quot;:&quot;&quot;,&quot;right&quot;:&quot;&quot;,&quot;bottom&quot;:&quot;&quot;,&quot;left&quot;:&quot;&quot;,&quot;isLinked&quot;:true},&quot;element_pack_global_tooltip_border_radius_tablet&quot;:{&quot;unit&quot;:&quot;px&quot;,&quot;top&quot;:&quot;&quot;,&quot;right&quot;:&quot;&quot;,&quot;bottom&quot;:&quot;&quot;,&quot;left&quot;:&quot;&quot;,&quot;isLinked&quot;:true},&quot;element_pack_global_tooltip_border_radius_mobile&quot;:{&quot;unit&quot;:&quot;px&quot;,&quot;top&quot;:&quot;&quot;,&quot;right&quot;:&quot;&quot;,&quot;bottom&quot;:&quot;&quot;,&quot;left&quot;:&quot;&quot;,&quot;isLinked&quot;:true}}\" data-elementor-post-type=\"page\">\n\t\t\t\t<div class=\"elementor-element elementor-element-e92032b e-flex e-con-boxed e-con e-parent\" data-id=\"e92032b\" data-element_type=\"container\" data-e-type=\"container\">\n\t\t\t\t\t<div class=\"e-con-inner\">\n\t\t<div class=\"elementor-element elementor-element-fcfb3a1 e-con-full e-flex e-con e-child\" data-id=\"fcfb3a1\" data-element_type=\"container\" data-e-type=\"container\" data-settings=\"{&quot;background_background&quot;:&quot;classic&quot;}\">\n\t\t\t\t<div class=\"elementor-element elementor-element-112b75f elementor-widget elementor-widget-image\" data-id=\"112b75f\" data-element_type=\"widget\" data-e-type=\"widget\" data-widget_type=\"image.default\">\n\t\t\t\t\t\t\t\t\t\t\t\t\t\t\t<img fetchpriority=\"high\" decoding=\"async\" width=\"1280\" height=\"720\" src=\"https:\/\/toolstecique.com\/wp-content\/uploads\/2026\/02\/Write-For-Us.png\" class=\"attachment-full size-full wp-image-2609\" alt=\"write for us\" srcset=\"https:\/\/toolstecique.com\/wp-content\/uploads\/2026\/02\/Write-For-Us.png 1280w, https:\/\/toolstecique.com\/wp-content\/uploads\/2026\/02\/Write-For-Us-300x169.png 300w, https:\/\/toolstecique.com\/wp-content\/uploads\/2026\/02\/Write-For-Us-1024x576.png 1024w, https:\/\/toolstecique.com\/wp-content\/uploads\/2026\/02\/Write-For-Us-768x432.png 768w\" sizes=\"(max-width: 1280px) 100vw, 1280px\" \/>\t\t\t\t\t\t\t\t\t\t\t\t\t\t\t<\/div>\n\t\t\t\t<div class=\"elementor-element elementor-element-4c71716 elementor-widget elementor-widget-heading\" data-id=\"4c71716\" data-element_type=\"widget\" data-e-type=\"widget\" data-widget_type=\"heading.default\">\n\t\t\t\t\t<h1 class=\"elementor-heading-title elementor-size-default\">Vi\u1ebft b\u00e0i cho ch\u00fang t\u00f4i<\/h1>\t\t\t\t<\/div>\n\t\t\t\t<div class=\"elementor-element elementor-element-3897840 elementor-widget elementor-widget-text-editor\" data-id=\"3897840\" data-element_type=\"widget\" data-e-type=\"widget\" data-widget_type=\"text-editor.default\">\n\t\t\t\t\t\t\t\t\t<h2>G\u1eedi b\u00e0i vi\u1ebft blog c\u1ee7a b\u1ea1n l\u00ean ToolsTecique.com<\/h2><p>ToolsTecique.com l\u00e0 m\u1ed9t n\u1ec1n t\u1ea3ng chuy\u00ean bi\u1ec7t t\u1eadp trung v\u00e0o c\u00e1c c\u00f4ng c\u1ee5, m\u00e1y t\u00ednh v\u00e0 n\u1ed9i dung gi\u00e1o d\u1ee5c v\u1ec1 t\u00e0i ch\u00ednh v\u00e0 ti\u1ec1n \u0111i\u1ec7n t\u1eed. Ch\u00fang t\u00f4i xu\u1ea5t b\u1ea3n c\u00e1c h\u01b0\u1edbng d\u1eabn th\u1ef1c ti\u1ec5n, nh\u1eefng ph\u00e2n t\u00edch d\u1ef1a tr\u00ean d\u1eef li\u1ec7u v\u00e0 c\u00e1c gi\u1ea3i ph\u00e1p d\u1ef1a tr\u00ean c\u00f4ng c\u1ee5 gi\u00fap c\u00e1c nh\u00e0 \u0111\u1ea7u t\u01b0, nh\u00e0 giao d\u1ecbch v\u00e0 nh\u1eefng ng\u01b0\u1eddi \u0111am m\u00ea t\u00e0i ch\u00ednh \u0111\u01b0a ra quy\u1ebft \u0111\u1ecbnh s\u00e1ng su\u1ed1t.<\/p><p>N\u1ebfu b\u1ea1n vi\u1ebft v\u1ec1 t\u00e0i ch\u00ednh, ti\u1ec1n \u0111i\u1ec7n t\u1eed, \u0111\u1ea7u t\u01b0, c\u00f4ng ngh\u1ec7 blockchain ho\u1eb7c c\u00e1c c\u00f4ng c\u1ee5 ph\u00e2n t\u00edch li\u00ean quan, ch\u00fang t\u00f4i hoan ngh\u00eanh b\u1ea1n \u0111\u00f3ng g\u00f3p v\u00e0 chia s\u1ebb ki\u1ebfn \u200b\u200bth\u1ee9c chuy\u00ean m\u00f4n c\u1ee7a m\u00ecnh v\u1edbi \u0111\u1ed9c gi\u1ea3 ng\u00e0y c\u00e0ng t\u0103ng c\u1ee7a ch\u00fang t\u00f4i.<\/p><p>Ch\u00fang t\u00f4i \u0111ang x\u00e2y d\u1ef1ng m\u1ed9t c\u1ed9ng \u0111\u1ed3ng v\u1eefng m\u1ea1nh g\u1ed3m c\u00e1c chuy\u00ean gia t\u00e0i ch\u00ednh, nh\u00e0 ph\u00e2n t\u00edch ti\u1ec1n \u0111i\u1ec7n t\u1eed, nh\u00e0 giao d\u1ecbch v\u00e0 ng\u01b0\u1eddi s\u00e1ng t\u1ea1o n\u1ed9i dung. \u0110\u1ed9c gi\u1ea3 t\u1eeb kh\u1eafp n\u01a1i tr\u00ean th\u1ebf gi\u1edbi truy c\u1eadp ToolsTecique.com \u0111\u1ec3 ti\u1ebfp c\u1eadn c\u00e1c c\u00f4ng c\u1ee5 t\u00e0i ch\u00ednh v\u00e0 ti\u1ec1n \u0111i\u1ec7n t\u1eed m\u1ea1nh m\u1ebd, c\u00f9ng v\u1edbi c\u00e1c b\u00e0i vi\u1ebft \u0111\u01b0\u1ee3c nghi\u00ean c\u1ee9u k\u1ef9 l\u01b0\u1ee1ng nh\u1eb1m \u0111\u01a1n gi\u1ea3n h\u00f3a c\u00e1c kh\u00e1i ni\u1ec7m t\u00e0i ch\u00ednh ph\u1ee9c t\u1ea1p. C\u00e1c c\u1ed9ng t\u00e1c vi\u00ean kh\u00e1ch m\u1eddi nh\u1eadn \u0111\u01b0\u1ee3c m\u1ed9t backlink do-follow mi\u1ec5n ph\u00ed v\u00e0 \u0111\u01b0\u1ee3c nh\u1eafm m\u1ee5c ti\u00eau ti\u1ebfp c\u1eadn trong l\u0129nh v\u1ef1c t\u00e0i ch\u00ednh v\u00e0 ti\u1ec1n \u0111i\u1ec7n t\u1eed.<\/p><h2>C\u00e1c ch\u1ee7 \u0111\u1ec1 b\u00e0i vi\u1ebft kh\u00e1ch m\u1eddi m\u00e0 ch\u00fang t\u00f4i ch\u1ea5p nh\u1eadn<\/h2><p>Hi\u1ec7n t\u1ea1i ch\u00fang t\u00f4i ch\u1ea5p nh\u1eadn b\u00e0i vi\u1ebft c\u1ee7a kh\u00e1ch m\u1eddi li\u00ean quan \u0111\u1ebfn:<\/p><ul><li><p>T\u00e0i ch\u00ednh c\u00e1 nh\u00e2n<\/p><\/li><li><p>Ti\u1ec1n \u0111i\u1ec7n t\u1eed<\/p><\/li><li><p>Bitcoin v\u00e0 c\u00e1c lo\u1ea1i ti\u1ec1n \u0111i\u1ec7n t\u1eed thay th\u1ebf (Altcoin)<\/p><\/li><li><p>C\u00f4ng ngh\u1ec7 Blockchain<\/p><\/li><li><p>Chi\u1ebfn l\u01b0\u1ee3c giao d\u1ecbch ti\u1ec1n \u0111i\u1ec7n t\u1eed<\/p><\/li><li><p>Ph\u00e2n t\u00edch k\u1ef9 thu\u1eadt<\/p><\/li><li><p>Ph\u00e2n t\u00edch c\u01a1 b\u1ea3n<\/p><\/li><li><p>Chi\u1ebfn l\u01b0\u1ee3c \u0111\u1ea7u t\u01b0<\/p><\/li><li><p>Th\u00f4ng tin chi ti\u1ebft v\u1ec1 th\u1ecb tr\u01b0\u1eddng ch\u1ee9ng kho\u00e1n<\/p><\/li><li><p>Chi\u1ebfn l\u01b0\u1ee3c thu nh\u1eadp th\u1ee5 \u0111\u1ed9ng<\/p><\/li><li><p>L\u1eadp k\u1ebf ho\u1ea1ch t\u00e0i ch\u00ednh<\/p><\/li><li><p>DeFi (T\u00e0i ch\u00ednh phi t\u1eadp trung)<\/p><\/li><li><p>\u0110\u00e1nh gi\u00e1 c\u00e1c c\u00f4ng c\u1ee5 v\u00e0 m\u00e1y t\u00ednh ti\u1ec1n \u0111i\u1ec7n t\u1eed<\/p><\/li><li><p>\u0110\u1ed5i m\u1edbi c\u00f4ng ngh\u1ec7 t\u00e0i ch\u00ednh<\/p><\/li><\/ul><p>N\u1ed9i dung ph\u1ea3i li\u00ean quan tr\u1ef1c ti\u1ebfp \u0111\u1ebfn t\u00e0i ch\u00ednh, ti\u1ec1n \u0111i\u1ec7n t\u1eed, \u0111\u1ea7u t\u01b0, giao d\u1ecbch ho\u1eb7c c\u00e1c c\u00f4ng c\u1ee5 t\u00e0i ch\u00ednh. C\u00e1c ch\u1ee7 \u0111\u1ec1 v\u1ec1 l\u1ed1i s\u1ed1ng chung ho\u1eb7c kinh doanh kh\u00f4ng li\u00ean quan s\u1ebd kh\u00f4ng \u0111\u01b0\u1ee3c ch\u1ea5p nh\u1eadn.<\/p><h2>H\u01b0\u1edbng d\u1eabn g\u1eedi b\u00e0i vi\u1ebft kh\u00e1ch m\u1eddi<\/h2><p>\u0110\u1ec3 duy tr\u00ec ch\u1ea5t l\u01b0\u1ee3ng cao v\u00e0 t\u00ednh ph\u00f9 h\u1ee3p, vui l\u00f2ng tu\u00e2n theo c\u00e1c h\u01b0\u1edbng d\u1eabn sau:<\/p><ul><li><p>\u0110\u1ed9 d\u00e0i b\u00e0i vi\u1ebft t\u1ed1i thi\u1ec3u: 550 t\u1eeb<\/p><\/li><li><p>N\u1ed9i dung ph\u1ea3i ho\u00e0n to\u00e0n nguy\u00ean b\u1ea3n, \u0111\u1ed9c \u0111\u00e1o v\u00e0 ch\u01b0a t\u1eebng \u0111\u01b0\u1ee3c \u0111\u0103ng t\u1ea3i \u1edf n\u01a1i kh\u00e1c.<\/p><\/li><li><p>N\u00ean ti\u1ebfn h\u00e0nh nghi\u00ean c\u1ee9u t\u1eeb kh\u00f3a k\u1ef9 l\u01b0\u1ee1ng, t\u1ed1t nh\u1ea5t l\u00e0 nh\u1eafm m\u1ee5c ti\u00eau v\u00e0o t\u1eeb kh\u00f3a \u0111u\u00f4i d\u00e0i.<\/p><\/li><li><p>Duy tr\u00ec m\u1eadt \u0111\u1ed9 t\u1eeb kh\u00f3a t\u1ef1 nhi\u00ean v\u00e0 \u0111\u1ecbnh d\u1ea1ng th\u00e2n thi\u1ec7n v\u1edbi SEO.<\/p><\/li><li><p>H\u00e3y s\u1eed d\u1ee5ng ti\u00eau \u0111\u1ec1 r\u00f5 r\u00e0ng, ng\u1eef ph\u00e1p ch\u00ednh x\u00e1c v\u00e0 c\u1ea5u tr\u00fac \u0111o\u1ea1n v\u0103n m\u1ea1ch l\u1ea1c.<\/p><\/li><li><p>N\u1ed9i dung tr\u00f9ng l\u1eb7p, \u0111\u01b0\u1ee3c ch\u1ec9nh s\u1eeda l\u1ea1i ho\u1eb7c c\u00f3 gi\u00e1 tr\u1ecb th\u1ea5p s\u1ebd b\u1ecb t\u1eeb ch\u1ed1i.<\/p><\/li><li><p>Ch\u1ec9 \u0111\u01b0\u1ee3c ph\u00e9p c\u00f3 m\u1ed9t backlink do-follow ph\u00f9 h\u1ee3p tr\u1ecf v\u1ec1 trang web c\u1ee7a b\u1ea1n.<\/p><\/li><li><p>C\u00e1c li\u00ean k\u1ebft ph\u1ea3i li\u00ean quan tr\u1ef1c ti\u1ebfp \u0111\u1ebfn ch\u1ee7 \u0111\u1ec1 b\u00e0i vi\u1ebft v\u00e0 l\u0129nh v\u1ef1c ho\u1ea1t \u0111\u1ed9ng c\u1ee7a trang web c\u1ee7a b\u1ea1n.<\/p><\/li><li><p>\u00cdt nh\u1ea5t m\u1ed9t h\u00ecnh \u1ea3nh li\u00ean quan ph\u1ea3i \u0111\u01b0\u1ee3c \u0111\u00ednh k\u00e8m.<\/p><\/li><li><p>C\u00e1c ch\u01b0\u01a1ng tr\u00ecnh t\u00e0i ch\u00ednh thi\u00ean v\u1ec1 ti\u1ebfp th\u1ecb li\u00ean k\u1ebft, c\u1edd b\u1ea1c, n\u1ed9i dung ng\u01b0\u1eddi l\u1edbn, b\u1ea5t h\u1ee3p ph\u00e1p ho\u1eb7c g\u00e2y hi\u1ec3u nh\u1ea7m \u0111\u1ec1u b\u1ecb nghi\u00eam c\u1ea5m.<\/p><\/li><\/ul><p>Ch\u00fang t\u00f4i cung c\u1ea5p m\u1ed9t backlink do-follow mi\u1ec5n ph\u00ed trong b\u00e0i vi\u1ebft c\u1ee7a b\u1ea1n \u0111\u1ec3 duy tr\u00ec c\u1ea5u tr\u00fac li\u00ean k\u1ebft c\u00f4ng b\u1eb1ng v\u00e0 ch\u1ea5t l\u01b0\u1ee3ng.<\/p><h2>Quy tr\u00ecnh xem x\u00e9t v\u00e0 xu\u1ea5t b\u1ea3n<\/h2><p>T\u1ea5t c\u1ea3 c\u00e1c b\u00e0i n\u1ed9p \u0111\u1ec1u \u0111\u01b0\u1ee3c xem x\u00e9t th\u1ee7 c\u00f4ng v\u1ec1 t\u00ednh \u0111\u1ed9c \u0111\u00e1o, \u0111\u1ed9 ch\u00ednh x\u00e1c v\u00e0 t\u00ednh ph\u00f9 h\u1ee3p v\u1ec1 m\u1eb7t t\u00e0i ch\u00ednh.<\/p><ul><li><p>Th\u1eddi gian xem x\u00e9t: Trong v\u00f2ng 24 gi\u1edd<\/p><\/li><li><p>Th\u1eddi gian \u0111\u0103ng t\u1ea3i (n\u1ebfu \u0111\u01b0\u1ee3c duy\u1ec7t): Trong v\u00f2ng 24 gi\u1edd sau khi \u0111\u01b0\u1ee3c duy\u1ec7t.<\/p><\/li><\/ul><p>Ch\u00fang t\u00f4i c\u00f3 quy\u1ec1n ch\u1ec9nh s\u1eeda \u0111\u1ecbnh d\u1ea1ng ho\u1eb7c t\u1ed1i \u01b0u h\u00f3a n\u1ed9i dung \u0111\u1ec3 \u0111\u1ea3m b\u1ea3o s\u1ef1 r\u00f5 r\u00e0ng v\u00e0 d\u1ec5 \u0111\u1ecdc tr\u01b0\u1edbc khi xu\u1ea5t b\u1ea3n.<\/p><h2>C\u00e1ch g\u1eedi b\u00e0i vi\u1ebft c\u1ee7a b\u1ea1n<\/h2><p>\u0110\u1ec3 g\u1eedi b\u00e0i vi\u1ebft kh\u00e1ch m\u1eddi, vui l\u00f2ng g\u1eedi b\u00e0i vi\u1ebft c\u1ee7a b\u1ea1n qua email \u1edf \u0111\u1ecbnh d\u1ea1ng Word ho\u1eb7c Google Docs c\u00f9ng v\u1edbi c\u00e1c t\u1ec7p sau:<\/p><ul><li><p>URL trang web<\/p><\/li><li><p>T\u1eeb kh\u00f3a m\u1ee5c ti\u00eau<\/p><\/li><\/ul><p>H\u00e3y g\u1eedi b\u00e0i vi\u1ebft c\u1ee7a b\u1ea1n \u0111\u1ebfn:<\/p><p><strong>E-mail:<\/strong> <a href=\"mailto:support@toolstecique.com\">support@toolstecique.com<\/a><\/p><p>H\u00e3y tham gia ToolsTecique.com v\u00e0 chia s\u1ebb nh\u1eefng hi\u1ec3u bi\u1ebft v\u1ec1 t\u00e0i ch\u00ednh v\u00e0 ti\u1ec1n \u0111i\u1ec7n t\u1eed c\u1ee7a b\u1ea1n v\u1edbi \u0111\u1ed1i t\u01b0\u1ee3ng m\u1ee5c ti\u00eau to\u00e0n c\u1ea7u quan t\u00e2m \u0111\u1ebfn \u0111\u1ea7u t\u01b0 th\u00f4ng minh v\u00e0 t\u00e0i s\u1ea3n k\u1ef9 thu\u1eadt s\u1ed1.<\/p>\t\t\t\t\t\t\t\t<\/div>\n\t\t\t\t<\/div>\n\t\t\t\t\t<\/div>\n\t\t\t\t<\/div>\n\t\t\t\t<\/div>","protected":false},"excerpt":{"rendered":"<p>Write For Us Submit Your Blog to ToolsTecique.com ToolsTecique.com is a specialized platform focused on finance and cryptocurrency tools, calculators, [&hellip;]<\/p>","protected":false},"author":1,"featured_media":0,"parent":0,"menu_order":0,"comment_status":"closed","ping_status":"closed","template":"","meta":{"site-sidebar-layout":"no-sidebar","site-content-layout":"","ast-site-content-layout":"full-width-container","site-content-style":"default","site-sidebar-style":"default","ast-global-header-display":"","ast-banner-title-visibility":"","ast-main-header-display":"","ast-hfb-above-header-display":"","ast-hfb-below-header-display":"","ast-hfb-mobile-header-display":"","site-post-title":"disabled","ast-breadcrumbs-content":"","ast-featured-img":"disabled","footer-sml-layout":"","ast-disable-related-posts":"","theme-transparent-header-meta":"default","adv-header-id-meta":"","stick-header-meta":"","header-above-stick-meta":"","header-main-stick-meta":"","header-below-stick-meta":"","astra-migrate-meta-layouts":"set","ast-page-background-enabled":"default","ast-page-background-meta":{"desktop":{"background-color":"var(--ast-global-color-5)","background-image":"","background-repeat":"repeat","background-position":"center center","background-size":"auto","background-attachment":"scroll","background-type":"","background-media":"","overlay-type":"","overlay-color":"","overlay-opacity":"","overlay-gradient":""},"tablet":{"background-color":"","background-image":"","background-repeat":"repeat","background-position":"center center","background-size":"auto","background-attachment":"scroll","background-type":"","background-media":"","overlay-type":"","overlay-color":"","overlay-opacity":"","overlay-gradient":""},"mobile":{"background-color":"","background-image":"","background-repeat":"repeat","background-position":"center center","background-size":"auto","background-attachment":"scroll","background-type":"","background-media":"","overlay-type":"","overlay-color":"","overlay-opacity":"","overlay-gradient":""}},"ast-content-background-meta":{"desktop":{"background-color":"var(--ast-global-color-4)","background-image":"","background-repeat":"repeat","background-position":"center center","background-size":"auto","background-attachment":"scroll","background-type":"","background-media":"","overlay-type":"","overlay-color":"","overlay-opacity":"","overlay-gradient":""},"tablet":{"background-color":"var(--ast-global-color-4)","background-image":"","background-repeat":"repeat","background-position":"center center","background-size":"auto","background-attachment":"scroll","background-type":"","background-media":"","overlay-type":"","overlay-color":"","overlay-opacity":"","overlay-gradient":""},"mobile":{"background-color":"var(--ast-global-color-4)","background-image":"","background-repeat":"repeat","background-position":"center center","background-size":"auto","background-attachment":"scroll","background-type":"","background-media":"","overlay-type":"","overlay-color":"","overlay-opacity":"","overlay-gradient":""}},"footnotes":""},"class_list":["post-2606","page","type-page","status-publish","hentry"],"yoast_head":"<!-- This site is optimized with the Yoast SEO Premium plugin v25.9 (Yoast SEO v27.4) - https:\/\/yoast.com\/product\/yoast-seo-premium-wordpress\/ -->\n<title>Write For Us - Tools Tecique<\/title>\n<meta name=\"description\" content=\"Write for ToolsTecique.com and share expert insights on finance, cryptocurrency. Publish your article, gain a relevant do-follow backlink, and reach a global finance audience.\" \/>\n<meta name=\"robots\" content=\"index, follow, max-snippet:-1, max-image-preview:large, max-video-preview:-1\" \/>\n<link rel=\"canonical\" href=\"https:\/\/toolstecique.com\/vi\/write-for-us\/\" \/>\n<meta property=\"og:locale\" content=\"vi_VN\" \/>\n<meta property=\"og:type\" content=\"article\" \/>\n<meta property=\"og:title\" content=\"Write For Us\" \/>\n<meta property=\"og:description\" content=\"Write for ToolsTecique.com and share expert insights on finance, cryptocurrency. Publish your article, gain a relevant do-follow backlink, and reach a global finance audience.\" \/>\n<meta property=\"og:url\" content=\"https:\/\/toolstecique.com\/vi\/write-for-us\/\" \/>\n<meta property=\"og:site_name\" content=\"Tools Tecique\" \/>\n<meta property=\"article:modified_time\" content=\"2026-02-28T20:31:21+00:00\" \/>\n<meta property=\"og:image\" content=\"https:\/\/toolstecique.com\/wp-content\/uploads\/2026\/02\/Write-For-Us.png\" \/>\n<meta name=\"twitter:card\" content=\"summary_large_image\" \/>\n<meta name=\"twitter:label1\" content=\"\u01af\u1edbc t\u00ednh th\u1eddi gian \u0111\u1ecdc\" \/>\n\t<meta name=\"twitter:data1\" content=\"2 ph\u00fat\" \/>\n<script type=\"application\/ld+json\" class=\"yoast-schema-graph\">{\"@context\":\"https:\\\/\\\/schema.org\",\"@graph\":[{\"@type\":\"WebPage\",\"@id\":\"https:\\\/\\\/toolstecique.com\\\/write-for-us\\\/\",\"url\":\"https:\\\/\\\/toolstecique.com\\\/write-for-us\\\/\",\"name\":\"Write For Us - Tools Tecique\",\"isPartOf\":{\"@id\":\"https:\\\/\\\/toolstecique.com\\\/#website\"},\"primaryImageOfPage\":{\"@id\":\"https:\\\/\\\/toolstecique.com\\\/write-for-us\\\/#primaryimage\"},\"image\":{\"@id\":\"https:\\\/\\\/toolstecique.com\\\/write-for-us\\\/#primaryimage\"},\"thumbnailUrl\":\"https:\\\/\\\/toolstecique.com\\\/wp-content\\\/uploads\\\/2026\\\/02\\\/Write-For-Us.png\",\"datePublished\":\"2026-02-28T20:12:06+00:00\",\"dateModified\":\"2026-02-28T20:31:21+00:00\",\"description\":\"Write for ToolsTecique.com and share expert insights on finance, cryptocurrency. Publish your article, gain a relevant do-follow backlink, and reach a global finance audience.\",\"breadcrumb\":{\"@id\":\"https:\\\/\\\/toolstecique.com\\\/write-for-us\\\/#breadcrumb\"},\"inLanguage\":\"vi\",\"potentialAction\":[{\"@type\":\"ReadAction\",\"target\":[\"https:\\\/\\\/toolstecique.com\\\/write-for-us\\\/\"]}]},{\"@type\":\"ImageObject\",\"inLanguage\":\"vi\",\"@id\":\"https:\\\/\\\/toolstecique.com\\\/write-for-us\\\/#primaryimage\",\"url\":\"https:\\\/\\\/toolstecique.com\\\/wp-content\\\/uploads\\\/2026\\\/02\\\/Write-For-Us.png\",\"contentUrl\":\"https:\\\/\\\/toolstecique.com\\\/wp-content\\\/uploads\\\/2026\\\/02\\\/Write-For-Us.png\"},{\"@type\":\"BreadcrumbList\",\"@id\":\"https:\\\/\\\/toolstecique.com\\\/write-for-us\\\/#breadcrumb\",\"itemListElement\":[{\"@type\":\"ListItem\",\"position\":1,\"name\":\"Home\",\"item\":\"https:\\\/\\\/toolstecique.com\\\/\"},{\"@type\":\"ListItem\",\"position\":2,\"name\":\"Write For Us\"}]},{\"@type\":\"WebSite\",\"@id\":\"https:\\\/\\\/toolstecique.com\\\/#website\",\"url\":\"https:\\\/\\\/toolstecique.com\\\/\",\"name\":\"Tools Tecique\",\"description\":\"\",\"publisher\":{\"@id\":\"https:\\\/\\\/toolstecique.com\\\/#organization\"},\"potentialAction\":[{\"@type\":\"SearchAction\",\"target\":{\"@type\":\"EntryPoint\",\"urlTemplate\":\"https:\\\/\\\/toolstecique.com\\\/?s={search_term_string}\"},\"query-input\":{\"@type\":\"PropertyValueSpecification\",\"valueRequired\":true,\"valueName\":\"search_term_string\"}}],\"inLanguage\":\"vi\"},{\"@type\":\"Organization\",\"@id\":\"https:\\\/\\\/toolstecique.com\\\/#organization\",\"name\":\"Tools Tecique\",\"url\":\"https:\\\/\\\/toolstecique.com\\\/\",\"logo\":{\"@type\":\"ImageObject\",\"inLanguage\":\"vi\",\"@id\":\"https:\\\/\\\/toolstecique.com\\\/#\\\/schema\\\/logo\\\/image\\\/\",\"url\":\"https:\\\/\\\/toolstecique.com\\\/wp-content\\\/uploads\\\/2025\\\/02\\\/green-profile.png\",\"contentUrl\":\"https:\\\/\\\/toolstecique.com\\\/wp-content\\\/uploads\\\/2025\\\/02\\\/green-profile.png\",\"width\":250,\"height\":250,\"caption\":\"Tools Tecique\"},\"image\":{\"@id\":\"https:\\\/\\\/toolstecique.com\\\/#\\\/schema\\\/logo\\\/image\\\/\"}}]}<\/script>\n<!-- \/ Yoast SEO Premium plugin. -->","yoast_head_json":{"title":"Vi\u1ebft b\u00e0i cho ch\u00fang t\u00f4i - C\u00f4ng c\u1ee5 k\u1ef9 thu\u1eadt","description":"H\u00e3y vi\u1ebft b\u00e0i cho ToolsTecique.com v\u00e0 chia s\u1ebb nh\u1eefng hi\u1ec3u bi\u1ebft chuy\u00ean s\u00e2u v\u1ec1 t\u00e0i ch\u00ednh v\u00e0 ti\u1ec1n \u0111i\u1ec7n t\u1eed. B\u00e0i vi\u1ebft c\u1ee7a b\u1ea1n s\u1ebd \u0111\u01b0\u1ee3c \u0111\u0103ng t\u1ea3i, b\u1ea1n s\u1ebd nh\u1eadn \u0111\u01b0\u1ee3c m\u1ed9t backlink ch\u1ea5t l\u01b0\u1ee3ng v\u00e0 ti\u1ebfp c\u1eadn \u0111\u01b0\u1ee3c \u0111\u1ed9c gi\u1ea3 to\u00e0n c\u1ea7u trong l\u0129nh v\u1ef1c t\u00e0i ch\u00ednh.","robots":{"index":"index","follow":"follow","max-snippet":"max-snippet:-1","max-image-preview":"max-image-preview:large","max-video-preview":"max-video-preview:-1"},"canonical":"https:\/\/toolstecique.com\/vi\/write-for-us\/","og_locale":"vi_VN","og_type":"article","og_title":"Write For Us","og_description":"Write for ToolsTecique.com and share expert insights on finance, cryptocurrency. Publish your article, gain a relevant do-follow backlink, and reach a global finance audience.","og_url":"https:\/\/toolstecique.com\/vi\/write-for-us\/","og_site_name":"Tools Tecique","article_modified_time":"2026-02-28T20:31:21+00:00","og_image":[{"url":"https:\/\/toolstecique.com\/wp-content\/uploads\/2026\/02\/Write-For-Us.png","type":"","width":"","height":""}],"twitter_card":"summary_large_image","twitter_misc":{"\u01af\u1edbc t\u00ednh th\u1eddi gian \u0111\u1ecdc":"2 ph\u00fat"},"schema":{"@context":"https:\/\/schema.org","@graph":[{"@type":"WebPage","@id":"https:\/\/toolstecique.com\/write-for-us\/","url":"https:\/\/toolstecique.com\/write-for-us\/","name":"Vi\u1ebft b\u00e0i cho ch\u00fang t\u00f4i - C\u00f4ng c\u1ee5 k\u1ef9 thu\u1eadt","isPartOf":{"@id":"https:\/\/toolstecique.com\/#website"},"primaryImageOfPage":{"@id":"https:\/\/toolstecique.com\/write-for-us\/#primaryimage"},"image":{"@id":"https:\/\/toolstecique.com\/write-for-us\/#primaryimage"},"thumbnailUrl":"https:\/\/toolstecique.com\/wp-content\/uploads\/2026\/02\/Write-For-Us.png","datePublished":"2026-02-28T20:12:06+00:00","dateModified":"2026-02-28T20:31:21+00:00","description":"H\u00e3y vi\u1ebft b\u00e0i cho ToolsTecique.com v\u00e0 chia s\u1ebb nh\u1eefng hi\u1ec3u bi\u1ebft chuy\u00ean s\u00e2u v\u1ec1 t\u00e0i ch\u00ednh v\u00e0 ti\u1ec1n \u0111i\u1ec7n t\u1eed. B\u00e0i vi\u1ebft c\u1ee7a b\u1ea1n s\u1ebd \u0111\u01b0\u1ee3c \u0111\u0103ng t\u1ea3i, b\u1ea1n s\u1ebd nh\u1eadn \u0111\u01b0\u1ee3c m\u1ed9t backlink ch\u1ea5t l\u01b0\u1ee3ng v\u00e0 ti\u1ebfp c\u1eadn \u0111\u01b0\u1ee3c \u0111\u1ed9c gi\u1ea3 to\u00e0n c\u1ea7u trong l\u0129nh v\u1ef1c t\u00e0i ch\u00ednh.","breadcrumb":{"@id":"https:\/\/toolstecique.com\/write-for-us\/#breadcrumb"},"inLanguage":"vi","potentialAction":[{"@type":"ReadAction","target":["https:\/\/toolstecique.com\/write-for-us\/"]}]},{"@type":"ImageObject","inLanguage":"vi","@id":"https:\/\/toolstecique.com\/write-for-us\/#primaryimage","url":"https:\/\/toolstecique.com\/wp-content\/uploads\/2026\/02\/Write-For-Us.png","contentUrl":"https:\/\/toolstecique.com\/wp-content\/uploads\/2026\/02\/Write-For-Us.png"},{"@type":"BreadcrumbList","@id":"https:\/\/toolstecique.com\/write-for-us\/#breadcrumb","itemListElement":[{"@type":"ListItem","position":1,"name":"Home","item":"https:\/\/toolstecique.com\/"},{"@type":"ListItem","position":2,"name":"Write For Us"}]},{"@type":"WebSite","@id":"https:\/\/toolstecique.com\/#website","url":"https:\/\/toolstecique.com\/","name":"C\u00f4ng c\u1ee5 k\u1ef9 thu\u1eadt","description":"","publisher":{"@id":"https:\/\/toolstecique.com\/#organization"},"potentialAction":[{"@type":"SearchAction","target":{"@type":"EntryPoint","urlTemplate":"https:\/\/toolstecique.com\/?s={search_term_string}"},"query-input":{"@type":"PropertyValueSpecification","valueRequired":true,"valueName":"search_term_string"}}],"inLanguage":"vi"},{"@type":"Organization","@id":"https:\/\/toolstecique.com\/#organization","name":"C\u00f4ng c\u1ee5 k\u1ef9 thu\u1eadt","url":"https:\/\/toolstecique.com\/","logo":{"@type":"ImageObject","inLanguage":"vi","@id":"https:\/\/toolstecique.com\/#\/schema\/logo\/image\/","url":"https:\/\/toolstecique.com\/wp-content\/uploads\/2025\/02\/green-profile.png","contentUrl":"https:\/\/toolstecique.com\/wp-content\/uploads\/2025\/02\/green-profile.png","width":250,"height":250,"caption":"Tools Tecique"},"image":{"@id":"https:\/\/toolstecique.com\/#\/schema\/logo\/image\/"}}]}},"_links":{"self":[{"href":"https:\/\/toolstecique.com\/vi\/wp-json\/wp\/v2\/pages\/2606","targetHints":{"allow":["GET"]}}],"collection":[{"href":"https:\/\/toolstecique.com\/vi\/wp-json\/wp\/v2\/pages"}],"about":[{"href":"https:\/\/toolstecique.com\/vi\/wp-json\/wp\/v2\/types\/page"}],"author":[{"embeddable":true,"href":"https:\/\/toolstecique.com\/vi\/wp-json\/wp\/v2\/users\/1"}],"replies":[{"embeddable":true,"href":"https:\/\/toolstecique.com\/vi\/wp-json\/wp\/v2\/comments?post=2606"}],"version-history":[{"count":1,"href":"https:\/\/toolstecique.com\/vi\/wp-json\/wp\/v2\/pages\/2606\/revisions"}],"predecessor-version":[{"id":2619,"href":"https:\/\/toolstecique.com\/vi\/wp-json\/wp\/v2\/pages\/2606\/revisions\/2619"}],"wp:attachment":[{"href":"https:\/\/toolstecique.com\/vi\/wp-json\/wp\/v2\/media?parent=2606"}],"curies":[{"name":"wp","href":"https:\/\/api.w.org\/{rel}","templated":true}]}}